{"id":979,"date":"2023-12-19T08:07:04","date_gmt":"2023-12-19T06:07:04","guid":{"rendered":"https:\/\/blog.edu.turku.fi\/kestavan-tulevaisuuden-ammattilaiset\/?page_id=979"},"modified":"2023-12-19T08:07:16","modified_gmt":"2023-12-19T06:07:16","slug":"kestavan-kehityksen-kasikirja","status":"publish","type":"page","link":"https:\/\/blog.edu.turku.fi\/kestavan-tulevaisuuden-ammattilaiset\/kao\/kestavan-kehityksen-kasikirja\/","title":{"rendered":"Kest\u00e4v\u00e4n kehityksen k\u00e4sikirja"},"content":{"rendered":"<p>P\u00e4\u00e4set tutustumaan KAO:n Kest\u00e4v\u00e4n kehityksen k\u00e4sikirjaan klikkaamalla alla olevaa kuvaa tai t\u00e4m\u00e4n <a href=\"https:\/\/www.thinglink.com\/card\/1540356026845364225\" target=\"_blank\" rel=\"noopener\">linkin<\/a> kautta.<\/p>\n<p><a href=\"https:\/\/www.thinglink.com\/card\/1540356026845364225\" target=\"_blank\" rel=\"noopener\"><img loading=\"lazy\" decoding=\"async\" class=\"alignleft size-large wp-image-980\" src=\"https:\/\/blog.edu.turku.fi\/kestavan-tulevaisuuden-ammattilaiset\/files\/2023\/12\/Nayttokuva-2023-12-19-080532-1024x574.png\" alt=\"\" width=\"1024\" height=\"574\" srcset=\"https:\/\/blog.edu.turku.fi\/kestavan-tulevaisuuden-ammattilaiset\/files\/2023\/12\/Nayttokuva-2023-12-19-080532.png 1024w, https:\/\/blog.edu.turku.fi\/kestavan-tulevaisuuden-ammattilaiset\/files\/2023\/12\/Nayttokuva-2023-12-19-080532-300x168.png 300w\" sizes=\"auto, (max-width: 709px) 85vw, (max-width: 909px) 67vw, (max-width: 1362px) 62vw, 840px\" \/><\/a><\/p>\n","protected":false},"excerpt":{"rendered":"<p>P\u00e4\u00e4set tutustumaan KAO:n Kest\u00e4v\u00e4n kehityksen k\u00e4sikirjaan klikkaamalla alla olevaa kuvaa tai t\u00e4m\u00e4n linkin kautta.<\/p>\n","protected":false},"author":3252,"featured_media":0,"parent":880,"menu_order":0,"comment_status":"closed","ping_status":"closed","template":"","meta":{"footnotes":""},"class_list":["post-979","page","type-page","status-publish","hentry"],"_links":{"self":[{"href":"https:\/\/blog.edu.turku.fi\/kestavan-tulevaisuuden-ammattilaiset\/wp-json\/wp\/v2\/pages\/979","targetHints":{"allow":["GET"]}}],"collection":[{"href":"https:\/\/blog.edu.turku.fi\/kestavan-tulevaisuuden-ammattilaiset\/wp-json\/wp\/v2\/pages"}],"about":[{"href":"https:\/\/blog.edu.turku.fi\/kestavan-tulevaisuuden-ammattilaiset\/wp-json\/wp\/v2\/types\/page"}],"author":[{"embeddable":true,"href":"https:\/\/blog.edu.turku.fi\/kestavan-tulevaisuuden-ammattilaiset\/wp-json\/wp\/v2\/users\/3252"}],"replies":[{"embeddable":true,"href":"https:\/\/blog.edu.turku.fi\/kestavan-tulevaisuuden-ammattilaiset\/wp-json\/wp\/v2\/comments?post=979"}],"version-history":[{"count":1,"href":"https:\/\/blog.edu.turku.fi\/kestavan-tulevaisuuden-ammattilaiset\/wp-json\/wp\/v2\/pages\/979\/revisions"}],"predecessor-version":[{"id":982,"href":"https:\/\/blog.edu.turku.fi\/kestavan-tulevaisuuden-ammattilaiset\/wp-json\/wp\/v2\/pages\/979\/revisions\/982"}],"up":[{"embeddable":true,"href":"https:\/\/blog.edu.turku.fi\/kestavan-tulevaisuuden-ammattilaiset\/wp-json\/wp\/v2\/pages\/880"}],"wp:attachment":[{"href":"https:\/\/blog.edu.turku.fi\/kestavan-tulevaisuuden-ammattilaiset\/wp-json\/wp\/v2\/media?parent=979"}],"curies":[{"name":"wp","href":"https:\/\/api.w.org\/{rel}","templated":true}]}}