{"id":970,"date":"2023-12-15T13:11:20","date_gmt":"2023-12-15T11:11:20","guid":{"rendered":"https:\/\/blog.edu.turku.fi\/kestavan-tulevaisuuden-ammattilaiset\/?page_id=970"},"modified":"2023-12-15T13:14:13","modified_gmt":"2023-12-15T11:14:13","slug":"kestavan-tulevaisuuden-opintopolku","status":"publish","type":"page","link":"https:\/\/blog.edu.turku.fi\/kestavan-tulevaisuuden-ammattilaiset\/stadin-ao\/kestavan-tulevaisuuden-opintopolku\/","title":{"rendered":"Kest\u00e4v\u00e4n tulevaisuuden opintopolku"},"content":{"rendered":"<p>Stadin AO:n Kest\u00e4v\u00e4n tulevaisuuden peruspolku antaa yleiskuvan, miten omiin opintoihin voi suunnitella kest\u00e4v\u00e4n tulevaisuuden opintoja. Opiskelijan yksil\u00f6llinen opiskelupolku tarkennetaan henkil\u00f6kohtaisessa osaamisen kehitt\u00e4missuunnitelmassa (HOKS) ja siin\u00e4 huomioidaan suoritettavan tutkinnon muodostuminen.<\/p>\n<figure id=\"attachment_951\" aria-describedby=\"caption-attachment-951\" style=\"width: 1024px\" class=\"wp-caption alignleft\"><img loading=\"lazy\" decoding=\"async\" class=\"size-large wp-image-951\" src=\"https:\/\/blog.edu.turku.fi\/kestavan-tulevaisuuden-ammattilaiset\/files\/2023\/12\/kekepolku_vol2_valmis-1024x518.png\" alt=\"\" width=\"1024\" height=\"518\" srcset=\"https:\/\/blog.edu.turku.fi\/kestavan-tulevaisuuden-ammattilaiset\/files\/2023\/12\/kekepolku_vol2_valmis.png 1024w, https:\/\/blog.edu.turku.fi\/kestavan-tulevaisuuden-ammattilaiset\/files\/2023\/12\/kekepolku_vol2_valmis-300x152.png 300w\" sizes=\"auto, (max-width: 709px) 85vw, (max-width: 909px) 67vw, (max-width: 1362px) 62vw, 840px\" \/><figcaption id=\"caption-attachment-951\" class=\"wp-caption-text\">Stadin AO:n kest\u00e4v\u00e4n tulevaisuuden opintopolku<\/figcaption><\/figure>\n","protected":false},"excerpt":{"rendered":"<p>Stadin AO:n Kest\u00e4v\u00e4n tulevaisuuden peruspolku antaa yleiskuvan, miten omiin opintoihin voi suunnitella kest\u00e4v\u00e4n tulevaisuuden opintoja. Opiskelijan yksil\u00f6llinen opiskelupolku tarkennetaan henkil\u00f6kohtaisessa osaamisen kehitt\u00e4missuunnitelmassa (HOKS) ja siin\u00e4 huomioidaan suoritettavan tutkinnon muodostuminen.<\/p>\n","protected":false},"author":3252,"featured_media":0,"parent":877,"menu_order":3,"comment_status":"closed","ping_status":"closed","template":"","meta":{"footnotes":""},"class_list":["post-970","page","type-page","status-publish","hentry"],"_links":{"self":[{"href":"https:\/\/blog.edu.turku.fi\/kestavan-tulevaisuuden-ammattilaiset\/wp-json\/wp\/v2\/pages\/970","targetHints":{"allow":["GET"]}}],"collection":[{"href":"https:\/\/blog.edu.turku.fi\/kestavan-tulevaisuuden-ammattilaiset\/wp-json\/wp\/v2\/pages"}],"about":[{"href":"https:\/\/blog.edu.turku.fi\/kestavan-tulevaisuuden-ammattilaiset\/wp-json\/wp\/v2\/types\/page"}],"author":[{"embeddable":true,"href":"https:\/\/blog.edu.turku.fi\/kestavan-tulevaisuuden-ammattilaiset\/wp-json\/wp\/v2\/users\/3252"}],"replies":[{"embeddable":true,"href":"https:\/\/blog.edu.turku.fi\/kestavan-tulevaisuuden-ammattilaiset\/wp-json\/wp\/v2\/comments?post=970"}],"version-history":[{"count":1,"href":"https:\/\/blog.edu.turku.fi\/kestavan-tulevaisuuden-ammattilaiset\/wp-json\/wp\/v2\/pages\/970\/revisions"}],"predecessor-version":[{"id":972,"href":"https:\/\/blog.edu.turku.fi\/kestavan-tulevaisuuden-ammattilaiset\/wp-json\/wp\/v2\/pages\/970\/revisions\/972"}],"up":[{"embeddable":true,"href":"https:\/\/blog.edu.turku.fi\/kestavan-tulevaisuuden-ammattilaiset\/wp-json\/wp\/v2\/pages\/877"}],"wp:attachment":[{"href":"https:\/\/blog.edu.turku.fi\/kestavan-tulevaisuuden-ammattilaiset\/wp-json\/wp\/v2\/media?parent=970"}],"curies":[{"name":"wp","href":"https:\/\/api.w.org\/{rel}","templated":true}]}}