{"id":962,"date":"2023-12-15T13:07:37","date_gmt":"2023-12-15T11:07:37","guid":{"rendered":"https:\/\/blog.edu.turku.fi\/kestavan-tulevaisuuden-ammattilaiset\/?page_id=962"},"modified":"2023-12-15T13:14:40","modified_gmt":"2023-12-15T11:14:40","slug":"ekotukitoiminnan-vuosikello","status":"publish","type":"page","link":"https:\/\/blog.edu.turku.fi\/kestavan-tulevaisuuden-ammattilaiset\/stadin-ao\/ekotukitoiminnan-vuosikello\/","title":{"rendered":"Ekotukitoiminnan vuosikello"},"content":{"rendered":"<p>Vuosikalenteri auttaa suunnittelemaan Stadin AO:n Kest\u00e4v\u00e4\u00e4n tulevaisuuteen liittyvi\u00e4 yhteis\u00f6llisi\u00e4\u00a0 tapahtumia. Se mahdollistaa aikataulujen selke\u00e4n n\u00e4kym\u00e4n, mik\u00e4 auttaa hahmottamaan, mit\u00e4 on tulossa ja milloin. Kalenterin avulla voidaan yhten\u00e4ist\u00e4\u00e4 Stadin AO:n eri toimipaikkojen toimintaa ja hahmottaa selke\u00e4sti ne ajanjaksot, jolloin tietyt toimet tai projektit tulisi toteuttaa. Vuosikalenteri auttaa my\u00f6s viestinn\u00e4ss\u00e4. Se mahdollistaa tiimin pysymisen ajan tasalla tulevista tapahtumista, t\u00e4rkeist\u00e4 p\u00e4iv\u00e4m\u00e4\u00e4rist\u00e4 ja projekteista.<\/p>\n<p><img loading=\"lazy\" decoding=\"async\" class=\"alignleft wp-image-963 size-large\" src=\"https:\/\/blog.edu.turku.fi\/kestavan-tulevaisuuden-ammattilaiset\/files\/2023\/12\/Vuosikello-899x526.png\" alt=\"\" width=\"899\" height=\"526\" srcset=\"https:\/\/blog.edu.turku.fi\/kestavan-tulevaisuuden-ammattilaiset\/files\/2023\/12\/Vuosikello.png 899w, https:\/\/blog.edu.turku.fi\/kestavan-tulevaisuuden-ammattilaiset\/files\/2023\/12\/Vuosikello-300x176.png 300w\" sizes=\"auto, (max-width: 709px) 85vw, (max-width: 909px) 67vw, (max-width: 1362px) 62vw, 840px\" \/><\/p>\n","protected":false},"excerpt":{"rendered":"<p>Vuosikalenteri auttaa suunnittelemaan Stadin AO:n Kest\u00e4v\u00e4\u00e4n tulevaisuuteen liittyvi\u00e4 yhteis\u00f6llisi\u00e4\u00a0 tapahtumia. Se mahdollistaa aikataulujen selke\u00e4n n\u00e4kym\u00e4n, mik\u00e4 auttaa hahmottamaan, mit\u00e4 on tulossa ja milloin. Kalenterin avulla voidaan yhten\u00e4ist\u00e4\u00e4 Stadin AO:n eri toimipaikkojen toimintaa ja hahmottaa selke\u00e4sti ne ajanjaksot, jolloin tietyt toimet tai projektit tulisi toteuttaa. Vuosikalenteri auttaa my\u00f6s viestinn\u00e4ss\u00e4. Se mahdollistaa tiimin pysymisen ajan tasalla tulevista &hellip; <a href=\"https:\/\/blog.edu.turku.fi\/kestavan-tulevaisuuden-ammattilaiset\/stadin-ao\/ekotukitoiminnan-vuosikello\/\" class=\"more-link\">Jatka lukemista<span class=\"screen-reader-text\"> &#8221;Ekotukitoiminnan vuosikello&#8221;<\/span><\/a><\/p>\n","protected":false},"author":3252,"featured_media":0,"parent":877,"menu_order":1,"comment_status":"closed","ping_status":"closed","template":"","meta":{"footnotes":""},"class_list":["post-962","page","type-page","status-publish","hentry"],"_links":{"self":[{"href":"https:\/\/blog.edu.turku.fi\/kestavan-tulevaisuuden-ammattilaiset\/wp-json\/wp\/v2\/pages\/962","targetHints":{"allow":["GET"]}}],"collection":[{"href":"https:\/\/blog.edu.turku.fi\/kestavan-tulevaisuuden-ammattilaiset\/wp-json\/wp\/v2\/pages"}],"about":[{"href":"https:\/\/blog.edu.turku.fi\/kestavan-tulevaisuuden-ammattilaiset\/wp-json\/wp\/v2\/types\/page"}],"author":[{"embeddable":true,"href":"https:\/\/blog.edu.turku.fi\/kestavan-tulevaisuuden-ammattilaiset\/wp-json\/wp\/v2\/users\/3252"}],"replies":[{"embeddable":true,"href":"https:\/\/blog.edu.turku.fi\/kestavan-tulevaisuuden-ammattilaiset\/wp-json\/wp\/v2\/comments?post=962"}],"version-history":[{"count":1,"href":"https:\/\/blog.edu.turku.fi\/kestavan-tulevaisuuden-ammattilaiset\/wp-json\/wp\/v2\/pages\/962\/revisions"}],"predecessor-version":[{"id":965,"href":"https:\/\/blog.edu.turku.fi\/kestavan-tulevaisuuden-ammattilaiset\/wp-json\/wp\/v2\/pages\/962\/revisions\/965"}],"up":[{"embeddable":true,"href":"https:\/\/blog.edu.turku.fi\/kestavan-tulevaisuuden-ammattilaiset\/wp-json\/wp\/v2\/pages\/877"}],"wp:attachment":[{"href":"https:\/\/blog.edu.turku.fi\/kestavan-tulevaisuuden-ammattilaiset\/wp-json\/wp\/v2\/media?parent=962"}],"curies":[{"name":"wp","href":"https:\/\/api.w.org\/{rel}","templated":true}]}}