{"id":950,"date":"2023-12-15T12:50:09","date_gmt":"2023-12-15T10:50:09","guid":{"rendered":"https:\/\/blog.edu.turku.fi\/kestavan-tulevaisuuden-ammattilaiset\/?page_id=950"},"modified":"2023-12-15T13:15:19","modified_gmt":"2023-12-15T11:15:19","slug":"kestavan-tulevaisuuden-ohjelma","status":"publish","type":"page","link":"https:\/\/blog.edu.turku.fi\/kestavan-tulevaisuuden-ammattilaiset\/stadin-ao\/kestavan-tulevaisuuden-ohjelma\/","title":{"rendered":"Kest\u00e4v\u00e4n tulevaisuuden ohjelma"},"content":{"rendered":"<p>Stadin AO:n Kest\u00e4v\u00e4n tulevaisuuden ohjelma ohjaa koko oppilaitoksen toimintaa kest\u00e4v\u00e4n tulevaisuuden n\u00e4k\u00f6kulmasta. Ohjelma on tehty vuoteen 2030 ulottuvaksi. Monia tavoitteita on tarkoitus saavuttaa sit\u00e4 ennen. Stadin AO:n kest\u00e4v\u00e4n tulevaisuuden ohjelma ei rajoitu vain opetukseen. Se jalkautetaan oppilaitoksen arkeen ja ohjelma on mukana l\u00e4pileikkaavana kaikessa toiminnassa.<\/p>\n<p>P\u00e4\u00e4set tutustumaan Stadin AO:n Kest\u00e4v\u00e4n tulevaisuuden ohjelmaan<a href=\"https:\/\/blog.edu.turku.fi\/kestavan-tulevaisuuden-ammattilaiset\/files\/2023\/12\/Saavutettava_KeTU.pdf\" target=\"_blank\" rel=\"noopener\"> t\u00e4m\u00e4n linkin<\/a> kautta tai klikkaamalla alla olevaa logoa.<\/p>\n<p><a href=\"https:\/\/blog.edu.turku.fi\/kestavan-tulevaisuuden-ammattilaiset\/files\/2023\/12\/Saavutettava_KeTU.pdf\" target=\"_blank\" rel=\"noopener\"><img loading=\"lazy\" decoding=\"async\" class=\"alignleft wp-image-953 size-medium\" src=\"https:\/\/blog.edu.turku.fi\/kestavan-tulevaisuuden-ammattilaiset\/files\/2023\/12\/Nayttokuva-2023-10-31-115932-217x300.png\" alt=\"\" width=\"217\" height=\"300\" srcset=\"https:\/\/blog.edu.turku.fi\/kestavan-tulevaisuuden-ammattilaiset\/files\/2023\/12\/Nayttokuva-2023-10-31-115932-217x300.png 217w, https:\/\/blog.edu.turku.fi\/kestavan-tulevaisuuden-ammattilaiset\/files\/2023\/12\/Nayttokuva-2023-10-31-115932.png 565w\" sizes=\"auto, (max-width: 217px) 85vw, 217px\" \/><\/a><\/p>\n","protected":false},"excerpt":{"rendered":"<p>Stadin AO:n Kest\u00e4v\u00e4n tulevaisuuden ohjelma ohjaa koko oppilaitoksen toimintaa kest\u00e4v\u00e4n tulevaisuuden n\u00e4k\u00f6kulmasta. Ohjelma on tehty vuoteen 2030 ulottuvaksi. Monia tavoitteita on tarkoitus saavuttaa sit\u00e4 ennen. Stadin AO:n kest\u00e4v\u00e4n tulevaisuuden ohjelma ei rajoitu vain opetukseen. Se jalkautetaan oppilaitoksen arkeen ja ohjelma on mukana l\u00e4pileikkaavana kaikessa toiminnassa. P\u00e4\u00e4set tutustumaan Stadin AO:n Kest\u00e4v\u00e4n tulevaisuuden ohjelmaan t\u00e4m\u00e4n linkin kautta &hellip; <a href=\"https:\/\/blog.edu.turku.fi\/kestavan-tulevaisuuden-ammattilaiset\/stadin-ao\/kestavan-tulevaisuuden-ohjelma\/\" class=\"more-link\">Jatka lukemista<span class=\"screen-reader-text\"> &#8221;Kest\u00e4v\u00e4n tulevaisuuden ohjelma&#8221;<\/span><\/a><\/p>\n","protected":false},"author":3252,"featured_media":0,"parent":877,"menu_order":0,"comment_status":"closed","ping_status":"closed","template":"","meta":{"footnotes":""},"class_list":["post-950","page","type-page","status-publish","hentry"],"_links":{"self":[{"href":"https:\/\/blog.edu.turku.fi\/kestavan-tulevaisuuden-ammattilaiset\/wp-json\/wp\/v2\/pages\/950","targetHints":{"allow":["GET"]}}],"collection":[{"href":"https:\/\/blog.edu.turku.fi\/kestavan-tulevaisuuden-ammattilaiset\/wp-json\/wp\/v2\/pages"}],"about":[{"href":"https:\/\/blog.edu.turku.fi\/kestavan-tulevaisuuden-ammattilaiset\/wp-json\/wp\/v2\/types\/page"}],"author":[{"embeddable":true,"href":"https:\/\/blog.edu.turku.fi\/kestavan-tulevaisuuden-ammattilaiset\/wp-json\/wp\/v2\/users\/3252"}],"replies":[{"embeddable":true,"href":"https:\/\/blog.edu.turku.fi\/kestavan-tulevaisuuden-ammattilaiset\/wp-json\/wp\/v2\/comments?post=950"}],"version-history":[{"count":3,"href":"https:\/\/blog.edu.turku.fi\/kestavan-tulevaisuuden-ammattilaiset\/wp-json\/wp\/v2\/pages\/950\/revisions"}],"predecessor-version":[{"id":961,"href":"https:\/\/blog.edu.turku.fi\/kestavan-tulevaisuuden-ammattilaiset\/wp-json\/wp\/v2\/pages\/950\/revisions\/961"}],"up":[{"embeddable":true,"href":"https:\/\/blog.edu.turku.fi\/kestavan-tulevaisuuden-ammattilaiset\/wp-json\/wp\/v2\/pages\/877"}],"wp:attachment":[{"href":"https:\/\/blog.edu.turku.fi\/kestavan-tulevaisuuden-ammattilaiset\/wp-json\/wp\/v2\/media?parent=950"}],"curies":[{"name":"wp","href":"https:\/\/api.w.org\/{rel}","templated":true}]}}