{"id":926,"date":"2023-12-15T12:22:48","date_gmt":"2023-12-15T10:22:48","guid":{"rendered":"https:\/\/blog.edu.turku.fi\/kestavan-tulevaisuuden-ammattilaiset\/?page_id=926"},"modified":"2023-12-15T12:38:49","modified_gmt":"2023-12-15T10:38:49","slug":"opettajien-osallistamisen-kehittaminen","status":"publish","type":"page","link":"https:\/\/blog.edu.turku.fi\/kestavan-tulevaisuuden-ammattilaiset\/opettajien-osallistamisen-kehittaminen\/","title":{"rendered":"Opettajien osaamisen kehitt\u00e4minen"},"content":{"rendered":"<p class=\"elementtoproof\" style=\"margin-bottom: 8.0pt;background: white\"><span style=\"color: black\">KESTU-hankkeen t\u00e4rke\u00e4 ja innostava osa oli opettajien alakohtaisen ymp\u00e4rist\u00f6osaamisen vahvistaminen. Sit\u00e4 tehtiin niin tiimien kehitt\u00e4misp\u00e4iviss\u00e4 kuin K\u00e4denj\u00e4lki-sivuilta hankituilla verkkokursseillakin. Lis\u00e4ksi opettajat osallistuivat mielenkiintonsa mukaan oman alan tai yleisiin kest\u00e4v\u00e4n kehityksen webinaareihin, joita oli tarjolla mm. VASKI-hankkeen puitteissa ja erilaisina alakohtaisina koulutuksina. Kaikista innostavinta oli kuitenkin p\u00e4\u00e4st\u00e4 verkostoitumaan ja oppimaan paikan p\u00e4\u00e4lle jonnekin muualle kuin omaan oppilaitokseen.<\/span><\/p>\n<p style=\"background: white\"><span style=\"color: black\">Rakennusalan opettajat luonnonmukaisen rakentamisen koulutuksessa: <\/span><span style=\"color: #0563c1\"><a href=\"https:\/\/eur04.safelinks.protection.outlook.com\/?url=https%3A%2F%2Fblog.edu.turku.fi%2Fkestavan-tulevaisuuden-ammattilaiset%2F2023%2F05%2F17%2Fvarian-rakennusalan-opettajat-luonnonmukaisen-rakentamisen-opissa%2F&amp;data=05%7C01%7C%7Caeb50c17b50841760f6308dbf723cc3d%7C6c5e2c8ad3f04a0b965842502c73e17b%7C0%7C0%7C638375505375629019%7CUnknown%7CTWFpbGZsb3d8eyJWIjoiMC4wLjAwMDAiLCJQIjoiV2luMzIiLCJBTiI6Ik1haWwiLCJXVCI6Mn0%3D%7C3000%7C%7C%7C&amp;sdata=emA1mIoNLgXFHdSZmkKB4i62TAp0zCpkpLeHLS2npq8%3D&amp;reserved=0\" target=\"_blank\" rel=\"noopener\"><span style=\"color: #0563c1;text-decoration: none\">https:\/\/blog.edu.turku.fi\/kestavan-tulevaisuuden-ammattilaiset\/2023\/05\/17\/varian-rakennusalan-opettajat-luonnonmukaisen-rakentamisen-opissa\/<\/span><\/a><\/span><span style=\"color: black\">\u00a0\u00a0<\/span><\/p>\n<figure id=\"attachment_940\" aria-describedby=\"caption-attachment-940\" style=\"width: 300px\" class=\"wp-caption alignnone\"><img loading=\"lazy\" decoding=\"async\" class=\"wp-image-940 size-medium\" src=\"https:\/\/blog.edu.turku.fi\/kestavan-tulevaisuuden-ammattilaiset\/files\/2023\/12\/9-vetolujuus-300x225.jpg\" alt=\"\" width=\"300\" height=\"225\" srcset=\"https:\/\/blog.edu.turku.fi\/kestavan-tulevaisuuden-ammattilaiset\/files\/2023\/12\/9-vetolujuus-300x225.jpg 300w, https:\/\/blog.edu.turku.fi\/kestavan-tulevaisuuden-ammattilaiset\/files\/2023\/12\/9-vetolujuus.jpg 1024w\" sizes=\"auto, (max-width: 300px) 85vw, 300px\" \/><figcaption id=\"caption-attachment-940\" class=\"wp-caption-text\">Vetolujuus. Kuva: Pasi Turunen<\/figcaption><\/figure>\n<p style=\"background: white\"><span style=\"color: black\">Vieraina SAKKYn kampuksella (TAI:n teksti):<br \/>\n<\/span><span style=\"color: #0563c1\"><a href=\"https:\/\/eur04.safelinks.protection.outlook.com\/?url=https%3A%2F%2Fblog.edu.turku.fi%2Fkestavan-tulevaisuuden-ammattilaiset%2F2023%2F04%2F20%2Fvieraana-sakkyn-kampuksella%2F&amp;data=05%7C01%7C%7Caeb50c17b50841760f6308dbf723cc3d%7C6c5e2c8ad3f04a0b965842502c73e17b%7C0%7C0%7C638375505375629019%7CUnknown%7CTWFpbGZsb3d8eyJWIjoiMC4wLjAwMDAiLCJQIjoiV2luMzIiLCJBTiI6Ik1haWwiLCJXVCI6Mn0%3D%7C3000%7C%7C%7C&amp;sdata=yPk1Votg%2FPbCsiOW%2BXojRS%2FxzzCRDJwrHFLCdQhre1A%3D&amp;reserved=0\" target=\"_blank\" rel=\"noopener\"><span style=\"color: #0563c1;text-decoration: none\">https:\/\/blog.edu.turku.fi\/kestavan-tulevaisuuden-ammattilaiset\/2023\/04\/20\/vieraana-sakkyn-kampuksella\/<\/span><\/a><\/span><span style=\"color: black\">\u00a0\u00a0<\/span><\/p>\n<figure id=\"attachment_943\" aria-describedby=\"caption-attachment-943\" style=\"width: 300px\" class=\"wp-caption alignnone\"><img loading=\"lazy\" decoding=\"async\" class=\"size-medium wp-image-943\" src=\"https:\/\/blog.edu.turku.fi\/kestavan-tulevaisuuden-ammattilaiset\/files\/2023\/12\/sakky-varaialaiset-300x203.png\" alt=\"\" width=\"300\" height=\"203\" srcset=\"https:\/\/blog.edu.turku.fi\/kestavan-tulevaisuuden-ammattilaiset\/files\/2023\/12\/sakky-varaialaiset-300x203.png 300w, https:\/\/blog.edu.turku.fi\/kestavan-tulevaisuuden-ammattilaiset\/files\/2023\/12\/sakky-varaialaiset.png 808w\" sizes=\"auto, (max-width: 300px) 85vw, 300px\" \/><figcaption id=\"caption-attachment-943\" class=\"wp-caption-text\">Varialaiset vierailulla SAKKY:ssa<\/figcaption><\/figure>\n<p style=\"background: white\"><span style=\"color: black\">Taideteollisuusalan opettajien benchmarking-matka Pohjanmaalle: <\/span><span style=\"color: #0563c1\"><a href=\"https:\/\/eur04.safelinks.protection.outlook.com\/?url=https%3A%2F%2Fexpress.adobe.com%2Fpage%2FIdgNhz1ILeeBv%2F&amp;data=05%7C01%7C%7Caeb50c17b50841760f6308dbf723cc3d%7C6c5e2c8ad3f04a0b965842502c73e17b%7C0%7C0%7C638375505375629019%7CUnknown%7CTWFpbGZsb3d8eyJWIjoiMC4wLjAwMDAiLCJQIjoiV2luMzIiLCJBTiI6Ik1haWwiLCJXVCI6Mn0%3D%7C3000%7C%7C%7C&amp;sdata=z8afqwsv%2BLIlQSn7ewCV5uOD%2Fj52wjkiPQFLDyK%2Fd9I%3D&amp;reserved=0\" target=\"_blank\" rel=\"noopener\"><span style=\"color: #0563c1;text-decoration: none\">https:\/\/express.adobe.com\/page\/IdgNhz1ILeeBv\/<\/span><\/a><\/span><span style=\"color: black\">\u00a0\u00a0<\/span><\/p>\n<figure id=\"attachment_944\" aria-describedby=\"caption-attachment-944\" style=\"width: 300px\" class=\"wp-caption alignnone\"><img loading=\"lazy\" decoding=\"async\" class=\"size-medium wp-image-944\" src=\"https:\/\/blog.edu.turku.fi\/kestavan-tulevaisuuden-ammattilaiset\/files\/2023\/12\/sisustajat-osao-300x173.jpg\" alt=\"\" width=\"300\" height=\"173\" srcset=\"https:\/\/blog.edu.turku.fi\/kestavan-tulevaisuuden-ammattilaiset\/files\/2023\/12\/sisustajat-osao-300x173.jpg 300w, https:\/\/blog.edu.turku.fi\/kestavan-tulevaisuuden-ammattilaiset\/files\/2023\/12\/sisustajat-osao.jpg 1024w\" sizes=\"auto, (max-width: 300px) 85vw, 300px\" \/><figcaption id=\"caption-attachment-944\" class=\"wp-caption-text\">Sisustusalan opettajia OSAO:lla<\/figcaption><\/figure>\n<p style=\"background: white\"><span style=\"color: black\">Opettajat kasvisruokakoulutuksessa Turussa TAI:n opissa:<br \/>\n<\/span><span style=\"color: #0563c1\"><a href=\"https:\/\/eur04.safelinks.protection.outlook.com\/?url=https%3A%2F%2Fblog.edu.turku.fi%2Fkestavan-tulevaisuuden-ammattilaiset%2F2023%2F03%2F02%2Fkestavan-tulevaisuuden-osaamista-kasvisruoka-ja-vegaaninen-ruokavalio%2F&amp;data=05%7C01%7C%7Caeb50c17b50841760f6308dbf723cc3d%7C6c5e2c8ad3f04a0b965842502c73e17b%7C0%7C0%7C638375505375629019%7CUnknown%7CTWFpbGZsb3d8eyJWIjoiMC4wLjAwMDAiLCJQIjoiV2luMzIiLCJBTiI6Ik1haWwiLCJXVCI6Mn0%3D%7C3000%7C%7C%7C&amp;sdata=wavVNuVuvAUPf2LL1wTGabPQqlnjp%2FoMuXiP6tGYeoI%3D&amp;reserved=0\" target=\"_blank\" rel=\"noopener\"><span style=\"color: #0563c1;text-decoration: none\">https:\/\/blog.edu.turku.fi\/kestavan-tulevaisuuden-ammattilaiset\/2023\/03\/02\/kestavan-tulevaisuuden-osaamista-kasvisruoka-ja-vegaaninen-ruokavalio\/<\/span><\/a><\/span><span style=\"color: black\">\u00a0\u00a0<\/span><\/p>\n<figure id=\"attachment_945\" aria-describedby=\"caption-attachment-945\" style=\"width: 214px\" class=\"wp-caption alignnone\"><img loading=\"lazy\" decoding=\"async\" class=\"size-medium wp-image-945\" src=\"https:\/\/blog.edu.turku.fi\/kestavan-tulevaisuuden-ammattilaiset\/files\/2023\/12\/tofuskaken-kestukoul-214x259.png\" alt=\"\" width=\"214\" height=\"259\" \/><figcaption id=\"caption-attachment-945\" class=\"wp-caption-text\">Tofu-skagen. Kuva Tarja Ukonaho<\/figcaption><\/figure>\n<p style=\"background: white\"><span style=\"color: black\">Ravitsemistiimin opettajat suunnittelivat keke-toimintaa ja osaamisen kehitt\u00e4mist\u00e4: <\/span><span style=\"color: #0563c1\"><a href=\"https:\/\/eur04.safelinks.protection.outlook.com\/?url=https%3A%2F%2Fblog.edu.turku.fi%2Fkestavan-tulevaisuuden-ammattilaiset%2F2022%2F09%2F15%2Fvarian-ravitsemispalvelutiimin-opettajat-tulevaisuussilmalaseja-kirkastamaan%2F&amp;data=05%7C01%7C%7Caeb50c17b50841760f6308dbf723cc3d%7C6c5e2c8ad3f04a0b965842502c73e17b%7C0%7C0%7C638375505375629019%7CUnknown%7CTWFpbGZsb3d8eyJWIjoiMC4wLjAwMDAiLCJQIjoiV2luMzIiLCJBTiI6Ik1haWwiLCJXVCI6Mn0%3D%7C3000%7C%7C%7C&amp;sdata=DEacO0XJODphHEUOvQJKR8832Edlb%2Bya4nkQ%2FiDz8hg%3D&amp;reserved=0\" target=\"_blank\" rel=\"noopener\"><span style=\"color: #0563c1;text-decoration: none\">https:\/\/blog.edu.turku.fi\/kestavan-tulevaisuuden-ammattilaiset\/2022\/09\/15\/varian-ravitsemispalvelutiimin-opettajat-tulevaisuussilmalaseja-kirkastamaan\/<\/span><\/a><\/span><span style=\"color: black\">\u00a0\u00a0<\/span><\/p>\n<p style=\"background: white\"><span style=\"color: black\">Ilmastovastuullinen toiminta -tutkinnon osan viestiminen osana yhteist\u00e4 osaamisen kehitt\u00e4mist\u00e4: <\/span><span style=\"color: #0563c1\"><a href=\"https:\/\/eur04.safelinks.protection.outlook.com\/?url=https%3A%2F%2Fvaria.vantaa.fi%2Ffi%2Fblogit%2Fvaria%2Fyhteistyolla-ilmastovastuullisuutta-tyoelamaan-ja-varian-opiskelijoille-ravintola-ja-catering-alalla&amp;data=05%7C01%7C%7Caeb50c17b50841760f6308dbf723cc3d%7C6c5e2c8ad3f04a0b965842502c73e17b%7C0%7C0%7C638375505375629019%7CUnknown%7CTWFpbGZsb3d8eyJWIjoiMC4wLjAwMDAiLCJQIjoiV2luMzIiLCJBTiI6Ik1haWwiLCJXVCI6Mn0%3D%7C3000%7C%7C%7C&amp;sdata=gz1xWLpkwFG%2Babi5ykI6bcXxrPsS3feOyFMKjr8vs%2Fs%3D&amp;reserved=0\" target=\"_blank\" rel=\"noopener\"><span style=\"color: #0563c1;text-decoration: none\">https:\/\/varia.vantaa.fi\/fi\/blogit\/varia\/yhteistyolla-ilmastovastuullisuutta-tyoelamaan-ja-varian-opiskelijoille-ravintola-ja-catering-alalla<\/span><\/a><\/span><span style=\"color: black\">\u00a0ja <\/span><span style=\"color: #0563c1\"><a href=\"https:\/\/eur04.safelinks.protection.outlook.com\/?url=https%3A%2F%2Fvaria.vantaa.fi%2Ffi%2Fblogit%2Fdigivaria%2Filmastovastuullisuutta-ja-palveluiden-tuotteistamista-ravintola-ja-catering-alan-verkkokoulutuksena&amp;data=05%7C01%7C%7Caeb50c17b50841760f6308dbf723cc3d%7C6c5e2c8ad3f04a0b965842502c73e17b%7C0%7C0%7C638375505375629019%7CUnknown%7CTWFpbGZsb3d8eyJWIjoiMC4wLjAwMDAiLCJQIjoiV2luMzIiLCJBTiI6Ik1haWwiLCJXVCI6Mn0%3D%7C3000%7C%7C%7C&amp;sdata=%2FsSRAnRbnLNguvTLOlXpg6JWQWIcvpL%2BbGOqB%2BHVb5g%3D&amp;reserved=0\" target=\"_blank\" rel=\"noopener\"><span style=\"color: #0563c1;text-decoration: none\">https:\/\/varia.vantaa.fi\/fi\/blogit\/digivaria\/ilmastovastuullisuutta-ja-palveluiden-tuotteistamista-ravintola-ja-catering-alan-verkkokoulutuksena<\/span><\/a><\/span><span style=\"color: black\">\u00a0\u00a0<\/span><\/p>\n","protected":false},"excerpt":{"rendered":"<p>KESTU-hankkeen t\u00e4rke\u00e4 ja innostava osa oli opettajien alakohtaisen ymp\u00e4rist\u00f6osaamisen vahvistaminen. Sit\u00e4 tehtiin niin tiimien kehitt\u00e4misp\u00e4iviss\u00e4 kuin K\u00e4denj\u00e4lki-sivuilta hankituilla verkkokursseillakin. Lis\u00e4ksi opettajat osallistuivat mielenkiintonsa mukaan oman alan tai yleisiin kest\u00e4v\u00e4n kehityksen webinaareihin, joita oli tarjolla mm. VASKI-hankkeen puitteissa ja erilaisina alakohtaisina koulutuksina. Kaikista innostavinta oli kuitenkin p\u00e4\u00e4st\u00e4 verkostoitumaan ja oppimaan paikan p\u00e4\u00e4lle jonnekin muualle kuin omaan &hellip; <a href=\"https:\/\/blog.edu.turku.fi\/kestavan-tulevaisuuden-ammattilaiset\/opettajien-osallistamisen-kehittaminen\/\" class=\"more-link\">Jatka lukemista<span class=\"screen-reader-text\"> &#8221;Opettajien osaamisen kehitt\u00e4minen&#8221;<\/span><\/a><\/p>\n","protected":false},"author":3252,"featured_media":0,"parent":0,"menu_order":0,"comment_status":"closed","ping_status":"closed","template":"","meta":{"footnotes":""},"class_list":["post-926","page","type-page","status-publish","hentry"],"_links":{"self":[{"href":"https:\/\/blog.edu.turku.fi\/kestavan-tulevaisuuden-ammattilaiset\/wp-json\/wp\/v2\/pages\/926","targetHints":{"allow":["GET"]}}],"collection":[{"href":"https:\/\/blog.edu.turku.fi\/kestavan-tulevaisuuden-ammattilaiset\/wp-json\/wp\/v2\/pages"}],"about":[{"href":"https:\/\/blog.edu.turku.fi\/kestavan-tulevaisuuden-ammattilaiset\/wp-json\/wp\/v2\/types\/page"}],"author":[{"embeddable":true,"href":"https:\/\/blog.edu.turku.fi\/kestavan-tulevaisuuden-ammattilaiset\/wp-json\/wp\/v2\/users\/3252"}],"replies":[{"embeddable":true,"href":"https:\/\/blog.edu.turku.fi\/kestavan-tulevaisuuden-ammattilaiset\/wp-json\/wp\/v2\/comments?post=926"}],"version-history":[{"count":4,"href":"https:\/\/blog.edu.turku.fi\/kestavan-tulevaisuuden-ammattilaiset\/wp-json\/wp\/v2\/pages\/926\/revisions"}],"predecessor-version":[{"id":947,"href":"https:\/\/blog.edu.turku.fi\/kestavan-tulevaisuuden-ammattilaiset\/wp-json\/wp\/v2\/pages\/926\/revisions\/947"}],"wp:attachment":[{"href":"https:\/\/blog.edu.turku.fi\/kestavan-tulevaisuuden-ammattilaiset\/wp-json\/wp\/v2\/media?parent=926"}],"curies":[{"name":"wp","href":"https:\/\/api.w.org\/{rel}","templated":true}]}}