{"id":923,"date":"2023-12-15T12:20:59","date_gmt":"2023-12-15T10:20:59","guid":{"rendered":"https:\/\/blog.edu.turku.fi\/kestavan-tulevaisuuden-ammattilaiset\/?page_id=923"},"modified":"2023-12-15T13:12:42","modified_gmt":"2023-12-15T11:12:42","slug":"opiskelijat-mukana","status":"publish","type":"page","link":"https:\/\/blog.edu.turku.fi\/kestavan-tulevaisuuden-ammattilaiset\/varia\/opiskelijat-mukana\/","title":{"rendered":"Opiskelijat mukana"},"content":{"rendered":"<p class=\"xelementtoproof\" style=\"margin-bottom: 8.0pt;background: white\"><span style=\"color: black\">KESTU-hanke kosketti Variassa my\u00f6s opiskelijoita tutkintojen ymp\u00e4rist\u00f6vastuu-avausten ty\u00f6st\u00e4misess\u00e4 sek\u00e4 Hyvinvointi-viikon messup\u00e4iviss\u00e4. Lis\u00e4ksi ymp\u00e4rist\u00f6asiat n\u00e4kyv\u00e4t toimipisteiden ja luokkien seinill\u00e4 kuukausittain vaihtuvissa Vastuullinen Varia -julisteissa.<\/span><\/p>\n<p class=\"xelementtoproof\" style=\"background: white\"><span style=\"color: black\">Keke-hankkeet ja ymp\u00e4rist\u00f6ryhm\u00e4 Varian Hyvinvointi-messuilla:<br \/>\n<\/span> <span style=\"color: #0563c1\"><a href=\"https:\/\/eur04.safelinks.protection.outlook.com\/?url=https%3A%2F%2Fblog.edu.turku.fi%2Fkestavan-tulevaisuuden-ammattilaiset%2F2023%2F11%2F16%2Fvarian-opiskelijat-kuvittelivat-tulevaisuuden-unelmien-koulun%2F&amp;data=05%7C02%7C%7C7c42df73c75846a5d41508dbf7e35b84%7C6c5e2c8ad3f04a0b965842502c73e17b%7C0%7C0%7C638376328228612183%7CUnknown%7CTWFpbGZsb3d8eyJWIjoiMC4wLjAwMDAiLCJQIjoiV2luMzIiLCJBTiI6Ik1haWwiLCJXVCI6Mn0%3D%7C3000%7C%7C%7C&amp;sdata=8Hiy0bDL14fueBH0%2FPwOopT2KAmOhW2EkwAIohl%2BR6g%3D&amp;reserved=0\" target=\"_blank\" rel=\"noopener\">https:\/\/blog.edu.turku.fi\/kestavan-tulevaisuuden-ammattilaiset\/2023\/11\/16\/varian-opiskelijat-kuvittelivat-tulevaisuuden-unelmien-koulun\/<\/a><\/span><span style=\"color: black\">\u00a0\u00a0<\/span><\/p>\n<figure id=\"attachment_942\" aria-describedby=\"caption-attachment-942\" style=\"width: 225px\" class=\"wp-caption alignnone\"><img loading=\"lazy\" decoding=\"async\" class=\"size-medium wp-image-942\" src=\"https:\/\/blog.edu.turku.fi\/kestavan-tulevaisuuden-ammattilaiset\/files\/2023\/12\/Myyrmaki-ymparistoryhman-standi-2023-225x300.jpg\" alt=\"\" width=\"225\" height=\"300\" srcset=\"https:\/\/blog.edu.turku.fi\/kestavan-tulevaisuuden-ammattilaiset\/files\/2023\/12\/Myyrmaki-ymparistoryhman-standi-2023-225x300.jpg 225w, https:\/\/blog.edu.turku.fi\/kestavan-tulevaisuuden-ammattilaiset\/files\/2023\/12\/Myyrmaki-ymparistoryhman-standi-2023.jpg 768w\" sizes=\"auto, (max-width: 225px) 85vw, 225px\" \/><figcaption id=\"caption-attachment-942\" class=\"wp-caption-text\">Myyrm\u00e4en ymp\u00e4rist\u00f6ty\u00f6ryhm\u00e4n st\u00e4ndi 2023. Kuva: Minerva Schultz.<\/figcaption><\/figure>\n<p style=\"background: white\"><span style=\"color: black\">Keke-p\u00e4iv\u00e4t taideteollisuusalalla: <\/span><span style=\"color: #0563c1\"><br \/>\n<a href=\"https:\/\/eur04.safelinks.protection.outlook.com\/?url=https%3A%2F%2Fblog.edu.turku.fi%2Fkestavan-tulevaisuuden-ammattilaiset%2F2023%2F11%2F09%2Fkestava-kehitys-ja-ilmastovastuu-taideteollisuusalalla-kestu-hankkeesta-vauhtia-merkityksellisyyteen%2F&amp;data=05%7C02%7C%7C7c42df73c75846a5d41508dbf7e35b84%7C6c5e2c8ad3f04a0b965842502c73e17b%7C0%7C0%7C638376328228612183%7CUnknown%7CTWFpbGZsb3d8eyJWIjoiMC4wLjAwMDAiLCJQIjoiV2luMzIiLCJBTiI6Ik1haWwiLCJXVCI6Mn0%3D%7C3000%7C%7C%7C&amp;sdata=TGGyvA5r%2FzYUuD43tBO%2FK4WUOC3LahnRwG35luBx4GI%3D&amp;reserved=0\" target=\"_blank\" rel=\"noopener\">https:\/\/blog.edu.turku.fi\/kestavan-tulevaisuuden-ammattilaiset\/2023\/11\/09\/kestava-kehitys-ja-ilmastovastuu-taideteollisuusalalla-kestu-hankkeesta-vauhtia-merkityksellisyyteen\/<\/a><\/span><span style=\"color: black\">\u00a0\u00a0<\/span><\/p>\n<p style=\"background: white\"><span style=\"color: black\">Vastuullinen Varia \u2013julisteet: <\/span><span style=\"color: #0563c1\"><br \/>\n<a href=\"https:\/\/eur04.safelinks.protection.outlook.com\/?url=https%3A%2F%2Fblog.edu.turku.fi%2Fkestavan-tulevaisuuden-ammattilaiset%2F2023%2F09%2F07%2Fvastuullinen-varia-julisteet-pienilla-teoilla-kohti-kestavaa-tulevaisuutta%2F&amp;data=05%7C02%7C%7C7c42df73c75846a5d41508dbf7e35b84%7C6c5e2c8ad3f04a0b965842502c73e17b%7C0%7C0%7C638376328228612183%7CUnknown%7CTWFpbGZsb3d8eyJWIjoiMC4wLjAwMDAiLCJQIjoiV2luMzIiLCJBTiI6Ik1haWwiLCJXVCI6Mn0%3D%7C3000%7C%7C%7C&amp;sdata=L6VMMJaVUy0CKF%2Ba5p6iJxO3GmmG3bsvXYuWTwVx%2Bxk%3D&amp;reserved=0\" target=\"_blank\" rel=\"noopener\">https:\/\/blog.edu.turku.fi\/kestavan-tulevaisuuden-ammattilaiset\/2023\/09\/07\/vastuullinen-varia-julisteet-pienilla-teoilla-kohti-kestavaa-tulevaisuutta\/<\/a><\/span><span style=\"color: black\">\u00a0\u00a0<\/span><\/p>\n<p style=\"background: white\"><span style=\"color: black\">Hyvinvointiteknologian ymp\u00e4rist\u00f6avaukset:<br \/>\n<\/span><span style=\"color: #0563c1\"><a href=\"https:\/\/eur04.safelinks.protection.outlook.com\/?url=https%3A%2F%2Fblog.edu.turku.fi%2Fkestavan-tulevaisuuden-ammattilaiset%2F2022%2F12%2F01%2Fhyvinvointiteknologiaa-kestavasti-ja-ymparistovastuullisesti-variassa%2F&amp;data=05%7C02%7C%7C7c42df73c75846a5d41508dbf7e35b84%7C6c5e2c8ad3f04a0b965842502c73e17b%7C0%7C0%7C638376328228612183%7CUnknown%7CTWFpbGZsb3d8eyJWIjoiMC4wLjAwMDAiLCJQIjoiV2luMzIiLCJBTiI6Ik1haWwiLCJXVCI6Mn0%3D%7C3000%7C%7C%7C&amp;sdata=h%2B6%2B4qnX7UBPlqRdrSABC3LJHWQ70kSmUiCEr7PbLYc%3D&amp;reserved=0\" target=\"_blank\" rel=\"noopener\">https:\/\/blog.edu.turku.fi\/kestavan-tulevaisuuden-ammattilaiset\/2022\/12\/01\/hyvinvointiteknologiaa-kestavasti-ja-ymparistovastuullisesti-variassa\/<\/a><\/span><span style=\"color: black\">\u00a0<\/span><\/p>\n<figure id=\"attachment_941\" aria-describedby=\"caption-attachment-941\" style=\"width: 300px\" class=\"wp-caption alignleft\"><img loading=\"lazy\" decoding=\"async\" class=\"size-medium wp-image-941\" src=\"https:\/\/blog.edu.turku.fi\/kestavan-tulevaisuuden-ammattilaiset\/files\/2023\/12\/hyte-totsutyo-300x252.png\" alt=\"\" width=\"300\" height=\"252\" srcset=\"https:\/\/blog.edu.turku.fi\/kestavan-tulevaisuuden-ammattilaiset\/files\/2023\/12\/hyte-totsutyo-300x252.png 300w, https:\/\/blog.edu.turku.fi\/kestavan-tulevaisuuden-ammattilaiset\/files\/2023\/12\/hyte-totsutyo.png 720w\" sizes=\"auto, (max-width: 300px) 85vw, 300px\" \/><figcaption id=\"caption-attachment-941\" class=\"wp-caption-text\">Toteutussuunnitelmaty\u00f6t\u00e4 hyvinvointiteknologia-alalla<\/figcaption><\/figure>\n","protected":false},"excerpt":{"rendered":"<p>KESTU-hanke kosketti Variassa my\u00f6s opiskelijoita tutkintojen ymp\u00e4rist\u00f6vastuu-avausten ty\u00f6st\u00e4misess\u00e4 sek\u00e4 Hyvinvointi-viikon messup\u00e4iviss\u00e4. Lis\u00e4ksi ymp\u00e4rist\u00f6asiat n\u00e4kyv\u00e4t toimipisteiden ja luokkien seinill\u00e4 kuukausittain vaihtuvissa Vastuullinen Varia -julisteissa. Keke-hankkeet ja ymp\u00e4rist\u00f6ryhm\u00e4 Varian Hyvinvointi-messuilla: https:\/\/blog.edu.turku.fi\/kestavan-tulevaisuuden-ammattilaiset\/2023\/11\/16\/varian-opiskelijat-kuvittelivat-tulevaisuuden-unelmien-koulun\/\u00a0\u00a0 Keke-p\u00e4iv\u00e4t taideteollisuusalalla: https:\/\/blog.edu.turku.fi\/kestavan-tulevaisuuden-ammattilaiset\/2023\/11\/09\/kestava-kehitys-ja-ilmastovastuu-taideteollisuusalalla-kestu-hankkeesta-vauhtia-merkityksellisyyteen\/\u00a0\u00a0 Vastuullinen Varia \u2013julisteet: https:\/\/blog.edu.turku.fi\/kestavan-tulevaisuuden-ammattilaiset\/2023\/09\/07\/vastuullinen-varia-julisteet-pienilla-teoilla-kohti-kestavaa-tulevaisuutta\/\u00a0\u00a0 Hyvinvointiteknologian ymp\u00e4rist\u00f6avaukset: https:\/\/blog.edu.turku.fi\/kestavan-tulevaisuuden-ammattilaiset\/2022\/12\/01\/hyvinvointiteknologiaa-kestavasti-ja-ymparistovastuullisesti-variassa\/\u00a0<\/p>\n","protected":false},"author":3252,"featured_media":0,"parent":919,"menu_order":1,"comment_status":"closed","ping_status":"closed","template":"","meta":{"footnotes":""},"class_list":["post-923","page","type-page","status-publish","hentry"],"_links":{"self":[{"href":"https:\/\/blog.edu.turku.fi\/kestavan-tulevaisuuden-ammattilaiset\/wp-json\/wp\/v2\/pages\/923","targetHints":{"allow":["GET"]}}],"collection":[{"href":"https:\/\/blog.edu.turku.fi\/kestavan-tulevaisuuden-ammattilaiset\/wp-json\/wp\/v2\/pages"}],"about":[{"href":"https:\/\/blog.edu.turku.fi\/kestavan-tulevaisuuden-ammattilaiset\/wp-json\/wp\/v2\/types\/page"}],"author":[{"embeddable":true,"href":"https:\/\/blog.edu.turku.fi\/kestavan-tulevaisuuden-ammattilaiset\/wp-json\/wp\/v2\/users\/3252"}],"replies":[{"embeddable":true,"href":"https:\/\/blog.edu.turku.fi\/kestavan-tulevaisuuden-ammattilaiset\/wp-json\/wp\/v2\/comments?post=923"}],"version-history":[{"count":3,"href":"https:\/\/blog.edu.turku.fi\/kestavan-tulevaisuuden-ammattilaiset\/wp-json\/wp\/v2\/pages\/923\/revisions"}],"predecessor-version":[{"id":949,"href":"https:\/\/blog.edu.turku.fi\/kestavan-tulevaisuuden-ammattilaiset\/wp-json\/wp\/v2\/pages\/923\/revisions\/949"}],"up":[{"embeddable":true,"href":"https:\/\/blog.edu.turku.fi\/kestavan-tulevaisuuden-ammattilaiset\/wp-json\/wp\/v2\/pages\/919"}],"wp:attachment":[{"href":"https:\/\/blog.edu.turku.fi\/kestavan-tulevaisuuden-ammattilaiset\/wp-json\/wp\/v2\/media?parent=923"}],"curies":[{"name":"wp","href":"https:\/\/api.w.org\/{rel}","templated":true}]}}