{"id":880,"date":"2023-11-16T14:59:05","date_gmt":"2023-11-16T12:59:05","guid":{"rendered":"https:\/\/blog.edu.turku.fi\/kestavan-tulevaisuuden-ammattilaiset\/?page_id=880"},"modified":"2024-01-03T09:24:00","modified_gmt":"2024-01-03T07:24:00","slug":"kao","status":"publish","type":"page","link":"https:\/\/blog.edu.turku.fi\/kestavan-tulevaisuuden-ammattilaiset\/kao\/","title":{"rendered":"KAO"},"content":{"rendered":"<p><a href=\"https:\/\/blog.edu.turku.fi\/kestavan-tulevaisuuden-ammattilaiset\/kao\/kestavan-kehityksen-kasikirja\/\">Kest\u00e4v\u00e4n kehityksen k\u00e4sikirja<\/a><\/p>\n<p><a href=\"https:\/\/blog.edu.turku.fi\/kestavan-tulevaisuuden-ammattilaiset\/kao\/okka-sertifikaatti\/\">OKKA-sertifikaatti<\/a><\/p>\n<p><a href=\"https:\/\/blog.edu.turku.fi\/kestavan-tulevaisuuden-ammattilaiset\/kao\/pedagogiset-ratkaisut-ja-oppimisymparistot\/\">Pedagogiset ratkaisut ja oppimisymp\u00e4rist\u00f6t<\/a><\/p>\n<p><a href=\"https:\/\/blog.edu.turku.fi\/kestavan-tulevaisuuden-ammattilaiset\/kao\/kestavan-kehityksen-teemaviikot\/\">Kest\u00e4v\u00e4n kehityksen teemaviikot<\/a><\/p>\n<p><a href=\"https:\/\/blog.edu.turku.fi\/kestavan-tulevaisuuden-ammattilaiset\/kao\/osaamislupaukset\/\">Osaamislupaukset<\/a><\/p>\n<p><a href=\"https:\/\/blog.edu.turku.fi\/kestavan-tulevaisuuden-ammattilaiset\/kao\/henkiloston-opintomatka\/\">Henkil\u00f6st\u00f6n opintomatka<\/a><\/p>\n<p><a href=\"https:\/\/blog.edu.turku.fi\/kestavan-tulevaisuuden-ammattilaiset\/kao\/energiansaastopeli\/\">Energians\u00e4\u00e4st\u00f6peli<\/a><\/p>\n<p><a href=\"https:\/\/blog.edu.turku.fi\/kestavan-tulevaisuuden-ammattilaiset\/kao\/alykoulu\/\">\u00c4lykoulu<\/a><\/p>\n<p><a href=\"http:\/\/www.kao.fi\" target=\"_blank\" rel=\"noopener\"><img loading=\"lazy\" decoding=\"async\" class=\"alignleft size-medium wp-image-31\" src=\"https:\/\/blog.edu.turku.fi\/kestavan-tulevaisuuden-ammattilaiset\/files\/2022\/03\/KAO_VARI-300x300.png\" alt=\"\" width=\"300\" height=\"300\" srcset=\"https:\/\/blog.edu.turku.fi\/kestavan-tulevaisuuden-ammattilaiset\/files\/2022\/03\/KAO_VARI.png 300w, https:\/\/blog.edu.turku.fi\/kestavan-tulevaisuuden-ammattilaiset\/files\/2022\/03\/KAO_VARI-150x150.png 150w\" sizes=\"auto, (max-width: 300px) 85vw, 300px\" \/><\/a><\/p>\n","protected":false},"excerpt":{"rendered":"<p>Kest\u00e4v\u00e4n kehityksen k\u00e4sikirja OKKA-sertifikaatti Pedagogiset ratkaisut ja oppimisymp\u00e4rist\u00f6t Kest\u00e4v\u00e4n kehityksen teemaviikot Osaamislupaukset Henkil\u00f6st\u00f6n opintomatka Energians\u00e4\u00e4st\u00f6peli \u00c4lykoulu<\/p>\n","protected":false},"author":3252,"featured_media":0,"parent":0,"menu_order":0,"comment_status":"closed","ping_status":"closed","template":"","meta":{"footnotes":""},"class_list":["post-880","page","type-page","status-publish","hentry"],"_links":{"self":[{"href":"https:\/\/blog.edu.turku.fi\/kestavan-tulevaisuuden-ammattilaiset\/wp-json\/wp\/v2\/pages\/880","targetHints":{"allow":["GET"]}}],"collection":[{"href":"https:\/\/blog.edu.turku.fi\/kestavan-tulevaisuuden-ammattilaiset\/wp-json\/wp\/v2\/pages"}],"about":[{"href":"https:\/\/blog.edu.turku.fi\/kestavan-tulevaisuuden-ammattilaiset\/wp-json\/wp\/v2\/types\/page"}],"author":[{"embeddable":true,"href":"https:\/\/blog.edu.turku.fi\/kestavan-tulevaisuuden-ammattilaiset\/wp-json\/wp\/v2\/users\/3252"}],"replies":[{"embeddable":true,"href":"https:\/\/blog.edu.turku.fi\/kestavan-tulevaisuuden-ammattilaiset\/wp-json\/wp\/v2\/comments?post=880"}],"version-history":[{"count":4,"href":"https:\/\/blog.edu.turku.fi\/kestavan-tulevaisuuden-ammattilaiset\/wp-json\/wp\/v2\/pages\/880\/revisions"}],"predecessor-version":[{"id":1113,"href":"https:\/\/blog.edu.turku.fi\/kestavan-tulevaisuuden-ammattilaiset\/wp-json\/wp\/v2\/pages\/880\/revisions\/1113"}],"wp:attachment":[{"href":"https:\/\/blog.edu.turku.fi\/kestavan-tulevaisuuden-ammattilaiset\/wp-json\/wp\/v2\/media?parent=880"}],"curies":[{"name":"wp","href":"https:\/\/api.w.org\/{rel}","templated":true}]}}