{"id":877,"date":"2023-11-16T14:58:53","date_gmt":"2023-11-16T12:58:53","guid":{"rendered":"https:\/\/blog.edu.turku.fi\/kestavan-tulevaisuuden-ammattilaiset\/?page_id=877"},"modified":"2023-12-15T13:18:52","modified_gmt":"2023-12-15T11:18:52","slug":"stadin-ao","status":"publish","type":"page","link":"https:\/\/blog.edu.turku.fi\/kestavan-tulevaisuuden-ammattilaiset\/stadin-ao\/","title":{"rendered":"Stadin AO"},"content":{"rendered":"<p><a href=\"https:\/\/blog.edu.turku.fi\/kestavan-tulevaisuuden-ammattilaiset\/stadin-ao\/kestavan-tulevaisuuden-ohjelma\/\" target=\"_blank\" rel=\"noopener\">Kest\u00e4v\u00e4n tulevaisuuden ohjelma<\/a><\/p>\n<p><a href=\"https:\/\/blog.edu.turku.fi\/kestavan-tulevaisuuden-ammattilaiset\/stadin-ao\/ekotukitoiminnan-vuosikello\/\" target=\"_blank\" rel=\"noopener\">Ekotukitoiminnan vuosikello<\/a><\/p>\n<p><a href=\"https:\/\/blog.edu.turku.fi\/kestavan-tulevaisuuden-ammattilaiset\/opiskelijatempaukset\/\" target=\"_blank\" rel=\"noopener\">Opiskelijatempaukset<\/a><\/p>\n<p><a href=\"https:\/\/blog.edu.turku.fi\/kestavan-tulevaisuuden-ammattilaiset\/stadin-ao\/kestavan-tulevaisuuden-opintopolku\/\" target=\"_blank\" rel=\"noopener\">Kest\u00e4v\u00e4n tulevaisuuden opintopolku<\/a><\/p>\n<p><a href=\"https:\/\/stadinao.fi\/\" target=\"_blank\" rel=\"noopener\"><img loading=\"lazy\" decoding=\"async\" class=\"alignleft wp-image-32 size-large\" src=\"https:\/\/blog.edu.turku.fi\/kestavan-tulevaisuuden-ammattilaiset\/files\/2022\/03\/LOGO-StadinAO_black-299x135.png\" alt=\"\" width=\"299\" height=\"135\" \/><\/a><\/p>\n","protected":false},"excerpt":{"rendered":"<p>Kest\u00e4v\u00e4n tulevaisuuden ohjelma Ekotukitoiminnan vuosikello Opiskelijatempaukset Kest\u00e4v\u00e4n tulevaisuuden opintopolku<\/p>\n","protected":false},"author":3252,"featured_media":0,"parent":0,"menu_order":0,"comment_status":"closed","ping_status":"closed","template":"","meta":{"footnotes":""},"class_list":["post-877","page","type-page","status-publish","hentry"],"_links":{"self":[{"href":"https:\/\/blog.edu.turku.fi\/kestavan-tulevaisuuden-ammattilaiset\/wp-json\/wp\/v2\/pages\/877","targetHints":{"allow":["GET"]}}],"collection":[{"href":"https:\/\/blog.edu.turku.fi\/kestavan-tulevaisuuden-ammattilaiset\/wp-json\/wp\/v2\/pages"}],"about":[{"href":"https:\/\/blog.edu.turku.fi\/kestavan-tulevaisuuden-ammattilaiset\/wp-json\/wp\/v2\/types\/page"}],"author":[{"embeddable":true,"href":"https:\/\/blog.edu.turku.fi\/kestavan-tulevaisuuden-ammattilaiset\/wp-json\/wp\/v2\/users\/3252"}],"replies":[{"embeddable":true,"href":"https:\/\/blog.edu.turku.fi\/kestavan-tulevaisuuden-ammattilaiset\/wp-json\/wp\/v2\/comments?post=877"}],"version-history":[{"count":4,"href":"https:\/\/blog.edu.turku.fi\/kestavan-tulevaisuuden-ammattilaiset\/wp-json\/wp\/v2\/pages\/877\/revisions"}],"predecessor-version":[{"id":975,"href":"https:\/\/blog.edu.turku.fi\/kestavan-tulevaisuuden-ammattilaiset\/wp-json\/wp\/v2\/pages\/877\/revisions\/975"}],"wp:attachment":[{"href":"https:\/\/blog.edu.turku.fi\/kestavan-tulevaisuuden-ammattilaiset\/wp-json\/wp\/v2\/media?parent=877"}],"curies":[{"name":"wp","href":"https:\/\/api.w.org\/{rel}","templated":true}]}}