{"id":830,"date":"2023-11-13T09:10:40","date_gmt":"2023-11-13T07:10:40","guid":{"rendered":"https:\/\/blog.edu.turku.fi\/kestavan-tulevaisuuden-ammattilaiset\/?page_id=830"},"modified":"2023-12-15T13:13:03","modified_gmt":"2023-12-15T11:13:03","slug":"toteutussuunnitelmat","status":"publish","type":"page","link":"https:\/\/blog.edu.turku.fi\/kestavan-tulevaisuuden-ammattilaiset\/varia\/toteutussuunnitelmat\/","title":{"rendered":"Toteutussuunnitelmat"},"content":{"rendered":"<h4>Ymp\u00e4rist\u00f6vastuu Varian TOTEUTUSSUUNNITELMISSA<\/h4>\n<p><span data-contrast=\"none\">Ymp\u00e4rist\u00f6vastuun kirjoittaminen perustutkintojen tutkinnon osien toteutussuunnitelmiin on ollut yksi Varian keskeisist\u00e4 toimenpiteist\u00e4 KESTU-hankkeen aikana. <\/span><span data-contrast=\"none\">Toteutussuunnitelmaty\u00f6ll\u00e4 on tuotu ymp\u00e4rist\u00f6vastuu systemaattisesti osaksi opetusta.\u00a0<\/span><\/p>\n<p>Alla olevia kuvia klikkaamalla p\u00e4\u00e4set tutustumaan ymp\u00e4rist\u00f6vastuuseen Varian tutkinnoissa.<\/p>\n<p><a href=\"https:\/\/blog.edu.turku.fi\/kestavan-tulevaisuuden-ammattilaiset\/files\/2023\/11\/Ajoneuvoalan-ymparistovastuu-Varia-2023.pdf\" target=\"_blank\" rel=\"noopener\"><img loading=\"lazy\" decoding=\"async\" class=\"alignleft wp-image-867 size-thumbnail\" src=\"https:\/\/blog.edu.turku.fi\/kestavan-tulevaisuuden-ammattilaiset\/files\/2023\/11\/Ajoneuvoala-150x150.png\" alt=\"\" width=\"150\" height=\"150\" srcset=\"https:\/\/blog.edu.turku.fi\/kestavan-tulevaisuuden-ammattilaiset\/files\/2023\/11\/Ajoneuvoala-150x150.png 150w, https:\/\/blog.edu.turku.fi\/kestavan-tulevaisuuden-ammattilaiset\/files\/2023\/11\/Ajoneuvoala-300x300.png 300w, https:\/\/blog.edu.turku.fi\/kestavan-tulevaisuuden-ammattilaiset\/files\/2023\/11\/Ajoneuvoala.png 380w\" sizes=\"auto, (max-width: 150px) 85vw, 150px\" \/><\/a> <a href=\"https:\/\/blog.edu.turku.fi\/kestavan-tulevaisuuden-ammattilaiset\/files\/2023\/11\/Elintervikealan-ymparistovastuu-Varia-2023.pdf\" target=\"_blank\" rel=\"noopener\"><img loading=\"lazy\" decoding=\"async\" class=\"alignleft wp-image-866 size-thumbnail\" src=\"https:\/\/blog.edu.turku.fi\/kestavan-tulevaisuuden-ammattilaiset\/files\/2023\/11\/Elintarvikeala-150x150.png\" alt=\"\" width=\"150\" height=\"150\" srcset=\"https:\/\/blog.edu.turku.fi\/kestavan-tulevaisuuden-ammattilaiset\/files\/2023\/11\/Elintarvikeala-150x150.png 150w, https:\/\/blog.edu.turku.fi\/kestavan-tulevaisuuden-ammattilaiset\/files\/2023\/11\/Elintarvikeala-300x297.png 300w\" sizes=\"auto, (max-width: 150px) 85vw, 150px\" \/><\/a> <a href=\"https:\/\/blog.edu.turku.fi\/kestavan-tulevaisuuden-ammattilaiset\/files\/2023\/11\/Hius-ja-kauneudenhoitalan-ymparistovastuu-Varia-2023.pdf\" target=\"_blank\" rel=\"noopener\"><img loading=\"lazy\" decoding=\"async\" class=\"alignleft wp-image-865 size-thumbnail\" src=\"https:\/\/blog.edu.turku.fi\/kestavan-tulevaisuuden-ammattilaiset\/files\/2023\/11\/hika-150x150.png\" alt=\"\" width=\"150\" height=\"150\" srcset=\"https:\/\/blog.edu.turku.fi\/kestavan-tulevaisuuden-ammattilaiset\/files\/2023\/11\/hika-150x150.png 150w, https:\/\/blog.edu.turku.fi\/kestavan-tulevaisuuden-ammattilaiset\/files\/2023\/11\/hika-300x300.png 300w, https:\/\/blog.edu.turku.fi\/kestavan-tulevaisuuden-ammattilaiset\/files\/2023\/11\/hika.png 380w\" sizes=\"auto, (max-width: 150px) 85vw, 150px\" \/><\/a><a href=\"https:\/\/blog.edu.turku.fi\/kestavan-tulevaisuuden-ammattilaiset\/files\/2023\/11\/Kone-ja-tuotantotekniikka-ymparistovastuu-Varia-2023.pdf\" target=\"_blank\" rel=\"noopener\"><img loading=\"lazy\" decoding=\"async\" class=\"alignleft wp-image-862 size-thumbnail\" src=\"https:\/\/blog.edu.turku.fi\/kestavan-tulevaisuuden-ammattilaiset\/files\/2023\/11\/kone-150x150.png\" alt=\"\" width=\"150\" height=\"150\" srcset=\"https:\/\/blog.edu.turku.fi\/kestavan-tulevaisuuden-ammattilaiset\/files\/2023\/11\/kone-150x150.png 150w, https:\/\/blog.edu.turku.fi\/kestavan-tulevaisuuden-ammattilaiset\/files\/2023\/11\/kone-300x300.png 300w, https:\/\/blog.edu.turku.fi\/kestavan-tulevaisuuden-ammattilaiset\/files\/2023\/11\/kone.png 380w\" sizes=\"auto, (max-width: 150px) 85vw, 150px\" \/><\/a> <a href=\"https:\/\/blog.edu.turku.fi\/kestavan-tulevaisuuden-ammattilaiset\/files\/2023\/11\/Matkailu-ymparistovastuu-Varia-2023.pdf\" target=\"_blank\" rel=\"noopener\"><img loading=\"lazy\" decoding=\"async\" class=\"alignleft wp-image-861 size-thumbnail\" src=\"https:\/\/blog.edu.turku.fi\/kestavan-tulevaisuuden-ammattilaiset\/files\/2023\/11\/matkailu-150x150.png\" alt=\"\" width=\"150\" height=\"150\" srcset=\"https:\/\/blog.edu.turku.fi\/kestavan-tulevaisuuden-ammattilaiset\/files\/2023\/11\/matkailu-150x150.png 150w, https:\/\/blog.edu.turku.fi\/kestavan-tulevaisuuden-ammattilaiset\/files\/2023\/11\/matkailu-300x300.png 300w, https:\/\/blog.edu.turku.fi\/kestavan-tulevaisuuden-ammattilaiset\/files\/2023\/11\/matkailu.png 379w\" sizes=\"auto, (max-width: 150px) 85vw, 150px\" \/><\/a> <a href=\"https:\/\/blog.edu.turku.fi\/kestavan-tulevaisuuden-ammattilaiset\/files\/2023\/11\/Pintakasittelyalan-ymparistovastuu-Varia-2023.pdf\" target=\"_blank\" rel=\"noopener\"><img loading=\"lazy\" decoding=\"async\" class=\"alignleft wp-image-860 size-thumbnail\" src=\"https:\/\/blog.edu.turku.fi\/kestavan-tulevaisuuden-ammattilaiset\/files\/2023\/11\/pintakasittely-150x150.png\" alt=\"\" width=\"150\" height=\"150\" srcset=\"https:\/\/blog.edu.turku.fi\/kestavan-tulevaisuuden-ammattilaiset\/files\/2023\/11\/pintakasittely-150x150.png 150w, https:\/\/blog.edu.turku.fi\/kestavan-tulevaisuuden-ammattilaiset\/files\/2023\/11\/pintakasittely-300x300.png 300w, https:\/\/blog.edu.turku.fi\/kestavan-tulevaisuuden-ammattilaiset\/files\/2023\/11\/pintakasittely.png 380w\" sizes=\"auto, (max-width: 150px) 85vw, 150px\" \/><\/a> <a href=\"https:\/\/blog.edu.turku.fi\/kestavan-tulevaisuuden-ammattilaiset\/files\/2023\/11\/Puhtaus-ja-kiinteistopalveluala-ymparistovastuu-Varia-2023.pdf\" target=\"_blank\" rel=\"noopener\"><img loading=\"lazy\" decoding=\"async\" class=\"alignleft wp-image-859 size-thumbnail\" src=\"https:\/\/blog.edu.turku.fi\/kestavan-tulevaisuuden-ammattilaiset\/files\/2023\/11\/puki-150x150.png\" alt=\"\" width=\"150\" height=\"150\" srcset=\"https:\/\/blog.edu.turku.fi\/kestavan-tulevaisuuden-ammattilaiset\/files\/2023\/11\/puki-150x150.png 150w, https:\/\/blog.edu.turku.fi\/kestavan-tulevaisuuden-ammattilaiset\/files\/2023\/11\/puki-300x300.png 300w, https:\/\/blog.edu.turku.fi\/kestavan-tulevaisuuden-ammattilaiset\/files\/2023\/11\/puki.png 381w\" sizes=\"auto, (max-width: 150px) 85vw, 150px\" \/><\/a> <a href=\"https:\/\/blog.edu.turku.fi\/kestavan-tulevaisuuden-ammattilaiset\/files\/2023\/11\/Rakennusalan-ymparistovastuu-varia-2023.pdf\" target=\"_blank\" rel=\"noopener\"><img loading=\"lazy\" decoding=\"async\" class=\"alignleft wp-image-858 size-thumbnail\" src=\"https:\/\/blog.edu.turku.fi\/kestavan-tulevaisuuden-ammattilaiset\/files\/2023\/11\/raksa-150x150.png\" alt=\"\" width=\"150\" height=\"150\" srcset=\"https:\/\/blog.edu.turku.fi\/kestavan-tulevaisuuden-ammattilaiset\/files\/2023\/11\/raksa-150x150.png 150w, https:\/\/blog.edu.turku.fi\/kestavan-tulevaisuuden-ammattilaiset\/files\/2023\/11\/raksa-300x300.png 300w, https:\/\/blog.edu.turku.fi\/kestavan-tulevaisuuden-ammattilaiset\/files\/2023\/11\/raksa.png 379w\" sizes=\"auto, (max-width: 150px) 85vw, 150px\" \/><\/a> <a href=\"https:\/\/blog.edu.turku.fi\/kestavan-tulevaisuuden-ammattilaiset\/files\/2023\/11\/Ravintola-ja-catering-alan-ymparistovastuu-Varia-2023.pdf\" target=\"_blank\" rel=\"noopener\"><img loading=\"lazy\" decoding=\"async\" class=\"alignleft wp-image-857 size-thumbnail\" src=\"https:\/\/blog.edu.turku.fi\/kestavan-tulevaisuuden-ammattilaiset\/files\/2023\/11\/raca-150x150.png\" alt=\"\" width=\"150\" height=\"150\" srcset=\"https:\/\/blog.edu.turku.fi\/kestavan-tulevaisuuden-ammattilaiset\/files\/2023\/11\/raca-150x150.png 150w, https:\/\/blog.edu.turku.fi\/kestavan-tulevaisuuden-ammattilaiset\/files\/2023\/11\/raca-300x300.png 300w, https:\/\/blog.edu.turku.fi\/kestavan-tulevaisuuden-ammattilaiset\/files\/2023\/11\/raca.png 379w\" sizes=\"auto, (max-width: 150px) 85vw, 150px\" \/><\/a> <a href=\"https:\/\/blog.edu.turku.fi\/kestavan-tulevaisuuden-ammattilaiset\/files\/2023\/11\/Sosiaali-ja-terveysalan-ymparistovastuu-Varia-2023.pdf\" target=\"_blank\" rel=\"noopener\"><img loading=\"lazy\" decoding=\"async\" class=\"alignleft wp-image-856 size-thumbnail\" src=\"https:\/\/blog.edu.turku.fi\/kestavan-tulevaisuuden-ammattilaiset\/files\/2023\/11\/sote-150x150.png\" alt=\"\" width=\"150\" height=\"150\" srcset=\"https:\/\/blog.edu.turku.fi\/kestavan-tulevaisuuden-ammattilaiset\/files\/2023\/11\/sote-150x150.png 150w, https:\/\/blog.edu.turku.fi\/kestavan-tulevaisuuden-ammattilaiset\/files\/2023\/11\/sote-300x300.png 300w, https:\/\/blog.edu.turku.fi\/kestavan-tulevaisuuden-ammattilaiset\/files\/2023\/11\/sote.png 380w\" sizes=\"auto, (max-width: 150px) 85vw, 150px\" \/><\/a> <a href=\"https:\/\/blog.edu.turku.fi\/kestavan-tulevaisuuden-ammattilaiset\/files\/2023\/11\/Sahko-ja-automaatioalan-ymparistovastuu-Varia-2023.pdf\" target=\"_blank\" rel=\"noopener\"><img loading=\"lazy\" decoding=\"async\" class=\"alignleft wp-image-855 size-thumbnail\" src=\"https:\/\/blog.edu.turku.fi\/kestavan-tulevaisuuden-ammattilaiset\/files\/2023\/11\/sahko-150x150.png\" alt=\"\" width=\"150\" height=\"150\" srcset=\"https:\/\/blog.edu.turku.fi\/kestavan-tulevaisuuden-ammattilaiset\/files\/2023\/11\/sahko-150x150.png 150w, https:\/\/blog.edu.turku.fi\/kestavan-tulevaisuuden-ammattilaiset\/files\/2023\/11\/sahko-300x300.png 300w, https:\/\/blog.edu.turku.fi\/kestavan-tulevaisuuden-ammattilaiset\/files\/2023\/11\/sahko.png 380w\" sizes=\"auto, (max-width: 150px) 85vw, 150px\" \/><\/a> <a href=\"https:\/\/blog.edu.turku.fi\/kestavan-tulevaisuuden-ammattilaiset\/files\/2023\/11\/Talotekniikka-ymparistovastuu-Varia-2023.pdf\" target=\"_blank\" rel=\"noopener\"><img loading=\"lazy\" decoding=\"async\" class=\"alignleft wp-image-854 size-thumbnail\" src=\"https:\/\/blog.edu.turku.fi\/kestavan-tulevaisuuden-ammattilaiset\/files\/2023\/11\/talo-150x150.png\" alt=\"\" width=\"150\" height=\"150\" srcset=\"https:\/\/blog.edu.turku.fi\/kestavan-tulevaisuuden-ammattilaiset\/files\/2023\/11\/talo-150x150.png 150w, https:\/\/blog.edu.turku.fi\/kestavan-tulevaisuuden-ammattilaiset\/files\/2023\/11\/talo-300x300.png 300w, https:\/\/blog.edu.turku.fi\/kestavan-tulevaisuuden-ammattilaiset\/files\/2023\/11\/talo.png 379w\" sizes=\"auto, (max-width: 150px) 85vw, 150px\" \/><\/a> <a href=\"https:\/\/blog.edu.turku.fi\/kestavan-tulevaisuuden-ammattilaiset\/files\/2023\/11\/Tieto-ja-viestintatekniikan-ymparistovastuu-Varia-2023.pdf\" target=\"_blank\" rel=\"noopener\"><img loading=\"lazy\" decoding=\"async\" class=\"alignleft wp-image-853 size-thumbnail\" src=\"https:\/\/blog.edu.turku.fi\/kestavan-tulevaisuuden-ammattilaiset\/files\/2023\/11\/tivi-150x150.png\" alt=\"\" width=\"150\" height=\"150\" srcset=\"https:\/\/blog.edu.turku.fi\/kestavan-tulevaisuuden-ammattilaiset\/files\/2023\/11\/tivi-150x150.png 150w, https:\/\/blog.edu.turku.fi\/kestavan-tulevaisuuden-ammattilaiset\/files\/2023\/11\/tivi-300x300.png 300w, https:\/\/blog.edu.turku.fi\/kestavan-tulevaisuuden-ammattilaiset\/files\/2023\/11\/tivi.png 378w\" sizes=\"auto, (max-width: 150px) 85vw, 150px\" \/><\/a> <a href=\"https:\/\/blog.edu.turku.fi\/kestavan-tulevaisuuden-ammattilaiset\/files\/2023\/11\/Turvallisuusalan-ymparistovastuu-Varia-2023.pdf\" target=\"_blank\" rel=\"noopener\"><img loading=\"lazy\" decoding=\"async\" class=\"alignleft wp-image-852 size-thumbnail\" src=\"https:\/\/blog.edu.turku.fi\/kestavan-tulevaisuuden-ammattilaiset\/files\/2023\/11\/turva-150x150.png\" alt=\"\" width=\"150\" height=\"150\" srcset=\"https:\/\/blog.edu.turku.fi\/kestavan-tulevaisuuden-ammattilaiset\/files\/2023\/11\/turva-150x150.png 150w, https:\/\/blog.edu.turku.fi\/kestavan-tulevaisuuden-ammattilaiset\/files\/2023\/11\/turva-300x300.png 300w, https:\/\/blog.edu.turku.fi\/kestavan-tulevaisuuden-ammattilaiset\/files\/2023\/11\/turva.png 379w\" sizes=\"auto, (max-width: 150px) 85vw, 150px\" \/><\/a><\/p>\n<p>&nbsp;<\/p>\n<p>&nbsp;<\/p>\n<p>&nbsp;<\/p>\n<p>&nbsp;<\/p>\n<p>&nbsp;<\/p>\n<p>&nbsp;<\/p>\n<p>&nbsp;<\/p>\n<p>&nbsp;<\/p>\n<p><a href=\"https:\/\/blog.edu.turku.fi\/kestavan-tulevaisuuden-ammattilaiset\/files\/2023\/11\/Kestava-sisustaja_ymparistovastuu.pdf\" target=\"_blank\" rel=\"noopener\"><img loading=\"lazy\" decoding=\"async\" class=\"alignleft wp-image-871 size-thumbnail\" src=\"https:\/\/blog.edu.turku.fi\/kestavan-tulevaisuuden-ammattilaiset\/files\/2023\/11\/TAIDE-150x150.png\" alt=\"\" width=\"150\" height=\"150\" srcset=\"https:\/\/blog.edu.turku.fi\/kestavan-tulevaisuuden-ammattilaiset\/files\/2023\/11\/TAIDE-150x150.png 150w, https:\/\/blog.edu.turku.fi\/kestavan-tulevaisuuden-ammattilaiset\/files\/2023\/11\/TAIDE-300x298.png 300w, https:\/\/blog.edu.turku.fi\/kestavan-tulevaisuuden-ammattilaiset\/files\/2023\/11\/TAIDE.png 381w\" sizes=\"auto, (max-width: 150px) 85vw, 150px\" \/><\/a> <a href=\"https:\/\/blog.edu.turku.fi\/kestavan-tulevaisuuden-ammattilaiset\/files\/2023\/11\/Kestava-sisustaja_ymparistovastuu_suunnittelu-ja-toteutus.pdf\" target=\"_blank\" rel=\"noopener\"><img loading=\"lazy\" decoding=\"async\" class=\"alignleft wp-image-870 size-thumbnail\" src=\"https:\/\/blog.edu.turku.fi\/kestavan-tulevaisuuden-ammattilaiset\/files\/2023\/11\/TAIDE-SUUNN-150x150.png\" alt=\"\" width=\"150\" height=\"150\" srcset=\"https:\/\/blog.edu.turku.fi\/kestavan-tulevaisuuden-ammattilaiset\/files\/2023\/11\/TAIDE-SUUNN-150x150.png 150w, https:\/\/blog.edu.turku.fi\/kestavan-tulevaisuuden-ammattilaiset\/files\/2023\/11\/TAIDE-SUUNN-300x300.png 300w, https:\/\/blog.edu.turku.fi\/kestavan-tulevaisuuden-ammattilaiset\/files\/2023\/11\/TAIDE-SUUNN.png 382w\" sizes=\"auto, (max-width: 150px) 85vw, 150px\" \/><\/a><\/p>\n<p>&nbsp;<\/p>\n<p>&nbsp;<\/p>\n<p>&nbsp;<\/p>\n<p>&nbsp;<\/p>\n<p>&nbsp;<\/p>\n<p>&nbsp;<\/p>\n<p>Varian julkaistut toteutussuunnitelmat (sis\u00e4lt\u00e4v\u00e4t ymp\u00e4rist\u00f6vastuun avauksen) l\u00f6ytyv\u00e4t ePerusteista: <a href=\"https:\/\/eur04.safelinks.protection.outlook.com\/?url=https%3A%2F%2Feperusteet.opintopolku.fi%2F%23%2Ffi%2Fselaus%2Fkoulutuksenjarjestajat%2F12921&amp;data=05%7C02%7C%7C7c42df73c75846a5d41508dbf7e35b84%7C6c5e2c8ad3f04a0b965842502c73e17b%7C0%7C0%7C638376328228612183%7CUnknown%7CTWFpbGZsb3d8eyJWIjoiMC4wLjAwMDAiLCJQIjoiV2luMzIiLCJBTiI6Ik1haWwiLCJXVCI6Mn0%3D%7C3000%7C%7C%7C&amp;sdata=uV4b1TS4RS7DUbKIpSqpKJyqQt6YZqdsI4ILPKBknUI%3D&amp;reserved=0\">https:\/\/eperusteet.opintopolku.fi\/#\/fi\/selaus\/koulutuksenjarjestajat\/12921<\/a><\/p>\n<hr \/>\n<h4>Toteutussuunnitelman ymp\u00e4rist\u00f6vastuun avaukset voidaan toteuttaa esimerkiksi seuraavasti:<\/h4>\n<ul>\n<li>Ymp\u00e4rist\u00f6vastuuty\u00f6t\u00e4 koordinoivien kehitt\u00e4j\u00e4opettajien kanssa k\u00e4sitell\u00e4\u00e4n oppilaitoksen taustamateriaali ymp\u00e4rist\u00f6vastuusta, esimerkkiavauksia\u00a0ja taustakysymyksi\u00e4 aiheen pohdintaan opettajatiimiss\u00e4\n<ul>\n<li>Lue lis\u00e4\u00e4: <a href=\"https:\/\/eur04.safelinks.protection.outlook.com\/?url=https%3A%2F%2Fblog.edu.turku.fi%2Fkestavan-tulevaisuuden-ammattilaiset%2F2022%2F03%2F17%2Fmoikka-maailma%2F&amp;data=05%7C02%7C%7C7c42df73c75846a5d41508dbf7e35b84%7C6c5e2c8ad3f04a0b965842502c73e17b%7C0%7C0%7C638376328228612183%7CUnknown%7CTWFpbGZsb3d8eyJWIjoiMC4wLjAwMDAiLCJQIjoiV2luMzIiLCJBTiI6Ik1haWwiLCJXVCI6Mn0%3D%7C3000%7C%7C%7C&amp;sdata=xjTeA0JOK6hYY9Ehk9xqEDPM9ZasXDFk50FaZhLMIzY%3D&amp;reserved=0\">https:\/\/blog.edu.turku.fi\/kestavan-tulevaisuuden-ammattilaiset\/2022\/03\/17\/moikka-maailma\/<\/a><\/li>\n<\/ul>\n<\/li>\n<li>Kehitt\u00e4j\u00e4opettaja luonnostelee tutkinnon osan ymp\u00e4rist\u00f6vastuun\u00e4k\u00f6kulman<\/li>\n<li>Tutkinnon osan opettajatiimi muotoilee ymp\u00e4rist\u00f6vastuun<\/li>\n<li>Opiskelijaryhm\u00e4lle teht\u00e4v\u00e4 ymp\u00e4rist\u00f6vastuusta\u00a0ja kuvauksen kehitt\u00e4minen<\/li>\n<li>Lopullinen muotoilu toteutussuunnitelmaan<\/li>\n<li>Ymp\u00e4rist\u00f6vastuu toteutussuunnitelmissa tutkinnon osittain ja lis\u00e4ksi kooste tutkintokohtaisesta kokonaisuudesta<\/li>\n<\/ul>\n<p>Lue <a href=\"https:\/\/blog.edu.turku.fi\/kestavan-tulevaisuuden-ammattilaiset\/2022\/03\/17\/moikka-maailma\/\">KESTUn blogista<\/a> lis\u00e4\u00e4 Varian toteutussuunnitelmaty\u00f6st\u00e4.<\/p>\n<figure id=\"attachment_930\" aria-describedby=\"caption-attachment-930\" style=\"width: 1024px\" class=\"wp-caption alignleft\"><img loading=\"lazy\" decoding=\"async\" class=\"wp-image-930 size-large\" src=\"https:\/\/blog.edu.turku.fi\/kestavan-tulevaisuuden-ammattilaiset\/files\/2023\/12\/Ymparistovastuullinen-toiminta-toteutussuunnitelmatyossa-hyte-1024x576.png\" alt=\"\" width=\"1024\" height=\"576\" srcset=\"https:\/\/blog.edu.turku.fi\/kestavan-tulevaisuuden-ammattilaiset\/files\/2023\/12\/Ymparistovastuullinen-toiminta-toteutussuunnitelmatyossa-hyte.png 1024w, https:\/\/blog.edu.turku.fi\/kestavan-tulevaisuuden-ammattilaiset\/files\/2023\/12\/Ymparistovastuullinen-toiminta-toteutussuunnitelmatyossa-hyte-300x169.png 300w\" sizes=\"auto, (max-width: 709px) 85vw, (max-width: 909px) 67vw, (max-width: 1362px) 62vw, 840px\" \/><figcaption id=\"caption-attachment-930\" class=\"wp-caption-text\">Ymp\u00e4rist\u00f6vastuullinen toiminta toteutussuunnitelmaty\u00f6ss\u00e4. Kuva: Henna Varonen<\/figcaption><\/figure>\n<hr \/>\n<hr \/>\n<hr \/>\n<hr \/>\n<h4>Tutustu ymp\u00e4rist\u00f6vastuuseen muistipelin avulla.<\/h4>\n<p>Ohjeet: Klikkaamalla alla olevaa kuvaa, p\u00e4\u00e4set tulostamaan muistipelikortit. Tulosta jokaista korttia kaksi kappaletta. Muista tulostaa yksipuolisena! Tarvittaessa laminoi kortit. Pelaa normaalien muistipelis\u00e4\u00e4nt\u00f6jen mukaan.<\/p>\n<p><a href=\"https:\/\/blog.edu.turku.fi\/kestavan-tulevaisuuden-ammattilaiset\/files\/2023\/11\/Muistipeli-ymparistoosaaminen.pdf\"><img loading=\"lazy\" decoding=\"async\" class=\"alignleft wp-image-873\" src=\"https:\/\/blog.edu.turku.fi\/kestavan-tulevaisuuden-ammattilaiset\/files\/2023\/11\/Kuva-muistipeli.png\" alt=\"\" width=\"300\" height=\"298\" srcset=\"https:\/\/blog.edu.turku.fi\/kestavan-tulevaisuuden-ammattilaiset\/files\/2023\/11\/Kuva-muistipeli.png 676w, https:\/\/blog.edu.turku.fi\/kestavan-tulevaisuuden-ammattilaiset\/files\/2023\/11\/Kuva-muistipeli-150x150.png 150w, https:\/\/blog.edu.turku.fi\/kestavan-tulevaisuuden-ammattilaiset\/files\/2023\/11\/Kuva-muistipeli-300x298.png 300w\" sizes=\"auto, (max-width: 300px) 85vw, 300px\" \/><\/a><\/p>\n","protected":false},"excerpt":{"rendered":"<p>Ymp\u00e4rist\u00f6vastuu Varian TOTEUTUSSUUNNITELMISSA Ymp\u00e4rist\u00f6vastuun kirjoittaminen perustutkintojen tutkinnon osien toteutussuunnitelmiin on ollut yksi Varian keskeisist\u00e4 toimenpiteist\u00e4 KESTU-hankkeen aikana. Toteutussuunnitelmaty\u00f6ll\u00e4 on tuotu ymp\u00e4rist\u00f6vastuu systemaattisesti osaksi opetusta.\u00a0 Alla olevia kuvia klikkaamalla p\u00e4\u00e4set tutustumaan ymp\u00e4rist\u00f6vastuuseen Varian tutkinnoissa. &nbsp; &nbsp; &nbsp; &nbsp; &nbsp; &nbsp; &nbsp; &nbsp; &nbsp; &nbsp; &nbsp; &nbsp; &nbsp; &nbsp; Varian julkaistut toteutussuunnitelmat (sis\u00e4lt\u00e4v\u00e4t ymp\u00e4rist\u00f6vastuun avauksen) l\u00f6ytyv\u00e4t ePerusteista: &hellip; <a href=\"https:\/\/blog.edu.turku.fi\/kestavan-tulevaisuuden-ammattilaiset\/varia\/toteutussuunnitelmat\/\" class=\"more-link\">Jatka lukemista<span class=\"screen-reader-text\"> &#8221;Toteutussuunnitelmat&#8221;<\/span><\/a><\/p>\n","protected":false},"author":3252,"featured_media":0,"parent":919,"menu_order":0,"comment_status":"closed","ping_status":"closed","template":"","meta":{"footnotes":""},"class_list":["post-830","page","type-page","status-publish","hentry"],"_links":{"self":[{"href":"https:\/\/blog.edu.turku.fi\/kestavan-tulevaisuuden-ammattilaiset\/wp-json\/wp\/v2\/pages\/830","targetHints":{"allow":["GET"]}}],"collection":[{"href":"https:\/\/blog.edu.turku.fi\/kestavan-tulevaisuuden-ammattilaiset\/wp-json\/wp\/v2\/pages"}],"about":[{"href":"https:\/\/blog.edu.turku.fi\/kestavan-tulevaisuuden-ammattilaiset\/wp-json\/wp\/v2\/types\/page"}],"author":[{"embeddable":true,"href":"https:\/\/blog.edu.turku.fi\/kestavan-tulevaisuuden-ammattilaiset\/wp-json\/wp\/v2\/users\/3252"}],"replies":[{"embeddable":true,"href":"https:\/\/blog.edu.turku.fi\/kestavan-tulevaisuuden-ammattilaiset\/wp-json\/wp\/v2\/comments?post=830"}],"version-history":[{"count":10,"href":"https:\/\/blog.edu.turku.fi\/kestavan-tulevaisuuden-ammattilaiset\/wp-json\/wp\/v2\/pages\/830\/revisions"}],"predecessor-version":[{"id":931,"href":"https:\/\/blog.edu.turku.fi\/kestavan-tulevaisuuden-ammattilaiset\/wp-json\/wp\/v2\/pages\/830\/revisions\/931"}],"up":[{"embeddable":true,"href":"https:\/\/blog.edu.turku.fi\/kestavan-tulevaisuuden-ammattilaiset\/wp-json\/wp\/v2\/pages\/919"}],"wp:attachment":[{"href":"https:\/\/blog.edu.turku.fi\/kestavan-tulevaisuuden-ammattilaiset\/wp-json\/wp\/v2\/media?parent=830"}],"curies":[{"name":"wp","href":"https:\/\/api.w.org\/{rel}","templated":true}]}}