{"id":726,"date":"2023-10-06T09:30:04","date_gmt":"2023-10-06T06:30:04","guid":{"rendered":"https:\/\/blog.edu.turku.fi\/kestavan-tulevaisuuden-ammattilaiset\/?page_id=726"},"modified":"2023-12-20T13:58:20","modified_gmt":"2023-12-20T11:58:20","slug":"yleiset-ohjeet-ja-materiaalit","status":"publish","type":"page","link":"https:\/\/blog.edu.turku.fi\/kestavan-tulevaisuuden-ammattilaiset\/tai\/kestu-viikko-koulutaloissa\/yleiset-ohjeet-ja-materiaalit\/","title":{"rendered":"Yleiset ohjeet ja materiaalit"},"content":{"rendered":"<p>TAI:n koulutalojen KESTU-viikon ohjelmarunko aukeaa t\u00e4st\u00e4 linkist\u00e4: <a href=\"https:\/\/blog.edu.turku.fi\/kestavan-tulevaisuuden-ammattilaiset\/files\/2023\/12\/KESTU-viikko-9.-13.10.pdf\" target=\"_blank\" rel=\"noopener\">KESTU-viikon ohjelma<\/a> (pdf) tai klikkaamalla kuvaa. Pdf-versiota on mahdollista muokata.<\/p>\n<p><a href=\"https:\/\/blog.edu.turku.fi\/kestavan-tulevaisuuden-ammattilaiset\/files\/2023\/12\/KESTU-viikko-9.-13.10.jpg\" target=\"_blank\" rel=\"noopener\"><img loading=\"lazy\" decoding=\"async\" class=\"alignleft wp-image-1061 size-medium\" src=\"https:\/\/blog.edu.turku.fi\/kestavan-tulevaisuuden-ammattilaiset\/files\/2023\/12\/KESTU-viikko-9.-13.10-212x300.jpg\" alt=\"\" width=\"212\" height=\"300\" srcset=\"https:\/\/blog.edu.turku.fi\/kestavan-tulevaisuuden-ammattilaiset\/files\/2023\/12\/KESTU-viikko-9.-13.10-212x300.jpg 212w, https:\/\/blog.edu.turku.fi\/kestavan-tulevaisuuden-ammattilaiset\/files\/2023\/12\/KESTU-viikko-9.-13.10.jpg 724w\" sizes=\"auto, (max-width: 212px) 85vw, 212px\" \/><\/a><\/p>\n<p>&nbsp;<\/p>\n","protected":false},"excerpt":{"rendered":"<p>TAI:n koulutalojen KESTU-viikon ohjelmarunko aukeaa t\u00e4st\u00e4 linkist\u00e4: KESTU-viikon ohjelma (pdf) tai klikkaamalla kuvaa. Pdf-versiota on mahdollista muokata. &nbsp;<\/p>\n","protected":false},"author":3252,"featured_media":0,"parent":687,"menu_order":5,"comment_status":"closed","ping_status":"closed","template":"","meta":{"footnotes":""},"class_list":["post-726","page","type-page","status-publish","hentry"],"_links":{"self":[{"href":"https:\/\/blog.edu.turku.fi\/kestavan-tulevaisuuden-ammattilaiset\/wp-json\/wp\/v2\/pages\/726","targetHints":{"allow":["GET"]}}],"collection":[{"href":"https:\/\/blog.edu.turku.fi\/kestavan-tulevaisuuden-ammattilaiset\/wp-json\/wp\/v2\/pages"}],"about":[{"href":"https:\/\/blog.edu.turku.fi\/kestavan-tulevaisuuden-ammattilaiset\/wp-json\/wp\/v2\/types\/page"}],"author":[{"embeddable":true,"href":"https:\/\/blog.edu.turku.fi\/kestavan-tulevaisuuden-ammattilaiset\/wp-json\/wp\/v2\/users\/3252"}],"replies":[{"embeddable":true,"href":"https:\/\/blog.edu.turku.fi\/kestavan-tulevaisuuden-ammattilaiset\/wp-json\/wp\/v2\/comments?post=726"}],"version-history":[{"count":5,"href":"https:\/\/blog.edu.turku.fi\/kestavan-tulevaisuuden-ammattilaiset\/wp-json\/wp\/v2\/pages\/726\/revisions"}],"predecessor-version":[{"id":1063,"href":"https:\/\/blog.edu.turku.fi\/kestavan-tulevaisuuden-ammattilaiset\/wp-json\/wp\/v2\/pages\/726\/revisions\/1063"}],"up":[{"embeddable":true,"href":"https:\/\/blog.edu.turku.fi\/kestavan-tulevaisuuden-ammattilaiset\/wp-json\/wp\/v2\/pages\/687"}],"wp:attachment":[{"href":"https:\/\/blog.edu.turku.fi\/kestavan-tulevaisuuden-ammattilaiset\/wp-json\/wp\/v2\/media?parent=726"}],"curies":[{"name":"wp","href":"https:\/\/api.w.org\/{rel}","templated":true}]}}