{"id":708,"date":"2023-10-03T16:35:33","date_gmt":"2023-10-03T13:35:33","guid":{"rendered":"https:\/\/blog.edu.turku.fi\/kestavan-tulevaisuuden-ammattilaiset\/?page_id=708"},"modified":"2023-12-20T14:13:44","modified_gmt":"2023-12-20T12:13:44","slug":"perjantain-ohjelma-ohjeet-ja-materiaalit","status":"publish","type":"page","link":"https:\/\/blog.edu.turku.fi\/kestavan-tulevaisuuden-ammattilaiset\/tai\/kestu-viikko-koulutaloissa\/perjantain-ohjelma-ohjeet-ja-materiaalit\/","title":{"rendered":"Perjantain ohjelma, ohjeet ja materiaalit"},"content":{"rendered":"<p>Kestu-viikon perjantain ohjelmarunko muokattavaksi: <a href=\"https:\/\/blog.edu.turku.fi\/kestavan-tulevaisuuden-ammattilaiset\/files\/2023\/12\/KESTU-viikko-9.-13.10.-6.pdf\">KESTU-viikko perjantai<\/a>\u00a0(pdf)<\/p>\n<h4><span class=\"OYPEnA text-decoration-none text-strikethrough-none\">Elektroniikkaromun ker\u00e4ys kaikissa koulutaloissa<\/span><\/h4>\n<p><span class=\"OYPEnA text-decoration-none text-strikethrough-none\">Henkil\u00f6st\u00f6 ja opiskelijat voivat tuoda rikkin\u00e4iset laitteet ja muut elektroniikkaromut (SER-j\u00e4te) kierr\u00e4tett\u00e4v\u00e4ksi<\/span><\/p>\n<ul>\n<li style=\"list-style-type: none\">\n<ul>\n<li><span class=\"OYPEnA text-decoration-none text-strikethrough-none\">ker\u00e4yspisteiss\u00e4 on rullakot tai tynnyrit j\u00e4tteille<\/span><\/li>\n<li><span class=\"OYPEnA text-decoration-none text-strikethrough-none\">\u00e4l\u00e4 tuo ker\u00e4ykseen vaarallisia j\u00e4tteit\u00e4<\/span><\/li>\n<li><span class=\"OYPEnA text-decoration-none text-strikethrough-none\">j\u00e4tteit\u00e4 voi tuoda klo 8 &#8211; 12 v\u00e4lill\u00e4, mink\u00e4 j\u00e4lkeen ne kuljetetaan pois<\/span><\/li>\n<li><span class=\"OYPEnA text-decoration-none text-strikethrough-none\">logistiikan opiskelijat vastaavat j\u00e4tteiden kuljetuksesta<\/span><\/li>\n<\/ul>\n<\/li>\n<\/ul>\n","protected":false},"excerpt":{"rendered":"<p>Kestu-viikon perjantain ohjelmarunko muokattavaksi: KESTU-viikko perjantai\u00a0(pdf) Elektroniikkaromun ker\u00e4ys kaikissa koulutaloissa Henkil\u00f6st\u00f6 ja opiskelijat voivat tuoda rikkin\u00e4iset laitteet ja muut elektroniikkaromut (SER-j\u00e4te) kierr\u00e4tett\u00e4v\u00e4ksi ker\u00e4yspisteiss\u00e4 on rullakot tai tynnyrit j\u00e4tteille \u00e4l\u00e4 tuo ker\u00e4ykseen vaarallisia j\u00e4tteit\u00e4 j\u00e4tteit\u00e4 voi tuoda klo 8 &#8211; 12 v\u00e4lill\u00e4, mink\u00e4 j\u00e4lkeen ne kuljetetaan pois logistiikan opiskelijat vastaavat j\u00e4tteiden kuljetuksesta<\/p>\n","protected":false},"author":3252,"featured_media":0,"parent":687,"menu_order":4,"comment_status":"closed","ping_status":"closed","template":"","meta":{"footnotes":""},"class_list":["post-708","page","type-page","status-publish","hentry"],"_links":{"self":[{"href":"https:\/\/blog.edu.turku.fi\/kestavan-tulevaisuuden-ammattilaiset\/wp-json\/wp\/v2\/pages\/708","targetHints":{"allow":["GET"]}}],"collection":[{"href":"https:\/\/blog.edu.turku.fi\/kestavan-tulevaisuuden-ammattilaiset\/wp-json\/wp\/v2\/pages"}],"about":[{"href":"https:\/\/blog.edu.turku.fi\/kestavan-tulevaisuuden-ammattilaiset\/wp-json\/wp\/v2\/types\/page"}],"author":[{"embeddable":true,"href":"https:\/\/blog.edu.turku.fi\/kestavan-tulevaisuuden-ammattilaiset\/wp-json\/wp\/v2\/users\/3252"}],"replies":[{"embeddable":true,"href":"https:\/\/blog.edu.turku.fi\/kestavan-tulevaisuuden-ammattilaiset\/wp-json\/wp\/v2\/comments?post=708"}],"version-history":[{"count":4,"href":"https:\/\/blog.edu.turku.fi\/kestavan-tulevaisuuden-ammattilaiset\/wp-json\/wp\/v2\/pages\/708\/revisions"}],"predecessor-version":[{"id":1075,"href":"https:\/\/blog.edu.turku.fi\/kestavan-tulevaisuuden-ammattilaiset\/wp-json\/wp\/v2\/pages\/708\/revisions\/1075"}],"up":[{"embeddable":true,"href":"https:\/\/blog.edu.turku.fi\/kestavan-tulevaisuuden-ammattilaiset\/wp-json\/wp\/v2\/pages\/687"}],"wp:attachment":[{"href":"https:\/\/blog.edu.turku.fi\/kestavan-tulevaisuuden-ammattilaiset\/wp-json\/wp\/v2\/media?parent=708"}],"curies":[{"name":"wp","href":"https:\/\/api.w.org\/{rel}","templated":true}]}}