{"id":705,"date":"2023-10-03T16:35:19","date_gmt":"2023-10-03T13:35:19","guid":{"rendered":"https:\/\/blog.edu.turku.fi\/kestavan-tulevaisuuden-ammattilaiset\/?page_id=705"},"modified":"2023-12-20T14:11:10","modified_gmt":"2023-12-20T12:11:10","slug":"torstain-ohjelma-ohjeet-ja-materiaalit","status":"publish","type":"page","link":"https:\/\/blog.edu.turku.fi\/kestavan-tulevaisuuden-ammattilaiset\/tai\/kestu-viikko-koulutaloissa\/torstain-ohjelma-ohjeet-ja-materiaalit\/","title":{"rendered":"Torstain ohjelma, ohjeet ja materiaalit"},"content":{"rendered":"<p>Kestu-viikon torstain ohjelmarunko muokattavaksi: <a href=\"https:\/\/blog.edu.turku.fi\/kestavan-tulevaisuuden-ammattilaiset\/files\/2023\/12\/KESTU-viikko-9.-13.10.-5.pdf\">KESTU-viikko torstai<\/a> (pdf)<\/p>\n<h4>Liikenneturvan verkkoluento<\/h4>\n<p><span class=\"OYPEnA text-decoration-none text-strikethrough-none\">Liikenneturvan verkkoluento pidet\u00e4\u00e4n Teamsissa ja se on suunnattu kaikille TAI:n opiskelijoille. K<\/span>ouluttajana on Liikenneturvan yhteysp\u00e4\u00e4llikk\u00f6 Elias Ruutti.<\/p>\n<p><strong>Koulutus on t\u00e4rke\u00e4 varsinkin nuorille, jotka viel\u00e4 harjoittelevat liikenteess\u00e4 toimimista!<\/strong><\/p>\n<p><span class=\"OYPEnA text-decoration-none text-strikethrough-none\">Opettaja, voit osallistua ryhm\u00e4si kanssa koulutukseen et\u00e4yhteydell\u00e4 oppitunnilta.\u00a0<\/span><\/p>\n<p><span class=\"OYPEnA text-decoration-none text-strikethrough-none\">Teams-linkki l\u00e4hetet\u00e4\u00e4n kaikille TAI:n opettajille my\u00f6s kalenterikutsuna<\/span><\/p>\n<p><span class=\"OYPEnA text-decoration-none text-strikethrough-none\">HUOM! Koulutus tallennetaan, joten jos ajankohta ei sovi, voit katsoa koulutuksen ryhm\u00e4si kanssa my\u00f6s my\u00f6hemmin.\u00a0<\/span><\/p>\n<p><strong>Turvataan kaikkien koulutie asennekasvatuksella!<\/strong><\/p>\n<hr \/>\n<h4>Luokkien liikennekilpailu<\/h4>\n<p><span class=\"OYPEnA text-decoration-none text-strikethrough-none\">Kilpailussa luokat ker\u00e4\u00e4v\u00e4t pisteit\u00e4 viisaasta liikkumisesta:<\/span><\/p>\n<ul>\n<li style=\"list-style-type: none\">\n<ul>\n<li><span class=\"OYPEnA text-decoration-none text-strikethrough-none\">Jokaisesta heijastimesta luokka saa yhden pisteen<\/span><\/li>\n<li><span class=\"OYPEnA text-decoration-none text-strikethrough-none\">Jokaisesta lihasvoimin (k\u00e4vellen tai polkupy\u00f6r\u00e4ll\u00e4) tai bussilla kouluun tulleesta opiskelijasta luokka saa yhden pisteen<\/span><\/li>\n<\/ul>\n<\/li>\n<\/ul>\n<hr \/>\n<h4>TAI:n koulu- ja ty\u00f6matkaliikkumisen hiilijalanj\u00e4lki<\/h4>\n<p>TAI:n koulu- ja ty\u00f6matkaliikkumisen hiilijalanj\u00e4lki on laskettu!<\/p>\n<p><strong>Opettaja:\u00a0<\/strong><br \/>\nKeskustele opiskelijoiden kanssa koulumatkaliikkumisen ymp\u00e4rist\u00f6vaikutuksista. Voitte k\u00e4ytt\u00e4\u00e4 alla olevia kuvia ja vertailla eri kulkumuotojen hiilidioksidip\u00e4\u00e4st\u00f6j\u00e4.<\/p>\n<p><a href=\"https:\/\/blog.edu.turku.fi\/kestavan-tulevaisuuden-ammattilaiset\/files\/2023\/10\/Koulumatkat.jpg\"><img loading=\"lazy\" decoding=\"async\" class=\"alignleft wp-image-740 size-large\" src=\"https:\/\/blog.edu.turku.fi\/kestavan-tulevaisuuden-ammattilaiset\/files\/2023\/10\/Koulumatkat-1024x576.jpg\" alt=\"\" width=\"1024\" height=\"576\" srcset=\"https:\/\/blog.edu.turku.fi\/kestavan-tulevaisuuden-ammattilaiset\/files\/2023\/10\/Koulumatkat.jpg 1024w, https:\/\/blog.edu.turku.fi\/kestavan-tulevaisuuden-ammattilaiset\/files\/2023\/10\/Koulumatkat-300x169.jpg 300w\" sizes=\"auto, (max-width: 709px) 85vw, (max-width: 909px) 67vw, (max-width: 1362px) 62vw, 840px\" \/><\/a> <a href=\"https:\/\/blog.edu.turku.fi\/kestavan-tulevaisuuden-ammattilaiset\/files\/2023\/10\/Koulumatkat-1.jpg\"><img loading=\"lazy\" decoding=\"async\" class=\"alignleft wp-image-741 size-large\" src=\"https:\/\/blog.edu.turku.fi\/kestavan-tulevaisuuden-ammattilaiset\/files\/2023\/10\/Koulumatkat-1-1024x576.jpg\" alt=\"\" width=\"1024\" height=\"576\" srcset=\"https:\/\/blog.edu.turku.fi\/kestavan-tulevaisuuden-ammattilaiset\/files\/2023\/10\/Koulumatkat-1.jpg 1024w, https:\/\/blog.edu.turku.fi\/kestavan-tulevaisuuden-ammattilaiset\/files\/2023\/10\/Koulumatkat-1-300x169.jpg 300w\" sizes=\"auto, (max-width: 709px) 85vw, (max-width: 909px) 67vw, (max-width: 1362px) 62vw, 840px\" \/><\/a><\/p>\n<p>&nbsp;<\/p>\n","protected":false},"excerpt":{"rendered":"<p>Kestu-viikon torstain ohjelmarunko muokattavaksi: KESTU-viikko torstai (pdf) Liikenneturvan verkkoluento Liikenneturvan verkkoluento pidet\u00e4\u00e4n Teamsissa ja se on suunnattu kaikille TAI:n opiskelijoille. Kouluttajana on Liikenneturvan yhteysp\u00e4\u00e4llikk\u00f6 Elias Ruutti. Koulutus on t\u00e4rke\u00e4 varsinkin nuorille, jotka viel\u00e4 harjoittelevat liikenteess\u00e4 toimimista! Opettaja, voit osallistua ryhm\u00e4si kanssa koulutukseen et\u00e4yhteydell\u00e4 oppitunnilta.\u00a0 Teams-linkki l\u00e4hetet\u00e4\u00e4n kaikille TAI:n opettajille my\u00f6s kalenterikutsuna HUOM! Koulutus tallennetaan, joten &hellip; <a href=\"https:\/\/blog.edu.turku.fi\/kestavan-tulevaisuuden-ammattilaiset\/tai\/kestu-viikko-koulutaloissa\/torstain-ohjelma-ohjeet-ja-materiaalit\/\" class=\"more-link\">Jatka lukemista<span class=\"screen-reader-text\"> &#8221;Torstain ohjelma, ohjeet ja materiaalit&#8221;<\/span><\/a><\/p>\n","protected":false},"author":3252,"featured_media":0,"parent":687,"menu_order":3,"comment_status":"closed","ping_status":"closed","template":"","meta":{"footnotes":""},"class_list":["post-705","page","type-page","status-publish","hentry"],"_links":{"self":[{"href":"https:\/\/blog.edu.turku.fi\/kestavan-tulevaisuuden-ammattilaiset\/wp-json\/wp\/v2\/pages\/705","targetHints":{"allow":["GET"]}}],"collection":[{"href":"https:\/\/blog.edu.turku.fi\/kestavan-tulevaisuuden-ammattilaiset\/wp-json\/wp\/v2\/pages"}],"about":[{"href":"https:\/\/blog.edu.turku.fi\/kestavan-tulevaisuuden-ammattilaiset\/wp-json\/wp\/v2\/types\/page"}],"author":[{"embeddable":true,"href":"https:\/\/blog.edu.turku.fi\/kestavan-tulevaisuuden-ammattilaiset\/wp-json\/wp\/v2\/users\/3252"}],"replies":[{"embeddable":true,"href":"https:\/\/blog.edu.turku.fi\/kestavan-tulevaisuuden-ammattilaiset\/wp-json\/wp\/v2\/comments?post=705"}],"version-history":[{"count":5,"href":"https:\/\/blog.edu.turku.fi\/kestavan-tulevaisuuden-ammattilaiset\/wp-json\/wp\/v2\/pages\/705\/revisions"}],"predecessor-version":[{"id":1073,"href":"https:\/\/blog.edu.turku.fi\/kestavan-tulevaisuuden-ammattilaiset\/wp-json\/wp\/v2\/pages\/705\/revisions\/1073"}],"up":[{"embeddable":true,"href":"https:\/\/blog.edu.turku.fi\/kestavan-tulevaisuuden-ammattilaiset\/wp-json\/wp\/v2\/pages\/687"}],"wp:attachment":[{"href":"https:\/\/blog.edu.turku.fi\/kestavan-tulevaisuuden-ammattilaiset\/wp-json\/wp\/v2\/media?parent=705"}],"curies":[{"name":"wp","href":"https:\/\/api.w.org\/{rel}","templated":true}]}}