{"id":702,"date":"2023-10-03T16:35:04","date_gmt":"2023-10-03T13:35:04","guid":{"rendered":"https:\/\/blog.edu.turku.fi\/kestavan-tulevaisuuden-ammattilaiset\/?page_id=702"},"modified":"2023-12-20T14:25:55","modified_gmt":"2023-12-20T12:25:55","slug":"keskiviikon-ohjelma-ohjeet-ja-materiaalit","status":"publish","type":"page","link":"https:\/\/blog.edu.turku.fi\/kestavan-tulevaisuuden-ammattilaiset\/tai\/kestu-viikko-koulutaloissa\/keskiviikon-ohjelma-ohjeet-ja-materiaalit\/","title":{"rendered":"Keskiviikon ohjelma, ohjeet ja materiaalit"},"content":{"rendered":"<p>Kestu-viikon keskiviikon ohjelmarunko muokattavaksi: <a href=\"https:\/\/blog.edu.turku.fi\/kestavan-tulevaisuuden-ammattilaiset\/files\/2023\/12\/KESTU-viikko-9.-13.10.-4.pdf\">KESTU-viikko keskiviikko<\/a> (pdf)<\/p>\n<h4>Pelaa TAI:n vesipeli\u00e4!<\/h4>\n<p><strong>Pelin idea:<\/strong><br \/>\nTAI:n vesipelin tavoitteena on saada pelaaja pohtimaan p\u00e4ivitt\u00e4ist\u00e4 vedenkulutustaan. Peliss\u00e4 yhdistell\u00e4\u00e4n erilaisia arjen toimintoja niiss\u00e4 kuluviin vesim\u00e4\u00e4riin.<\/p>\n<p><strong>Pelin toteutus:<\/strong><br \/>\nPeli on helppo toteuttaa. Tarvitset vain printatut pelimateriaalit ja jonkin verran p\u00f6yt\u00e4tilaa. Pelaaminen kest\u00e4\u00e4 arviolta 10 minuuttia. Tarkemmat ohjeet on liitetty pelimateriaaleihin.<\/p>\n<p><b>T\u00e4st\u00e4 linkist\u00e4 voit tulostaa vesipelin sek\u00e4 ohjeet pelin rakentamiseen ja pelaamiseen:<br \/>\n<\/b><a href=\"https:\/\/blog.edu.turku.fi\/kestavan-tulevaisuuden-ammattilaiset\/files\/2023\/10\/TAIn-vesipeli-tulostettavaksi.pdf\">TAIn vesipeli tulostettavaksi<\/a><\/p>\n<hr \/>\n<h4>LASKEKAA OMA VESIJALANJ\u00c4LKENNE<\/h4>\n<p>Oman vesijalanj\u00e4lkens\u00e4 voi laskea Suomen ymp\u00e4rist\u00f6keskuksen (SYKE) kehitt\u00e4m\u00e4ll\u00e4 laskurilla.<\/p>\n<p>Laskuri l\u00f6ytyy t\u00e4\u00e4lt\u00e4: <a href=\"https:\/\/www.vesi.fi\/vesijalanjalkilaskuri\/\">https:\/\/www.vesi.fi\/vesijalanjalkilaskuri\/<\/a><\/p>\n<p>Lis\u00e4\u00e4 tietoa vesijalanj\u00e4ljest\u00e4 l\u00f6ytyy teemasivulta: <a href=\"https:\/\/www.vesi.fi\/teemasivu\/vesijalanjalki\/\">https:\/\/www.vesi.fi\/teemasivu\/vesijalanjalki\/<\/a><\/p>\n<hr \/>\n<h4>Materiaalia tulostettavaksi<\/h4>\n<p>Kuva aukeaa isommaksi kun klikkaat sit\u00e4.<\/p>\n<p><a href=\"https:\/\/blog.edu.turku.fi\/kestavan-tulevaisuuden-ammattilaiset\/files\/2023\/12\/Vesijalanjalki-1.jpg\" target=\"_blank\" rel=\"noopener\"><img loading=\"lazy\" decoding=\"async\" class=\"alignleft wp-image-1081 size-medium\" src=\"https:\/\/blog.edu.turku.fi\/kestavan-tulevaisuuden-ammattilaiset\/files\/2023\/12\/Vesijalanjalki-1-300x169.jpg\" alt=\"\" width=\"300\" height=\"169\" srcset=\"https:\/\/blog.edu.turku.fi\/kestavan-tulevaisuuden-ammattilaiset\/files\/2023\/12\/Vesijalanjalki-1-300x169.jpg 300w, https:\/\/blog.edu.turku.fi\/kestavan-tulevaisuuden-ammattilaiset\/files\/2023\/12\/Vesijalanjalki-1.jpg 1024w\" sizes=\"auto, (max-width: 300px) 85vw, 300px\" \/><\/a> <a href=\"https:\/\/blog.edu.turku.fi\/kestavan-tulevaisuuden-ammattilaiset\/files\/2023\/12\/Vesijalanjalki-2.jpg\" target=\"_blank\" rel=\"noopener\"><img loading=\"lazy\" decoding=\"async\" class=\"alignleft wp-image-1082 size-medium\" src=\"https:\/\/blog.edu.turku.fi\/kestavan-tulevaisuuden-ammattilaiset\/files\/2023\/12\/Vesijalanjalki-2-300x169.jpg\" alt=\"\" width=\"300\" height=\"169\" srcset=\"https:\/\/blog.edu.turku.fi\/kestavan-tulevaisuuden-ammattilaiset\/files\/2023\/12\/Vesijalanjalki-2-300x169.jpg 300w, https:\/\/blog.edu.turku.fi\/kestavan-tulevaisuuden-ammattilaiset\/files\/2023\/12\/Vesijalanjalki-2.jpg 1024w\" sizes=\"auto, (max-width: 300px) 85vw, 300px\" \/><\/a><\/p>\n","protected":false},"excerpt":{"rendered":"<p>Kestu-viikon keskiviikon ohjelmarunko muokattavaksi: KESTU-viikko keskiviikko (pdf) Pelaa TAI:n vesipeli\u00e4! Pelin idea: TAI:n vesipelin tavoitteena on saada pelaaja pohtimaan p\u00e4ivitt\u00e4ist\u00e4 vedenkulutustaan. Peliss\u00e4 yhdistell\u00e4\u00e4n erilaisia arjen toimintoja niiss\u00e4 kuluviin vesim\u00e4\u00e4riin. Pelin toteutus: Peli on helppo toteuttaa. Tarvitset vain printatut pelimateriaalit ja jonkin verran p\u00f6yt\u00e4tilaa. Pelaaminen kest\u00e4\u00e4 arviolta 10 minuuttia. Tarkemmat ohjeet on liitetty pelimateriaaleihin. T\u00e4st\u00e4 linkist\u00e4 &hellip; <a href=\"https:\/\/blog.edu.turku.fi\/kestavan-tulevaisuuden-ammattilaiset\/tai\/kestu-viikko-koulutaloissa\/keskiviikon-ohjelma-ohjeet-ja-materiaalit\/\" class=\"more-link\">Jatka lukemista<span class=\"screen-reader-text\"> &#8221;Keskiviikon ohjelma, ohjeet ja materiaalit&#8221;<\/span><\/a><\/p>\n","protected":false},"author":3252,"featured_media":0,"parent":687,"menu_order":2,"comment_status":"closed","ping_status":"closed","template":"","meta":{"footnotes":""},"class_list":["post-702","page","type-page","status-publish","hentry"],"_links":{"self":[{"href":"https:\/\/blog.edu.turku.fi\/kestavan-tulevaisuuden-ammattilaiset\/wp-json\/wp\/v2\/pages\/702","targetHints":{"allow":["GET"]}}],"collection":[{"href":"https:\/\/blog.edu.turku.fi\/kestavan-tulevaisuuden-ammattilaiset\/wp-json\/wp\/v2\/pages"}],"about":[{"href":"https:\/\/blog.edu.turku.fi\/kestavan-tulevaisuuden-ammattilaiset\/wp-json\/wp\/v2\/types\/page"}],"author":[{"embeddable":true,"href":"https:\/\/blog.edu.turku.fi\/kestavan-tulevaisuuden-ammattilaiset\/wp-json\/wp\/v2\/users\/3252"}],"replies":[{"embeddable":true,"href":"https:\/\/blog.edu.turku.fi\/kestavan-tulevaisuuden-ammattilaiset\/wp-json\/wp\/v2\/comments?post=702"}],"version-history":[{"count":9,"href":"https:\/\/blog.edu.turku.fi\/kestavan-tulevaisuuden-ammattilaiset\/wp-json\/wp\/v2\/pages\/702\/revisions"}],"predecessor-version":[{"id":1084,"href":"https:\/\/blog.edu.turku.fi\/kestavan-tulevaisuuden-ammattilaiset\/wp-json\/wp\/v2\/pages\/702\/revisions\/1084"}],"up":[{"embeddable":true,"href":"https:\/\/blog.edu.turku.fi\/kestavan-tulevaisuuden-ammattilaiset\/wp-json\/wp\/v2\/pages\/687"}],"wp:attachment":[{"href":"https:\/\/blog.edu.turku.fi\/kestavan-tulevaisuuden-ammattilaiset\/wp-json\/wp\/v2\/media?parent=702"}],"curies":[{"name":"wp","href":"https:\/\/api.w.org\/{rel}","templated":true}]}}