{"id":699,"date":"2023-10-03T16:34:47","date_gmt":"2023-10-03T13:34:47","guid":{"rendered":"https:\/\/blog.edu.turku.fi\/kestavan-tulevaisuuden-ammattilaiset\/?page_id=699"},"modified":"2023-12-20T14:23:36","modified_gmt":"2023-12-20T12:23:36","slug":"tiistain-ohjelma-ohjeet-ja-materiaalit","status":"publish","type":"page","link":"https:\/\/blog.edu.turku.fi\/kestavan-tulevaisuuden-ammattilaiset\/tai\/kestu-viikko-koulutaloissa\/tiistain-ohjelma-ohjeet-ja-materiaalit\/","title":{"rendered":"Tiistain ohjelma, ohjeet ja materiaalit"},"content":{"rendered":"<p>Kestu-viikon tiistain ohjelmarunko muokattavaksi: <a href=\"https:\/\/blog.edu.turku.fi\/kestavan-tulevaisuuden-ammattilaiset\/files\/2023\/12\/KESTU-viikko-9.-13.10.-3.pdf\">KESTU-viikko tiistai<\/a> (pdf)<\/p>\n<h4>Koulutalojen v\u00e4linen ruokah\u00e4vikkikilpailu<\/h4>\n<p><span class=\"OYPEnA text-decoration-none text-strikethrough-none\">Lautaselle otettu, mutta sy\u00f6m\u00e4tt\u00e4 j\u00e4\u00e4nyt ruoka eli lautasj\u00e4te punnitaan kaikissa koulutaloissa KESTU-viikon tiistaina. <\/span>H\u00e4vikin m\u00e4\u00e4r\u00e4 lasketaan opiskelijaa kohti.<\/p>\n<p><span class=\"OYPEnA text-decoration-none text-strikethrough-none\">Koulutalo, jossa lautash\u00e4vikki\u00e4 muodostuu v\u00e4hiten, voittaa kilpailun!\u00a0<\/span><\/p>\n<hr \/>\n<div>\n<h4>H\u00e4vikkiruokaideat jakoon<\/h4>\n<p><strong>Opettaja:<\/strong><br \/>\nKannusta opiskelijoita jakamaan ideoita h\u00e4vikkiruoan hy\u00f6dynt\u00e4miseen ja resepteihin<\/p>\n<hr \/>\n<h4>H\u00e4vikkiruokaa voi ostaa koulun ruokalasta<\/h4>\n<p>Tiesitk\u00f6, ett\u00e4 koulutalojen ruokaloista voi lounasajan j\u00e4lkeen ostaa yli j\u00e4\u00e4nytt\u00e4 ruokaa edullisesti?<\/p>\n<p>Tarkista oman koulutalosi tarjonta ja myyntiaikataulu ruokalasta!<\/p>\n<h4><\/h4>\n<p>&nbsp;<\/p>\n<\/div>\n","protected":false},"excerpt":{"rendered":"<p>Kestu-viikon tiistain ohjelmarunko muokattavaksi: KESTU-viikko tiistai (pdf) Koulutalojen v\u00e4linen ruokah\u00e4vikkikilpailu Lautaselle otettu, mutta sy\u00f6m\u00e4tt\u00e4 j\u00e4\u00e4nyt ruoka eli lautasj\u00e4te punnitaan kaikissa koulutaloissa KESTU-viikon tiistaina. H\u00e4vikin m\u00e4\u00e4r\u00e4 lasketaan opiskelijaa kohti. Koulutalo, jossa lautash\u00e4vikki\u00e4 muodostuu v\u00e4hiten, voittaa kilpailun!\u00a0 H\u00e4vikkiruokaideat jakoon Opettaja: Kannusta opiskelijoita jakamaan ideoita h\u00e4vikkiruoan hy\u00f6dynt\u00e4miseen ja resepteihin H\u00e4vikkiruokaa voi ostaa koulun ruokalasta Tiesitk\u00f6, ett\u00e4 koulutalojen ruokaloista &hellip; <a href=\"https:\/\/blog.edu.turku.fi\/kestavan-tulevaisuuden-ammattilaiset\/tai\/kestu-viikko-koulutaloissa\/tiistain-ohjelma-ohjeet-ja-materiaalit\/\" class=\"more-link\">Jatka lukemista<span class=\"screen-reader-text\"> &#8221;Tiistain ohjelma, ohjeet ja materiaalit&#8221;<\/span><\/a><\/p>\n","protected":false},"author":3252,"featured_media":0,"parent":687,"menu_order":1,"comment_status":"closed","ping_status":"closed","template":"","meta":{"footnotes":""},"class_list":["post-699","page","type-page","status-publish","hentry"],"_links":{"self":[{"href":"https:\/\/blog.edu.turku.fi\/kestavan-tulevaisuuden-ammattilaiset\/wp-json\/wp\/v2\/pages\/699","targetHints":{"allow":["GET"]}}],"collection":[{"href":"https:\/\/blog.edu.turku.fi\/kestavan-tulevaisuuden-ammattilaiset\/wp-json\/wp\/v2\/pages"}],"about":[{"href":"https:\/\/blog.edu.turku.fi\/kestavan-tulevaisuuden-ammattilaiset\/wp-json\/wp\/v2\/types\/page"}],"author":[{"embeddable":true,"href":"https:\/\/blog.edu.turku.fi\/kestavan-tulevaisuuden-ammattilaiset\/wp-json\/wp\/v2\/users\/3252"}],"replies":[{"embeddable":true,"href":"https:\/\/blog.edu.turku.fi\/kestavan-tulevaisuuden-ammattilaiset\/wp-json\/wp\/v2\/comments?post=699"}],"version-history":[{"count":8,"href":"https:\/\/blog.edu.turku.fi\/kestavan-tulevaisuuden-ammattilaiset\/wp-json\/wp\/v2\/pages\/699\/revisions"}],"predecessor-version":[{"id":1080,"href":"https:\/\/blog.edu.turku.fi\/kestavan-tulevaisuuden-ammattilaiset\/wp-json\/wp\/v2\/pages\/699\/revisions\/1080"}],"up":[{"embeddable":true,"href":"https:\/\/blog.edu.turku.fi\/kestavan-tulevaisuuden-ammattilaiset\/wp-json\/wp\/v2\/pages\/687"}],"wp:attachment":[{"href":"https:\/\/blog.edu.turku.fi\/kestavan-tulevaisuuden-ammattilaiset\/wp-json\/wp\/v2\/media?parent=699"}],"curies":[{"name":"wp","href":"https:\/\/api.w.org\/{rel}","templated":true}]}}