{"id":695,"date":"2023-10-03T16:34:03","date_gmt":"2023-10-03T13:34:03","guid":{"rendered":"https:\/\/blog.edu.turku.fi\/kestavan-tulevaisuuden-ammattilaiset\/?page_id=695"},"modified":"2023-12-20T14:01:39","modified_gmt":"2023-12-20T12:01:39","slug":"maanantain-ohjelma","status":"publish","type":"page","link":"https:\/\/blog.edu.turku.fi\/kestavan-tulevaisuuden-ammattilaiset\/tai\/kestu-viikko-koulutaloissa\/maanantain-ohjelma\/","title":{"rendered":"Maanantain ohjelma, ohjeet ja materiaalit"},"content":{"rendered":"<p>Kestu-viikon maanantain ohjelmarunko muokattavaksi: <a href=\"https:\/\/blog.edu.turku.fi\/kestavan-tulevaisuuden-ammattilaiset\/files\/2023\/12\/KESTU-viikko-9.-13.10.-2.pdf\" target=\"_blank\" rel=\"noopener\">KESTU-viikon maanantai<\/a>\u00a0(pdf)<\/p>\n<h4>Kest\u00e4v\u00e4 kehitys oppitunnilla<\/h4>\n<p><span class=\"OYPEnA text-decoration-none text-strikethrough-none\">Katsokaa yhdess\u00e4 opiskelijoiden kanssa Toivoa ja toimintaa -sivuston videot kest\u00e4v\u00e4st\u00e4 kehityksest\u00e4 ja vaikuttamismahdollisuuksista<\/span><\/p>\n<p><span class=\"OYPEnA text-decoration-none text-strikethrough-none\">Linkki kest\u00e4v\u00e4n kehityksen videoon: <\/span><a class=\"OYPEnA text-decoration-underline text-strikethrough-none\" href=\"https:\/\/youtu.be\/OTNm3_ENsO8\" target=\"_blank\" rel=\"noopener\">https:\/\/youtu.be\/OTNm3_ENsO8<\/a><br \/>\n<span class=\"OYPEnA text-decoration-none text-strikethrough-none\">Linkki vaikuttamisen videoon: <\/span><a class=\"OYPEnA text-decoration-underline text-strikethrough-none\" href=\"https:\/\/youtu.be\/RsgNg8-H2z0\" target=\"_blank\" rel=\"noopener\">https:\/\/youtu.be\/RsgNg8-H2z0<\/a><\/p>\n<p><span class=\"OYPEnA text-decoration-none text-strikethrough-none\">Keskustelkaa kest\u00e4v\u00e4n kehityksen teemoista yleisesti ja teid\u00e4n alallanne. <\/span><\/p>\n<p><span class=\"OYPEnA text-decoration-none text-strikethrough-none\">Apukysymyksi\u00e4 keskustelun tueksi:<\/span><\/p>\n<ul>\n<li style=\"list-style-type: none\">\n<ul>\n<li><span class=\"OYPEnA text-decoration-none text-strikethrough-none\">Miten kest\u00e4v\u00e4 kehitys pit\u00e4isi huomioida teid\u00e4n alallanne?<\/span><\/li>\n<li><span class=\"OYPEnA text-decoration-none text-strikethrough-none\">Mit\u00e4 videolla mainittuja vaikuttamistapoja opiskelijat ovat tehneet?<\/span><\/li>\n<li><span class=\"OYPEnA text-decoration-none text-strikethrough-none\"><span class=\"OYPEnA text-decoration-none text-strikethrough-none\">Mit\u00e4 uusia vaikuttamiskeinoja opiskelijat haluaisivat kokeilla?<\/span><\/span><\/li>\n<\/ul>\n<\/li>\n<\/ul>\n<p>Vaikuttamiskeinoista on helppoa siirty\u00e4 osallistumaan kestu-viikon kilpailun pariin!<\/p>\n<hr \/>\n<h4>LUOKKIEN V\u00c4LINEN MainosKILPAILU<\/h4>\n<p><span class=\"OYPEnA text-decoration-none text-strikethrough-none\"><strong>Teht\u00e4v\u00e4:<br \/>\n<\/strong>Ideoida ja valmistaa oman kest\u00e4v\u00e4n kehityksen mainos. <\/span><\/p>\n<p><span class=\"OYPEnA text-decoration-none text-strikethrough-none\"><strong>Mainoksen aihe<\/strong>:<br \/>\nMik\u00e4 tahansa kest\u00e4v\u00e4\u00e4n kehitykseen liittyv\u00e4 teema, esimerkiksi ilmastonmuutoksen hillint\u00e4, kulutuskriittisyys, py\u00f6r\u00e4ilyn edist\u00e4minen, luonnonsuojelu, kasvissy\u00f6nti, tasa-arvon edist\u00e4minen, pikamuodin ymp\u00e4rist\u00f6vaikutukset tai mik\u00e4 tahansa ryhm\u00e4\u00e4 kiinnostava aihe.\u00a0<\/span><\/p>\n<p><span class=\"OYPEnA text-decoration-none text-strikethrough-none\"><strong>Toteutustapa:<br \/>\n<\/strong>Vapaa. Ryhm\u00e4 voi tehd\u00e4 <\/span>paperisen julisteen, tilataideteoksen, videon, s\u00e4hk\u00f6isen julisteen, powerpoint-esityksen, laulun, tai mink\u00e4 tahansa muun valitsemansa toteutuksen.<\/p>\n<p><strong>Mainoksen julkaiseminen<\/strong>:<br \/>\nRyhm\u00e4n tulee mietti\u00e4, miss\u00e4 mainos voidaan esitt\u00e4\u00e4: laitetaanko juliste koulutalon sein\u00e4lle, julkaistaanko video TAI:n some-kanavissa, esitet\u00e4\u00e4nk\u00f6 mainos infon\u00e4yt\u00f6iss\u00e4, vai keksittek\u00f6 jonkun muun julkaisutavan?<\/p>\n<p class=\"cvGsUA direction-ltr align-start para-style-body\"><strong>Kilpailuaika<\/strong>:<br \/>\nKESTU-viikko, maanantai &#8211; keskiviikko<\/p>\n<p><strong>Kilpailuty\u00f6n palauttaminen<\/strong>:<br \/>\nOpettaja sopii, miten mainos toimitetaan kilpailuun. Tapa riippuu ty\u00f6n luonteesta ja muodosta (fyysinen vai s\u00e4hk\u00f6inen, ty\u00f6n koko, jne.)<\/p>\n<p><strong>Arviointikriteerit<\/strong>:<br \/>\nRaati valitsee mainoksista voittajan. Kilpailut\u00f6it\u00e4 arvioidaan mainoksen informatiivisuuden, luovuuden, vaikuttavuuden ja idearikkauden perusteella.<\/p>\n<p class=\"cvGsUA direction-ltr align-start para-style-body\"><strong>Voittajan julkistaminen<\/strong>:<br \/>\nVoittaja julikistetaan KESTU-viikon perjantaina<\/p>\n<p>&nbsp;<\/p>\n","protected":false},"excerpt":{"rendered":"<p>Kestu-viikon maanantain ohjelmarunko muokattavaksi: KESTU-viikon maanantai\u00a0(pdf) Kest\u00e4v\u00e4 kehitys oppitunnilla Katsokaa yhdess\u00e4 opiskelijoiden kanssa Toivoa ja toimintaa -sivuston videot kest\u00e4v\u00e4st\u00e4 kehityksest\u00e4 ja vaikuttamismahdollisuuksista Linkki kest\u00e4v\u00e4n kehityksen videoon: https:\/\/youtu.be\/OTNm3_ENsO8 Linkki vaikuttamisen videoon: https:\/\/youtu.be\/RsgNg8-H2z0 Keskustelkaa kest\u00e4v\u00e4n kehityksen teemoista yleisesti ja teid\u00e4n alallanne. Apukysymyksi\u00e4 keskustelun tueksi: Miten kest\u00e4v\u00e4 kehitys pit\u00e4isi huomioida teid\u00e4n alallanne? Mit\u00e4 videolla mainittuja vaikuttamistapoja opiskelijat ovat &hellip; <a href=\"https:\/\/blog.edu.turku.fi\/kestavan-tulevaisuuden-ammattilaiset\/tai\/kestu-viikko-koulutaloissa\/maanantain-ohjelma\/\" class=\"more-link\">Jatka lukemista<span class=\"screen-reader-text\"> &#8221;Maanantain ohjelma, ohjeet ja materiaalit&#8221;<\/span><\/a><\/p>\n","protected":false},"author":3252,"featured_media":0,"parent":687,"menu_order":0,"comment_status":"closed","ping_status":"closed","template":"","meta":{"footnotes":""},"class_list":["post-695","page","type-page","status-publish","hentry"],"_links":{"self":[{"href":"https:\/\/blog.edu.turku.fi\/kestavan-tulevaisuuden-ammattilaiset\/wp-json\/wp\/v2\/pages\/695","targetHints":{"allow":["GET"]}}],"collection":[{"href":"https:\/\/blog.edu.turku.fi\/kestavan-tulevaisuuden-ammattilaiset\/wp-json\/wp\/v2\/pages"}],"about":[{"href":"https:\/\/blog.edu.turku.fi\/kestavan-tulevaisuuden-ammattilaiset\/wp-json\/wp\/v2\/types\/page"}],"author":[{"embeddable":true,"href":"https:\/\/blog.edu.turku.fi\/kestavan-tulevaisuuden-ammattilaiset\/wp-json\/wp\/v2\/users\/3252"}],"replies":[{"embeddable":true,"href":"https:\/\/blog.edu.turku.fi\/kestavan-tulevaisuuden-ammattilaiset\/wp-json\/wp\/v2\/comments?post=695"}],"version-history":[{"count":6,"href":"https:\/\/blog.edu.turku.fi\/kestavan-tulevaisuuden-ammattilaiset\/wp-json\/wp\/v2\/pages\/695\/revisions"}],"predecessor-version":[{"id":1065,"href":"https:\/\/blog.edu.turku.fi\/kestavan-tulevaisuuden-ammattilaiset\/wp-json\/wp\/v2\/pages\/695\/revisions\/1065"}],"up":[{"embeddable":true,"href":"https:\/\/blog.edu.turku.fi\/kestavan-tulevaisuuden-ammattilaiset\/wp-json\/wp\/v2\/pages\/687"}],"wp:attachment":[{"href":"https:\/\/blog.edu.turku.fi\/kestavan-tulevaisuuden-ammattilaiset\/wp-json\/wp\/v2\/media?parent=695"}],"curies":[{"name":"wp","href":"https:\/\/api.w.org\/{rel}","templated":true}]}}