{"id":684,"date":"2023-10-03T12:29:40","date_gmt":"2023-10-03T09:29:40","guid":{"rendered":"https:\/\/blog.edu.turku.fi\/kestavan-tulevaisuuden-ammattilaiset\/?page_id=684"},"modified":"2023-12-15T13:15:47","modified_gmt":"2023-12-15T11:15:47","slug":"tulevaisuuden-turku","status":"publish","type":"page","link":"https:\/\/blog.edu.turku.fi\/kestavan-tulevaisuuden-ammattilaiset\/tai\/tulevaisuuden-turku\/","title":{"rendered":"Tulevaisuuden Turku -peli"},"content":{"rendered":"<p>Tulevaisuuden Turku -peli on AR-ymp\u00e4rist\u00f6\u00f6n sijoittuva kest\u00e4v\u00e4n kehityksen peli, jota pelataan Turun jokirannassa S\/S Boren ymp\u00e4rist\u00f6ss\u00e4 \u00e4lypuhelimella tai tabletilla.<a href=\"https:\/\/blog.edu.turku.fi\/kestavan-tulevaisuuden-ammattilaiset\/files\/2023\/11\/orava_4.png\"><img loading=\"lazy\" decoding=\"async\" class=\"wp-image-794 alignright\" src=\"https:\/\/blog.edu.turku.fi\/kestavan-tulevaisuuden-ammattilaiset\/files\/2023\/11\/orava_4-150x150.png\" alt=\"\" width=\"175\" height=\"131\" srcset=\"https:\/\/blog.edu.turku.fi\/kestavan-tulevaisuuden-ammattilaiset\/files\/2023\/11\/orava_4-300x225.png 300w, https:\/\/blog.edu.turku.fi\/kestavan-tulevaisuuden-ammattilaiset\/files\/2023\/11\/orava_4.png 918w\" sizes=\"auto, (max-width: 175px) 85vw, 175px\" \/><\/a><\/p>\n<p>Peli on kehitetty osana Opetushallituksen rahoittamaa Kest\u00e4v\u00e4n tulevaisuuden ammattilaiset -hanketta vuonna 2023. Peli on suunniteltu ennen kaikkea Turun ammatti-instituutin opiskelijoille, mutta sit\u00e4 saa pelata kuka tahansa.<\/p>\n<p><a href=\"https:\/\/blog.edu.turku.fi\/kestavan-tulevaisuuden-ammattilaiset\/files\/2023\/11\/sovelluksen_symboli.jpg\"><img loading=\"lazy\" decoding=\"async\" class=\"alignleft size-thumbnail wp-image-777\" src=\"https:\/\/blog.edu.turku.fi\/kestavan-tulevaisuuden-ammattilaiset\/files\/2023\/11\/sovelluksen_symboli-150x150.jpg\" alt=\"\" width=\"150\" height=\"150\" \/><\/a><\/p>\n<p>Pelin pelaamiseen tarvitset \u00e4lypuhelimen tai k\u00e4nnyk\u00e4n, johon ladataan \u00e5ppi-sovellus. \u00c5ppi-sovelluksen tunnistat sovelluskaupassa \u00e5-symbolista. P\u00e4\u00e4set pelaamaan Tulevaisuuden Turku -peli\u00e4 antamalla \u00e5pissa salasanan <em>kestu<\/em>.<\/p>\n<p>&nbsp;<\/p>\n<blockquote><p>Katso pelin <a href=\"https:\/\/www.youtube.com\/shorts\/IwVKjzQfNOU\" target=\"_blank\" rel=\"noopener\">mainosvideo<\/a> (siirryt YouTubeen)<\/p><\/blockquote>\n<h2>Tutustu ohjeisiin ennen\u00a0pelaamista<a href=\"https:\/\/blog.edu.turku.fi\/kestavan-tulevaisuuden-ammattilaiset\/files\/2023\/11\/kasi-2.png\"><img loading=\"lazy\" decoding=\"async\" class=\"alignleft size-thumbnail wp-image-776\" src=\"https:\/\/blog.edu.turku.fi\/kestavan-tulevaisuuden-ammattilaiset\/files\/2023\/11\/kasi-2-150x150.png\" alt=\"\" width=\"150\" height=\"150\" srcset=\"https:\/\/blog.edu.turku.fi\/kestavan-tulevaisuuden-ammattilaiset\/files\/2023\/11\/kasi-2-150x150.png 150w, https:\/\/blog.edu.turku.fi\/kestavan-tulevaisuuden-ammattilaiset\/files\/2023\/11\/kasi-2-300x300.png 300w, https:\/\/blog.edu.turku.fi\/kestavan-tulevaisuuden-ammattilaiset\/files\/2023\/11\/kasi-2.png 1024w\" sizes=\"auto, (max-width: 150px) 85vw, 150px\" \/><\/a><\/h2>\n<ol>\n<li>Katsokaa ryhm\u00e4n kanssa pelin<a href=\"https:\/\/turku-my.sharepoint.com\/:v:\/g\/personal\/sanna_paloposki_turku_fi\/EZfiV3HTd-ZBjrfCNzNBYRABfvV9RCUqEMr6y-fqDfn7sA?e=2RU98N\" target=\"_blank\" rel=\"noopener\">\u00a0<\/a><a href=\"https:\/\/youtu.be\/bS7gDckXis0?si=-orWJbdD5GdroZfC\">ohjevideo<\/a><\/li>\n<li>Voit my\u00f6s selata videossa n\u00e4yttyj\u00e4 <a href=\"https:\/\/blog.edu.turku.fi\/kestavan-tulevaisuuden-ammattilaiset\/files\/2023\/11\/Tulevaisuuden-Turku-pelin-ohjeet-opiskelijoille.pdf\">Tulevaisuuden Turku pelin dioja<\/a><\/li>\n<li>Tutustu my\u00f6s <a href=\"https:\/\/blog.edu.turku.fi\/kestavan-tulevaisuuden-ammattilaiset\/files\/2023\/11\/Seikkailupelin-ohjeet-opettajalle-.pdf\">pelin pikaohjeisiin opettajalle<\/a><\/li>\n<li>Kehota opiskelijoita tutustumaan <a href=\"https:\/\/blog.edu.turku.fi\/kestavan-tulevaisuuden-ammattilaiset\/files\/2023\/11\/Seikkailupelin-ohjeet-opiskelijalle-.pdf\">pelin pikaohjeisiin opiskelijalle<\/a><\/li>\n<\/ol>\n<h2><\/h2>\n","protected":false},"excerpt":{"rendered":"<p>Tulevaisuuden Turku -peli on AR-ymp\u00e4rist\u00f6\u00f6n sijoittuva kest\u00e4v\u00e4n kehityksen peli, jota pelataan Turun jokirannassa S\/S Boren ymp\u00e4rist\u00f6ss\u00e4 \u00e4lypuhelimella tai tabletilla. Peli on kehitetty osana Opetushallituksen rahoittamaa Kest\u00e4v\u00e4n tulevaisuuden ammattilaiset -hanketta vuonna 2023. Peli on suunniteltu ennen kaikkea Turun ammatti-instituutin opiskelijoille, mutta sit\u00e4 saa pelata kuka tahansa. Pelin pelaamiseen tarvitset \u00e4lypuhelimen tai k\u00e4nnyk\u00e4n, johon ladataan \u00e5ppi-sovellus. \u00c5ppi-sovelluksen &hellip; <a href=\"https:\/\/blog.edu.turku.fi\/kestavan-tulevaisuuden-ammattilaiset\/tai\/tulevaisuuden-turku\/\" class=\"more-link\">Jatka lukemista<span class=\"screen-reader-text\"> &#8221;Tulevaisuuden Turku -peli&#8221;<\/span><\/a><\/p>\n","protected":false},"author":3252,"featured_media":0,"parent":679,"menu_order":0,"comment_status":"closed","ping_status":"closed","template":"","meta":{"footnotes":""},"class_list":["post-684","page","type-page","status-publish","hentry"],"_links":{"self":[{"href":"https:\/\/blog.edu.turku.fi\/kestavan-tulevaisuuden-ammattilaiset\/wp-json\/wp\/v2\/pages\/684","targetHints":{"allow":["GET"]}}],"collection":[{"href":"https:\/\/blog.edu.turku.fi\/kestavan-tulevaisuuden-ammattilaiset\/wp-json\/wp\/v2\/pages"}],"about":[{"href":"https:\/\/blog.edu.turku.fi\/kestavan-tulevaisuuden-ammattilaiset\/wp-json\/wp\/v2\/types\/page"}],"author":[{"embeddable":true,"href":"https:\/\/blog.edu.turku.fi\/kestavan-tulevaisuuden-ammattilaiset\/wp-json\/wp\/v2\/users\/3252"}],"replies":[{"embeddable":true,"href":"https:\/\/blog.edu.turku.fi\/kestavan-tulevaisuuden-ammattilaiset\/wp-json\/wp\/v2\/comments?post=684"}],"version-history":[{"count":18,"href":"https:\/\/blog.edu.turku.fi\/kestavan-tulevaisuuden-ammattilaiset\/wp-json\/wp\/v2\/pages\/684\/revisions"}],"predecessor-version":[{"id":829,"href":"https:\/\/blog.edu.turku.fi\/kestavan-tulevaisuuden-ammattilaiset\/wp-json\/wp\/v2\/pages\/684\/revisions\/829"}],"up":[{"embeddable":true,"href":"https:\/\/blog.edu.turku.fi\/kestavan-tulevaisuuden-ammattilaiset\/wp-json\/wp\/v2\/pages\/679"}],"wp:attachment":[{"href":"https:\/\/blog.edu.turku.fi\/kestavan-tulevaisuuden-ammattilaiset\/wp-json\/wp\/v2\/media?parent=684"}],"curies":[{"name":"wp","href":"https:\/\/api.w.org\/{rel}","templated":true}]}}