{"id":5,"date":"2022-03-17T08:45:51","date_gmt":"2022-03-17T06:45:51","guid":{"rendered":"https:\/\/blog.edu.turku.fi\/kestavan-tulevaisuuden-ammattilaiset\/?page_id=5"},"modified":"2024-01-03T09:12:36","modified_gmt":"2024-01-03T07:12:36","slug":"etusivu","status":"publish","type":"page","link":"https:\/\/blog.edu.turku.fi\/kestavan-tulevaisuuden-ammattilaiset\/","title":{"rendered":"Etusivu"},"content":{"rendered":"<p><strong>Kest\u00e4v\u00e4n tulevaisuuden ammattilaiset -hanke kehitti ammatillisten oppilaitosten toimintakulttuuria huomioimaan kest\u00e4vyysn\u00e4k\u00f6kulmat entist\u00e4 paremmin. Tavoitteena oli pienent\u00e4\u00e4 oppilaitoksen ymp\u00e4rist\u00f6vaikutuksia sek\u00e4 kouluttaa ammattilaisia, jotka osaavat huomioida kest\u00e4vyysasiat omassa ty\u00f6ss\u00e4\u00e4n ja toiminnassaan.<\/strong><\/p>\n<p>Hankkeessa varmistettiin, ett\u00e4 sek\u00e4 oppilaitosten johto ett\u00e4 muu henkil\u00f6st\u00f6 ymm\u00e4rt\u00e4\u00e4 kest\u00e4v\u00e4n tulevaisuuden merkityksen ammatillisessa koulutuksessa ja toimii sen tavoitteiden mukaisesti. Suunnitelmissa huomioitiin alakohtaiset erityistarpeet.<\/p>\n<p>Opiskelijat ja oppilaitoksen henkil\u00f6st\u00f6 osallistuivat ilmastotoimenpiteiden suunnitteluun ja toteuttamiseen ja ilmasto- ja kest\u00e4vyysosaaminen sis\u00e4llytettiin opetukseen ja tutkintoihin. Lis\u00e4ksi hankkeen aikana oppilaitokset mittasivat oman toimintansa hiilijalanj\u00e4lke\u00e4.<\/p>\n<p>Hanke toimi tiiviiss\u00e4 yhteisty\u00f6ss\u00e4 Sataedun koordinoiman <a href=\"http:\/\/vaski.info\">Vastuullinen ja kest\u00e4v\u00e4 ammatillinen koulutus (VASKI) -hankkeen kanssa<\/a>, joka laati kansallista ammatillisen koulutuksen kest\u00e4v\u00e4n kehityksen tiekarttaa.<\/p>\n<p>Kaksivuotinen hanke k\u00e4ynnistyi 16.12.2021 ja p\u00e4\u00e4ttyi 31.12.2023. Opetushallitus rahoitti hanketta.<\/p>\n","protected":false},"excerpt":{"rendered":"<p>Kest\u00e4v\u00e4n tulevaisuuden ammattilaiset -hanke kehitti ammatillisten oppilaitosten toimintakulttuuria huomioimaan kest\u00e4vyysn\u00e4k\u00f6kulmat entist\u00e4 paremmin. Tavoitteena oli pienent\u00e4\u00e4 oppilaitoksen ymp\u00e4rist\u00f6vaikutuksia sek\u00e4 kouluttaa ammattilaisia, jotka osaavat huomioida kest\u00e4vyysasiat omassa ty\u00f6ss\u00e4\u00e4n ja toiminnassaan. Hankkeessa varmistettiin, ett\u00e4 sek\u00e4 oppilaitosten johto ett\u00e4 muu henkil\u00f6st\u00f6 ymm\u00e4rt\u00e4\u00e4 kest\u00e4v\u00e4n tulevaisuuden merkityksen ammatillisessa koulutuksessa ja toimii sen tavoitteiden mukaisesti. Suunnitelmissa huomioitiin alakohtaiset erityistarpeet. Opiskelijat ja oppilaitoksen &hellip; <a href=\"https:\/\/blog.edu.turku.fi\/kestavan-tulevaisuuden-ammattilaiset\/\" class=\"more-link\">Jatka lukemista<span class=\"screen-reader-text\"> &#8221;Etusivu&#8221;<\/span><\/a><\/p>\n","protected":false},"author":56,"featured_media":0,"parent":0,"menu_order":0,"comment_status":"closed","ping_status":"closed","template":"","meta":{"footnotes":""},"class_list":["post-5","page","type-page","status-publish","hentry"],"_links":{"self":[{"href":"https:\/\/blog.edu.turku.fi\/kestavan-tulevaisuuden-ammattilaiset\/wp-json\/wp\/v2\/pages\/5","targetHints":{"allow":["GET"]}}],"collection":[{"href":"https:\/\/blog.edu.turku.fi\/kestavan-tulevaisuuden-ammattilaiset\/wp-json\/wp\/v2\/pages"}],"about":[{"href":"https:\/\/blog.edu.turku.fi\/kestavan-tulevaisuuden-ammattilaiset\/wp-json\/wp\/v2\/types\/page"}],"author":[{"embeddable":true,"href":"https:\/\/blog.edu.turku.fi\/kestavan-tulevaisuuden-ammattilaiset\/wp-json\/wp\/v2\/users\/56"}],"replies":[{"embeddable":true,"href":"https:\/\/blog.edu.turku.fi\/kestavan-tulevaisuuden-ammattilaiset\/wp-json\/wp\/v2\/comments?post=5"}],"version-history":[{"count":11,"href":"https:\/\/blog.edu.turku.fi\/kestavan-tulevaisuuden-ammattilaiset\/wp-json\/wp\/v2\/pages\/5\/revisions"}],"predecessor-version":[{"id":1105,"href":"https:\/\/blog.edu.turku.fi\/kestavan-tulevaisuuden-ammattilaiset\/wp-json\/wp\/v2\/pages\/5\/revisions\/1105"}],"wp:attachment":[{"href":"https:\/\/blog.edu.turku.fi\/kestavan-tulevaisuuden-ammattilaiset\/wp-json\/wp\/v2\/media?parent=5"}],"curies":[{"name":"wp","href":"https:\/\/api.w.org\/{rel}","templated":true}]}}