{"id":315,"date":"2022-09-05T10:09:02","date_gmt":"2022-09-05T07:09:02","guid":{"rendered":"https:\/\/blog.edu.turku.fi\/kestavan-tulevaisuuden-ammattilaiset\/?page_id=315"},"modified":"2023-12-13T09:37:39","modified_gmt":"2023-12-13T07:37:39","slug":"maaliskuu-ilmastovastuu","status":"publish","type":"page","link":"https:\/\/blog.edu.turku.fi\/kestavan-tulevaisuuden-ammattilaiset\/tai\/kestavan-kehityksen-teemakuukaudet\/maaliskuu-ilmastovastuu\/","title":{"rendered":"Maaliskuu: ilmastovastuu"},"content":{"rendered":"<h4>Opettaja, osallistu teemakuukauden toteutukseen esimerkiksi n\u00e4in:<\/h4>\n<ul>\n<li style=\"list-style-type: none\">\n<ul>\n<li style=\"list-style-type: none\">\n<ul>\n<li>Keskustele opiskelijoiden kanssa ilmastonmuutoksesta. Huomioi erilaiset suhtautumiset ilmastokysymyksiin: joku voi olla hyvinkin v\u00e4linpit\u00e4m\u00e4t\u00f6n, toinen taas kokea ankaraakin ilmastoahdistusta.<\/li>\n<li>Katsokaa Toivoa ja toimintaa -sivuston <a href=\"https:\/\/www.youtube.com\/watch?v=62UouoESYXw\">tietoisku<\/a>\u00a0ilmastonmuutoksesta<\/li>\n<\/ul>\n<\/li>\n<\/ul>\n<\/li>\n<\/ul>\n<hr \/>\n<h4>LINKKEJ\u00c4<\/h4>\n<p>Linkkien takaa l\u00f6yd\u00e4n ideoita ja lis\u00e4tietoa opetuksessa hy\u00f6dynnett\u00e4v\u00e4ksi.<\/p>\n<p>Nuorille suunnattu ilmastonmuutosta k\u00e4sittelev\u00e4 teht\u00e4v\u00e4paketti <a href=\"https:\/\/toivoajatoimintaa.fi\/ilmastonmuutos\/\">Toivoa ja toimintaa<\/a>. Sivustolla on tarjolla paljon my\u00f6s muuta globaalikasvatuksen materiaalia ja tietoa.<\/p>\n<p>Valonian tuottama <a href=\"https:\/\/valonia.fi\/materiaali\/ilmastokirittajat\/\">Ilmastokiritt\u00e4j\u00e4t<\/a> -toimintamalli ilmasto- ja kest\u00e4v\u00e4n kehityksen opetukseen.<\/p>\n<p>Lis\u00e4\u00e4 tietoa ilmastonmuutoksesta l\u00f6yd\u00e4t esimerkiksi <a href=\"https:\/\/www.ilmasto-opas.fi\/etusivu\">Ilmasto-oppaasta<\/a><\/p>\n","protected":false},"excerpt":{"rendered":"<p>Opettaja, osallistu teemakuukauden toteutukseen esimerkiksi n\u00e4in: Keskustele opiskelijoiden kanssa ilmastonmuutoksesta. Huomioi erilaiset suhtautumiset ilmastokysymyksiin: joku voi olla hyvinkin v\u00e4linpit\u00e4m\u00e4t\u00f6n, toinen taas kokea ankaraakin ilmastoahdistusta. Katsokaa Toivoa ja toimintaa -sivuston tietoisku\u00a0ilmastonmuutoksesta LINKKEJ\u00c4 Linkkien takaa l\u00f6yd\u00e4n ideoita ja lis\u00e4tietoa opetuksessa hy\u00f6dynnett\u00e4v\u00e4ksi. Nuorille suunnattu ilmastonmuutosta k\u00e4sittelev\u00e4 teht\u00e4v\u00e4paketti Toivoa ja toimintaa. Sivustolla on tarjolla paljon my\u00f6s muuta globaalikasvatuksen materiaalia &hellip; <a href=\"https:\/\/blog.edu.turku.fi\/kestavan-tulevaisuuden-ammattilaiset\/tai\/kestavan-kehityksen-teemakuukaudet\/maaliskuu-ilmastovastuu\/\" class=\"more-link\">Jatka lukemista<span class=\"screen-reader-text\"> &#8221;Maaliskuu: ilmastovastuu&#8221;<\/span><\/a><\/p>\n","protected":false},"author":3252,"featured_media":0,"parent":271,"menu_order":6,"comment_status":"closed","ping_status":"closed","template":"","meta":{"footnotes":""},"class_list":["post-315","page","type-page","status-publish","hentry"],"_links":{"self":[{"href":"https:\/\/blog.edu.turku.fi\/kestavan-tulevaisuuden-ammattilaiset\/wp-json\/wp\/v2\/pages\/315","targetHints":{"allow":["GET"]}}],"collection":[{"href":"https:\/\/blog.edu.turku.fi\/kestavan-tulevaisuuden-ammattilaiset\/wp-json\/wp\/v2\/pages"}],"about":[{"href":"https:\/\/blog.edu.turku.fi\/kestavan-tulevaisuuden-ammattilaiset\/wp-json\/wp\/v2\/types\/page"}],"author":[{"embeddable":true,"href":"https:\/\/blog.edu.turku.fi\/kestavan-tulevaisuuden-ammattilaiset\/wp-json\/wp\/v2\/users\/3252"}],"replies":[{"embeddable":true,"href":"https:\/\/blog.edu.turku.fi\/kestavan-tulevaisuuden-ammattilaiset\/wp-json\/wp\/v2\/comments?post=315"}],"version-history":[{"count":5,"href":"https:\/\/blog.edu.turku.fi\/kestavan-tulevaisuuden-ammattilaiset\/wp-json\/wp\/v2\/pages\/315\/revisions"}],"predecessor-version":[{"id":913,"href":"https:\/\/blog.edu.turku.fi\/kestavan-tulevaisuuden-ammattilaiset\/wp-json\/wp\/v2\/pages\/315\/revisions\/913"}],"up":[{"embeddable":true,"href":"https:\/\/blog.edu.turku.fi\/kestavan-tulevaisuuden-ammattilaiset\/wp-json\/wp\/v2\/pages\/271"}],"wp:attachment":[{"href":"https:\/\/blog.edu.turku.fi\/kestavan-tulevaisuuden-ammattilaiset\/wp-json\/wp\/v2\/media?parent=315"}],"curies":[{"name":"wp","href":"https:\/\/api.w.org\/{rel}","templated":true}]}}