{"id":313,"date":"2022-09-05T10:08:19","date_gmt":"2022-09-05T07:08:19","guid":{"rendered":"https:\/\/blog.edu.turku.fi\/kestavan-tulevaisuuden-ammattilaiset\/?page_id=313"},"modified":"2023-12-13T09:31:25","modified_gmt":"2023-12-13T07:31:25","slug":"helmikuu-jatteet-ja-kierratys","status":"publish","type":"page","link":"https:\/\/blog.edu.turku.fi\/kestavan-tulevaisuuden-ammattilaiset\/tai\/kestavan-kehityksen-teemakuukaudet\/helmikuu-jatteet-ja-kierratys\/","title":{"rendered":"Helmikuu: j\u00e4tteet ja kierr\u00e4tys"},"content":{"rendered":"<h4>Opettaja, osallistu teemakuukauden toteutukseen esimerkiksi n\u00e4in:<\/h4>\n<ul>\n<li style=\"list-style-type: none\">\n<ul>\n<li style=\"list-style-type: none\">\n<ul>\n<li>pohdi ja selvit\u00e4 opiskelijoiden kanssa, millaisia kulutusvalintoja jokainen tekee arjessa<\/li>\n<li>keskustele opiskelijoiden kanssa kulutustottumusten ymp\u00e4rist\u00f6vaikutuksista<\/li>\n<li>kannusta opiskelijoita s\u00e4\u00e4st\u00e4m\u00e4\u00e4n hankkimaan tavaroita ja vaatteita k\u00e4ytettyn\u00e4 sek\u00e4 myym\u00e4\u00e4n omat turhat tavarat eteenp\u00e4in<\/li>\n<li>j\u00e4rjest\u00e4k\u00e4\u00e4 vaikka ryhm\u00e4n oma <a href=\"https:\/\/blog.edu.turku.fi\/kestavan-tulevaisuuden-ammattilaiset\/kestavan-kehityksen-teemakuukaudet\/joulukuu-kuluttaminen\/tavaranvaihtotori\/\" target=\"_blank\" rel=\"noopener\">tavaranvaihtotori<\/a><\/li>\n<\/ul>\n<\/li>\n<\/ul>\n<\/li>\n<\/ul>\n<hr \/>\n<p>&nbsp;<\/p>\n<h4>TEHT\u00c4V\u00c4IDEOITA OPETUKSEEN<\/h4>\n<h5>Idea 1: J\u00e4te-Kahoot<\/h5>\n<p><strong>Mist\u00e4 on kyse:<br \/>\n<\/strong><\/p>\n<p>Katsokaa ensin aiheeseen viritt\u00e4v\u00e4 video ja keskustelkaa j\u00e4teaiheesta. Sen j\u00e4lkeen opiskelijoiden tietoja voi testata Kahootilla.<\/p>\n<p><strong>Toteutus:<br \/>\n<\/strong><\/p>\n<p>Katsokaa ensin Pirjo-televisiosarjan <a href=\"https:\/\/areena.yle.fi\/1-50393312\">Koirankakkapussi<\/a>-jakso.<\/p>\n<p>Video varmasti her\u00e4tt\u00e4\u00e4 ajatuksia ja sen pohjalta on helppo aloittaa keskustelu j\u00e4tteist\u00e4 ja niiden lajittelusta.<\/p>\n<p>Keskustelun j\u00e4lkeen voitte kilpailla J\u00e4te-Kahootissa.<br \/>\n<a href=\"https:\/\/create.kahoot.it\/share\/jatteiden-lajittelu\/f3ef549e-34e9-4fab-98a2-767868455d55\">Kahoot suomeksi<\/a><br \/>\n<a href=\"https:\/\/create.kahoot.it\/share\/sortering\/1fbbe876-5532-45ba-b195-a56c3ca9708e\">Kahoot ruotsiksi<\/a><\/p>\n<hr \/>\n<h5>Idea 2: Roskak\u00e4vely<\/h5>\n<p><strong>Mist\u00e4 on kyse:<br \/>\n<\/strong><\/p>\n<p>Ker\u00e4tk\u00e4\u00e4 yhden oppitunnin ajan roskia koulun ymp\u00e4rist\u00f6st\u00e4.<\/p>\n<p><strong>Toteutus:<br \/>\n<\/strong><\/p>\n<p>Ottakaa mukaan suojak\u00e4sineet, roskapussit ja mahdollisesti pihdit roskien ker\u00e4\u00e4miseen. Liikkukaa esim. pareittain koulun ymp\u00e4rist\u00f6ss\u00e4 ja ker\u00e4tk\u00e4\u00e4 pussiin kaikki l\u00f6yt\u00e4m\u00e4nne roskat.<\/p>\n<p>Samalla saatte my\u00f6s liikuntaa ja raitista ilmaa!<\/p>\n<hr \/>\n<h5>Idea 3: Kierr\u00e4tysteht\u00e4v\u00e4<\/h5>\n<p><strong>Mist\u00e4 on kyse:<br \/>\n<\/strong><\/p>\n<p>Luodaan roskasta jotain uutta.<\/p>\n<p><strong>Toteutus:<br \/>\n<\/strong><\/p>\n<ul>\n<li>Teht\u00e4v\u00e4n voi suorittaa joko pari- tai yksil\u00f6ty\u00f6n\u00e4<\/li>\n<li>Hanki \/ hankkikaa mielek\u00e4s aihe \/ materiaali, josta l\u00e4hdette kehitt\u00e4m\u00e4\u00e4n jotain \u201duutta\u201d<\/li>\n<li>K\u00e4yt\u00e4 \/ k\u00e4ytt\u00e4k\u00e4\u00e4 mielikuvitusta<\/li>\n<li>Kuvaa \/ kuvatkaa tai videoikaa ty\u00f6 vaiheittain, esityksen pituus max 10 \u2013 15 min<\/li>\n<li>Tuotos ja tallenne esitet\u00e4\u00e4n muulle ryhm\u00e4lle<\/li>\n<li><img loading=\"lazy\" decoding=\"async\" class=\"alignleft wp-image-517\" src=\"https:\/\/blog.edu.turku.fi\/kestavan-tulevaisuuden-ammattilaiset\/files\/2023\/02\/Nayttokuva-2023-02-07-143005-556x751.png\" alt=\"\" width=\"443\" height=\"598\" srcset=\"https:\/\/blog.edu.turku.fi\/kestavan-tulevaisuuden-ammattilaiset\/files\/2023\/02\/Nayttokuva-2023-02-07-143005.png 556w, https:\/\/blog.edu.turku.fi\/kestavan-tulevaisuuden-ammattilaiset\/files\/2023\/02\/Nayttokuva-2023-02-07-143005-222x300.png 222w\" sizes=\"auto, (max-width: 443px) 85vw, 443px\" \/><\/li>\n<\/ul>\n<p>&nbsp;<\/p>\n<p>&nbsp;<\/p>\n<p>&nbsp;<\/p>\n<p>&nbsp;<\/p>\n<p>&nbsp;<\/p>\n<p>&nbsp;<\/p>\n<p>&nbsp;<\/p>\n<p>&nbsp;<\/p>\n<p>&nbsp;<\/p>\n<p>&nbsp;<\/p>\n<p>&nbsp;<\/p>\n<hr \/>\n<h5>Idea 3: Vierailu Ekotorille<\/h5>\n<p><strong>Mist\u00e4 on kyse:<br \/>\n<\/strong><\/p>\n<p>Sovitaan vierailu Ekotorille tai johonkin muuhun vastaavaan paikkaan. Tehd\u00e4\u00e4n valmiita teht\u00e4vi\u00e4 vierailuun liittyen.<\/p>\n<p><strong>Toteutus:<\/strong><\/p>\n<p>Sovi ryhm\u00e4lle vierailu esimerkiksi Ekotorille. Teet\u00e4 opiskelijoilla alla olevat teht\u00e4v\u00e4t vierailun yhteydess\u00e4:<\/p>\n<ol>\n<li>Valitse yhden huoneen sisustus Ekotorilla myyt\u00e4v\u00e4n\u00e4 olevista tuotteista. Luettele tuotteet ja laske niiden yhteishinta.<\/li>\n<li>Kerro keskihinnat seuraavista tuotteista:<\/li>\n<\/ol>\n<ul>\n<li>kahvinkeitin<\/li>\n<li>runkopatja<\/li>\n<li>ruokaryhm\u00e4<\/li>\n<li>polkupy\u00f6r\u00e4<\/li>\n<li>joku omavalintainen tuote (mik\u00e4)<\/li>\n<\/ul>\n<p>3. Mit\u00e4 etua ymp\u00e4rist\u00f6lle voisi olla siit\u00e4, ett\u00e4 hankimme tuotteita kierr\u00e4tettyn\u00e4? Perustele asiaa etenkin l\u00e4nsimaisen kulutustavan n\u00e4k\u00f6kulmasta.<\/p>\n<p>4. Mit\u00e4 itse voisit ajatella hankkivasi k\u00e4ytettyn\u00e4 (Ekotorilta tai muualta)? Onko jotain, jota haluat vain uutena? Perustele lyhyesti.<\/p>\n<hr \/>\n<hr \/>\n<h4>Linkkej\u00e4<\/h4>\n<p><a href=\"https:\/\/www.lsjh.fi\/fi\/neuvonta\/biojatteen-lajittelu-on-helppoa\/tietovisa\/\">Bioj\u00e4tevisa<\/a> Lounasi-Suomen J\u00e4tehuollon sivuilla<\/p>\n<p>Lounais-Suomen J\u00e4tehuollon <a href=\"https:\/\/www.lsjh.fi\/fi\/neuvonta\/lainaa-neuvontamateriaaleja\/ymparistoneuvontamateriaalit-8-luokkalaisille\/\">ymp\u00e4rist\u00f6neuvontamateriaalit<\/a>. Materiaali on suunnattu 8.-luokkalaisille, mutta se on hyvin sovellettavissa 2. asteen opiskelijoille.<\/p>\n<p><a href=\"https:\/\/www.lsjh.fi\/fi\/neuvonta\/lainaa-neuvontamateriaaleja\/\">Lounais-Suomen J\u00e4tehuollolta<\/a> voi lainata erilaisia opetusmateriaaleja.<\/p>\n<p>Lounais-Suomen J\u00e4tehuollon <a href=\"https:\/\/www.lsjh.fi\/fi\/neuvonta\/abc\/\">J\u00e4tteiden ABC-sivulta<\/a> voi tarkistaa erilaisten j\u00e4tteiden lajitteluohjeet.<\/p>\n<p>&nbsp;<\/p>\n","protected":false},"excerpt":{"rendered":"<p>Opettaja, osallistu teemakuukauden toteutukseen esimerkiksi n\u00e4in: pohdi ja selvit\u00e4 opiskelijoiden kanssa, millaisia kulutusvalintoja jokainen tekee arjessa keskustele opiskelijoiden kanssa kulutustottumusten ymp\u00e4rist\u00f6vaikutuksista kannusta opiskelijoita s\u00e4\u00e4st\u00e4m\u00e4\u00e4n hankkimaan tavaroita ja vaatteita k\u00e4ytettyn\u00e4 sek\u00e4 myym\u00e4\u00e4n omat turhat tavarat eteenp\u00e4in j\u00e4rjest\u00e4k\u00e4\u00e4 vaikka ryhm\u00e4n oma tavaranvaihtotori &nbsp; TEHT\u00c4V\u00c4IDEOITA OPETUKSEEN Idea 1: J\u00e4te-Kahoot Mist\u00e4 on kyse: Katsokaa ensin aiheeseen viritt\u00e4v\u00e4 video ja &hellip; <a href=\"https:\/\/blog.edu.turku.fi\/kestavan-tulevaisuuden-ammattilaiset\/tai\/kestavan-kehityksen-teemakuukaudet\/helmikuu-jatteet-ja-kierratys\/\" class=\"more-link\">Jatka lukemista<span class=\"screen-reader-text\"> &#8221;Helmikuu: j\u00e4tteet ja kierr\u00e4tys&#8221;<\/span><\/a><\/p>\n","protected":false},"author":3252,"featured_media":0,"parent":271,"menu_order":5,"comment_status":"closed","ping_status":"closed","template":"","meta":{"footnotes":""},"class_list":["post-313","page","type-page","status-publish","hentry"],"_links":{"self":[{"href":"https:\/\/blog.edu.turku.fi\/kestavan-tulevaisuuden-ammattilaiset\/wp-json\/wp\/v2\/pages\/313","targetHints":{"allow":["GET"]}}],"collection":[{"href":"https:\/\/blog.edu.turku.fi\/kestavan-tulevaisuuden-ammattilaiset\/wp-json\/wp\/v2\/pages"}],"about":[{"href":"https:\/\/blog.edu.turku.fi\/kestavan-tulevaisuuden-ammattilaiset\/wp-json\/wp\/v2\/types\/page"}],"author":[{"embeddable":true,"href":"https:\/\/blog.edu.turku.fi\/kestavan-tulevaisuuden-ammattilaiset\/wp-json\/wp\/v2\/users\/3252"}],"replies":[{"embeddable":true,"href":"https:\/\/blog.edu.turku.fi\/kestavan-tulevaisuuden-ammattilaiset\/wp-json\/wp\/v2\/comments?post=313"}],"version-history":[{"count":6,"href":"https:\/\/blog.edu.turku.fi\/kestavan-tulevaisuuden-ammattilaiset\/wp-json\/wp\/v2\/pages\/313\/revisions"}],"predecessor-version":[{"id":912,"href":"https:\/\/blog.edu.turku.fi\/kestavan-tulevaisuuden-ammattilaiset\/wp-json\/wp\/v2\/pages\/313\/revisions\/912"}],"up":[{"embeddable":true,"href":"https:\/\/blog.edu.turku.fi\/kestavan-tulevaisuuden-ammattilaiset\/wp-json\/wp\/v2\/pages\/271"}],"wp:attachment":[{"href":"https:\/\/blog.edu.turku.fi\/kestavan-tulevaisuuden-ammattilaiset\/wp-json\/wp\/v2\/media?parent=313"}],"curies":[{"name":"wp","href":"https:\/\/api.w.org\/{rel}","templated":true}]}}