{"id":311,"date":"2022-09-05T10:07:19","date_gmt":"2022-09-05T07:07:19","guid":{"rendered":"https:\/\/blog.edu.turku.fi\/kestavan-tulevaisuuden-ammattilaiset\/?page_id=311"},"modified":"2023-12-13T09:30:29","modified_gmt":"2023-12-13T07:30:29","slug":"tammikuu-sosiaalinen-vastuu","status":"publish","type":"page","link":"https:\/\/blog.edu.turku.fi\/kestavan-tulevaisuuden-ammattilaiset\/tai\/kestavan-kehityksen-teemakuukaudet\/tammikuu-sosiaalinen-vastuu\/","title":{"rendered":"Tammikuu: sosiaalinen vastuu"},"content":{"rendered":"<h4>Opettaja, osallistu teemakuukauden toteutukseen esimerkiksi n\u00e4in:<\/h4>\n<ul>\n<li style=\"list-style-type: none\">\n<ul>\n<li style=\"list-style-type: none\">\n<ul>\n<li>Keskustele opiskelijoiden kanssa yst\u00e4vyydest\u00e4, toisten huomioimisesta, tasa-arvosta ja arvostuksesta.<\/li>\n<li>Keskustele opiskelijoiden kanssa syrjinn\u00e4st\u00e4, rasismista ja ep\u00e4tasa-arvosta.<\/li>\n<li>Pohtikaa, mill\u00e4 perusteella ihmisi\u00e4 syrjit\u00e4\u00e4n maailmalla, Suomessa ja omassa oppilaitoksessa ja miten syrjint\u00e4\u00e4 voisi v\u00e4hent\u00e4\u00e4.<\/li>\n<\/ul>\n<\/li>\n<\/ul>\n<\/li>\n<\/ul>\n<hr \/>\n<h4>MATERIAALIT<\/h4>\n<ul>\n<li style=\"list-style-type: none\">\n<ul>\n<li style=\"list-style-type: none\">\n<ul>\n<li><a href=\"https:\/\/www.youtube.com\/watch?v=dqsT2oBlGIg&amp;list=PLkkiq22OHQvhWBnqLW2u2KfYbbEMWEZ0s&amp;index=13\">Mit\u00e4 on sosiaalisesti kest\u00e4v\u00e4 kehitys<\/a><\/li>\n<\/ul>\n<\/li>\n<\/ul>\n<\/li>\n<\/ul>\n<hr \/>\n<h4>LINKKEJ\u00c4<\/h4>\n<p>Linkkien takaa l\u00f6yd\u00e4n ideoita ja lis\u00e4tietoa opetuksessa hy\u00f6dynnett\u00e4v\u00e4ksi.<\/p>\n<p>Nuorille suunnattu <a href=\"https:\/\/toivoajatoimintaa.fi\/tasa-arvo\/\">tasa-arvoa k\u00e4sittelev\u00e4 teht\u00e4v\u00e4paketti<\/a> Toivoa ja toimintaa-sivustolla. Sivustolla on tarjolla paljon my\u00f6s muuta globaalikasvatuksen materiaalia ja tietoa mm. <a href=\"https:\/\/toivoajatoimintaa.fi\/yhteiskunnallinen-vaikuttaminen\/\">yhteiskunnallisesta vaikuttamisesta<\/a>.<\/p>\n<p>Fida International on julkaissut <a href=\"https:\/\/www.fida.info\/osallistu\/materiaalia-koulujen-globaalikasvatukseen\/lautapelit\/epareilupeli\/\">Ep\u00e4reilupelin<\/a>, jonka voi tilata omalle ryhm\u00e4lle sek\u00e4 <a href=\"https:\/\/www.fida.info\/osallistu\/materiaalia-koulujen-globaalikasvatukseen\/lautapelit\/ruokaturva-peli\/\">Ruokaturvapelin<\/a>, jonka voi tulostaa pelattavaksi.<\/p>\n<p>Fidan sivuille on ker\u00e4tty my\u00f6s muuta <a href=\"https:\/\/www.fida.info\/osallistu\/materiaalia-koulujen-globaalikasvatukseen\/nettimateriaalit\/\">globaalikasvatuksen materiaalia<\/a>.<\/p>\n<p>Setalta voi tilata <a href=\"https:\/\/seta.fi\/palvelut\/materiaalitilaus\/\">oppaita ja muuta materiaalia<\/a> opetusk\u00e4ytt\u00f6\u00f6n.<\/p>\n<p>Setalta voi my\u00f6s <a href=\"https:\/\/seta.fi\/palvelut\/asiantuntija-ja-koulutuspalvelut\/tietoiskut-nuorille\/\">pyyt\u00e4\u00e4 kouluvierailijaa<\/a> pit\u00e4m\u00e4\u00e4n nuorille suunnattuja tietoiskuja.<\/p>\n<p>Erityisesti sote-alan opiskelijoiden tunneille voi pyyt\u00e4\u00e4 vierailijaksi <a href=\"https:\/\/www.invalidiliitto.fi\/invalidiliitto\/palvelut-yrityksille-ja-yhteisoille\/kokemustoiminta\">Invalidiliiton kokemusasiantuntijaa<\/a>.<\/p>\n","protected":false},"excerpt":{"rendered":"<p>Opettaja, osallistu teemakuukauden toteutukseen esimerkiksi n\u00e4in: Keskustele opiskelijoiden kanssa yst\u00e4vyydest\u00e4, toisten huomioimisesta, tasa-arvosta ja arvostuksesta. Keskustele opiskelijoiden kanssa syrjinn\u00e4st\u00e4, rasismista ja ep\u00e4tasa-arvosta. Pohtikaa, mill\u00e4 perusteella ihmisi\u00e4 syrjit\u00e4\u00e4n maailmalla, Suomessa ja omassa oppilaitoksessa ja miten syrjint\u00e4\u00e4 voisi v\u00e4hent\u00e4\u00e4. MATERIAALIT Mit\u00e4 on sosiaalisesti kest\u00e4v\u00e4 kehitys LINKKEJ\u00c4 Linkkien takaa l\u00f6yd\u00e4n ideoita ja lis\u00e4tietoa opetuksessa hy\u00f6dynnett\u00e4v\u00e4ksi. Nuorille suunnattu tasa-arvoa &hellip; <a href=\"https:\/\/blog.edu.turku.fi\/kestavan-tulevaisuuden-ammattilaiset\/tai\/kestavan-kehityksen-teemakuukaudet\/tammikuu-sosiaalinen-vastuu\/\" class=\"more-link\">Jatka lukemista<span class=\"screen-reader-text\"> &#8221;Tammikuu: sosiaalinen vastuu&#8221;<\/span><\/a><\/p>\n","protected":false},"author":3252,"featured_media":0,"parent":271,"menu_order":4,"comment_status":"closed","ping_status":"closed","template":"","meta":{"footnotes":""},"class_list":["post-311","page","type-page","status-publish","hentry"],"_links":{"self":[{"href":"https:\/\/blog.edu.turku.fi\/kestavan-tulevaisuuden-ammattilaiset\/wp-json\/wp\/v2\/pages\/311","targetHints":{"allow":["GET"]}}],"collection":[{"href":"https:\/\/blog.edu.turku.fi\/kestavan-tulevaisuuden-ammattilaiset\/wp-json\/wp\/v2\/pages"}],"about":[{"href":"https:\/\/blog.edu.turku.fi\/kestavan-tulevaisuuden-ammattilaiset\/wp-json\/wp\/v2\/types\/page"}],"author":[{"embeddable":true,"href":"https:\/\/blog.edu.turku.fi\/kestavan-tulevaisuuden-ammattilaiset\/wp-json\/wp\/v2\/users\/3252"}],"replies":[{"embeddable":true,"href":"https:\/\/blog.edu.turku.fi\/kestavan-tulevaisuuden-ammattilaiset\/wp-json\/wp\/v2\/comments?post=311"}],"version-history":[{"count":7,"href":"https:\/\/blog.edu.turku.fi\/kestavan-tulevaisuuden-ammattilaiset\/wp-json\/wp\/v2\/pages\/311\/revisions"}],"predecessor-version":[{"id":911,"href":"https:\/\/blog.edu.turku.fi\/kestavan-tulevaisuuden-ammattilaiset\/wp-json\/wp\/v2\/pages\/311\/revisions\/911"}],"up":[{"embeddable":true,"href":"https:\/\/blog.edu.turku.fi\/kestavan-tulevaisuuden-ammattilaiset\/wp-json\/wp\/v2\/pages\/271"}],"wp:attachment":[{"href":"https:\/\/blog.edu.turku.fi\/kestavan-tulevaisuuden-ammattilaiset\/wp-json\/wp\/v2\/media?parent=311"}],"curies":[{"name":"wp","href":"https:\/\/api.w.org\/{rel}","templated":true}]}}