{"id":309,"date":"2022-09-05T10:06:31","date_gmt":"2022-09-05T07:06:31","guid":{"rendered":"https:\/\/blog.edu.turku.fi\/kestavan-tulevaisuuden-ammattilaiset\/?page_id=309"},"modified":"2023-12-13T09:29:52","modified_gmt":"2023-12-13T07:29:52","slug":"joulukuu-kuluttaminen","status":"publish","type":"page","link":"https:\/\/blog.edu.turku.fi\/kestavan-tulevaisuuden-ammattilaiset\/tai\/kestavan-kehityksen-teemakuukaudet\/joulukuu-kuluttaminen\/","title":{"rendered":"Joulukuu: kuluttaminen"},"content":{"rendered":"<h4>Opettaja, osallistu teemakuukauden toteutukseen esimerkiksi n\u00e4in:<\/h4>\n<ul>\n<li style=\"list-style-type: none\">\n<ul>\n<li style=\"list-style-type: none\">\n<ul>\n<li>pohdi ja selvit\u00e4 opiskelijoiden kanssa, millaisia kulutusvalintoja jokainen tekee arjessa<\/li>\n<li>keskustele opiskelijoiden kanssa kulutustottumusten ymp\u00e4rist\u00f6vaikutuksista<\/li>\n<li>kannusta opiskelijoita s\u00e4\u00e4st\u00e4m\u00e4\u00e4n hankkimaan tavaroita ja vaatteita k\u00e4ytettyn\u00e4 sek\u00e4 myym\u00e4\u00e4n omat turhat tavarat eteenp\u00e4in<\/li>\n<li>j\u00e4rjest\u00e4k\u00e4\u00e4 vaikka ryhm\u00e4n oma <a href=\"https:\/\/blog.edu.turku.fi\/kestavan-tulevaisuuden-ammattilaiset\/kestavan-kehityksen-teemakuukaudet\/joulukuu-kuluttaminen\/tavaranvaihtotori\/\" target=\"_blank\" rel=\"noopener\">tavaranvaihtotori<\/a><\/li>\n<li>kuuntele aiheeseen liittyv\u00e4t tietoiskut yhdess\u00e4 ryhm\u00e4si kanssa (linkki tietoiskuihin alla)<\/li>\n<\/ul>\n<\/li>\n<\/ul>\n<\/li>\n<\/ul>\n<hr \/>\n<hr \/>\n<h4>TAI:n TIETOISKUT<\/h4>\n<p><a href=\"https:\/\/www.youtube.com\/watch?v=gs0W_Feki2A&amp;list=PLkkiq22OHQvhWBnqLW2u2KfYbbEMWEZ0s&amp;index=10\">Veden ja energian kulutuksen v\u00e4hent\u00e4minen<\/a><\/p>\n<p><a href=\"https:\/\/www.youtube.com\/watch?v=J0Mgf2cOhMU&amp;list=PLkkiq22OHQvhWBnqLW2u2KfYbbEMWEZ0s&amp;index=11\">Ylikulutusp\u00e4iv\u00e4<\/a><\/p>\n<p><a href=\"https:\/\/www.youtube.com\/watch?v=p4EiwFjw--4&amp;list=PLkkiq22OHQvhWBnqLW2u2KfYbbEMWEZ0s&amp;index=12\">Joulukuun kest\u00e4v\u00e4n kehityksen vinkit<\/a><\/p>\n<hr \/>\n<hr \/>\n<h4>TEHT\u00c4V\u00c4IDEOITA OPETUKSEEN<\/h4>\n<h5>Idea 1: Kuluttaminen<\/h5>\n<p><strong>Mist\u00e4 on kyse:<br \/>\n<\/strong><\/p>\n<p>T\u00e4ss\u00e4 kohtaa vuotta on hyv\u00e4 mietti\u00e4 omia el\u00e4m\u00e4ntapoja ja kuluttamista. Miss\u00e4 voisin tehd\u00e4 toisin ja miten omat valintani vaikuttavat hiilijalanj\u00e4lkeeni? Ovatko el\u00e4m\u00e4ntapani ymp\u00e4rist\u00f6n puolella vai sit\u00e4 vastaan?<\/p>\n<p>Sitralta l\u00f6ytyy pikatesti, jonka tuloksena saat sinulle r\u00e4\u00e4t\u00e4l\u00f6ityj\u00e4 vinkkej\u00e4. N\u00e4iden vinkkien avulla s\u00e4\u00e4st\u00e4t rahaa ja parannat el\u00e4m\u00e4nlaatuasi. My\u00f6s luonto kiitt\u00e4\u00e4.<\/p>\n<p><strong>Toteutus:<br \/>\n<\/strong><\/p>\n<p>Tehk\u00e4\u00e4 oppitunnin aikana testi (jokainen opiskelija tekee oman testin).<br \/>\nLinkki testiin: <a href=\"https:\/\/elamantapatesti.sitra.fi\">https:\/\/elamantapatesti.sitra.fi<\/a><\/p>\n<p>T\u00e4m\u00e4n j\u00e4lkeen jokainen voisi mietti\u00e4 omasta n\u00e4k\u00f6kulmasta, miten toimii kest\u00e4v\u00e4n kehityksen kannalta t\u00e4n\u00e4\u00e4n ja tulevaisuudessa esim. kotona ja p\u00e4ivitt\u00e4isess\u00e4 el\u00e4m\u00e4ss\u00e4. Jos opiskelija asuu viel\u00e4 kotona, voisi h\u00e4n mietti\u00e4 perheen n\u00e4k\u00f6kulmasta sek\u00e4 itsen\u00e4isest\u00e4 n\u00e4k\u00f6kulmasta.<\/p>\n<p>Tuotoksesta voisi tehd\u00e4 esim. miellekartan \/ aarrekartan \/ ranskalaiset viivat tms.<\/p>\n<p>S\u00e4\u00e4st\u00e4k\u00e4\u00e4 tuotokset ja palatkaa samaan testiin maaliskuussa, jolloin teemana on <strong>ILMASTOVASTUU<br \/>\n<\/strong>Tehk\u00e4\u00e4 uusi testi ja verratkaa tuloksia joulukuun testiin \/ omaan tuotokseen.<\/p>\n<hr \/>\n<hr \/>\n<h4>Linkkej\u00e4<\/h4>\n<p><a href=\"https:\/\/elamantapatesti.sitra.fi\">Sitran el\u00e4m\u00e4ntapatestill\u00e4<\/a> voi arvioida oman toiminnan ymp\u00e4rist\u00f6vaikutuksia ja saada vinkkej\u00e4 niiden pienent\u00e4miseen.<\/p>\n<p><a href=\"https:\/\/toivoajatoimintaa.fi\/maailmankauppa\/\">Toivoa ja toimintaa -sivuston<\/a> kuluttamista k\u00e4sittelev\u00e4 teht\u00e4v\u00e4paketti on suunniteltu nuorille. Paketti koostuu lyhyest\u00e4 videosta, diaesityksest\u00e4 ja 15 valmiiksi mietityst\u00e4 teht\u00e4v\u00e4st\u00e4.<\/p>\n","protected":false},"excerpt":{"rendered":"<p>Opettaja, osallistu teemakuukauden toteutukseen esimerkiksi n\u00e4in: pohdi ja selvit\u00e4 opiskelijoiden kanssa, millaisia kulutusvalintoja jokainen tekee arjessa keskustele opiskelijoiden kanssa kulutustottumusten ymp\u00e4rist\u00f6vaikutuksista kannusta opiskelijoita s\u00e4\u00e4st\u00e4m\u00e4\u00e4n hankkimaan tavaroita ja vaatteita k\u00e4ytettyn\u00e4 sek\u00e4 myym\u00e4\u00e4n omat turhat tavarat eteenp\u00e4in j\u00e4rjest\u00e4k\u00e4\u00e4 vaikka ryhm\u00e4n oma tavaranvaihtotori kuuntele aiheeseen liittyv\u00e4t tietoiskut yhdess\u00e4 ryhm\u00e4si kanssa (linkki tietoiskuihin alla) TAI:n TIETOISKUT Veden ja energian &hellip; <a href=\"https:\/\/blog.edu.turku.fi\/kestavan-tulevaisuuden-ammattilaiset\/tai\/kestavan-kehityksen-teemakuukaudet\/joulukuu-kuluttaminen\/\" class=\"more-link\">Jatka lukemista<span class=\"screen-reader-text\"> &#8221;Joulukuu: kuluttaminen&#8221;<\/span><\/a><\/p>\n","protected":false},"author":3252,"featured_media":0,"parent":271,"menu_order":3,"comment_status":"closed","ping_status":"closed","template":"","meta":{"footnotes":""},"class_list":["post-309","page","type-page","status-publish","hentry"],"_links":{"self":[{"href":"https:\/\/blog.edu.turku.fi\/kestavan-tulevaisuuden-ammattilaiset\/wp-json\/wp\/v2\/pages\/309","targetHints":{"allow":["GET"]}}],"collection":[{"href":"https:\/\/blog.edu.turku.fi\/kestavan-tulevaisuuden-ammattilaiset\/wp-json\/wp\/v2\/pages"}],"about":[{"href":"https:\/\/blog.edu.turku.fi\/kestavan-tulevaisuuden-ammattilaiset\/wp-json\/wp\/v2\/types\/page"}],"author":[{"embeddable":true,"href":"https:\/\/blog.edu.turku.fi\/kestavan-tulevaisuuden-ammattilaiset\/wp-json\/wp\/v2\/users\/3252"}],"replies":[{"embeddable":true,"href":"https:\/\/blog.edu.turku.fi\/kestavan-tulevaisuuden-ammattilaiset\/wp-json\/wp\/v2\/comments?post=309"}],"version-history":[{"count":5,"href":"https:\/\/blog.edu.turku.fi\/kestavan-tulevaisuuden-ammattilaiset\/wp-json\/wp\/v2\/pages\/309\/revisions"}],"predecessor-version":[{"id":516,"href":"https:\/\/blog.edu.turku.fi\/kestavan-tulevaisuuden-ammattilaiset\/wp-json\/wp\/v2\/pages\/309\/revisions\/516"}],"up":[{"embeddable":true,"href":"https:\/\/blog.edu.turku.fi\/kestavan-tulevaisuuden-ammattilaiset\/wp-json\/wp\/v2\/pages\/271"}],"wp:attachment":[{"href":"https:\/\/blog.edu.turku.fi\/kestavan-tulevaisuuden-ammattilaiset\/wp-json\/wp\/v2\/media?parent=309"}],"curies":[{"name":"wp","href":"https:\/\/api.w.org\/{rel}","templated":true}]}}