{"id":271,"date":"2022-09-01T16:13:57","date_gmt":"2022-09-01T13:13:57","guid":{"rendered":"https:\/\/blog.edu.turku.fi\/kestavan-tulevaisuuden-ammattilaiset\/?page_id=271"},"modified":"2023-12-15T13:14:57","modified_gmt":"2023-12-15T11:14:57","slug":"kestavan-kehityksen-teemakuukaudet","status":"publish","type":"page","link":"https:\/\/blog.edu.turku.fi\/kestavan-tulevaisuuden-ammattilaiset\/tai\/kestavan-kehityksen-teemakuukaudet\/","title":{"rendered":"Kest\u00e4v\u00e4n kehityksen teemakuukaudet"},"content":{"rendered":"<h4>Tervetuloa Toteuttamaan ammatillisen koulutuksen kest\u00e4v\u00e4n kehityksen teemakuukausia!<\/h4>\n<p>T\u00e4lt\u00e4 sivustolta l\u00f6yd\u00e4t tietoa, ideoita ja vinkkej\u00e4 teemakuukausien toteutukseen.<\/p>\n<p>Klikkaa alla haluamasi teemakuukauden kuvaketta niin p\u00e4\u00e4set tutustumaan tarkemmin ko. teemaan liittyviin ideoihin ja toteutuksiin.<\/p>\n<p>Teemakuukausien ideaa levitet\u00e4\u00e4n my\u00f6s valtakunnallisesti yhdess\u00e4 <a href=\"https:\/\/vaski.info\/teemakuukaudet\/\" target=\"_blank\" rel=\"noopener\">VASKI-hankkeen<\/a> kanssa.<\/p>\n<p><a href=\"https:\/\/blog.edu.turku.fi\/kestavan-tulevaisuuden-ammattilaiset\/kestavan-kehityksen-teemakuukaudet\/syyskuu-vastuullinen-ruokaketju\/\"><img loading=\"lazy\" decoding=\"async\" class=\"alignleft wp-image-519 size-medium\" src=\"https:\/\/blog.edu.turku.fi\/kestavan-tulevaisuuden-ammattilaiset\/files\/2023\/02\/1-300x300.png\" alt=\"Reilun ruuan syyskuu\" width=\"300\" height=\"300\" srcset=\"https:\/\/blog.edu.turku.fi\/kestavan-tulevaisuuden-ammattilaiset\/files\/2023\/02\/1-300x300.png 300w, https:\/\/blog.edu.turku.fi\/kestavan-tulevaisuuden-ammattilaiset\/files\/2023\/02\/1-150x150.png 150w, https:\/\/blog.edu.turku.fi\/kestavan-tulevaisuuden-ammattilaiset\/files\/2023\/02\/1-1024x1024.png 1024w, https:\/\/blog.edu.turku.fi\/kestavan-tulevaisuuden-ammattilaiset\/files\/2023\/02\/1.png 1080w\" sizes=\"auto, (max-width: 300px) 85vw, 300px\" \/><\/a><a href=\"https:\/\/blog.edu.turku.fi\/kestavan-tulevaisuuden-ammattilaiset\/kestavan-kehityksen-teemakuukaudet\/lokakuu-2\/\"><img loading=\"lazy\" decoding=\"async\" class=\"alignleft wp-image-526 size-medium\" src=\"https:\/\/blog.edu.turku.fi\/kestavan-tulevaisuuden-ammattilaiset\/files\/2023\/02\/2-300x300.png\" alt=\"Energiapihi lokakuu\" width=\"300\" height=\"300\" srcset=\"https:\/\/blog.edu.turku.fi\/kestavan-tulevaisuuden-ammattilaiset\/files\/2023\/02\/2-300x300.png 300w, https:\/\/blog.edu.turku.fi\/kestavan-tulevaisuuden-ammattilaiset\/files\/2023\/02\/2-150x150.png 150w, https:\/\/blog.edu.turku.fi\/kestavan-tulevaisuuden-ammattilaiset\/files\/2023\/02\/2.png 1024w\" sizes=\"auto, (max-width: 300px) 85vw, 300px\" \/><\/a><\/p>\n<p>&nbsp;<\/p>\n<p>&nbsp;<\/p>\n<p>&nbsp;<\/p>\n<p>&nbsp;<\/p>\n<p>&nbsp;<\/p>\n<p>&nbsp;<\/p>\n<p><a href=\"https:\/\/blog.edu.turku.fi\/kestavan-tulevaisuuden-ammattilaiset\/kestavan-kehityksen-teemakuukaudet\/marraskuu-liikenne\/\"><img loading=\"lazy\" decoding=\"async\" class=\"alignleft wp-image-527 size-medium\" src=\"https:\/\/blog.edu.turku.fi\/kestavan-tulevaisuuden-ammattilaiset\/files\/2023\/02\/3-300x300.png\" alt=\"Fiksun liikkujan marraskuu\" width=\"300\" height=\"300\" srcset=\"https:\/\/blog.edu.turku.fi\/kestavan-tulevaisuuden-ammattilaiset\/files\/2023\/02\/3-300x300.png 300w, https:\/\/blog.edu.turku.fi\/kestavan-tulevaisuuden-ammattilaiset\/files\/2023\/02\/3-150x150.png 150w, https:\/\/blog.edu.turku.fi\/kestavan-tulevaisuuden-ammattilaiset\/files\/2023\/02\/3.png 1024w\" sizes=\"auto, (max-width: 300px) 85vw, 300px\" \/><\/a><\/p>\n<p><a href=\"https:\/\/blog.edu.turku.fi\/kestavan-tulevaisuuden-ammattilaiset\/kestavan-kehityksen-teemakuukaudet\/joulukuu-kuluttaminen\/\"><img loading=\"lazy\" decoding=\"async\" class=\"alignleft wp-image-520 size-medium\" src=\"https:\/\/blog.edu.turku.fi\/kestavan-tulevaisuuden-ammattilaiset\/files\/2023\/02\/4-300x300.png\" alt=\"Kulutuskriittinen joulukuu\" width=\"300\" height=\"300\" srcset=\"https:\/\/blog.edu.turku.fi\/kestavan-tulevaisuuden-ammattilaiset\/files\/2023\/02\/4-300x300.png 300w, https:\/\/blog.edu.turku.fi\/kestavan-tulevaisuuden-ammattilaiset\/files\/2023\/02\/4-150x150.png 150w, https:\/\/blog.edu.turku.fi\/kestavan-tulevaisuuden-ammattilaiset\/files\/2023\/02\/4-1024x1024.png 1024w, https:\/\/blog.edu.turku.fi\/kestavan-tulevaisuuden-ammattilaiset\/files\/2023\/02\/4.png 1080w\" sizes=\"auto, (max-width: 300px) 85vw, 300px\" \/><\/a><\/p>\n<p>&nbsp;<\/p>\n<p>&nbsp;<\/p>\n<p>&nbsp;<\/p>\n<p>&nbsp;<\/p>\n<p>&nbsp;<\/p>\n<p>&nbsp;<\/p>\n<p><a href=\"https:\/\/blog.edu.turku.fi\/kestavan-tulevaisuuden-ammattilaiset\/kestavan-kehityksen-teemakuukaudet\/tammikuu-sosiaalinen-vastuu\/\"><img loading=\"lazy\" decoding=\"async\" class=\"alignleft wp-image-521 size-medium\" src=\"https:\/\/blog.edu.turku.fi\/kestavan-tulevaisuuden-ammattilaiset\/files\/2023\/02\/5-300x300.png\" alt=\"Yhteisen hyv\u00e4n tammikuu\" width=\"300\" height=\"300\" srcset=\"https:\/\/blog.edu.turku.fi\/kestavan-tulevaisuuden-ammattilaiset\/files\/2023\/02\/5-300x300.png 300w, https:\/\/blog.edu.turku.fi\/kestavan-tulevaisuuden-ammattilaiset\/files\/2023\/02\/5-150x150.png 150w, https:\/\/blog.edu.turku.fi\/kestavan-tulevaisuuden-ammattilaiset\/files\/2023\/02\/5.png 1024w\" sizes=\"auto, (max-width: 300px) 85vw, 300px\" \/><\/a><\/p>\n<p><a href=\"https:\/\/blog.edu.turku.fi\/kestavan-tulevaisuuden-ammattilaiset\/kestavan-kehityksen-teemakuukaudet\/helmikuu-jatteet-ja-kierratys\/\"><img loading=\"lazy\" decoding=\"async\" class=\"alignleft wp-image-522 size-medium\" src=\"https:\/\/blog.edu.turku.fi\/kestavan-tulevaisuuden-ammattilaiset\/files\/2023\/02\/6-300x300.png\" alt=\"Roskaton helmikuu\" width=\"300\" height=\"300\" srcset=\"https:\/\/blog.edu.turku.fi\/kestavan-tulevaisuuden-ammattilaiset\/files\/2023\/02\/6-300x300.png 300w, https:\/\/blog.edu.turku.fi\/kestavan-tulevaisuuden-ammattilaiset\/files\/2023\/02\/6-150x150.png 150w, https:\/\/blog.edu.turku.fi\/kestavan-tulevaisuuden-ammattilaiset\/files\/2023\/02\/6.png 1024w\" sizes=\"auto, (max-width: 300px) 85vw, 300px\" \/><\/a><\/p>\n<p>&nbsp;<\/p>\n<p><a href=\"https:\/\/blog.edu.turku.fi\/kestavan-tulevaisuuden-ammattilaiset\/kestavan-kehityksen-teemakuukaudet\/maaliskuu-ilmastovastuu\/\"><img loading=\"lazy\" decoding=\"async\" class=\"alignleft wp-image-523 size-medium\" src=\"https:\/\/blog.edu.turku.fi\/kestavan-tulevaisuuden-ammattilaiset\/files\/2023\/02\/7-300x300.png\" alt=\"Ilmaston yst\u00e4v\u00e4n maaliskuu\" width=\"300\" height=\"300\" srcset=\"https:\/\/blog.edu.turku.fi\/kestavan-tulevaisuuden-ammattilaiset\/files\/2023\/02\/7-300x300.png 300w, https:\/\/blog.edu.turku.fi\/kestavan-tulevaisuuden-ammattilaiset\/files\/2023\/02\/7-150x150.png 150w, https:\/\/blog.edu.turku.fi\/kestavan-tulevaisuuden-ammattilaiset\/files\/2023\/02\/7.png 1024w\" sizes=\"auto, (max-width: 300px) 85vw, 300px\" \/><\/a><\/p>\n<p>&nbsp;<\/p>\n<p>&nbsp;<\/p>\n<p>&nbsp;<\/p>\n<p>&nbsp;<\/p>\n<p>&nbsp;<\/p>\n<p><a href=\"https:\/\/blog.edu.turku.fi\/kestavan-tulevaisuuden-ammattilaiset\/kestavan-kehityksen-teemakuukaudet\/huhtikuu-materiaalit\/\"><img loading=\"lazy\" decoding=\"async\" class=\"alignleft wp-image-524 size-medium\" src=\"https:\/\/blog.edu.turku.fi\/kestavan-tulevaisuuden-ammattilaiset\/files\/2023\/02\/8-300x300.png\" alt=\"Materiaalitehokas huhtikuu\" width=\"300\" height=\"300\" srcset=\"https:\/\/blog.edu.turku.fi\/kestavan-tulevaisuuden-ammattilaiset\/files\/2023\/02\/8-300x300.png 300w, https:\/\/blog.edu.turku.fi\/kestavan-tulevaisuuden-ammattilaiset\/files\/2023\/02\/8-150x150.png 150w, https:\/\/blog.edu.turku.fi\/kestavan-tulevaisuuden-ammattilaiset\/files\/2023\/02\/8.png 1024w\" sizes=\"auto, (max-width: 300px) 85vw, 300px\" \/><\/a><a href=\"https:\/\/blog.edu.turku.fi\/kestavan-tulevaisuuden-ammattilaiset\/kestavan-kehityksen-teemakuukaudet\/toukokuu-vastuullinen-vapaa-aika\/\"><img loading=\"lazy\" decoding=\"async\" class=\"alignleft wp-image-525 size-medium\" src=\"https:\/\/blog.edu.turku.fi\/kestavan-tulevaisuuden-ammattilaiset\/files\/2023\/02\/9-300x300.png\" alt=\"Vastuullisen vapauden toukokuu\" width=\"300\" height=\"300\" srcset=\"https:\/\/blog.edu.turku.fi\/kestavan-tulevaisuuden-ammattilaiset\/files\/2023\/02\/9-300x300.png 300w, https:\/\/blog.edu.turku.fi\/kestavan-tulevaisuuden-ammattilaiset\/files\/2023\/02\/9-150x150.png 150w, https:\/\/blog.edu.turku.fi\/kestavan-tulevaisuuden-ammattilaiset\/files\/2023\/02\/9-1024x1024.png 1024w, https:\/\/blog.edu.turku.fi\/kestavan-tulevaisuuden-ammattilaiset\/files\/2023\/02\/9.png 1080w\" sizes=\"auto, (max-width: 300px) 85vw, 300px\" \/><\/a><\/p>\n","protected":false},"excerpt":{"rendered":"<p>Tervetuloa Toteuttamaan ammatillisen koulutuksen kest\u00e4v\u00e4n kehityksen teemakuukausia! T\u00e4lt\u00e4 sivustolta l\u00f6yd\u00e4t tietoa, ideoita ja vinkkej\u00e4 teemakuukausien toteutukseen. Klikkaa alla haluamasi teemakuukauden kuvaketta niin p\u00e4\u00e4set tutustumaan tarkemmin ko. teemaan liittyviin ideoihin ja toteutuksiin. Teemakuukausien ideaa levitet\u00e4\u00e4n my\u00f6s valtakunnallisesti yhdess\u00e4 VASKI-hankkeen kanssa. &nbsp; &nbsp; &nbsp; &nbsp; &nbsp; &nbsp; &nbsp; &nbsp; &nbsp; &nbsp; &nbsp; &nbsp; &nbsp; &nbsp; &nbsp; &nbsp; &hellip; <a href=\"https:\/\/blog.edu.turku.fi\/kestavan-tulevaisuuden-ammattilaiset\/tai\/kestavan-kehityksen-teemakuukaudet\/\" class=\"more-link\">Jatka lukemista<span class=\"screen-reader-text\"> &#8221;Kest\u00e4v\u00e4n kehityksen teemakuukaudet&#8221;<\/span><\/a><\/p>\n","protected":false},"author":3252,"featured_media":0,"parent":679,"menu_order":3,"comment_status":"closed","ping_status":"closed","template":"","meta":{"footnotes":""},"class_list":["post-271","page","type-page","status-publish","hentry"],"_links":{"self":[{"href":"https:\/\/blog.edu.turku.fi\/kestavan-tulevaisuuden-ammattilaiset\/wp-json\/wp\/v2\/pages\/271","targetHints":{"allow":["GET"]}}],"collection":[{"href":"https:\/\/blog.edu.turku.fi\/kestavan-tulevaisuuden-ammattilaiset\/wp-json\/wp\/v2\/pages"}],"about":[{"href":"https:\/\/blog.edu.turku.fi\/kestavan-tulevaisuuden-ammattilaiset\/wp-json\/wp\/v2\/types\/page"}],"author":[{"embeddable":true,"href":"https:\/\/blog.edu.turku.fi\/kestavan-tulevaisuuden-ammattilaiset\/wp-json\/wp\/v2\/users\/3252"}],"replies":[{"embeddable":true,"href":"https:\/\/blog.edu.turku.fi\/kestavan-tulevaisuuden-ammattilaiset\/wp-json\/wp\/v2\/comments?post=271"}],"version-history":[{"count":18,"href":"https:\/\/blog.edu.turku.fi\/kestavan-tulevaisuuden-ammattilaiset\/wp-json\/wp\/v2\/pages\/271\/revisions"}],"predecessor-version":[{"id":908,"href":"https:\/\/blog.edu.turku.fi\/kestavan-tulevaisuuden-ammattilaiset\/wp-json\/wp\/v2\/pages\/271\/revisions\/908"}],"up":[{"embeddable":true,"href":"https:\/\/blog.edu.turku.fi\/kestavan-tulevaisuuden-ammattilaiset\/wp-json\/wp\/v2\/pages\/679"}],"wp:attachment":[{"href":"https:\/\/blog.edu.turku.fi\/kestavan-tulevaisuuden-ammattilaiset\/wp-json\/wp\/v2\/media?parent=271"}],"curies":[{"name":"wp","href":"https:\/\/api.w.org\/{rel}","templated":true}]}}