{"id":21,"date":"2022-03-25T11:10:07","date_gmt":"2022-03-25T09:10:07","guid":{"rendered":"https:\/\/blog.edu.turku.fi\/kestavan-tulevaisuuden-ammattilaiset\/?page_id=21"},"modified":"2023-12-15T14:32:07","modified_gmt":"2023-12-15T12:32:07","slug":"yhteystiedot","status":"publish","type":"page","link":"https:\/\/blog.edu.turku.fi\/kestavan-tulevaisuuden-ammattilaiset\/yhteystiedot\/","title":{"rendered":"Yhteystiedot"},"content":{"rendered":"<p style=\"text-align: left\"><strong>Turun kaupunki \/ Turun ammatti-instituutti TAI<br \/>\n<\/strong>Projektip\u00e4\u00e4llikk\u00f6 Sanna Paloposki <a href=\"mailto:sanna.paloposki@turku.fi\">sanna.paloposki@turku.fi<\/a> p. 044 907 4314<\/p>\n<p style=\"text-align: left\"><strong>Stadin AO<br \/>\n<\/strong>Opettaja Kaisa Rastas <a href=\"mailto:kaisa.rastas@edu.hel.fi\">kaisa.rastas@edu.hel.fi<\/a> p. 040 668 4201<\/p>\n<p style=\"text-align: left\"><strong>Kainuun ammattiopisto KAO<br \/>\n<\/strong>Kest\u00e4v\u00e4n kehityksen koordinaattori Maija Vuorinen <a href=\"mailto:maija.vuorinen@kao.fi\">maija.vuorinen@kao.fi<\/a> p. 044\u00a0797 4524<\/p>\n<p style=\"text-align: left\"><strong>Tampereen seudun ammattiopisto Tredu<br \/>\n<\/strong>Projektijohtaja Jari Rauhala <a href=\"mailto:jari.rauhala@tampere.fi\">jari.rauhala@tampere.fi<\/a> p. 040 506 9170<\/p>\n<p style=\"text-align: left\"><strong>Vantaan ammattiopisto Varia<br \/>\n<\/strong>Verkkopedagogi Anna Kepanen <a href=\"mailto:anna.kepanen@vantaa.fi\">anna.kepanen@vantaa.fi<\/a> p. 043 825 0399<\/p>\n<p style=\"text-align: left\">Seuraa meit\u00e4: <a href=\"https:\/\/www.linkedin.com\/company\/kest%C3%A4v%C3%A4n-tulevaisuuden-ammattilaiset-hanke\">LinkedIn<\/a> <a href=\"https:\/\/www.instagram.com\/kestuhanke\/\">Instagram<\/a><\/p>\n","protected":false},"excerpt":{"rendered":"<p>Turun kaupunki \/ Turun ammatti-instituutti TAI Projektip\u00e4\u00e4llikk\u00f6 Sanna Paloposki sanna.paloposki@turku.fi p. 044 907 4314 Stadin AO Opettaja Kaisa Rastas kaisa.rastas@edu.hel.fi p. 040 668 4201 Kainuun ammattiopisto KAO Kest\u00e4v\u00e4n kehityksen koordinaattori Maija Vuorinen maija.vuorinen@kao.fi p. 044\u00a0797 4524 Tampereen seudun ammattiopisto Tredu Projektijohtaja Jari Rauhala jari.rauhala@tampere.fi p. 040 506 9170 Vantaan ammattiopisto Varia Verkkopedagogi Anna Kepanen anna.kepanen@vantaa.fi &hellip; <a href=\"https:\/\/blog.edu.turku.fi\/kestavan-tulevaisuuden-ammattilaiset\/yhteystiedot\/\" class=\"more-link\">Jatka lukemista<span class=\"screen-reader-text\"> &#8221;Yhteystiedot&#8221;<\/span><\/a><\/p>\n","protected":false},"author":3252,"featured_media":0,"parent":0,"menu_order":0,"comment_status":"closed","ping_status":"closed","template":"","meta":{"footnotes":""},"class_list":["post-21","page","type-page","status-publish","hentry"],"_links":{"self":[{"href":"https:\/\/blog.edu.turku.fi\/kestavan-tulevaisuuden-ammattilaiset\/wp-json\/wp\/v2\/pages\/21","targetHints":{"allow":["GET"]}}],"collection":[{"href":"https:\/\/blog.edu.turku.fi\/kestavan-tulevaisuuden-ammattilaiset\/wp-json\/wp\/v2\/pages"}],"about":[{"href":"https:\/\/blog.edu.turku.fi\/kestavan-tulevaisuuden-ammattilaiset\/wp-json\/wp\/v2\/types\/page"}],"author":[{"embeddable":true,"href":"https:\/\/blog.edu.turku.fi\/kestavan-tulevaisuuden-ammattilaiset\/wp-json\/wp\/v2\/users\/3252"}],"replies":[{"embeddable":true,"href":"https:\/\/blog.edu.turku.fi\/kestavan-tulevaisuuden-ammattilaiset\/wp-json\/wp\/v2\/comments?post=21"}],"version-history":[{"count":15,"href":"https:\/\/blog.edu.turku.fi\/kestavan-tulevaisuuden-ammattilaiset\/wp-json\/wp\/v2\/pages\/21\/revisions"}],"predecessor-version":[{"id":977,"href":"https:\/\/blog.edu.turku.fi\/kestavan-tulevaisuuden-ammattilaiset\/wp-json\/wp\/v2\/pages\/21\/revisions\/977"}],"wp:attachment":[{"href":"https:\/\/blog.edu.turku.fi\/kestavan-tulevaisuuden-ammattilaiset\/wp-json\/wp\/v2\/media?parent=21"}],"curies":[{"name":"wp","href":"https:\/\/api.w.org\/{rel}","templated":true}]}}