{"id":201,"date":"2022-05-19T15:30:09","date_gmt":"2022-05-19T12:30:09","guid":{"rendered":"https:\/\/blog.edu.turku.fi\/kestavan-tulevaisuuden-ammattilaiset\/?page_id=201"},"modified":"2023-12-12T13:41:49","modified_gmt":"2023-12-12T11:41:49","slug":"4-hiilijalanjaljen-mittaaminen-ja-seuranta","status":"publish","type":"page","link":"https:\/\/blog.edu.turku.fi\/kestavan-tulevaisuuden-ammattilaiset\/tyoryhmat\/4-hiilijalanjaljen-mittaaminen-ja-seuranta\/","title":{"rendered":"4. Hiilijalanj\u00e4ljen mittaaminen ja seuranta"},"content":{"rendered":"<h4>Tavoitteet:<\/h4>\n<ol>\n<li>Osallistua kansallisessa koordinaatiohankkeessa luotavien hiilijalanj\u00e4ljen laskentaperusteiden kehitt\u00e4miseen.<\/li>\n<li>Kartoittaa hiilijalanj\u00e4ljen mittaamisen vaihtoehtoja kartoittaminen<\/li>\n<li>Mitata hiilijalanj\u00e4lki ainakin yhdess\u00e4 toimipaikassa hankkeen aikana.<\/li>\n<li>Ottaa k\u00e4ytt\u00f6\u00f6n kansallisessa koordinaatiohankkeessa kehitett\u00e4v\u00e4t hiilijalanj\u00e4ljen pienent\u00e4misen ohjeistukset.<\/li>\n<\/ol>\n<h4>Hiilijalanj\u00e4ljen mittaaminen ja seuranta -ty\u00f6ryhm\u00e4n tapaamiset ja teemat<\/h4>\n<p><strong>14.9.2022<\/strong><\/p>\n<ul>\n<li style=\"list-style-type: none\">\n<ul>\n<li>Hiilijalanj\u00e4lki-laskurin esittely<\/li>\n<li>Miten tehd\u00e4\u00e4n tietojen ker\u00e4\u00e4mist\u00e4 hiilijalanj\u00e4ljen laskentaan ja mist\u00e4 tietoja ker\u00e4t\u00e4\u00e4n?<\/li>\n<\/ul>\n<\/li>\n<\/ul>\n<p><strong>24.10.2022<\/strong><\/p>\n<ul>\n<li style=\"list-style-type: none\">\n<ul>\n<li>Omat viimeaikaiset ekoteot ja hiilijalanj\u00e4ljen pienent\u00e4misteot<\/li>\n<li>Scope 1, 2 ja 3 tavoitteet<\/li>\n<\/ul>\n<\/li>\n<\/ul>\n<p><strong>9.11.2022<\/strong><\/p>\n<ul>\n<li style=\"list-style-type: none\">\n<ul>\n<li>VASKI-hankkeen hiilijalanj\u00e4lkiasiantuntijan sparraustilaisuus<\/li>\n<\/ul>\n<\/li>\n<\/ul>\n<p><strong>9.2.2023<\/strong><\/p>\n<ul>\n<li style=\"list-style-type: none\">\n<ul>\n<li>Hiilijalanj\u00e4ljen mittaamisen tilannekatsaukset oppilaitoksista<\/li>\n<li>Hiilineuttraali Suomi- sivustoon tutustuminen: <a href=\"https:\/\/eur04.safelinks.protection.outlook.com\/?url=https%3A%2F%2Fpaastot.hiilineutraalisuomi.fi%2F&amp;data=05%7C02%7C%7C45b0b136ddce45a35fa508dbfa54f0d6%7C6c5e2c8ad3f04a0b965842502c73e17b%7C0%7C0%7C638379014960081298%7CUnknown%7CTWFpbGZsb3d8eyJWIjoiMC4wLjAwMDAiLCJQIjoiV2luMzIiLCJBTiI6Ik1haWwiLCJXVCI6Mn0%3D%7C3000%7C%7C%7C&amp;sdata=nJVwosGmg3gn7NJDgA68fsibonwmpS95s%2FcizIKbC54%3D&amp;reserved=0\">https:\/\/paastot.hiilineutraalisuomi.fi\/<\/a><\/li>\n<li>Erilaiset hiilijalanj\u00e4lkilaskurit ja el\u00e4m\u00e4ntapalaskurit:\n<ul>\n<li><a href=\"https:\/\/eur04.safelinks.protection.outlook.com\/?url=https%3A%2F%2Felamantapatesti.sitra.fi%2F&amp;data=05%7C02%7C%7C45b0b136ddce45a35fa508dbfa54f0d6%7C6c5e2c8ad3f04a0b965842502c73e17b%7C0%7C0%7C638379014960081298%7CUnknown%7CTWFpbGZsb3d8eyJWIjoiMC4wLjAwMDAiLCJQIjoiV2luMzIiLCJBTiI6Ik1haWwiLCJXVCI6Mn0%3D%7C3000%7C%7C%7C&amp;sdata=5GJnlqPM%2Ba1k0BjWJV66yAWEZlyuMC4lu%2BXmOjTqggk%3D&amp;reserved=0\">https:\/\/elamantapatesti.sitra.fi\/<\/a><\/li>\n<li><a href=\"https:\/\/eur04.safelinks.protection.outlook.com\/?url=https%3A%2F%2Fvare.fi%2Flaske-arjen-hiilijalanjalki%2F&amp;data=05%7C02%7C%7C45b0b136ddce45a35fa508dbfa54f0d6%7C6c5e2c8ad3f04a0b965842502c73e17b%7C0%7C0%7C638379014960081298%7CUnknown%7CTWFpbGZsb3d8eyJWIjoiMC4wLjAwMDAiLCJQIjoiV2luMzIiLCJBTiI6Ik1haWwiLCJXVCI6Mn0%3D%7C3000%7C%7C%7C&amp;sdata=TiKgRJKkaI8wPrEsZkInMwS2ESa5UTIGpcvx2PRhO0s%3D&amp;reserved=0\">https:\/\/vare.fi\/laske-arjen-hiilijalanjalki\/<\/a><\/li>\n<li><a href=\"https:\/\/eur04.safelinks.protection.outlook.com\/?url=https%3A%2F%2Fwww.vesi.fi%2Fvesijalanjalkilaskuri%2F&amp;data=05%7C02%7C%7C45b0b136ddce45a35fa508dbfa54f0d6%7C6c5e2c8ad3f04a0b965842502c73e17b%7C0%7C0%7C638379014960081298%7CUnknown%7CTWFpbGZsb3d8eyJWIjoiMC4wLjAwMDAiLCJQIjoiV2luMzIiLCJBTiI6Ik1haWwiLCJXVCI6Mn0%3D%7C3000%7C%7C%7C&amp;sdata=vUtxTPaFlaBtSwW2hRwd6zAVNaZRnYLeJMZhLJaLPfw%3D&amp;reserved=0\">https:\/\/www.vesi.fi\/vesijalanjalkilaskuri\/<\/a><\/li>\n<li><a href=\"https:\/\/eur04.safelinks.protection.outlook.com\/?url=https%3A%2F%2Fwww.syke.fi%2Ffi-FI%2FTutkimus__kehittaminen%2FMeri%2FItamerilaskuri&amp;data=05%7C02%7C%7C45b0b136ddce45a35fa508dbfa54f0d6%7C6c5e2c8ad3f04a0b965842502c73e17b%7C0%7C0%7C638379014960081298%7CUnknown%7CTWFpbGZsb3d8eyJWIjoiMC4wLjAwMDAiLCJQIjoiV2luMzIiLCJBTiI6Ik1haWwiLCJXVCI6Mn0%3D%7C3000%7C%7C%7C&amp;sdata=19GIdk1nNrt0GzR5BILvuGBHmjMnoMe%2Bl09HY2QSAc8%3D&amp;reserved=0\">https:\/\/www.syke.fi\/fi-FI\/Tutkimus__kehittaminen\/Meri\/Itamerilaskuri<\/a><\/li>\n<li><a href=\"https:\/\/eur04.safelinks.protection.outlook.com\/?url=https%3A%2F%2Filmastodieetti.ymparisto.fi%2Filmastodieetti%2F&amp;data=05%7C02%7C%7C45b0b136ddce45a35fa508dbfa54f0d6%7C6c5e2c8ad3f04a0b965842502c73e17b%7C0%7C0%7C638379014960081298%7CUnknown%7CTWFpbGZsb3d8eyJWIjoiMC4wLjAwMDAiLCJQIjoiV2luMzIiLCJBTiI6Ik1haWwiLCJXVCI6Mn0%3D%7C3000%7C%7C%7C&amp;sdata=pG7Pz9npMFXteQ0RcjroHGHX%2BJt7giUNYrYjwt4KqHs%3D&amp;reserved=0\">https:\/\/ilmastodieetti.ymparisto.fi\/ilmastodieetti\/<\/a><\/li>\n<li><a href=\"https:\/\/eur04.safelinks.protection.outlook.com\/?url=https%3A%2F%2Ffi.sparksustainability.com%2Fcalculator&amp;data=05%7C02%7C%7C45b0b136ddce45a35fa508dbfa54f0d6%7C6c5e2c8ad3f04a0b965842502c73e17b%7C0%7C0%7C638379014960237511%7CUnknown%7CTWFpbGZsb3d8eyJWIjoiMC4wLjAwMDAiLCJQIjoiV2luMzIiLCJBTiI6Ik1haWwiLCJXVCI6Mn0%3D%7C3000%7C%7C%7C&amp;sdata=EZVOF4HHgRCZa5%2F0horpVKf8fCFpjNfybBsab1pfL58%3D&amp;reserved=0\">https:\/\/fi.sparksustainability.com\/calculator<\/a><\/li>\n<\/ul>\n<\/li>\n<\/ul>\n<\/li>\n<\/ul>\n<p><strong>24.3.2023<\/strong><\/p>\n<ul>\n<li style=\"list-style-type: none\">\n<ul>\n<li>Kainuun ammattiopiston \u00c4lykoulu-projektiin tutustuminen<\/li>\n<li>Opiskelijat ovat tehneet energiankulutuksen mittauksia s\u00e4hk\u00f6keskuksista sek\u00e4 ilmanlaatu- ja k\u00e4ytt\u00f6astemittauksia.<\/li>\n<\/ul>\n<\/li>\n<\/ul>\n<p><strong>27.4.2023<\/strong><\/p>\n<ul>\n<li style=\"list-style-type: none\">\n<ul>\n<li>Hiilijalanj\u00e4ljen mittaamisen tilannekatsaukset oppilaitoksista<\/li>\n<li>Sakkyn benchmarkkauksen opit ja kopit<\/li>\n<li>Rakennusj\u00e4tteen hiilijalanj\u00e4lki<\/li>\n<\/ul>\n<\/li>\n<\/ul>\n<p><strong>12.9.2023<\/strong><\/p>\n<ul>\n<li style=\"list-style-type: none\">\n<ul>\n<li>Tilannekatsaus hiilijalanj\u00e4lkien laskemisesta eri oppilaitoksista<\/li>\n<li>KESTU-hankkeen ajankohtaiset<\/li>\n<li>Ruokailun ymp\u00e4rist\u00f6vastuullisuuteen ja ilmastovaikutuksen pienent\u00e4miseen liittyv\u00e4t toimet, Milo Kein\u00e4nen, Ymp\u00e4rist\u00f6konsultti, Vantaan kaupunki<\/li>\n<li>VASKI-hankkeen kuulumiset<\/li>\n<li>KESTU-hankkeen nettisivujen sis\u00e4lt\u00f6<\/li>\n<\/ul>\n<\/li>\n<\/ul>\n<p><strong>24.10.2023<\/strong><\/p>\n<ul>\n<li style=\"list-style-type: none\">\n<ul>\n<li>Kajaanin ammattikorkeakoulun v\u00e4h\u00e4hiilisyys ja kiertotalous-hankkeiden esittely\n<ul>\n<li>RAVE \u2013 Rakentamisen v\u00e4h\u00e4hiiliset energiaratkaisut \u2013hankkeen esittely projektip\u00e4\u00e4llikk\u00f6 Miia R\u00f6nkk\u00f6<\/li>\n<li>PUMA &#8211; Purkuj\u00e4tteest\u00e4 materiaaliksi -hankkeen esittely, projektip\u00e4\u00e4llikk\u00f6 Heidi Karppinen Kajaanin ammattikorkeakoulu<\/li>\n<li>Ilmastonmuutos-kurssit<\/li>\n<\/ul>\n<\/li>\n<li>KESTU-hankkeen oppilaitosten ajankohtaiset kuulumiset<\/li>\n<\/ul>\n<\/li>\n<\/ul>\n","protected":false},"excerpt":{"rendered":"<p>Tavoitteet: Osallistua kansallisessa koordinaatiohankkeessa luotavien hiilijalanj\u00e4ljen laskentaperusteiden kehitt\u00e4miseen. Kartoittaa hiilijalanj\u00e4ljen mittaamisen vaihtoehtoja kartoittaminen Mitata hiilijalanj\u00e4lki ainakin yhdess\u00e4 toimipaikassa hankkeen aikana. Ottaa k\u00e4ytt\u00f6\u00f6n kansallisessa koordinaatiohankkeessa kehitett\u00e4v\u00e4t hiilijalanj\u00e4ljen pienent\u00e4misen ohjeistukset. Hiilijalanj\u00e4ljen mittaaminen ja seuranta -ty\u00f6ryhm\u00e4n tapaamiset ja teemat 14.9.2022 Hiilijalanj\u00e4lki-laskurin esittely Miten tehd\u00e4\u00e4n tietojen ker\u00e4\u00e4mist\u00e4 hiilijalanj\u00e4ljen laskentaan ja mist\u00e4 tietoja ker\u00e4t\u00e4\u00e4n? 24.10.2022 Omat viimeaikaiset ekoteot ja hiilijalanj\u00e4ljen &hellip; <a href=\"https:\/\/blog.edu.turku.fi\/kestavan-tulevaisuuden-ammattilaiset\/tyoryhmat\/4-hiilijalanjaljen-mittaaminen-ja-seuranta\/\" class=\"more-link\">Jatka lukemista<span class=\"screen-reader-text\"> &#8221;4. Hiilijalanj\u00e4ljen mittaaminen ja seuranta&#8221;<\/span><\/a><\/p>\n","protected":false},"author":3252,"featured_media":0,"parent":186,"menu_order":0,"comment_status":"closed","ping_status":"closed","template":"","meta":{"footnotes":""},"class_list":["post-201","page","type-page","status-publish","hentry"],"_links":{"self":[{"href":"https:\/\/blog.edu.turku.fi\/kestavan-tulevaisuuden-ammattilaiset\/wp-json\/wp\/v2\/pages\/201","targetHints":{"allow":["GET"]}}],"collection":[{"href":"https:\/\/blog.edu.turku.fi\/kestavan-tulevaisuuden-ammattilaiset\/wp-json\/wp\/v2\/pages"}],"about":[{"href":"https:\/\/blog.edu.turku.fi\/kestavan-tulevaisuuden-ammattilaiset\/wp-json\/wp\/v2\/types\/page"}],"author":[{"embeddable":true,"href":"https:\/\/blog.edu.turku.fi\/kestavan-tulevaisuuden-ammattilaiset\/wp-json\/wp\/v2\/users\/3252"}],"replies":[{"embeddable":true,"href":"https:\/\/blog.edu.turku.fi\/kestavan-tulevaisuuden-ammattilaiset\/wp-json\/wp\/v2\/comments?post=201"}],"version-history":[{"count":7,"href":"https:\/\/blog.edu.turku.fi\/kestavan-tulevaisuuden-ammattilaiset\/wp-json\/wp\/v2\/pages\/201\/revisions"}],"predecessor-version":[{"id":904,"href":"https:\/\/blog.edu.turku.fi\/kestavan-tulevaisuuden-ammattilaiset\/wp-json\/wp\/v2\/pages\/201\/revisions\/904"}],"up":[{"embeddable":true,"href":"https:\/\/blog.edu.turku.fi\/kestavan-tulevaisuuden-ammattilaiset\/wp-json\/wp\/v2\/pages\/186"}],"wp:attachment":[{"href":"https:\/\/blog.edu.turku.fi\/kestavan-tulevaisuuden-ammattilaiset\/wp-json\/wp\/v2\/media?parent=201"}],"curies":[{"name":"wp","href":"https:\/\/api.w.org\/{rel}","templated":true}]}}