{"id":198,"date":"2022-05-19T15:29:41","date_gmt":"2022-05-19T12:29:41","guid":{"rendered":"https:\/\/blog.edu.turku.fi\/kestavan-tulevaisuuden-ammattilaiset\/?page_id=198"},"modified":"2023-12-12T13:52:37","modified_gmt":"2023-12-12T11:52:37","slug":"3-osaamisen-alueiden-ja-tyoelaman-kehittaminen","status":"publish","type":"page","link":"https:\/\/blog.edu.turku.fi\/kestavan-tulevaisuuden-ammattilaiset\/tyoryhmat\/3-osaamisen-alueiden-ja-tyoelaman-kehittaminen\/","title":{"rendered":"3. Osaamisen, alueiden ja ty\u00f6el\u00e4m\u00e4n kehitt\u00e4minen"},"content":{"rendered":"<h4>Tavoitteet:<\/h4>\n<ol>\n<li>Laatia oppilaitosten kest\u00e4vyysohjelmiin henkil\u00f6st\u00f6n kest\u00e4v\u00e4n kehitykseen ja vihre\u00e4\u00e4n siirtym\u00e4\u00e4n liittyv\u00e4n osaamisen kehitt\u00e4missuunnitelma<\/li>\n<li>Pohjata henkil\u00f6st\u00f6n osaamisen kehitt\u00e4missuunitelma omiin tarpeisiin sek\u00e4 kansallisen kest\u00e4vyystiekartan suuntaviivoihin.<\/li>\n<li>K\u00e4ynnist\u00e4\u00e4 suunnitelmien toimenpiteit\u00e4 ja kehitt\u00e4\u00e4 ja vahvistaa henkil\u00f6st\u00f6n osaamista jo hankeaikana.<\/li>\n<li>Liitt\u00e4\u00e4 osaamisen kehitt\u00e4mistavoitteisiin my\u00f6s ty\u00f6el\u00e4m\u00e4yhteisty\u00f6n kehitt\u00e4minen.<\/li>\n<\/ol>\n<h4>Osaamisen, alueiden ja ty\u00f6el\u00e4m\u00e4n kehitt\u00e4minen -Ty\u00f6ryhm\u00e4n tapaamiset ja teemat<\/h4>\n<p><strong>27.10.2022 <\/strong><\/p>\n<ul>\n<li>Ty\u00f6ryhm\u00e4ty\u00f6skentelyyn j\u00e4rjest\u00e4ytyminen ja verkostoituminen<\/li>\n<\/ul>\n<p><strong>8.2.2023<\/strong><\/p>\n<ul>\n<li>Oppilaitosten ty\u00f6el\u00e4m\u00e4yhteisty\u00f6n edist\u00e4minen ymp\u00e4rist\u00f6vastuullisuuden n\u00e4k\u00f6kulmasta<\/li>\n<\/ul>\n<p><strong>22.3.2023 <\/strong><\/p>\n<ul>\n<li>Henkil\u00f6st\u00f6n kest\u00e4vyysosaamisen edist\u00e4minen ymp\u00e4rist\u00f6vastuullisuuden n\u00e4k\u00f6kulmasta<\/li>\n<\/ul>\n<p><strong>26.4.2023<\/strong><\/p>\n<ul>\n<li>Ty\u00f6paikkaohjauksen edist\u00e4minen ymp\u00e4rist\u00f6vastuullisuuden n\u00e4k\u00f6kulmasta<\/li>\n<\/ul>\n<p><strong>13.9.2023 <\/strong><\/p>\n<ul>\n<li>Ty\u00f6paikkavierailut vastuullisiin yrityksiin<\/li>\n<\/ul>\n","protected":false},"excerpt":{"rendered":"<p>Tavoitteet: Laatia oppilaitosten kest\u00e4vyysohjelmiin henkil\u00f6st\u00f6n kest\u00e4v\u00e4n kehitykseen ja vihre\u00e4\u00e4n siirtym\u00e4\u00e4n liittyv\u00e4n osaamisen kehitt\u00e4missuunnitelma Pohjata henkil\u00f6st\u00f6n osaamisen kehitt\u00e4missuunitelma omiin tarpeisiin sek\u00e4 kansallisen kest\u00e4vyystiekartan suuntaviivoihin. K\u00e4ynnist\u00e4\u00e4 suunnitelmien toimenpiteit\u00e4 ja kehitt\u00e4\u00e4 ja vahvistaa henkil\u00f6st\u00f6n osaamista jo hankeaikana. Liitt\u00e4\u00e4 osaamisen kehitt\u00e4mistavoitteisiin my\u00f6s ty\u00f6el\u00e4m\u00e4yhteisty\u00f6n kehitt\u00e4minen. Osaamisen, alueiden ja ty\u00f6el\u00e4m\u00e4n kehitt\u00e4minen -Ty\u00f6ryhm\u00e4n tapaamiset ja teemat 27.10.2022 Ty\u00f6ryhm\u00e4ty\u00f6skentelyyn j\u00e4rjest\u00e4ytyminen ja verkostoituminen 8.2.2023 &hellip; <a href=\"https:\/\/blog.edu.turku.fi\/kestavan-tulevaisuuden-ammattilaiset\/tyoryhmat\/3-osaamisen-alueiden-ja-tyoelaman-kehittaminen\/\" class=\"more-link\">Jatka lukemista<span class=\"screen-reader-text\"> &#8221;3. Osaamisen, alueiden ja ty\u00f6el\u00e4m\u00e4n kehitt\u00e4minen&#8221;<\/span><\/a><\/p>\n","protected":false},"author":3252,"featured_media":0,"parent":186,"menu_order":0,"comment_status":"closed","ping_status":"closed","template":"","meta":{"footnotes":""},"class_list":["post-198","page","type-page","status-publish","hentry"],"_links":{"self":[{"href":"https:\/\/blog.edu.turku.fi\/kestavan-tulevaisuuden-ammattilaiset\/wp-json\/wp\/v2\/pages\/198","targetHints":{"allow":["GET"]}}],"collection":[{"href":"https:\/\/blog.edu.turku.fi\/kestavan-tulevaisuuden-ammattilaiset\/wp-json\/wp\/v2\/pages"}],"about":[{"href":"https:\/\/blog.edu.turku.fi\/kestavan-tulevaisuuden-ammattilaiset\/wp-json\/wp\/v2\/types\/page"}],"author":[{"embeddable":true,"href":"https:\/\/blog.edu.turku.fi\/kestavan-tulevaisuuden-ammattilaiset\/wp-json\/wp\/v2\/users\/3252"}],"replies":[{"embeddable":true,"href":"https:\/\/blog.edu.turku.fi\/kestavan-tulevaisuuden-ammattilaiset\/wp-json\/wp\/v2\/comments?post=198"}],"version-history":[{"count":8,"href":"https:\/\/blog.edu.turku.fi\/kestavan-tulevaisuuden-ammattilaiset\/wp-json\/wp\/v2\/pages\/198\/revisions"}],"predecessor-version":[{"id":906,"href":"https:\/\/blog.edu.turku.fi\/kestavan-tulevaisuuden-ammattilaiset\/wp-json\/wp\/v2\/pages\/198\/revisions\/906"}],"up":[{"embeddable":true,"href":"https:\/\/blog.edu.turku.fi\/kestavan-tulevaisuuden-ammattilaiset\/wp-json\/wp\/v2\/pages\/186"}],"wp:attachment":[{"href":"https:\/\/blog.edu.turku.fi\/kestavan-tulevaisuuden-ammattilaiset\/wp-json\/wp\/v2\/media?parent=198"}],"curies":[{"name":"wp","href":"https:\/\/api.w.org\/{rel}","templated":true}]}}