{"id":193,"date":"2022-05-19T15:23:46","date_gmt":"2022-05-19T12:23:46","guid":{"rendered":"https:\/\/blog.edu.turku.fi\/kestavan-tulevaisuuden-ammattilaiset\/?page_id=193"},"modified":"2023-12-12T13:57:44","modified_gmt":"2023-12-12T11:57:44","slug":"2-pedagogiset-ratkaisut-ja-oppimisympoaristot","status":"publish","type":"page","link":"https:\/\/blog.edu.turku.fi\/kestavan-tulevaisuuden-ammattilaiset\/tyoryhmat\/2-pedagogiset-ratkaisut-ja-oppimisympoaristot\/","title":{"rendered":"2. Pedagogiset ratkaisut ja oppimisymp\u00e4rist\u00f6t"},"content":{"rendered":"<h4>Tavoitteet:<\/h4>\n<ol>\n<li>Suunnittella, miten ilmasto- ja kest\u00e4vyyskasvatus ja kest\u00e4vyysosaaminen integroidaan tutkintoihin (mukaan lukien ammatilliset tutkinnon osat)<\/li>\n<li>Pohjustaa suunnitelmia kartoittamalla opiskelijoiden kest\u00e4v\u00e4\u00e4 kehityst\u00e4 koskevia asenteita ja mielipiteit\u00e4.<\/li>\n<li>Kokeilla vastuullisuuden osaamislupauksia verkostossa ainakin yhdess\u00e4 yksik\u00f6ss\u00e4.<\/li>\n<li>Kehitt\u00e4\u00e4 oppimisymp\u00e4rist\u00f6j\u00e4 olemassa olevien kest\u00e4v\u00e4n kehityksen fyysisten ja virtuaalisten oppimisymp\u00e4rist\u00f6jen benchmarkauksen pohjalta.<\/li>\n<li>Varmistaa opiskelijoiden kest\u00e4v\u00e4n kehityksen perustaitodot sek\u00e4 mahdollisuus kehitty\u00e4 oman alansa kest\u00e4vyysosaajina.<\/li>\n<\/ol>\n<h4>Pedagogiset ratkaisut ja oppimisymp\u00e4rist\u00f6t -ty\u00f6ryhm\u00e4n Tapaamiset ja teemaT:<\/h4>\n<p style=\"margin-bottom: 8.0pt;background: white\"><strong><span style=\"color: black\">14.9.2022\u00a0<\/span><\/strong><\/p>\n<ul>\n<li style=\"background: white\"><span style=\"color: black\">Ty\u00f6ryhm\u00e4n toiminnan suunnittelu kehitt\u00e4misp\u00e4iv\u00e4n ajatusten pohjalta\u00a0<\/span><\/li>\n<\/ul>\n<p style=\"margin-bottom: 8.0pt;background: white\"><strong><span style=\"color: black\">2.11.2022\u00a0<\/span><\/strong><\/p>\n<ul>\n<li class=\"elementtoproof\" style=\"background: white\"><span style=\"color: black\">Ty\u00f6ryhm\u00e4n aikataulutus <\/span><\/li>\n<li class=\"elementtoproof\" style=\"background: white\"><span style=\"color: black\">Esittelyss\u00e4 toteutussuunnitelmaty\u00f6 (Varia)<\/span><\/li>\n<\/ul>\n<p style=\"margin-bottom: 8.0pt;background: white\"><span style=\"color: black\"><strong>7.2.2023<\/strong>\u00a0<\/span><\/p>\n<ul>\n<li class=\"elementtoproof\" style=\"background: white\"><span style=\"color: black\">Ymp\u00e4rist\u00f6vastuu tutkinnoissa ja ilmastokasvatus<\/span><\/li>\n<li class=\"elementtoproof\" style=\"background: white\"><span style=\"color: black\">Esimerkkien ja kokemusten vaihtoa<\/span><\/li>\n<li class=\"elementtoproof\" style=\"background: white\"><span style=\"color: black\">Esittelyss\u00e4 keke-peli (TAI) ja yhteis\u00f6llisen oppimisen projekti (KAO)<\/span><\/li>\n<\/ul>\n<p style=\"margin-bottom: 8.0pt;background: white\"><strong><span style=\"color: black\">21.3.2023\u00a0<\/span><\/strong><\/p>\n<ul>\n<li class=\"elementtoproof\" style=\"background: white\"><span style=\"color: black\">Opiskelijoiden osallistaminen ja osaamislupaukset <\/span><\/li>\n<li class=\"elementtoproof\" style=\"background: white\"><span style=\"color: black\">Esittelyss\u00e4 opiskelijakartoitukset (TAI) ja opettajien osaamislupausty\u00f6 (KAO)<\/span><\/li>\n<\/ul>\n<p style=\"margin-bottom: 8.0pt;background: white\"><span style=\"color: black\"><strong>25.4.2023<\/strong>\u00a0<\/span><\/p>\n<ul>\n<li style=\"background: white\"><span style=\"color: black\">Kuulumiskierros SAKKYn vierailusta <\/span><\/li>\n<li style=\"background: white\"><span style=\"color: black\">Vieraana VASKI-hankkeen pedagoginen ty\u00f6ryhm\u00e4\u00a0<\/span><\/li>\n<\/ul>\n<p class=\"elementtoproof\" style=\"margin-bottom: 8.0pt;background: white\"><i><span style=\"color: black\">Syksyst\u00e4 2022 kev\u00e4\u00e4seen 2023 ty\u00f6ryhm\u00e4n ajatuksia on koottu Padletiin sit\u00e4 mukaa kun ty\u00f6pajailtiin:<\/span><\/i><\/p>\n<p class=\"elementtoproof\" style=\"background: white\"><i><span style=\"color: #0563c1\"><a href=\"https:\/\/eur04.safelinks.protection.outlook.com\/?url=https%3A%2F%2Fpadlet.com%2Fanna_kepanen%2Fkestu-pedagogiset-ratkaisut-ja-oppimisymp-rist-t-vw1c55r1m838&amp;data=05%7C01%7C%7Cdfbcced588834b3c0e0208dbf71dc47e%7C6c5e2c8ad3f04a0b965842502c73e17b%7C0%7C0%7C638375479456675645%7CUnknown%7CTWFpbGZsb3d8eyJWIjoiMC4wLjAwMDAiLCJQIjoiV2luMzIiLCJBTiI6Ik1haWwiLCJXVCI6Mn0%3D%7C3000%7C%7C%7C&amp;sdata=eH1Su5601l%2Fo8uaTZfGd6r4QGAeos%2FXdg%2FtgRVBBVMQ%3D&amp;reserved=0\" target=\"_blank\" rel=\"noopener\"><span style=\"color: #0563c1;text-decoration: none\">https:\/\/padlet.com\/anna_kepanen\/kestu-pedagogiset-ratkaisut-ja-oppimisymp-rist-t-vw1c55r1m838<\/span><\/a><\/span><span style=\"color: black\">\u00a0<\/span><\/i><span style=\"color: black\">\u00a0<\/span><\/p>\n<p style=\"margin-bottom: 8.0pt;background: white\"><strong><span style=\"color: black\">14.9.2023\u00a0<\/span><\/strong><\/p>\n<ul>\n<li class=\"elementtoproof\" style=\"background: white\"><span style=\"color: black\">Tutustumista kest\u00e4vyystiekarttaan <\/span><\/li>\n<li class=\"elementtoproof\" style=\"background: white\"><span style=\"color: black\">Esittelyss\u00e4 kiertotalousty\u00f6pajat toisen asteen opiskelijoille<\/span><\/li>\n<\/ul>\n<p style=\"margin-bottom: 8.0pt;background: white\"><span style=\"color: black\"><strong>23.10.2023<\/strong>\u00a0<\/span><\/p>\n<ul>\n<li class=\"elementtoproof\" style=\"background: white\"><span style=\"color: black\">Kuulumisia <\/span><\/li>\n<li class=\"elementtoproof\" style=\"background: white\"><span style=\"color: black\">Hankkeen nettisivujen ideointia<\/span><\/li>\n<li class=\"elementtoproof\" style=\"background: white\"><span style=\"color: black\">Ajatukset loppuseminaariin <\/span><\/li>\n<li class=\"elementtoproof\" style=\"background: white\"><span style=\"color: black\">Esittelyss\u00e4 oppilaitoksen keke-projektit (KAO)<\/span><\/li>\n<\/ul>\n","protected":false},"excerpt":{"rendered":"<p>Tavoitteet: Suunnittella, miten ilmasto- ja kest\u00e4vyyskasvatus ja kest\u00e4vyysosaaminen integroidaan tutkintoihin (mukaan lukien ammatilliset tutkinnon osat) Pohjustaa suunnitelmia kartoittamalla opiskelijoiden kest\u00e4v\u00e4\u00e4 kehityst\u00e4 koskevia asenteita ja mielipiteit\u00e4. Kokeilla vastuullisuuden osaamislupauksia verkostossa ainakin yhdess\u00e4 yksik\u00f6ss\u00e4. Kehitt\u00e4\u00e4 oppimisymp\u00e4rist\u00f6j\u00e4 olemassa olevien kest\u00e4v\u00e4n kehityksen fyysisten ja virtuaalisten oppimisymp\u00e4rist\u00f6jen benchmarkauksen pohjalta. Varmistaa opiskelijoiden kest\u00e4v\u00e4n kehityksen perustaitodot sek\u00e4 mahdollisuus kehitty\u00e4 oman alansa kest\u00e4vyysosaajina. &hellip; <a href=\"https:\/\/blog.edu.turku.fi\/kestavan-tulevaisuuden-ammattilaiset\/tyoryhmat\/2-pedagogiset-ratkaisut-ja-oppimisympoaristot\/\" class=\"more-link\">Jatka lukemista<span class=\"screen-reader-text\"> &#8221;2. Pedagogiset ratkaisut ja oppimisymp\u00e4rist\u00f6t&#8221;<\/span><\/a><\/p>\n","protected":false},"author":3252,"featured_media":0,"parent":186,"menu_order":0,"comment_status":"closed","ping_status":"closed","template":"","meta":{"footnotes":""},"class_list":["post-193","page","type-page","status-publish","hentry"],"_links":{"self":[{"href":"https:\/\/blog.edu.turku.fi\/kestavan-tulevaisuuden-ammattilaiset\/wp-json\/wp\/v2\/pages\/193","targetHints":{"allow":["GET"]}}],"collection":[{"href":"https:\/\/blog.edu.turku.fi\/kestavan-tulevaisuuden-ammattilaiset\/wp-json\/wp\/v2\/pages"}],"about":[{"href":"https:\/\/blog.edu.turku.fi\/kestavan-tulevaisuuden-ammattilaiset\/wp-json\/wp\/v2\/types\/page"}],"author":[{"embeddable":true,"href":"https:\/\/blog.edu.turku.fi\/kestavan-tulevaisuuden-ammattilaiset\/wp-json\/wp\/v2\/users\/3252"}],"replies":[{"embeddable":true,"href":"https:\/\/blog.edu.turku.fi\/kestavan-tulevaisuuden-ammattilaiset\/wp-json\/wp\/v2\/comments?post=193"}],"version-history":[{"count":7,"href":"https:\/\/blog.edu.turku.fi\/kestavan-tulevaisuuden-ammattilaiset\/wp-json\/wp\/v2\/pages\/193\/revisions"}],"predecessor-version":[{"id":907,"href":"https:\/\/blog.edu.turku.fi\/kestavan-tulevaisuuden-ammattilaiset\/wp-json\/wp\/v2\/pages\/193\/revisions\/907"}],"up":[{"embeddable":true,"href":"https:\/\/blog.edu.turku.fi\/kestavan-tulevaisuuden-ammattilaiset\/wp-json\/wp\/v2\/pages\/186"}],"wp:attachment":[{"href":"https:\/\/blog.edu.turku.fi\/kestavan-tulevaisuuden-ammattilaiset\/wp-json\/wp\/v2\/media?parent=193"}],"curies":[{"name":"wp","href":"https:\/\/api.w.org\/{rel}","templated":true}]}}