{"id":191,"date":"2022-05-19T15:22:50","date_gmt":"2022-05-19T12:22:50","guid":{"rendered":"https:\/\/blog.edu.turku.fi\/kestavan-tulevaisuuden-ammattilaiset\/?page_id=191"},"modified":"2023-10-09T14:17:19","modified_gmt":"2023-10-09T11:17:19","slug":"1-johtamiskaytannot-ja-toimintakulttuuri","status":"publish","type":"page","link":"https:\/\/blog.edu.turku.fi\/kestavan-tulevaisuuden-ammattilaiset\/tyoryhmat\/1-johtamiskaytannot-ja-toimintakulttuuri\/","title":{"rendered":"1. Johtamisk\u00e4yt\u00e4nn\u00f6t ja toimintakulttuuri"},"content":{"rendered":"<h4>Tavoitteet:<\/h4>\n<ol>\n<li>Uudistaa oppilaitosten omat kest\u00e4v\u00e4n tulevaisuuden ohjelmat vastaamaan kaupunkien ilmasto- ja kest\u00e4vyystavoitteita sek\u00e4 kansallisen ammatillisen koulutuksen kest\u00e4v\u00e4n tulevaisuuden tiekarttaa<\/li>\n<li>K\u00e4ynnist\u00e4\u00e4 kest\u00e4vyysohjelmien toteuttaminen<\/li>\n<li>Tuoda monialaisten kunnallisten ammattioppilaitosten n\u00e4k\u00f6kulma mukaan kansallisen VASKI-hankkeen ty\u00f6h\u00f6n.<\/li>\n<li>Johtamisk\u00e4yt\u00e4nt\u00f6jen ja toimintakulttuurin kehitt\u00e4minen on siihen kuuluvan ohjelmaty\u00f6n ansioista koko hankkeen l\u00e4pileikkaava teema, jota muut tavoitteet t\u00e4ydent\u00e4v\u00e4t.<\/li>\n<\/ol>\n<h4>TOIMENPITEET:<\/h4>\n<h5>Stadin ammatti- ja aikuisopisto<\/h5>\n<ul>\n<li>Stadin AO:lle on luotu ja otettu k\u00e4ytt\u00f6\u00f6n kest\u00e4v\u00e4n tulevaisuuden ohjelma<\/li>\n<li>Stadin AO:ssa on k\u00e4ynnistetty OKKA-s\u00e4\u00e4ti\u00f6n kest\u00e4v\u00e4n kehityksen sertifiointiprosessi<\/li>\n<li>Stadin AO:n henkil\u00f6st\u00f6\u00e4 on koulutettu kest\u00e4vyysteemoihin<\/li>\n<\/ul>\n<h5>Kainuun ammattiopisto KAO<\/h5>\n<ul>\n<li>KAO:n kest\u00e4v\u00e4n kehityksen k\u00e4sikirja on uudistettu<\/li>\n<li>KAO:ssa on luotu tapahtumien ja tempausten kautta yhteis\u00f6llisi\u00e4 kohtaamisia oppilaitoksen arkeen<\/li>\n<li>OKKA-s\u00e4\u00e4ti\u00f6n kest\u00e4v\u00e4n kehityksen sertifiointi on uudistettu vuoden 2025 loppuun asti<\/li>\n<\/ul>\n<h5><span style=\"font-size: 19px\">Tampereen seudun ammattiopisto Tredu<\/span><\/h5>\n<ul>\n<li>Tredussa on m\u00e4\u00e4ritelty strategiset tavoitteet sosiaaliseen, taloudelliseen ja ekologiseen kest\u00e4vyyteen<\/li>\n<li>Tredun henkil\u00f6st\u00f6lle on suunniteltu ekologisen kest\u00e4vyyden perehdytysmateriaali<\/li>\n<li>Kest\u00e4v\u00e4 Tampere 2030 -ohjelman tavoitteet on liitetty osaksi Tredun tiekarttaa<\/li>\n<\/ul>\n<h5>Turun ammatti-instituutti TAI<\/h5>\n<ul>\n<li>TAI:lle on luotu kest\u00e4vyyssuunnitelma, joka julkaistaan syksyll\u00e4 2023<\/li>\n<li>TAI:n henkil\u00f6st\u00f6\u00e4 koulutetaan kest\u00e4vyyssuunnitelman k\u00e4ytt\u00f6\u00f6nottoon<\/li>\n<li>TAI:ssa on k\u00e4ynniss\u00e4 OKKA-s\u00e4\u00e4ti\u00f6n kest\u00e4v\u00e4n kehityksen sertifiointiprosessi<\/li>\n<\/ul>\n<h5>Vantaan ammattiopisto Varia<\/h5>\n<ul>\n<li>Variassa on aloitettu ty\u00f6 ymp\u00e4rist\u00f6vastuun sis\u00e4llytt\u00e4miseksi prosesseihin<\/li>\n<\/ul>\n","protected":false},"excerpt":{"rendered":"<p>Tavoitteet: Uudistaa oppilaitosten omat kest\u00e4v\u00e4n tulevaisuuden ohjelmat vastaamaan kaupunkien ilmasto- ja kest\u00e4vyystavoitteita sek\u00e4 kansallisen ammatillisen koulutuksen kest\u00e4v\u00e4n tulevaisuuden tiekarttaa K\u00e4ynnist\u00e4\u00e4 kest\u00e4vyysohjelmien toteuttaminen Tuoda monialaisten kunnallisten ammattioppilaitosten n\u00e4k\u00f6kulma mukaan kansallisen VASKI-hankkeen ty\u00f6h\u00f6n. Johtamisk\u00e4yt\u00e4nt\u00f6jen ja toimintakulttuurin kehitt\u00e4minen on siihen kuuluvan ohjelmaty\u00f6n ansioista koko hankkeen l\u00e4pileikkaava teema, jota muut tavoitteet t\u00e4ydent\u00e4v\u00e4t. TOIMENPITEET: Stadin ammatti- ja aikuisopisto Stadin AO:lle &hellip; <a href=\"https:\/\/blog.edu.turku.fi\/kestavan-tulevaisuuden-ammattilaiset\/tyoryhmat\/1-johtamiskaytannot-ja-toimintakulttuuri\/\" class=\"more-link\">Jatka lukemista<span class=\"screen-reader-text\"> &#8221;1. Johtamisk\u00e4yt\u00e4nn\u00f6t ja toimintakulttuuri&#8221;<\/span><\/a><\/p>\n","protected":false},"author":3252,"featured_media":0,"parent":186,"menu_order":0,"comment_status":"closed","ping_status":"closed","template":"","meta":{"footnotes":""},"class_list":["post-191","page","type-page","status-publish","hentry"],"_links":{"self":[{"href":"https:\/\/blog.edu.turku.fi\/kestavan-tulevaisuuden-ammattilaiset\/wp-json\/wp\/v2\/pages\/191","targetHints":{"allow":["GET"]}}],"collection":[{"href":"https:\/\/blog.edu.turku.fi\/kestavan-tulevaisuuden-ammattilaiset\/wp-json\/wp\/v2\/pages"}],"about":[{"href":"https:\/\/blog.edu.turku.fi\/kestavan-tulevaisuuden-ammattilaiset\/wp-json\/wp\/v2\/types\/page"}],"author":[{"embeddable":true,"href":"https:\/\/blog.edu.turku.fi\/kestavan-tulevaisuuden-ammattilaiset\/wp-json\/wp\/v2\/users\/3252"}],"replies":[{"embeddable":true,"href":"https:\/\/blog.edu.turku.fi\/kestavan-tulevaisuuden-ammattilaiset\/wp-json\/wp\/v2\/comments?post=191"}],"version-history":[{"count":13,"href":"https:\/\/blog.edu.turku.fi\/kestavan-tulevaisuuden-ammattilaiset\/wp-json\/wp\/v2\/pages\/191\/revisions"}],"predecessor-version":[{"id":760,"href":"https:\/\/blog.edu.turku.fi\/kestavan-tulevaisuuden-ammattilaiset\/wp-json\/wp\/v2\/pages\/191\/revisions\/760"}],"up":[{"embeddable":true,"href":"https:\/\/blog.edu.turku.fi\/kestavan-tulevaisuuden-ammattilaiset\/wp-json\/wp\/v2\/pages\/186"}],"wp:attachment":[{"href":"https:\/\/blog.edu.turku.fi\/kestavan-tulevaisuuden-ammattilaiset\/wp-json\/wp\/v2\/media?parent=191"}],"curies":[{"name":"wp","href":"https:\/\/api.w.org\/{rel}","templated":true}]}}