{"id":186,"date":"2022-05-16T14:37:23","date_gmt":"2022-05-16T11:37:23","guid":{"rendered":"https:\/\/blog.edu.turku.fi\/kestavan-tulevaisuuden-ammattilaiset\/?page_id=186"},"modified":"2023-12-19T10:20:15","modified_gmt":"2023-12-19T08:20:15","slug":"tyoryhmat","status":"publish","type":"page","link":"https:\/\/blog.edu.turku.fi\/kestavan-tulevaisuuden-ammattilaiset\/tyoryhmat\/","title":{"rendered":"Ty\u00f6ryhm\u00e4t"},"content":{"rendered":"<p>KESTU-hankkeen ajan olemme kokoontuneet s\u00e4\u00e4nn\u00f6llisesti ty\u00f6ryhmiin k\u00e4sittelem\u00e4\u00e4n hankkeen teemoja. Ty\u00f6ryhmiss\u00e4 on ollut edustus kaikista verkoston oppilaitoksista. P\u00e4\u00e4set tutustumaan ty\u00f6ryhmiin alla olevista linkeist\u00e4.<\/p>\n<p><a href=\"https:\/\/blog.edu.turku.fi\/kestavan-tulevaisuuden-ammattilaiset\/hankkeen-tuotokset\/1-johtamiskaytannot-ja-toimintakulttuuri\/\">1. Johtamisk\u00e4yt\u00e4nn\u00f6t ja toimintakulttuuri<\/a><\/p>\n<p><a href=\"https:\/\/blog.edu.turku.fi\/kestavan-tulevaisuuden-ammattilaiset\/hankkeen-tuotokset\/2-pedagogiset-ratkaisut-ja-oppimisympoaristot\/\">2. Pedagogiset ratkaisut ja oppimisymp\u00e4rist\u00f6t<\/a><\/p>\n<p><a href=\"https:\/\/blog.edu.turku.fi\/kestavan-tulevaisuuden-ammattilaiset\/hankkeen-tuotokset\/3-osaamisen-alueiden-ja-tyoelaman-kehittaminen\/\">3. Osaamisen, alueiden ja ty\u00f6el\u00e4m\u00e4n kehitt\u00e4minen<\/a><\/p>\n<p><a href=\"https:\/\/blog.edu.turku.fi\/kestavan-tulevaisuuden-ammattilaiset\/hankkeen-tuotokset\/4-hiilijalanjaljen-mittaaminen-ja-seuranta\/\">4. Hiilijalanj\u00e4ljen mittaaminen ja seuranta<\/a><\/p>\n","protected":false},"excerpt":{"rendered":"<p>KESTU-hankkeen ajan olemme kokoontuneet s\u00e4\u00e4nn\u00f6llisesti ty\u00f6ryhmiin k\u00e4sittelem\u00e4\u00e4n hankkeen teemoja. Ty\u00f6ryhmiss\u00e4 on ollut edustus kaikista verkoston oppilaitoksista. P\u00e4\u00e4set tutustumaan ty\u00f6ryhmiin alla olevista linkeist\u00e4. 1. Johtamisk\u00e4yt\u00e4nn\u00f6t ja toimintakulttuuri 2. Pedagogiset ratkaisut ja oppimisymp\u00e4rist\u00f6t 3. Osaamisen, alueiden ja ty\u00f6el\u00e4m\u00e4n kehitt\u00e4minen 4. Hiilijalanj\u00e4ljen mittaaminen ja seuranta<\/p>\n","protected":false},"author":3252,"featured_media":0,"parent":0,"menu_order":0,"comment_status":"closed","ping_status":"closed","template":"","meta":{"footnotes":""},"class_list":["post-186","page","type-page","status-publish","hentry"],"_links":{"self":[{"href":"https:\/\/blog.edu.turku.fi\/kestavan-tulevaisuuden-ammattilaiset\/wp-json\/wp\/v2\/pages\/186","targetHints":{"allow":["GET"]}}],"collection":[{"href":"https:\/\/blog.edu.turku.fi\/kestavan-tulevaisuuden-ammattilaiset\/wp-json\/wp\/v2\/pages"}],"about":[{"href":"https:\/\/blog.edu.turku.fi\/kestavan-tulevaisuuden-ammattilaiset\/wp-json\/wp\/v2\/types\/page"}],"author":[{"embeddable":true,"href":"https:\/\/blog.edu.turku.fi\/kestavan-tulevaisuuden-ammattilaiset\/wp-json\/wp\/v2\/users\/3252"}],"replies":[{"embeddable":true,"href":"https:\/\/blog.edu.turku.fi\/kestavan-tulevaisuuden-ammattilaiset\/wp-json\/wp\/v2\/comments?post=186"}],"version-history":[{"count":6,"href":"https:\/\/blog.edu.turku.fi\/kestavan-tulevaisuuden-ammattilaiset\/wp-json\/wp\/v2\/pages\/186\/revisions"}],"predecessor-version":[{"id":1023,"href":"https:\/\/blog.edu.turku.fi\/kestavan-tulevaisuuden-ammattilaiset\/wp-json\/wp\/v2\/pages\/186\/revisions\/1023"}],"wp:attachment":[{"href":"https:\/\/blog.edu.turku.fi\/kestavan-tulevaisuuden-ammattilaiset\/wp-json\/wp\/v2\/media?parent=186"}],"curies":[{"name":"wp","href":"https:\/\/api.w.org\/{rel}","templated":true}]}}