{"id":1106,"date":"2024-01-03T09:16:57","date_gmt":"2024-01-03T07:16:57","guid":{"rendered":"https:\/\/blog.edu.turku.fi\/kestavan-tulevaisuuden-ammattilaiset\/?page_id=1106"},"modified":"2024-01-03T09:17:24","modified_gmt":"2024-01-03T07:17:24","slug":"hiilijalanjaljen-laskenta","status":"publish","type":"page","link":"https:\/\/blog.edu.turku.fi\/kestavan-tulevaisuuden-ammattilaiset\/tredu\/hiilijalanjaljen-laskenta\/","title":{"rendered":"Hiilijalanj\u00e4ljen laskenta"},"content":{"rendered":"<h4><strong>Hiilijalanj\u00e4ljen laskennan perusteet Tredussa<\/strong><\/h4>\n<p>Tredu on mukana \u201dKest\u00e4v\u00e4n tulevaisuuden ammattilaiset\u201d hankkeessa nelj\u00e4n muun kunnallisen ammatillisen oppilaitoksen kanssa. Yksi Tredun hankesuunnitelmaan kirjatuista tavoitteista oli hiilijalanj\u00e4ljen laskeminen yhdess\u00e4 toimipisteess\u00e4, joksi valikoitui Mets\u00e4tie. Ensi vaiheessa laskettiin vuoden 2021 hiilijalanj\u00e4lki tavoitteena verrokki vuoteen 2022.<\/p>\n<p>Vuodenvaihteessa 2022-23 p\u00e4\u00e4tettiin laajentaa laskentaa vuoden 2022 osalta Santalahdentien, Lemp\u00e4\u00e4l\u00e4n ja Ajokinkujan toimipisteisiin. Lopulta kev\u00e4\u00e4ll\u00e4 2023 p\u00e4\u00e4dyttiin, ett\u00e4 hiilijalanj\u00e4lki lasketaan Tredun kaikkien toimipisteiden osalta. P\u00e4\u00e4t\u00f6kseen vaikutti paljon se, ett\u00e4 matkan varrella selvisi, kuinka paljon valmista tietoa on eri portaaleista helposti saatavilla. Ja Oppimisymp\u00e4rist\u00f6palveluista ja taloudesta saadut lis\u00e4k\u00e4det.<\/p>\n<h4><strong>Laskenta<\/strong><\/h4>\n<p>Laskennassa on k\u00e4ytetty VASKI-hankkeessa kehitetty\u00e4 GHG-protokollan mukaista laskentataulukkoa. Mallista on tarkoitus tehd\u00e4 yhteinen kaikille toisen asteen ammatillisille oppilaitoksille.<\/p>\n<table width=\"0\">\n<tbody>\n<tr>\n<td width=\"642\">Scope 1: Suorat p\u00e4\u00e4st\u00f6t, fossiiliset polttoaineet<\/td>\n<\/tr>\n<tr>\n<td width=\"642\">Scope 1: Suorat p\u00e4\u00e4st\u00f6t, kylm\u00e4aineet<\/td>\n<\/tr>\n<tr>\n<td width=\"642\">Scope 2: Ostetun ja\/tai itse tuotetun l\u00e4mp\u00f6energian p\u00e4\u00e4st\u00f6t<\/td>\n<\/tr>\n<tr>\n<td width=\"642\">Scope 2: Ostetun ja\/tai itse tuotetun s\u00e4hk\u00f6energian p\u00e4\u00e4st\u00f6t<\/td>\n<\/tr>\n<tr>\n<td width=\"642\">Scope 2: Ostetun ja\/tai itse tuotetun j\u00e4\u00e4hdytysenergian p\u00e4\u00e4st\u00f6t<\/td>\n<\/tr>\n<tr>\n<td width=\"642\">Scope 3: Hankinnat<\/td>\n<\/tr>\n<tr>\n<td width=\"642\">Scope 3: J\u00e4tteet<\/td>\n<\/tr>\n<tr>\n<td width=\"642\">Scope 3: Opiskelijaruokailut<\/td>\n<\/tr>\n<tr>\n<td width=\"642\">Scope 3: Ty\u00f6nantajan matkat (ml. Opiskelijavaihdon matkat)<\/td>\n<\/tr>\n<tr>\n<td width=\"642\">Scope 3 Polttoaineiden tuotanto ja jakelu<\/td>\n<\/tr>\n<tr>\n<td width=\"642\">Scope 3: Energian tuotanto ja jakelu<\/td>\n<\/tr>\n<\/tbody>\n<\/table>\n<p><strong>Scope 1, suorat p\u00e4\u00e4st\u00f6t<\/strong><\/p>\n<p>P\u00e4\u00e4osa p\u00e4\u00e4st\u00f6ist\u00e4 toimipisteiss\u00e4 syntyy scope 2:n ja 3:n sis\u00e4ll\u00f6ist\u00e4. Scope 1:n p\u00e4\u00e4st\u00f6j\u00e4 (mm. polttoaineet) syntyy mittavammin toimipisteiss\u00e4, joissa on logistiikan ja mets\u00e4konealan koulutusta (Hepolamminkatu, Mets\u00e4tie ja Nokia).<\/p>\n<p>T\u00e4ll\u00e4 hetkell\u00e4 olemme melkoisen muutoksen keskell\u00e4 juuri vaihtoehtoisten polttoaineiden suhteen. Teknologia kehittyy ja mm. s\u00e4hk\u00f6 ja kaasu on vahvasti tulossa my\u00f6s raskaanliikenteen polttoaineeksi.\u00a0Kehityst\u00e4 jarruttaa se, ett\u00e4 nykyisen raskaan kuljetuskaluston uusiminen vaatii mittavia investointeja.<\/p>\n<p><strong>Scope 2, ep\u00e4suorat p\u00e4\u00e4st\u00f6t, ostettu energia<\/strong><\/p>\n<p>Tredulla on 14 toimipistett\u00e4 ja sit\u00e4 kautta paljon neli\u00f6it\u00e4 eri puolella Pirkanmaata. L\u00e4mmitykseen k\u00e4ytetty kaukol\u00e4mp\u00f6energia, k\u00e4ytt\u00f6s\u00e4hk\u00f6 ja kulutetun veden m\u00e4\u00e4r\u00e4 saatiin keskitetysti toimipisteitt\u00e4in Enerkey energianhallinta- ja vastuullisuusraportointi palvelun kautta. Syksyll\u00e4 2022 pudotettiin kaikissa Tredun kiinteist\u00f6ss\u00e4 asteella l\u00e4mp\u00f6tiloja ja toimenpiteell\u00e4 oli vaikutusta kaukol\u00e4mp\u00f6energian kulutukseen. Kiinteist\u00f6tekniikkaan tehdyill\u00e4 muutoksilla on saatu merkitt\u00e4vi\u00e4 s\u00e4\u00e4st\u00f6j\u00e4 aikaan \u2013 sek\u00e4 p\u00e4\u00e4st\u00f6iss\u00e4 ett\u00e4 euroissa (Energiatehokkuuskartoitus L&amp;T). Kehitysty\u00f6 jatkuu.<\/p>\n<p>Kiinteist\u00f6jen ja neli\u00f6iden m\u00e4\u00e4r\u00e4 sek\u00e4 niiden k\u00e4ytt\u00f6aste on jatkossa tarkasteltava. N\u00e4ill\u00e4 voidaan varsin paljon vaikuttaa hiilijalanj\u00e4lkeen.<\/p>\n<p>Vuoden 2022 aikana valmistuivat aurinkovoimalat Hepolamminkadun, Pallotien ja Santalahdentien toimipisteisiin. Vuoden 2023 aikana Pirkkalan ja Nokian toimipisteille ovat valmistuneet aurinkovoimalat. Vuoden 2022 laskentaan n\u00e4iden voimaloiden tuotoksia ei ole otettu mukaan. Lis\u00e4ksi Virta-kampukselle on tulossa ensi vuonna iso VILP-hanke (vesi-ilma l\u00e4mp\u00f6pumppu), jolla saadaan isoja s\u00e4\u00e4st\u00f6j\u00e4 energiakustannuksissa.\u00a0\u00a0Edell\u00e4 mainituista saatava energia tulee v\u00e4hent\u00e4m\u00e4\u00e4n ostetun k\u00e4ytt\u00f6s\u00e4hk\u00f6n m\u00e4\u00e4r\u00e4\u00e4 l\u00e4hitulevaisuudessa.<\/p>\n<p><strong>Scope 3, ep\u00e4suorat p\u00e4\u00e4st\u00f6t, toiminnasta aiheutuvat p\u00e4\u00e4st\u00f6t<\/strong>\u00a0(rajaukset laskennassa):<\/p>\n<ul>\n<li>Matkakuluissa otettiin mukaan ty\u00f6nantajan maksamat oman auton k\u00e4yt\u00f6st\u00e4 johtuvat kulut, ty\u00f6matkat paikallisliikenteess\u00e4 sek\u00e4 juna- ja lentomatkat.<\/li>\n<li>Hankintojen p\u00e4\u00e4st\u00f6t laskettiin europerusteisina. Tampereen kaupungilla selke\u00e4 tilikartta muihin oppilaitoksiin verrattuna, mik\u00e4 helpottaa laskentaa.<\/li>\n<li>Opiskelijaruokailujen p\u00e4\u00e4st\u00f6t laskettiin europerusteisina.<\/li>\n<li>J\u00e4tteiden osalta dataa on saatavilla hyvin, mutta sen paikkansapit\u00e4vyydess\u00e4 huomattiin ongelmia. Raportit ovat saatavilla Pirkanmaan J\u00e4tehuolto Oy:lt\u00e4 toimipisteitt\u00e4in ja j\u00e4telajeittain. Laskutusperuste useimmissa ovat noudetut kilot\/tonnit. Tilanne on ollut se, ett\u00e4 jos esimerkiksi 600 litran kartonkilaatikko tyhjennet\u00e4\u00e4n, laskutusperuste on sama, on laatikko t\u00e4ynn\u00e4 vai onko siell\u00e4 yksi pahvilaatikko \u2013 t\u00e4ydest\u00e4 laatikosta laskutetaan aina.<\/li>\n<\/ul>\n<h4><strong>Mit\u00e4 jatkossa?<\/strong><\/h4>\n<ul>\n<li>Tredussa on p\u00e4\u00e4tetty jatkaa hiilijalanj\u00e4ljenlaskentaa my\u00f6s KESTU-hankkeen p\u00e4\u00e4ttymisen j\u00e4lkeen<\/li>\n<li>Toimipisteille ja tutkintoaloille haaste, miten hiilijalanj\u00e4lke\u00e4 pienennet\u00e4\u00e4n \u2013 keskittyminen oleellisiin kohtiin<\/li>\n<li><strong>Tavoitteena Tredun hiilijalanj\u00e4ljen pienent\u00e4minen vuoteen 2025 menness\u00e4 20 %.<\/strong><\/li>\n<\/ul>\n","protected":false},"excerpt":{"rendered":"<p>Hiilijalanj\u00e4ljen laskennan perusteet Tredussa Tredu on mukana \u201dKest\u00e4v\u00e4n tulevaisuuden ammattilaiset\u201d hankkeessa nelj\u00e4n muun kunnallisen ammatillisen oppilaitoksen kanssa. Yksi Tredun hankesuunnitelmaan kirjatuista tavoitteista oli hiilijalanj\u00e4ljen laskeminen yhdess\u00e4 toimipisteess\u00e4, joksi valikoitui Mets\u00e4tie. Ensi vaiheessa laskettiin vuoden 2021 hiilijalanj\u00e4lki tavoitteena verrokki vuoteen 2022. Vuodenvaihteessa 2022-23 p\u00e4\u00e4tettiin laajentaa laskentaa vuoden 2022 osalta Santalahdentien, Lemp\u00e4\u00e4l\u00e4n ja Ajokinkujan toimipisteisiin. Lopulta kev\u00e4\u00e4ll\u00e4 &hellip; <a href=\"https:\/\/blog.edu.turku.fi\/kestavan-tulevaisuuden-ammattilaiset\/tredu\/hiilijalanjaljen-laskenta\/\" class=\"more-link\">Jatka lukemista<span class=\"screen-reader-text\"> &#8221;Hiilijalanj\u00e4ljen laskenta&#8221;<\/span><\/a><\/p>\n","protected":false},"author":3252,"featured_media":0,"parent":1040,"menu_order":0,"comment_status":"closed","ping_status":"closed","template":"","meta":{"footnotes":""},"class_list":["post-1106","page","type-page","status-publish","hentry"],"_links":{"self":[{"href":"https:\/\/blog.edu.turku.fi\/kestavan-tulevaisuuden-ammattilaiset\/wp-json\/wp\/v2\/pages\/1106","targetHints":{"allow":["GET"]}}],"collection":[{"href":"https:\/\/blog.edu.turku.fi\/kestavan-tulevaisuuden-ammattilaiset\/wp-json\/wp\/v2\/pages"}],"about":[{"href":"https:\/\/blog.edu.turku.fi\/kestavan-tulevaisuuden-ammattilaiset\/wp-json\/wp\/v2\/types\/page"}],"author":[{"embeddable":true,"href":"https:\/\/blog.edu.turku.fi\/kestavan-tulevaisuuden-ammattilaiset\/wp-json\/wp\/v2\/users\/3252"}],"replies":[{"embeddable":true,"href":"https:\/\/blog.edu.turku.fi\/kestavan-tulevaisuuden-ammattilaiset\/wp-json\/wp\/v2\/comments?post=1106"}],"version-history":[{"count":2,"href":"https:\/\/blog.edu.turku.fi\/kestavan-tulevaisuuden-ammattilaiset\/wp-json\/wp\/v2\/pages\/1106\/revisions"}],"predecessor-version":[{"id":1109,"href":"https:\/\/blog.edu.turku.fi\/kestavan-tulevaisuuden-ammattilaiset\/wp-json\/wp\/v2\/pages\/1106\/revisions\/1109"}],"up":[{"embeddable":true,"href":"https:\/\/blog.edu.turku.fi\/kestavan-tulevaisuuden-ammattilaiset\/wp-json\/wp\/v2\/pages\/1040"}],"wp:attachment":[{"href":"https:\/\/blog.edu.turku.fi\/kestavan-tulevaisuuden-ammattilaiset\/wp-json\/wp\/v2\/media?parent=1106"}],"curies":[{"name":"wp","href":"https:\/\/api.w.org\/{rel}","templated":true}]}}