{"id":1095,"date":"2023-12-20T14:44:33","date_gmt":"2023-12-20T12:44:33","guid":{"rendered":"https:\/\/blog.edu.turku.fi\/kestavan-tulevaisuuden-ammattilaiset\/?page_id=1095"},"modified":"2023-12-20T14:44:51","modified_gmt":"2023-12-20T12:44:51","slug":"kestavyyssuunnitelma","status":"publish","type":"page","link":"https:\/\/blog.edu.turku.fi\/kestavan-tulevaisuuden-ammattilaiset\/tai\/kestavyyssuunnitelma\/","title":{"rendered":"Kest\u00e4vyyssuunnitelma"},"content":{"rendered":"<p>Turun ammatti-instituutissa halutaan huomioida kest\u00e4v\u00e4 kehitys ja tuoda se yh\u00e4 paremmin osaksi instituutin arkea. KESTU-hankkeessa on luotu TAI:n kest\u00e4vyyssuunnitelma, jossa kuvataan TAI:n kest\u00e4vyystavoitteet ja vuosittaiset toimenpiteet tavoitteiden saavuttamiseksi.<br \/>\nTavoitteet ja toimenpiteet\u00a0 on kuvattu interaktiivisessa esityksess\u00e4, joka avautuu klikkaamalla alla olevaa kuvaa tai t\u00e4st\u00e4 <a href=\"https:\/\/www.thinglink.com\/card\/1712797647015773028\" target=\"_blank\" rel=\"noopener\">linkist\u00e4<\/a>. Esityksen nappeja painamalla p\u00e4\u00e4set tutustumaan jokaisen vuoden toimenpiteisiin sek\u00e4 tavoitteisiin, joihin TAI t\u00e4ht\u00e4\u00e4 vuoteen 2027 menness\u00e4.<\/p>\n<p><a href=\"https:\/\/www.thinglink.com\/card\/1712797647015773028\" target=\"_blank\" rel=\"noopener\"><img loading=\"lazy\" decoding=\"async\" class=\"alignleft wp-image-1096 size-medium\" src=\"https:\/\/blog.edu.turku.fi\/kestavan-tulevaisuuden-ammattilaiset\/files\/2023\/12\/Kestu-polku-TAITO-kampus-nosto-9.8-241x300.png\" alt=\"\" width=\"241\" height=\"300\" srcset=\"https:\/\/blog.edu.turku.fi\/kestavan-tulevaisuuden-ammattilaiset\/files\/2023\/12\/Kestu-polku-TAITO-kampus-nosto-9.8-241x300.png 241w, https:\/\/blog.edu.turku.fi\/kestavan-tulevaisuuden-ammattilaiset\/files\/2023\/12\/Kestu-polku-TAITO-kampus-nosto-9.8.png 823w\" sizes=\"auto, (max-width: 241px) 85vw, 241px\" \/><\/a><\/p>\n","protected":false},"excerpt":{"rendered":"<p>Turun ammatti-instituutissa halutaan huomioida kest\u00e4v\u00e4 kehitys ja tuoda se yh\u00e4 paremmin osaksi instituutin arkea. KESTU-hankkeessa on luotu TAI:n kest\u00e4vyyssuunnitelma, jossa kuvataan TAI:n kest\u00e4vyystavoitteet ja vuosittaiset toimenpiteet tavoitteiden saavuttamiseksi. Tavoitteet ja toimenpiteet\u00a0 on kuvattu interaktiivisessa esityksess\u00e4, joka avautuu klikkaamalla alla olevaa kuvaa tai t\u00e4st\u00e4 linkist\u00e4. Esityksen nappeja painamalla p\u00e4\u00e4set tutustumaan jokaisen vuoden toimenpiteisiin sek\u00e4 tavoitteisiin, joihin &hellip; <a href=\"https:\/\/blog.edu.turku.fi\/kestavan-tulevaisuuden-ammattilaiset\/tai\/kestavyyssuunnitelma\/\" class=\"more-link\">Jatka lukemista<span class=\"screen-reader-text\"> &#8221;Kest\u00e4vyyssuunnitelma&#8221;<\/span><\/a><\/p>\n","protected":false},"author":3252,"featured_media":0,"parent":679,"menu_order":0,"comment_status":"closed","ping_status":"closed","template":"","meta":{"footnotes":""},"class_list":["post-1095","page","type-page","status-publish","hentry"],"_links":{"self":[{"href":"https:\/\/blog.edu.turku.fi\/kestavan-tulevaisuuden-ammattilaiset\/wp-json\/wp\/v2\/pages\/1095","targetHints":{"allow":["GET"]}}],"collection":[{"href":"https:\/\/blog.edu.turku.fi\/kestavan-tulevaisuuden-ammattilaiset\/wp-json\/wp\/v2\/pages"}],"about":[{"href":"https:\/\/blog.edu.turku.fi\/kestavan-tulevaisuuden-ammattilaiset\/wp-json\/wp\/v2\/types\/page"}],"author":[{"embeddable":true,"href":"https:\/\/blog.edu.turku.fi\/kestavan-tulevaisuuden-ammattilaiset\/wp-json\/wp\/v2\/users\/3252"}],"replies":[{"embeddable":true,"href":"https:\/\/blog.edu.turku.fi\/kestavan-tulevaisuuden-ammattilaiset\/wp-json\/wp\/v2\/comments?post=1095"}],"version-history":[{"count":1,"href":"https:\/\/blog.edu.turku.fi\/kestavan-tulevaisuuden-ammattilaiset\/wp-json\/wp\/v2\/pages\/1095\/revisions"}],"predecessor-version":[{"id":1098,"href":"https:\/\/blog.edu.turku.fi\/kestavan-tulevaisuuden-ammattilaiset\/wp-json\/wp\/v2\/pages\/1095\/revisions\/1098"}],"up":[{"embeddable":true,"href":"https:\/\/blog.edu.turku.fi\/kestavan-tulevaisuuden-ammattilaiset\/wp-json\/wp\/v2\/pages\/679"}],"wp:attachment":[{"href":"https:\/\/blog.edu.turku.fi\/kestavan-tulevaisuuden-ammattilaiset\/wp-json\/wp\/v2\/media?parent=1095"}],"curies":[{"name":"wp","href":"https:\/\/api.w.org\/{rel}","templated":true}]}}