{"id":1091,"date":"2023-12-20T14:35:07","date_gmt":"2023-12-20T12:35:07","guid":{"rendered":"https:\/\/blog.edu.turku.fi\/kestavan-tulevaisuuden-ammattilaiset\/?page_id=1091"},"modified":"2023-12-20T14:35:48","modified_gmt":"2023-12-20T12:35:48","slug":"osaamislupaukset","status":"publish","type":"page","link":"https:\/\/blog.edu.turku.fi\/kestavan-tulevaisuuden-ammattilaiset\/tai\/osaamislupaukset\/","title":{"rendered":"Osaamislupaukset"},"content":{"rendered":"<p>Tutkinnon perusteissa yhten\u00e4 vaatimuksena mainitaan \u201dosaa toimia kest\u00e4v\u00e4n kehityksen periaatteiden mukaisesti\u201d. T\u00e4m\u00e4n vaatimuksen sis\u00e4lt\u00f6 voi kuitenkin vaihdella merkitt\u00e4v\u00e4sti eri ammattialoilla. Kest\u00e4v\u00e4n kehityksen toimintaa onkin avattu alakohtaisissa Vastuullisuuden osaamislupauksissa.<\/p>\n<p>Osaamislupaukset on tarkoitettu niin opettajille ja opiskelijoille kuin ty\u00f6nantajillekin. Ne kertovat, mit\u00e4 kest\u00e4vyysosaaminen konkreettisesti tarkoittaa tietyn alan t\u00f6iss\u00e4. Ty\u00f6nantajalle ne toimivat lupauksena TAI:sta valmistuvan opiskelijan osaamistasosta.<\/p>\n<h3>Aninkainen<\/h3>\n<p><a href=\"https:\/\/blog.edu.turku.fi\/kekeperehdytys\/files\/2023\/11\/Leipuri-kondiittori.pdf\" target=\"_blank\" rel=\"noopener\"><img loading=\"lazy\" decoding=\"async\" class=\"alignleft wp-image-322 size-thumbnail\" src=\"https:\/\/blog.edu.turku.fi\/kekeperehdytys\/files\/2023\/11\/Leipuri-kondiittori-150x150.png\" alt=\"\" width=\"150\" height=\"150\" \/><\/a><\/p>\n<p><a href=\"https:\/\/blog.edu.turku.fi\/kekeperehdytys\/files\/2023\/11\/Elintarvikkeiden-valmistaja.pdf\" target=\"_blank\" rel=\"noopener\"><img loading=\"lazy\" decoding=\"async\" class=\"alignleft wp-image-319 size-thumbnail\" src=\"https:\/\/blog.edu.turku.fi\/kekeperehdytys\/files\/2023\/11\/Elintarvikkeiden-valmistaja-150x150.png\" alt=\"\" width=\"150\" height=\"150\" \/><\/a><a href=\"https:\/\/blog.edu.turku.fi\/kekeperehdytys\/files\/2023\/11\/Kokki-2.11.2023.pdf\" target=\"_blank\" rel=\"noopener\"><img loading=\"lazy\" decoding=\"async\" class=\"alignleft wp-image-321 size-thumbnail\" src=\"https:\/\/blog.edu.turku.fi\/kekeperehdytys\/files\/2023\/11\/Kokki-150x150.png\" alt=\"\" width=\"150\" height=\"150\" \/><\/a><a href=\"https:\/\/blog.edu.turku.fi\/kekeperehdytys\/files\/2023\/11\/Tarjoilija-2.11.2023-1.pdf\" target=\"_blank\" rel=\"noopener\"><img loading=\"lazy\" decoding=\"async\" class=\"alignleft wp-image-324 size-thumbnail\" src=\"https:\/\/blog.edu.turku.fi\/kekeperehdytys\/files\/2023\/11\/Tarjoilija-150x150.png\" alt=\"\" width=\"150\" height=\"150\" \/><\/a><a href=\"https:\/\/blog.edu.turku.fi\/kekeperehdytys\/files\/2023\/11\/Tekstiili-ja-muotiala-2.11.2023.pdf\" target=\"_blank\" rel=\"noopener\"><img loading=\"lazy\" decoding=\"async\" class=\"alignleft wp-image-325 size-thumbnail\" src=\"https:\/\/blog.edu.turku.fi\/kekeperehdytys\/files\/2023\/11\/Tekstiili-ja-muotiala-150x150.png\" alt=\"\" width=\"150\" height=\"150\" \/><\/a><a href=\"https:\/\/blog.edu.turku.fi\/kekeperehdytys\/files\/2023\/11\/Hika-1.11.2023.pdf\" target=\"_blank\" rel=\"noopener\"><img loading=\"lazy\" decoding=\"async\" class=\"alignleft wp-image-320 size-thumbnail\" src=\"https:\/\/blog.edu.turku.fi\/kekeperehdytys\/files\/2023\/11\/Hius-ja-kauneudenhoitoala-150x150.png\" alt=\"\" width=\"150\" height=\"150\" \/><\/a> <a href=\"https:\/\/blog.edu.turku.fi\/kekeperehdytys\/files\/2023\/11\/Puhtaus-ja-kiinteistopalveluala-7.11.2023.pdf\" target=\"_blank\" rel=\"noopener\"><img loading=\"lazy\" decoding=\"async\" class=\"alignleft wp-image-323 size-thumbnail\" src=\"https:\/\/blog.edu.turku.fi\/kekeperehdytys\/files\/2023\/11\/Puhtaus-ja-kiinteistopalveluala-150x150.png\" alt=\"\" width=\"150\" height=\"150\" \/><\/a><\/p>\n<p>&nbsp;<\/p>\n<p><a href=\"https:\/\/blog.edu.turku.fi\/kekeperehdytys\/files\/2023\/11\/TUVA-ja-AIPE-2.11.2023.pdf\" target=\"_blank\" rel=\"noopener\"><img loading=\"lazy\" decoding=\"async\" class=\"alignleft wp-image-326 size-thumbnail\" src=\"https:\/\/blog.edu.turku.fi\/kekeperehdytys\/files\/2023\/11\/Tuva-ja-aipe-150x150.png\" alt=\"\" width=\"150\" height=\"150\" \/><\/a><\/p>\n<p>&nbsp;<\/p>\n<p>&nbsp;<\/p>\n<p>&nbsp;<\/p>\n<p>&nbsp;<\/p>\n<p>&nbsp;<\/p>\n<h3>Juhannuskukkula<\/h3>\n<p><a href=\"https:\/\/blog.edu.turku.fi\/kekeperehdytys\/files\/2023\/11\/Laborantti-3.11.2023.pdf\" target=\"_blank\" rel=\"noopener\"><img loading=\"lazy\" decoding=\"async\" class=\"alignleft wp-image-328 size-thumbnail\" src=\"https:\/\/blog.edu.turku.fi\/kekeperehdytys\/files\/2023\/11\/Laborantti-150x150.png\" alt=\"\" width=\"150\" height=\"150\" \/><\/a> <a href=\"https:\/\/blog.edu.turku.fi\/kekeperehdytys\/files\/2023\/11\/Mediapalvelujen-toteuttaja-2.11.2023.pdf\" target=\"_blank\" rel=\"noopener\"><img loading=\"lazy\" decoding=\"async\" class=\"alignleft wp-image-333 size-thumbnail\" src=\"https:\/\/blog.edu.turku.fi\/kekeperehdytys\/files\/2023\/11\/Mediapalvelujen-toteuttaja-1-150x150.png\" alt=\"\" width=\"150\" height=\"150\" \/><\/a> <a href=\"https:\/\/blog.edu.turku.fi\/kekeperehdytys\/files\/2023\/11\/Sahko-ja-automaatioasentaja-2.11.2023.pdf\" target=\"_blank\" rel=\"noopener\"><img loading=\"lazy\" decoding=\"async\" class=\"alignleft wp-image-330 size-thumbnail\" src=\"https:\/\/blog.edu.turku.fi\/kekeperehdytys\/files\/2023\/11\/Sahko-ja-automaatioasentaja-150x150.png\" alt=\"\" width=\"150\" height=\"150\" \/><\/a> <a href=\"https:\/\/blog.edu.turku.fi\/kekeperehdytys\/files\/2023\/11\/Tieto-ja-viestintatekniikka-3.11.2023.pdf\" target=\"_blank\" rel=\"noopener\"><img loading=\"lazy\" decoding=\"async\" class=\"alignleft wp-image-331 size-thumbnail\" src=\"https:\/\/blog.edu.turku.fi\/kekeperehdytys\/files\/2023\/11\/Tieto-ja-viestintatekniikka-150x150.png\" alt=\"\" width=\"150\" height=\"150\" \/><\/a> <a href=\"https:\/\/blog.edu.turku.fi\/kekeperehdytys\/files\/2023\/11\/Turvallisuusvalvoja-2.11.2023-1.pdf\" target=\"_blank\" rel=\"noopener\"><img loading=\"lazy\" decoding=\"async\" class=\"alignleft wp-image-332 size-thumbnail\" src=\"https:\/\/blog.edu.turku.fi\/kekeperehdytys\/files\/2023\/11\/Turvallisuusvalvoja-150x150.png\" alt=\"\" width=\"150\" height=\"150\" \/><\/a><\/p>\n<p>&nbsp;<\/p>\n<p>&nbsp;<\/p>\n<p>&nbsp;<\/p>\n<p>&nbsp;<\/p>\n<p>&nbsp;<\/p>\n<p>&nbsp;<\/p>\n<h3>Kuormakatu<\/h3>\n<p><a href=\"https:\/\/blog.edu.turku.fi\/kekeperehdytys\/files\/2023\/11\/Linja-autonkuljettaja-2.11.2023.pdf\" target=\"_blank\" rel=\"noopener\"><img loading=\"lazy\" decoding=\"async\" class=\"alignleft wp-image-335 size-thumbnail\" src=\"https:\/\/blog.edu.turku.fi\/kekeperehdytys\/files\/2023\/11\/Linja-autonkuljettaja-150x150.png\" alt=\"\" width=\"150\" height=\"150\" \/><\/a><a href=\"https:\/\/blog.edu.turku.fi\/kekeperehdytys\/files\/2023\/11\/Kuorma-ja-yhdistelmaajoneuvon-kuljettaja-2.11.2023.pdf\" target=\"_blank\" rel=\"noopener\"><img loading=\"lazy\" decoding=\"async\" class=\"alignleft wp-image-338 size-thumbnail\" src=\"https:\/\/blog.edu.turku.fi\/kekeperehdytys\/files\/2023\/11\/Kuorma-ja-yhdistelmaajoneuvon-kuljettaja-1-150x150.png\" alt=\"\" width=\"150\" height=\"150\" \/><\/a> <a href=\"https:\/\/blog.edu.turku.fi\/kekeperehdytys\/files\/2023\/11\/Palvelulogistiikkatyontekija-2.11.2023.pdf\" target=\"_blank\" rel=\"noopener\"><img loading=\"lazy\" decoding=\"async\" class=\"alignleft wp-image-336 size-thumbnail\" src=\"https:\/\/blog.edu.turku.fi\/kekeperehdytys\/files\/2023\/11\/Palvelulogistiikkatyontekija-150x150.png\" alt=\"\" width=\"150\" height=\"150\" \/><\/a><\/p>\n<p>&nbsp;<\/p>\n<p>&nbsp;<\/p>\n<p>&nbsp;<\/p>\n<h3>Peltola<\/h3>\n<p><a href=\"https:\/\/blog.edu.turku.fi\/kekeperehdytys\/files\/2023\/11\/Kiinteistonhoitaja-2.11.2023.pdf\" target=\"_blank\" rel=\"noopener\"><img loading=\"lazy\" decoding=\"async\" class=\"alignleft wp-image-339 size-thumbnail\" src=\"https:\/\/blog.edu.turku.fi\/kekeperehdytys\/files\/2023\/11\/Kiinteistonhoitaja-150x150.png\" alt=\"\" width=\"150\" height=\"150\" \/><\/a> <a href=\"https:\/\/blog.edu.turku.fi\/kekeperehdytys\/files\/2023\/11\/Puuseppa-2.11.2023.pdf\" target=\"_blank\" rel=\"noopener\"><img loading=\"lazy\" decoding=\"async\" class=\"alignleft wp-image-341 size-thumbnail\" src=\"https:\/\/blog.edu.turku.fi\/kekeperehdytys\/files\/2023\/11\/Puuseppa-150x150.png\" alt=\"\" width=\"150\" height=\"150\" \/><\/a><a href=\"https:\/\/blog.edu.turku.fi\/kekeperehdytys\/files\/2023\/11\/Putkiasentaja.pdf\" target=\"_blank\" rel=\"noopener\"><img loading=\"lazy\" decoding=\"async\" class=\"alignleft wp-image-372 size-thumbnail\" src=\"https:\/\/blog.edu.turku.fi\/kekeperehdytys\/files\/2023\/11\/Putkiasentaja-1-150x150.png\" alt=\"\" width=\"150\" height=\"150\" \/><\/a><\/p>\n<p><a href=\"https:\/\/blog.edu.turku.fi\/kekeperehdytys\/files\/2023\/11\/Ilmanvaihtoasentaja.pdf\" target=\"_blank\" rel=\"noopener\"><img loading=\"lazy\" decoding=\"async\" class=\"alignleft wp-image-370 size-thumbnail\" src=\"https:\/\/blog.edu.turku.fi\/kekeperehdytys\/files\/2023\/11\/Ilmanvaihtoasentaja-150x150.png\" alt=\"\" width=\"150\" height=\"150\" \/><\/a><\/p>\n<h3 style=\"line-height: 1.21739\"><a href=\"https:\/\/blog.edu.turku.fi\/kekeperehdytys\/files\/2023\/11\/Rakennusala-2.11.2023.pdf\" target=\"_blank\" rel=\"noopener\"><img loading=\"lazy\" decoding=\"async\" class=\"alignleft wp-image-361 size-thumbnail\" src=\"https:\/\/blog.edu.turku.fi\/kekeperehdytys\/files\/2023\/11\/Talonrakennus-150x150.png\" alt=\"\" width=\"150\" height=\"150\" \/><\/a><img loading=\"lazy\" decoding=\"async\" class=\"alignleft wp-image-371 size-thumbnail\" src=\"https:\/\/blog.edu.turku.fi\/kekeperehdytys\/files\/2023\/11\/Kylmaasentaja-150x150.png\" alt=\"\" width=\"150\" height=\"150\" \/> <a href=\"https:\/\/blog.edu.turku.fi\/kekeperehdytys\/files\/2023\/11\/Ajoneuvoasentaja-8.11.2023.pdf\"><img loading=\"lazy\" decoding=\"async\" class=\"alignleft wp-image-395 size-thumbnail\" src=\"https:\/\/blog.edu.turku.fi\/kekeperehdytys\/files\/2023\/11\/Ajoneuvoasentaja-kuva-1-150x150.png\" alt=\"\" width=\"150\" height=\"150\" \/><\/a> <a href=\"https:\/\/blog.edu.turku.fi\/kekeperehdytys\/files\/2023\/12\/Koneasentaja.pdf\"><img loading=\"lazy\" decoding=\"async\" class=\"alignleft wp-image-443 size-thumbnail\" src=\"https:\/\/blog.edu.turku.fi\/kekeperehdytys\/files\/2023\/12\/koneasentaja-kuvake-150x150.png\" alt=\"\" width=\"150\" height=\"150\" \/><\/a> <a href=\"https:\/\/blog.edu.turku.fi\/kekeperehdytys\/files\/2023\/12\/koneistaja.pdf\"><img loading=\"lazy\" decoding=\"async\" class=\"alignleft wp-image-437 size-thumbnail\" src=\"https:\/\/blog.edu.turku.fi\/kekeperehdytys\/files\/2023\/11\/koneistaja-kuvake-1-150x150.png\" alt=\"\" width=\"150\" height=\"150\" \/><\/a>\u00a0 <a href=\"https:\/\/blog.edu.turku.fi\/kekeperehdytys\/files\/2023\/12\/levyseppahitsaaja.pdf\"><img loading=\"lazy\" decoding=\"async\" class=\"alignleft wp-image-435 size-thumbnail\" src=\"https:\/\/blog.edu.turku.fi\/kekeperehdytys\/files\/2023\/11\/levyseppahitsaaja-kuvake-1-150x150.png\" alt=\"\" width=\"150\" height=\"150\" \/><\/a><\/h3>\n<p>&nbsp;<\/p>\n<h3>Lemmink\u00e4isenkatu<\/h3>\n<p><a href=\"https:\/\/blog.edu.turku.fi\/kekeperehdytys\/files\/2023\/11\/TUVA-ja-AIPE-2.11.2023-1.pdf\" target=\"_blank\" rel=\"noopener\"><img loading=\"lazy\" decoding=\"async\" class=\"alignleft wp-image-349 size-thumbnail\" src=\"https:\/\/blog.edu.turku.fi\/kekeperehdytys\/files\/2023\/11\/Tuva-ja-aipe-1-150x150.png\" alt=\"\" width=\"150\" height=\"150\" \/><\/a><a href=\"https:\/\/blog.edu.turku.fi\/kekeperehdytys\/files\/2023\/11\/Tarjoilija-2.11.2023-1.pdf\" target=\"_blank\" rel=\"noopener\"><img loading=\"lazy\" decoding=\"async\" class=\"alignleft wp-image-321 size-thumbnail\" src=\"https:\/\/blog.edu.turku.fi\/kekeperehdytys\/files\/2023\/11\/Kokki-150x150.png\" alt=\"\" width=\"150\" height=\"150\" \/><img loading=\"lazy\" decoding=\"async\" class=\"alignleft wp-image-324 size-thumbnail\" src=\"https:\/\/blog.edu.turku.fi\/kekeperehdytys\/files\/2023\/11\/Tarjoilija-150x150.png\" alt=\"\" width=\"150\" height=\"150\" \/><\/a><a href=\"https:\/\/blog.edu.turku.fi\/kekeperehdytys\/files\/2023\/11\/Matkailu-2.11.2023.pdf\" target=\"_blank\" rel=\"noopener\"><img loading=\"lazy\" decoding=\"async\" class=\"alignleft wp-image-352 size-thumbnail\" src=\"https:\/\/blog.edu.turku.fi\/kekeperehdytys\/files\/2023\/11\/Matkailuala-150x150.png\" alt=\"\" width=\"150\" height=\"150\" \/><\/a><\/p>\n<h3>Ruiskatu \/ sosiaali- ja terveysala<\/h3>\n<p><a href=\"https:\/\/blog.edu.turku.fi\/kekeperehdytys\/files\/2023\/11\/Avustaja-2.11.2023.pdf\" target=\"_blank\" rel=\"noopener\"><img loading=\"lazy\" decoding=\"async\" class=\"alignleft wp-image-343 size-thumbnail\" src=\"https:\/\/blog.edu.turku.fi\/kekeperehdytys\/files\/2023\/11\/Avustaja-150x150.png\" alt=\"\" width=\"150\" height=\"150\" \/><\/a> <a href=\"https:\/\/blog.edu.turku.fi\/kekeperehdytys\/files\/2023\/11\/LPT-2.11.2023.pdf\" target=\"_blank\" rel=\"noopener\"><img loading=\"lazy\" decoding=\"async\" class=\"alignleft wp-image-344 size-thumbnail\" src=\"https:\/\/blog.edu.turku.fi\/kekeperehdytys\/files\/2023\/11\/Liikuntaneuvoja-150x150.png\" alt=\"\" width=\"150\" height=\"150\" \/><\/a> <a href=\"https:\/\/blog.edu.turku.fi\/kekeperehdytys\/files\/2023\/11\/Lahihoitaja-2.11.2023.pdf\" target=\"_blank\" rel=\"noopener\"><img loading=\"lazy\" decoding=\"async\" class=\"alignleft wp-image-345 size-thumbnail\" src=\"https:\/\/blog.edu.turku.fi\/kekeperehdytys\/files\/2023\/11\/Lahihoitaja-150x150.png\" alt=\"\" width=\"150\" height=\"150\" \/><\/a> <a href=\"https:\/\/blog.edu.turku.fi\/kekeperehdytys\/files\/2023\/11\/Laaketeknikko-2.11.2023.pdf\" target=\"_blank\" rel=\"noopener\"><img loading=\"lazy\" decoding=\"async\" class=\"alignleft wp-image-346 size-thumbnail\" src=\"https:\/\/blog.edu.turku.fi\/kekeperehdytys\/files\/2023\/11\/Laaketeknikko-150x150.png\" alt=\"\" width=\"150\" height=\"150\" \/><\/a> <a href=\"https:\/\/blog.edu.turku.fi\/kekeperehdytys\/files\/2023\/11\/Perustason-ensihoitaja-2.11.2023.pdf\" target=\"_blank\" rel=\"noopener\"><img loading=\"lazy\" decoding=\"async\" class=\"alignleft wp-image-347 size-thumbnail\" src=\"https:\/\/blog.edu.turku.fi\/kekeperehdytys\/files\/2023\/11\/Perustason-ensihoitaja-150x150.png\" alt=\"\" width=\"150\" height=\"150\" \/><\/a> <a href=\"https:\/\/blog.edu.turku.fi\/kekeperehdytys\/files\/2023\/11\/Valinehuoltaja-2.11.2023.pdf\" target=\"_blank\" rel=\"noopener\"><img loading=\"lazy\" decoding=\"async\" class=\"alignleft wp-image-348 size-thumbnail\" src=\"https:\/\/blog.edu.turku.fi\/kekeperehdytys\/files\/2023\/11\/Valinehuoltaja-150x150.png\" alt=\"\" width=\"150\" height=\"150\" \/><\/a><\/p>\n<p>&nbsp;<\/p>\n<p>&nbsp;<\/p>\n<p>&nbsp;<\/p>\n<p>&nbsp;<\/p>\n<p>&nbsp;<\/p>\n<h3>Ruiskatu \/ liiketoiminta<\/h3>\n<p><a href=\"https:\/\/blog.edu.turku.fi\/kekeperehdytys\/files\/2023\/11\/Merkonomi.pdf\" target=\"_blank\" rel=\"noopener\"><img loading=\"lazy\" decoding=\"async\" class=\"alignleft wp-image-353 size-thumbnail\" src=\"https:\/\/blog.edu.turku.fi\/kekeperehdytys\/files\/2023\/11\/Merkonomi-150x150.png\" alt=\"\" width=\"150\" height=\"150\" \/><\/a> <a href=\"https:\/\/blog.edu.turku.fi\/kekeperehdytys\/files\/2023\/11\/Myynti.pdf\" target=\"_blank\" rel=\"noopener\"><img loading=\"lazy\" decoding=\"async\" class=\"alignleft wp-image-354 size-thumbnail\" src=\"https:\/\/blog.edu.turku.fi\/kekeperehdytys\/files\/2023\/11\/Merkonomi-myynti-150x150.png\" alt=\"\" width=\"150\" height=\"150\" \/><\/a> <a href=\"https:\/\/blog.edu.turku.fi\/kekeperehdytys\/files\/2023\/11\/Taloushallinto.pdf\" target=\"_blank\" rel=\"noopener\"><img loading=\"lazy\" decoding=\"async\" class=\"alignleft wp-image-355 size-thumbnail\" src=\"https:\/\/blog.edu.turku.fi\/kekeperehdytys\/files\/2023\/11\/Merkonomi-taloushallinto-150x150.png\" alt=\"\" width=\"150\" height=\"150\" \/><\/a> <a href=\"https:\/\/blog.edu.turku.fi\/kekeperehdytys\/files\/2023\/11\/Yrittaja.pdf\" target=\"_blank\" rel=\"noopener\"><img loading=\"lazy\" decoding=\"async\" class=\"alignleft wp-image-356 size-thumbnail\" src=\"https:\/\/blog.edu.turku.fi\/kekeperehdytys\/files\/2023\/11\/Merkonomi_yrittajyys-150x150.png\" alt=\"\" width=\"150\" height=\"150\" \/><\/a><\/p>\n","protected":false},"excerpt":{"rendered":"<p>Tutkinnon perusteissa yhten\u00e4 vaatimuksena mainitaan \u201dosaa toimia kest\u00e4v\u00e4n kehityksen periaatteiden mukaisesti\u201d. T\u00e4m\u00e4n vaatimuksen sis\u00e4lt\u00f6 voi kuitenkin vaihdella merkitt\u00e4v\u00e4sti eri ammattialoilla. Kest\u00e4v\u00e4n kehityksen toimintaa onkin avattu alakohtaisissa Vastuullisuuden osaamislupauksissa. Osaamislupaukset on tarkoitettu niin opettajille ja opiskelijoille kuin ty\u00f6nantajillekin. Ne kertovat, mit\u00e4 kest\u00e4vyysosaaminen konkreettisesti tarkoittaa tietyn alan t\u00f6iss\u00e4. Ty\u00f6nantajalle ne toimivat lupauksena TAI:sta valmistuvan opiskelijan osaamistasosta. Aninkainen &hellip; <a href=\"https:\/\/blog.edu.turku.fi\/kestavan-tulevaisuuden-ammattilaiset\/tai\/osaamislupaukset\/\" class=\"more-link\">Jatka lukemista<span class=\"screen-reader-text\"> &#8221;Osaamislupaukset&#8221;<\/span><\/a><\/p>\n","protected":false},"author":3252,"featured_media":0,"parent":679,"menu_order":0,"comment_status":"closed","ping_status":"closed","template":"","meta":{"footnotes":""},"class_list":["post-1091","page","type-page","status-publish","hentry"],"_links":{"self":[{"href":"https:\/\/blog.edu.turku.fi\/kestavan-tulevaisuuden-ammattilaiset\/wp-json\/wp\/v2\/pages\/1091","targetHints":{"allow":["GET"]}}],"collection":[{"href":"https:\/\/blog.edu.turku.fi\/kestavan-tulevaisuuden-ammattilaiset\/wp-json\/wp\/v2\/pages"}],"about":[{"href":"https:\/\/blog.edu.turku.fi\/kestavan-tulevaisuuden-ammattilaiset\/wp-json\/wp\/v2\/types\/page"}],"author":[{"embeddable":true,"href":"https:\/\/blog.edu.turku.fi\/kestavan-tulevaisuuden-ammattilaiset\/wp-json\/wp\/v2\/users\/3252"}],"replies":[{"embeddable":true,"href":"https:\/\/blog.edu.turku.fi\/kestavan-tulevaisuuden-ammattilaiset\/wp-json\/wp\/v2\/comments?post=1091"}],"version-history":[{"count":1,"href":"https:\/\/blog.edu.turku.fi\/kestavan-tulevaisuuden-ammattilaiset\/wp-json\/wp\/v2\/pages\/1091\/revisions"}],"predecessor-version":[{"id":1093,"href":"https:\/\/blog.edu.turku.fi\/kestavan-tulevaisuuden-ammattilaiset\/wp-json\/wp\/v2\/pages\/1091\/revisions\/1093"}],"up":[{"embeddable":true,"href":"https:\/\/blog.edu.turku.fi\/kestavan-tulevaisuuden-ammattilaiset\/wp-json\/wp\/v2\/pages\/679"}],"wp:attachment":[{"href":"https:\/\/blog.edu.turku.fi\/kestavan-tulevaisuuden-ammattilaiset\/wp-json\/wp\/v2\/media?parent=1091"}],"curies":[{"name":"wp","href":"https:\/\/api.w.org\/{rel}","templated":true}]}}