{"id":1085,"date":"2023-12-20T14:29:16","date_gmt":"2023-12-20T12:29:16","guid":{"rendered":"https:\/\/blog.edu.turku.fi\/kestavan-tulevaisuuden-ammattilaiset\/?page_id=1085"},"modified":"2023-12-20T14:29:45","modified_gmt":"2023-12-20T12:29:45","slug":"tain-hiilijalanjalki","status":"publish","type":"page","link":"https:\/\/blog.edu.turku.fi\/kestavan-tulevaisuuden-ammattilaiset\/tai\/tain-hiilijalanjalki\/","title":{"rendered":"TAI:n hiilijalanj\u00e4lki"},"content":{"rendered":"<p>TAI:n hiilijalanj\u00e4lki on laskettu vuosilta 2021 ja 2022.<\/p>\n<p>Hiilijalanj\u00e4lki on noin 11 000 tonnia CO2e vuodessa. Se vastaa noin 1100 suomalaisen keskim\u00e4\u00e4r\u00e4ist\u00e4 vuosittaista hiilijalanj\u00e4lke\u00e4.<\/p>\n<p><a href=\"https:\/\/blog.edu.turku.fi\/kestavan-tulevaisuuden-ammattilaiset\/files\/2023\/12\/Hiilijalanjalki-2021-reunat-cmyk1500x757.jpg\"><img loading=\"lazy\" decoding=\"async\" class=\"alignleft wp-image-1086 size-large\" src=\"https:\/\/blog.edu.turku.fi\/kestavan-tulevaisuuden-ammattilaiset\/files\/2023\/12\/Hiilijalanjalki-2021-reunat-cmyk1500x757-1024x540.jpg\" alt=\"\" width=\"1024\" height=\"540\" srcset=\"https:\/\/blog.edu.turku.fi\/kestavan-tulevaisuuden-ammattilaiset\/files\/2023\/12\/Hiilijalanjalki-2021-reunat-cmyk1500x757.jpg 1024w, https:\/\/blog.edu.turku.fi\/kestavan-tulevaisuuden-ammattilaiset\/files\/2023\/12\/Hiilijalanjalki-2021-reunat-cmyk1500x757-300x158.jpg 300w\" sizes=\"auto, (max-width: 709px) 85vw, (max-width: 909px) 67vw, (max-width: 1362px) 62vw, 840px\" \/><\/a> <a href=\"https:\/\/blog.edu.turku.fi\/kestavan-tulevaisuuden-ammattilaiset\/files\/2023\/12\/Hiilijalanjalki-2022-reunat-cmyk1500x757.jpg\"><img loading=\"lazy\" decoding=\"async\" class=\"alignleft wp-image-1087 size-large\" src=\"https:\/\/blog.edu.turku.fi\/kestavan-tulevaisuuden-ammattilaiset\/files\/2023\/12\/Hiilijalanjalki-2022-reunat-cmyk1500x757-1024x540.jpg\" alt=\"\" width=\"1024\" height=\"540\" srcset=\"https:\/\/blog.edu.turku.fi\/kestavan-tulevaisuuden-ammattilaiset\/files\/2023\/12\/Hiilijalanjalki-2022-reunat-cmyk1500x757.jpg 1024w, https:\/\/blog.edu.turku.fi\/kestavan-tulevaisuuden-ammattilaiset\/files\/2023\/12\/Hiilijalanjalki-2022-reunat-cmyk1500x757-300x158.jpg 300w\" sizes=\"auto, (max-width: 709px) 85vw, (max-width: 909px) 67vw, (max-width: 1362px) 62vw, 840px\" \/><\/a><\/p>\n","protected":false},"excerpt":{"rendered":"<p>TAI:n hiilijalanj\u00e4lki on laskettu vuosilta 2021 ja 2022. Hiilijalanj\u00e4lki on noin 11 000 tonnia CO2e vuodessa. Se vastaa noin 1100 suomalaisen keskim\u00e4\u00e4r\u00e4ist\u00e4 vuosittaista hiilijalanj\u00e4lke\u00e4.<\/p>\n","protected":false},"author":3252,"featured_media":0,"parent":679,"menu_order":0,"comment_status":"closed","ping_status":"closed","template":"","meta":{"footnotes":""},"class_list":["post-1085","page","type-page","status-publish","hentry"],"_links":{"self":[{"href":"https:\/\/blog.edu.turku.fi\/kestavan-tulevaisuuden-ammattilaiset\/wp-json\/wp\/v2\/pages\/1085","targetHints":{"allow":["GET"]}}],"collection":[{"href":"https:\/\/blog.edu.turku.fi\/kestavan-tulevaisuuden-ammattilaiset\/wp-json\/wp\/v2\/pages"}],"about":[{"href":"https:\/\/blog.edu.turku.fi\/kestavan-tulevaisuuden-ammattilaiset\/wp-json\/wp\/v2\/types\/page"}],"author":[{"embeddable":true,"href":"https:\/\/blog.edu.turku.fi\/kestavan-tulevaisuuden-ammattilaiset\/wp-json\/wp\/v2\/users\/3252"}],"replies":[{"embeddable":true,"href":"https:\/\/blog.edu.turku.fi\/kestavan-tulevaisuuden-ammattilaiset\/wp-json\/wp\/v2\/comments?post=1085"}],"version-history":[{"count":1,"href":"https:\/\/blog.edu.turku.fi\/kestavan-tulevaisuuden-ammattilaiset\/wp-json\/wp\/v2\/pages\/1085\/revisions"}],"predecessor-version":[{"id":1089,"href":"https:\/\/blog.edu.turku.fi\/kestavan-tulevaisuuden-ammattilaiset\/wp-json\/wp\/v2\/pages\/1085\/revisions\/1089"}],"up":[{"embeddable":true,"href":"https:\/\/blog.edu.turku.fi\/kestavan-tulevaisuuden-ammattilaiset\/wp-json\/wp\/v2\/pages\/679"}],"wp:attachment":[{"href":"https:\/\/blog.edu.turku.fi\/kestavan-tulevaisuuden-ammattilaiset\/wp-json\/wp\/v2\/media?parent=1085"}],"curies":[{"name":"wp","href":"https:\/\/api.w.org\/{rel}","templated":true}]}}