{"id":1040,"date":"2023-12-20T10:06:22","date_gmt":"2023-12-20T08:06:22","guid":{"rendered":"https:\/\/blog.edu.turku.fi\/kestavan-tulevaisuuden-ammattilaiset\/?page_id=1040"},"modified":"2024-01-03T09:18:39","modified_gmt":"2024-01-03T07:18:39","slug":"tredu","status":"publish","type":"page","link":"https:\/\/blog.edu.turku.fi\/kestavan-tulevaisuuden-ammattilaiset\/tredu\/","title":{"rendered":"Tredu"},"content":{"rendered":"<p><a href=\"https:\/\/blog.edu.turku.fi\/kestavan-tulevaisuuden-ammattilaiset\/1025-2\/\">KESTU-hanke Tredussa<\/a><\/p>\n<p><a href=\"https:\/\/blog.edu.turku.fi\/kestavan-tulevaisuuden-ammattilaiset\/ymparistotietoinen-tredulainen\/\">Ymp\u00e4rist\u00f6tietoinen tredulainen<\/a><\/p>\n<p><a href=\"https:\/\/blog.edu.turku.fi\/kestavan-tulevaisuuden-ammattilaiset\/tredu\/hiilijalanjaljen-laskenta\/\">Hiilijalanj\u00e4ljen laskenta<\/a><\/p>\n<p><a href=\"https:\/\/www.tredu.fi\/\" target=\"_blank\" rel=\"noopener\"><img loading=\"lazy\" decoding=\"async\" class=\"alignleft wp-image-34\" src=\"https:\/\/blog.edu.turku.fi\/kestavan-tulevaisuuden-ammattilaiset\/files\/2022\/03\/tredu_tunnus_alatunniste-1024x405.png\" alt=\"\" width=\"516\" height=\"204\" srcset=\"https:\/\/blog.edu.turku.fi\/kestavan-tulevaisuuden-ammattilaiset\/files\/2022\/03\/tredu_tunnus_alatunniste-1024x405.png 1024w, https:\/\/blog.edu.turku.fi\/kestavan-tulevaisuuden-ammattilaiset\/files\/2022\/03\/tredu_tunnus_alatunniste-300x119.png 300w, https:\/\/blog.edu.turku.fi\/kestavan-tulevaisuuden-ammattilaiset\/files\/2022\/03\/tredu_tunnus_alatunniste.png 1729w\" sizes=\"auto, (max-width: 516px) 85vw, 516px\" \/><\/a><\/p>\n<p>&nbsp;<\/p>\n","protected":false},"excerpt":{"rendered":"<p>KESTU-hanke Tredussa Ymp\u00e4rist\u00f6tietoinen tredulainen Hiilijalanj\u00e4ljen laskenta &nbsp;<\/p>\n","protected":false},"author":3252,"featured_media":0,"parent":0,"menu_order":0,"comment_status":"closed","ping_status":"closed","template":"","meta":{"footnotes":""},"class_list":["post-1040","page","type-page","status-publish","hentry"],"_links":{"self":[{"href":"https:\/\/blog.edu.turku.fi\/kestavan-tulevaisuuden-ammattilaiset\/wp-json\/wp\/v2\/pages\/1040","targetHints":{"allow":["GET"]}}],"collection":[{"href":"https:\/\/blog.edu.turku.fi\/kestavan-tulevaisuuden-ammattilaiset\/wp-json\/wp\/v2\/pages"}],"about":[{"href":"https:\/\/blog.edu.turku.fi\/kestavan-tulevaisuuden-ammattilaiset\/wp-json\/wp\/v2\/types\/page"}],"author":[{"embeddable":true,"href":"https:\/\/blog.edu.turku.fi\/kestavan-tulevaisuuden-ammattilaiset\/wp-json\/wp\/v2\/users\/3252"}],"replies":[{"embeddable":true,"href":"https:\/\/blog.edu.turku.fi\/kestavan-tulevaisuuden-ammattilaiset\/wp-json\/wp\/v2\/comments?post=1040"}],"version-history":[{"count":3,"href":"https:\/\/blog.edu.turku.fi\/kestavan-tulevaisuuden-ammattilaiset\/wp-json\/wp\/v2\/pages\/1040\/revisions"}],"predecessor-version":[{"id":1110,"href":"https:\/\/blog.edu.turku.fi\/kestavan-tulevaisuuden-ammattilaiset\/wp-json\/wp\/v2\/pages\/1040\/revisions\/1110"}],"wp:attachment":[{"href":"https:\/\/blog.edu.turku.fi\/kestavan-tulevaisuuden-ammattilaiset\/wp-json\/wp\/v2\/media?parent=1040"}],"curies":[{"name":"wp","href":"https:\/\/api.w.org\/{rel}","templated":true}]}}