{"id":1033,"date":"2023-12-20T09:59:56","date_gmt":"2023-12-20T07:59:56","guid":{"rendered":"https:\/\/blog.edu.turku.fi\/kestavan-tulevaisuuden-ammattilaiset\/?page_id=1033"},"modified":"2023-12-20T10:02:56","modified_gmt":"2023-12-20T08:02:56","slug":"ymparistotietoinen-tredulainen","status":"publish","type":"page","link":"https:\/\/blog.edu.turku.fi\/kestavan-tulevaisuuden-ammattilaiset\/ymparistotietoinen-tredulainen\/","title":{"rendered":"Ymp\u00e4rist\u00f6tietoinen tredulainen"},"content":{"rendered":"<p>Osana Tredun strategista tavoitetta on lis\u00e4t\u00e4 tietoisuutta sek\u00e4 edist\u00e4\u00e4 toiminnassa ilmaston ja ymp\u00e4rist\u00f6n hyvinvointia.<\/p>\n<p>Olemme kehitt\u00e4neet sivuston Ymp\u00e4rist\u00f6tietoinen tredulainen, mink\u00e4 avulla voimme lis\u00e4t\u00e4 perehdytyksen yhteydess\u00e4 tietoisuutta tehdyist\u00e4 toimenpiteist\u00e4 sek\u00e4 ohjata henkil\u00f6kuntaa suorittamaan ilmastopassin tai Sitran el\u00e4m\u00e4ntapatestin. Lis\u00e4ksi henkil\u00f6kunta voi tutustua tutkinnonosaan Ilmastovastuullinen toiminta. Materiaali on viety my\u00f6s Tredun LaaS palveluksi kaikille tredulaisille.<\/p>\n<p>P\u00e4\u00e4set tutustumaan Ymp\u00e4rist\u00f6tietoinen tredulainen -materiaaliin klikkaamalla alla olevaa kuvaa tai t\u00e4m\u00e4n <a href=\"https:\/\/sway.office.com\/6xl9ZL80afEHPULR?ref=Link&amp;loc=endofstory\" target=\"_blank\" rel=\"noopener\">linkin<\/a> kautta.<\/p>\n<p><a href=\"https:\/\/sway.office.com\/6xl9ZL80afEHPULR?ref=Link&amp;loc=endofstory\" target=\"_blank\" rel=\"noopener\"><img loading=\"lazy\" decoding=\"async\" class=\"alignleft size-large wp-image-1036\" src=\"https:\/\/blog.edu.turku.fi\/kestavan-tulevaisuuden-ammattilaiset\/files\/2023\/12\/Ymparistoosaava-tredulainen-598x323.png\" alt=\"\" width=\"598\" height=\"323\" srcset=\"https:\/\/blog.edu.turku.fi\/kestavan-tulevaisuuden-ammattilaiset\/files\/2023\/12\/Ymparistoosaava-tredulainen.png 598w, https:\/\/blog.edu.turku.fi\/kestavan-tulevaisuuden-ammattilaiset\/files\/2023\/12\/Ymparistoosaava-tredulainen-300x162.png 300w\" sizes=\"auto, (max-width: 598px) 85vw, 598px\" \/><\/a><\/p>\n","protected":false},"excerpt":{"rendered":"<p>Osana Tredun strategista tavoitetta on lis\u00e4t\u00e4 tietoisuutta sek\u00e4 edist\u00e4\u00e4 toiminnassa ilmaston ja ymp\u00e4rist\u00f6n hyvinvointia. Olemme kehitt\u00e4neet sivuston Ymp\u00e4rist\u00f6tietoinen tredulainen, mink\u00e4 avulla voimme lis\u00e4t\u00e4 perehdytyksen yhteydess\u00e4 tietoisuutta tehdyist\u00e4 toimenpiteist\u00e4 sek\u00e4 ohjata henkil\u00f6kuntaa suorittamaan ilmastopassin tai Sitran el\u00e4m\u00e4ntapatestin. Lis\u00e4ksi henkil\u00f6kunta voi tutustua tutkinnonosaan Ilmastovastuullinen toiminta. Materiaali on viety my\u00f6s Tredun LaaS palveluksi kaikille tredulaisille. P\u00e4\u00e4set tutustumaan Ymp\u00e4rist\u00f6tietoinen &hellip; <a href=\"https:\/\/blog.edu.turku.fi\/kestavan-tulevaisuuden-ammattilaiset\/ymparistotietoinen-tredulainen\/\" class=\"more-link\">Jatka lukemista<span class=\"screen-reader-text\"> &#8221;Ymp\u00e4rist\u00f6tietoinen tredulainen&#8221;<\/span><\/a><\/p>\n","protected":false},"author":3252,"featured_media":0,"parent":0,"menu_order":0,"comment_status":"closed","ping_status":"closed","template":"","meta":{"footnotes":""},"class_list":["post-1033","page","type-page","status-publish","hentry"],"_links":{"self":[{"href":"https:\/\/blog.edu.turku.fi\/kestavan-tulevaisuuden-ammattilaiset\/wp-json\/wp\/v2\/pages\/1033","targetHints":{"allow":["GET"]}}],"collection":[{"href":"https:\/\/blog.edu.turku.fi\/kestavan-tulevaisuuden-ammattilaiset\/wp-json\/wp\/v2\/pages"}],"about":[{"href":"https:\/\/blog.edu.turku.fi\/kestavan-tulevaisuuden-ammattilaiset\/wp-json\/wp\/v2\/types\/page"}],"author":[{"embeddable":true,"href":"https:\/\/blog.edu.turku.fi\/kestavan-tulevaisuuden-ammattilaiset\/wp-json\/wp\/v2\/users\/3252"}],"replies":[{"embeddable":true,"href":"https:\/\/blog.edu.turku.fi\/kestavan-tulevaisuuden-ammattilaiset\/wp-json\/wp\/v2\/comments?post=1033"}],"version-history":[{"count":3,"href":"https:\/\/blog.edu.turku.fi\/kestavan-tulevaisuuden-ammattilaiset\/wp-json\/wp\/v2\/pages\/1033\/revisions"}],"predecessor-version":[{"id":1038,"href":"https:\/\/blog.edu.turku.fi\/kestavan-tulevaisuuden-ammattilaiset\/wp-json\/wp\/v2\/pages\/1033\/revisions\/1038"}],"wp:attachment":[{"href":"https:\/\/blog.edu.turku.fi\/kestavan-tulevaisuuden-ammattilaiset\/wp-json\/wp\/v2\/media?parent=1033"}],"curies":[{"name":"wp","href":"https:\/\/api.w.org\/{rel}","templated":true}]}}