{"id":1015,"date":"2023-12-19T10:08:38","date_gmt":"2023-12-19T08:08:38","guid":{"rendered":"https:\/\/blog.edu.turku.fi\/kestavan-tulevaisuuden-ammattilaiset\/?page_id=1015"},"modified":"2023-12-19T10:08:56","modified_gmt":"2023-12-19T08:08:56","slug":"alykoulu","status":"publish","type":"page","link":"https:\/\/blog.edu.turku.fi\/kestavan-tulevaisuuden-ammattilaiset\/kao\/alykoulu\/","title":{"rendered":"\u00c4lykoulu"},"content":{"rendered":"<p>Tieto- ja viestint\u00e4tekniikka-alan opiskelijat toteuttivat KAO:ssa \u00c4lykoulu-projektin, jonka tarkoituksena oli ker\u00e4t\u00e4 ja jakaa informaatiota oppilaitoksen energiankulutuksesta, ilmanlaadusta ja k\u00e4ytt\u00f6asteesta sek\u00e4 aurinkovoimalan energiantuotosta.<\/p>\n<p>Tutustu \u00c4lykouluun: <a href=\"https:\/\/blog.edu.turku.fi\/kestavan-tulevaisuuden-ammattilaiset\/files\/2023\/12\/KAO-Alykoulu.pdf\">KAO \u00c4lykoulu<\/a><\/p>\n<p>&nbsp;<\/p>\n","protected":false},"excerpt":{"rendered":"<p>Tieto- ja viestint\u00e4tekniikka-alan opiskelijat toteuttivat KAO:ssa \u00c4lykoulu-projektin, jonka tarkoituksena oli ker\u00e4t\u00e4 ja jakaa informaatiota oppilaitoksen energiankulutuksesta, ilmanlaadusta ja k\u00e4ytt\u00f6asteesta sek\u00e4 aurinkovoimalan energiantuotosta. Tutustu \u00c4lykouluun: KAO \u00c4lykoulu &nbsp;<\/p>\n","protected":false},"author":3252,"featured_media":0,"parent":880,"menu_order":7,"comment_status":"closed","ping_status":"closed","template":"","meta":{"footnotes":""},"class_list":["post-1015","page","type-page","status-publish","hentry"],"_links":{"self":[{"href":"https:\/\/blog.edu.turku.fi\/kestavan-tulevaisuuden-ammattilaiset\/wp-json\/wp\/v2\/pages\/1015","targetHints":{"allow":["GET"]}}],"collection":[{"href":"https:\/\/blog.edu.turku.fi\/kestavan-tulevaisuuden-ammattilaiset\/wp-json\/wp\/v2\/pages"}],"about":[{"href":"https:\/\/blog.edu.turku.fi\/kestavan-tulevaisuuden-ammattilaiset\/wp-json\/wp\/v2\/types\/page"}],"author":[{"embeddable":true,"href":"https:\/\/blog.edu.turku.fi\/kestavan-tulevaisuuden-ammattilaiset\/wp-json\/wp\/v2\/users\/3252"}],"replies":[{"embeddable":true,"href":"https:\/\/blog.edu.turku.fi\/kestavan-tulevaisuuden-ammattilaiset\/wp-json\/wp\/v2\/comments?post=1015"}],"version-history":[{"count":1,"href":"https:\/\/blog.edu.turku.fi\/kestavan-tulevaisuuden-ammattilaiset\/wp-json\/wp\/v2\/pages\/1015\/revisions"}],"predecessor-version":[{"id":1018,"href":"https:\/\/blog.edu.turku.fi\/kestavan-tulevaisuuden-ammattilaiset\/wp-json\/wp\/v2\/pages\/1015\/revisions\/1018"}],"up":[{"embeddable":true,"href":"https:\/\/blog.edu.turku.fi\/kestavan-tulevaisuuden-ammattilaiset\/wp-json\/wp\/v2\/pages\/880"}],"wp:attachment":[{"href":"https:\/\/blog.edu.turku.fi\/kestavan-tulevaisuuden-ammattilaiset\/wp-json\/wp\/v2\/media?parent=1015"}],"curies":[{"name":"wp","href":"https:\/\/api.w.org\/{rel}","templated":true}]}}