{"id":1011,"date":"2023-12-19T10:02:34","date_gmt":"2023-12-19T08:02:34","guid":{"rendered":"https:\/\/blog.edu.turku.fi\/kestavan-tulevaisuuden-ammattilaiset\/?page_id=1011"},"modified":"2023-12-19T10:03:25","modified_gmt":"2023-12-19T08:03:25","slug":"energiansaastopeli","status":"publish","type":"page","link":"https:\/\/blog.edu.turku.fi\/kestavan-tulevaisuuden-ammattilaiset\/kao\/energiansaastopeli\/","title":{"rendered":"Energians\u00e4\u00e4st\u00f6peli"},"content":{"rendered":"<p>KAO:n opiskelija loi energians\u00e4\u00e4st\u00f6\u00f6n ohjaavan pelin, jota p\u00e4\u00e4set pelaamaan klikkaamalla <a href=\"https:\/\/ictkajaani.itch.io\/energian-saasto-peli\" target=\"_blank\" rel=\"noopener\">t\u00e4t\u00e4 linkki\u00e4<\/a> tai alla olevaa kuvaa.<\/p>\n<p><a href=\"https:\/\/ictkajaani.itch.io\/energian-saasto-peli\" target=\"_blank\" rel=\"noopener\"><img loading=\"lazy\" decoding=\"async\" class=\"alignleft size-large wp-image-1012\" src=\"https:\/\/blog.edu.turku.fi\/kestavan-tulevaisuuden-ammattilaiset\/files\/2023\/12\/Nayttokuva-2023-12-19-100104-1024x595.png\" alt=\"\" width=\"1024\" height=\"595\" srcset=\"https:\/\/blog.edu.turku.fi\/kestavan-tulevaisuuden-ammattilaiset\/files\/2023\/12\/Nayttokuva-2023-12-19-100104-1024x595.png 1024w, https:\/\/blog.edu.turku.fi\/kestavan-tulevaisuuden-ammattilaiset\/files\/2023\/12\/Nayttokuva-2023-12-19-100104-300x174.png 300w, https:\/\/blog.edu.turku.fi\/kestavan-tulevaisuuden-ammattilaiset\/files\/2023\/12\/Nayttokuva-2023-12-19-100104.png 1402w\" sizes=\"auto, (max-width: 709px) 85vw, (max-width: 909px) 67vw, (max-width: 1362px) 62vw, 840px\" \/><\/a><\/p>\n<p>KESTU:n <a href=\"https:\/\/blog.edu.turku.fi\/kestavan-tulevaisuuden-ammattilaiset\/2023\/04\/06\/ny-yritys-gip-gamestudio-ny-kaolla-tekee-tietokonepelin-energiansaastoteemalla\/\" target=\"_blank\" rel=\"noopener\">blogissa<\/a> kerrotaan lis\u00e4\u00e4 peliprojektista.<\/p>\n","protected":false},"excerpt":{"rendered":"<p>KAO:n opiskelija loi energians\u00e4\u00e4st\u00f6\u00f6n ohjaavan pelin, jota p\u00e4\u00e4set pelaamaan klikkaamalla t\u00e4t\u00e4 linkki\u00e4 tai alla olevaa kuvaa. KESTU:n blogissa kerrotaan lis\u00e4\u00e4 peliprojektista.<\/p>\n","protected":false},"author":3252,"featured_media":0,"parent":880,"menu_order":6,"comment_status":"closed","ping_status":"closed","template":"","meta":{"footnotes":""},"class_list":["post-1011","page","type-page","status-publish","hentry"],"_links":{"self":[{"href":"https:\/\/blog.edu.turku.fi\/kestavan-tulevaisuuden-ammattilaiset\/wp-json\/wp\/v2\/pages\/1011","targetHints":{"allow":["GET"]}}],"collection":[{"href":"https:\/\/blog.edu.turku.fi\/kestavan-tulevaisuuden-ammattilaiset\/wp-json\/wp\/v2\/pages"}],"about":[{"href":"https:\/\/blog.edu.turku.fi\/kestavan-tulevaisuuden-ammattilaiset\/wp-json\/wp\/v2\/types\/page"}],"author":[{"embeddable":true,"href":"https:\/\/blog.edu.turku.fi\/kestavan-tulevaisuuden-ammattilaiset\/wp-json\/wp\/v2\/users\/3252"}],"replies":[{"embeddable":true,"href":"https:\/\/blog.edu.turku.fi\/kestavan-tulevaisuuden-ammattilaiset\/wp-json\/wp\/v2\/comments?post=1011"}],"version-history":[{"count":1,"href":"https:\/\/blog.edu.turku.fi\/kestavan-tulevaisuuden-ammattilaiset\/wp-json\/wp\/v2\/pages\/1011\/revisions"}],"predecessor-version":[{"id":1014,"href":"https:\/\/blog.edu.turku.fi\/kestavan-tulevaisuuden-ammattilaiset\/wp-json\/wp\/v2\/pages\/1011\/revisions\/1014"}],"up":[{"embeddable":true,"href":"https:\/\/blog.edu.turku.fi\/kestavan-tulevaisuuden-ammattilaiset\/wp-json\/wp\/v2\/pages\/880"}],"wp:attachment":[{"href":"https:\/\/blog.edu.turku.fi\/kestavan-tulevaisuuden-ammattilaiset\/wp-json\/wp\/v2\/media?parent=1011"}],"curies":[{"name":"wp","href":"https:\/\/api.w.org\/{rel}","templated":true}]}}