{"id":1007,"date":"2023-12-19T09:50:11","date_gmt":"2023-12-19T07:50:11","guid":{"rendered":"https:\/\/blog.edu.turku.fi\/kestavan-tulevaisuuden-ammattilaiset\/?page_id=1007"},"modified":"2023-12-19T09:50:28","modified_gmt":"2023-12-19T07:50:28","slug":"henkiloston-opintomatka","status":"publish","type":"page","link":"https:\/\/blog.edu.turku.fi\/kestavan-tulevaisuuden-ammattilaiset\/kao\/henkiloston-opintomatka\/","title":{"rendered":"Henkil\u00f6st\u00f6n opintomatka"},"content":{"rendered":"<p>Kainuun ammattiopiston henkil\u00f6st\u00f6 teki 12.-13.10.2023 Kest\u00e4v\u00e4n tulevaisuuden opintomatkan Riikinvoiman ekovoimalaitokselle Lepp\u00e4virralla, Sakkyn Varkauden yksikk\u00f6\u00f6n, Genelecille Iisalmessa ja Ponssen tehtaalle Vierem\u00e4ll\u00e4. Opintomatkalle osallistui KAO:n keke-tiimin j\u00e4seni\u00e4 sek\u00e4 opettajia, jotka ovat osallistuneet KESTU-hankkeen ty\u00f6ryhmiin tai muuhun KESTU-hankkeen toimintaan.<\/p>\n<p>Opintomatkasta voit lukea lis\u00e4\u00e4 t\u00e4\u00e4lt\u00e4: <a href=\"https:\/\/blog.edu.turku.fi\/kestavan-tulevaisuuden-ammattilaiset\/files\/2023\/12\/KAO-kestavan-tulevaisuuden-opintomatka-12.-13.10.2023.pdf\" target=\"_blank\" rel=\"noopener\">KAO kest\u00e4v\u00e4n tulevaisuuden opintomatka 12.-13.10.2023<\/a> (pdf)<\/p>\n","protected":false},"excerpt":{"rendered":"<p>Kainuun ammattiopiston henkil\u00f6st\u00f6 teki 12.-13.10.2023 Kest\u00e4v\u00e4n tulevaisuuden opintomatkan Riikinvoiman ekovoimalaitokselle Lepp\u00e4virralla, Sakkyn Varkauden yksikk\u00f6\u00f6n, Genelecille Iisalmessa ja Ponssen tehtaalle Vierem\u00e4ll\u00e4. Opintomatkalle osallistui KAO:n keke-tiimin j\u00e4seni\u00e4 sek\u00e4 opettajia, jotka ovat osallistuneet KESTU-hankkeen ty\u00f6ryhmiin tai muuhun KESTU-hankkeen toimintaan. Opintomatkasta voit lukea lis\u00e4\u00e4 t\u00e4\u00e4lt\u00e4: KAO kest\u00e4v\u00e4n tulevaisuuden opintomatka 12.-13.10.2023 (pdf)<\/p>\n","protected":false},"author":3252,"featured_media":0,"parent":880,"menu_order":5,"comment_status":"closed","ping_status":"closed","template":"","meta":{"footnotes":""},"class_list":["post-1007","page","type-page","status-publish","hentry"],"_links":{"self":[{"href":"https:\/\/blog.edu.turku.fi\/kestavan-tulevaisuuden-ammattilaiset\/wp-json\/wp\/v2\/pages\/1007","targetHints":{"allow":["GET"]}}],"collection":[{"href":"https:\/\/blog.edu.turku.fi\/kestavan-tulevaisuuden-ammattilaiset\/wp-json\/wp\/v2\/pages"}],"about":[{"href":"https:\/\/blog.edu.turku.fi\/kestavan-tulevaisuuden-ammattilaiset\/wp-json\/wp\/v2\/types\/page"}],"author":[{"embeddable":true,"href":"https:\/\/blog.edu.turku.fi\/kestavan-tulevaisuuden-ammattilaiset\/wp-json\/wp\/v2\/users\/3252"}],"replies":[{"embeddable":true,"href":"https:\/\/blog.edu.turku.fi\/kestavan-tulevaisuuden-ammattilaiset\/wp-json\/wp\/v2\/comments?post=1007"}],"version-history":[{"count":1,"href":"https:\/\/blog.edu.turku.fi\/kestavan-tulevaisuuden-ammattilaiset\/wp-json\/wp\/v2\/pages\/1007\/revisions"}],"predecessor-version":[{"id":1010,"href":"https:\/\/blog.edu.turku.fi\/kestavan-tulevaisuuden-ammattilaiset\/wp-json\/wp\/v2\/pages\/1007\/revisions\/1010"}],"up":[{"embeddable":true,"href":"https:\/\/blog.edu.turku.fi\/kestavan-tulevaisuuden-ammattilaiset\/wp-json\/wp\/v2\/pages\/880"}],"wp:attachment":[{"href":"https:\/\/blog.edu.turku.fi\/kestavan-tulevaisuuden-ammattilaiset\/wp-json\/wp\/v2\/media?parent=1007"}],"curies":[{"name":"wp","href":"https:\/\/api.w.org\/{rel}","templated":true}]}}