{"id":6,"date":"2015-06-17T10:23:01","date_gmt":"2015-06-17T07:23:01","guid":{"rendered":"https:\/\/blog.edu.turku.fi\/kerttulinphy\/?page_id=6"},"modified":"2017-09-07T14:18:50","modified_gmt":"2017-09-07T11:18:50","slug":"ryhmat","status":"publish","type":"page","link":"https:\/\/blog.edu.turku.fi\/kerttulinphy\/ryhmat\/","title":{"rendered":"Ryhm\u00e4t"},"content":{"rendered":"<p><a href=\"https:\/\/blog.edu.turku.fi\/kerttulinphy\/files\/2015\/06\/4kuva.jpg\" rel=\"attachment wp-att-107\"><img loading=\"lazy\" decoding=\"async\" class=\"alignright wp-image-107 size-medium\" src=\"https:\/\/blog.edu.turku.fi\/kerttulinphy\/files\/2015\/06\/4kuva-168x300.jpg\" alt=\"4kuva\" width=\"168\" height=\"300\" srcset=\"https:\/\/blog.edu.turku.fi\/kerttulinphy\/files\/2015\/06\/4kuva-168x300.jpg 168w, https:\/\/blog.edu.turku.fi\/kerttulinphy\/files\/2015\/06\/4kuva-575x1024.jpg 575w, https:\/\/blog.edu.turku.fi\/kerttulinphy\/files\/2015\/06\/4kuva.jpg 916w\" sizes=\"auto, (max-width: 168px) 85vw, 168px\" \/><\/a>P\u00e4iv\u00e4kodissamme toimii yhteens\u00e4 10 ryhm\u00e4\u00e4, jotka ovat:<\/p>\n<p>Lintuset 040-676 3357<br \/>\nJ\u00e4n\u00f6set 040-676 4162<br \/>\nHiiroset 050-396 7093<br \/>\nMajavat 040-676 4092<br \/>\nMyyr\u00e4t 040-676 3930<br \/>\nSiilit 040-676 3868<br \/>\nOravat 040-676 3621<br \/>\nR\u00e4varna\u00a0040-676 3605<br \/>\nVargarna\u00a0044-907 4766<br \/>\nKarhut 044-907 4765<\/p>\n<p>&nbsp;<\/p>\n<p>&nbsp;<\/p>\n<p>&nbsp;<\/p>\n<p>&nbsp;<\/p>\n<p>&nbsp;<\/p>\n<p>&nbsp;<\/p>\n","protected":false},"excerpt":{"rendered":"<p>P\u00e4iv\u00e4kodissamme toimii yhteens\u00e4 10 ryhm\u00e4\u00e4, jotka ovat: Lintuset 040-676 3357 J\u00e4n\u00f6set 040-676 4162 Hiiroset 050-396 7093 Majavat 040-676 4092 Myyr\u00e4t 040-676 3930 Siilit 040-676 3868 Oravat 040-676 3621 R\u00e4varna\u00a0040-676 3605 Vargarna\u00a0044-907 4766 Karhut 044-907 4765 &nbsp; &nbsp; &nbsp; &nbsp; &nbsp; &nbsp;<\/p>\n","protected":false},"author":1261,"featured_media":0,"parent":0,"menu_order":0,"comment_status":"closed","ping_status":"closed","template":"","meta":{"footnotes":""},"class_list":["post-6","page","type-page","status-publish","hentry"],"_links":{"self":[{"href":"https:\/\/blog.edu.turku.fi\/kerttulinphy\/wp-json\/wp\/v2\/pages\/6","targetHints":{"allow":["GET"]}}],"collection":[{"href":"https:\/\/blog.edu.turku.fi\/kerttulinphy\/wp-json\/wp\/v2\/pages"}],"about":[{"href":"https:\/\/blog.edu.turku.fi\/kerttulinphy\/wp-json\/wp\/v2\/types\/page"}],"author":[{"embeddable":true,"href":"https:\/\/blog.edu.turku.fi\/kerttulinphy\/wp-json\/wp\/v2\/users\/1261"}],"replies":[{"embeddable":true,"href":"https:\/\/blog.edu.turku.fi\/kerttulinphy\/wp-json\/wp\/v2\/comments?post=6"}],"version-history":[{"count":15,"href":"https:\/\/blog.edu.turku.fi\/kerttulinphy\/wp-json\/wp\/v2\/pages\/6\/revisions"}],"predecessor-version":[{"id":355,"href":"https:\/\/blog.edu.turku.fi\/kerttulinphy\/wp-json\/wp\/v2\/pages\/6\/revisions\/355"}],"wp:attachment":[{"href":"https:\/\/blog.edu.turku.fi\/kerttulinphy\/wp-json\/wp\/v2\/media?parent=6"}],"curies":[{"name":"wp","href":"https:\/\/api.w.org\/{rel}","templated":true}]}}