{"id":17,"date":"2015-06-17T12:09:42","date_gmt":"2015-06-17T09:09:42","guid":{"rendered":"https:\/\/blog.edu.turku.fi\/kerttulinphy\/?page_id=17"},"modified":"2016-10-12T15:08:10","modified_gmt":"2016-10-12T12:08:10","slug":"etusivu","status":"publish","type":"page","link":"https:\/\/blog.edu.turku.fi\/kerttulinphy\/","title":{"rendered":"Tervetuloa Kerttulin p\u00e4iv\u00e4hoitoyksik\u00f6n sivuille"},"content":{"rendered":"<p>Tervetuloa Kerttulin p\u00e4iv\u00e4hoitoyksikk\u00f6\u00f6n!<\/p>\n<p><a href=\"https:\/\/blog.edu.turku.fi\/kerttulinphy\/files\/2015\/06\/1kuva.jpg\" rel=\"attachment wp-att-103\"><img loading=\"lazy\" decoding=\"async\" class=\"alignright wp-image-103\" src=\"https:\/\/blog.edu.turku.fi\/kerttulinphy\/files\/2015\/06\/1kuva-168x300.jpg\" alt=\"1kuva\" width=\"158\" height=\"282\" srcset=\"https:\/\/blog.edu.turku.fi\/kerttulinphy\/files\/2015\/06\/1kuva-168x300.jpg 168w, https:\/\/blog.edu.turku.fi\/kerttulinphy\/files\/2015\/06\/1kuva-575x1024.jpg 575w, https:\/\/blog.edu.turku.fi\/kerttulinphy\/files\/2015\/06\/1kuva.jpg 916w\" sizes=\"auto, (max-width: 158px) 85vw, 158px\" \/><\/a>T\u00e4ss\u00e4 blogissa kerrotaan Kerttulin p\u00e4iv\u00e4hoitoyksik\u00f6n toiminnasta p\u00e4\u00e4s\u00e4\u00e4nt\u00f6isesti kuvien v\u00e4lityksell\u00e4. Taitojen lis\u00e4\u00e4ntyess\u00e4 p\u00e4ivitystahtikin tulee nopeutumaan. Ryhm\u00e4t viestiv\u00e4t viikko-ohjelmistaan ja muista ajankohtaisista toimistaan Wilman kautta, joten n\u00e4iden sivujen tarkoituksena ei ole korvata t\u00e4t\u00e4 viestint\u00e4\u00e4.<\/p>\n<p>Kerttulin p\u00e4iv\u00e4hoitoyksikk\u00f6 sijaitsee keskeisell\u00e4 paikalla, n\u00e4k\u00f6yhteyden p\u00e4\u00e4ss\u00e4 Turun Tuomiokirkosta. Uusi p\u00e4iv\u00e4kotirakennus otettiin k\u00e4ytt\u00f6\u00f6n tammikuussa 2013. P\u00e4iv\u00e4kodissa on p\u00e4iv\u00e4hoitopaikkoja noin 180 lapselle. Samassa rakennuksessa toimii my\u00f6s alakoulu 1-2 luokan oppilaille, sek\u00e4 Valmistavan opetuksen luokka. Lis\u00e4ksi Kupittaanl\u00e4hteen leikkipaikassa on tarjolla leikkipuistotoimintaa p\u00e4ivitt\u00e4in kello 8.30\u201312.30 v\u00e4lisen\u00e4 aikana.<\/p>\n<p><a href=\"https:\/\/blog.edu.turku.fi\/kerttulinphy\/files\/2015\/06\/2-kuva.jpg\" rel=\"attachment wp-att-104\"><img loading=\"lazy\" decoding=\"async\" class=\"alignright wp-image-104 size-medium\" src=\"https:\/\/blog.edu.turku.fi\/kerttulinphy\/files\/2015\/06\/2-kuva-168x300.jpg\" alt=\"2 kuva\" width=\"168\" height=\"300\" srcset=\"https:\/\/blog.edu.turku.fi\/kerttulinphy\/files\/2015\/06\/2-kuva-168x300.jpg 168w, https:\/\/blog.edu.turku.fi\/kerttulinphy\/files\/2015\/06\/2-kuva-575x1024.jpg 575w, https:\/\/blog.edu.turku.fi\/kerttulinphy\/files\/2015\/06\/2-kuva.jpg 916w\" sizes=\"auto, (max-width: 168px) 85vw, 168px\" \/><\/a>P\u00e4iv\u00e4kotiryhmi\u00e4 on tarjolla eri-ik\u00e4isille lapsille, ik\u00e4jakauman ollessa noin 10 kk- 6- vuoteen. Toimitilamme sijaitsevat kahdessa kerroksessa ja kaikilla ryhmill\u00e4 on oma sis\u00e4\u00e4nk\u00e4ynti ryhm\u00e4tiloihin. P\u00e4iv\u00e4kodissa toimii my\u00f6s ruotsin kielikylpyryhm\u00e4t R\u00e4varna ja Vargarna. Esiopetusta on tarjolla suomenkielisille lapsille ja toinen esiopetusryhmist\u00e4 on ruotsin kielikylpyryhm\u00e4. Kielikylpytoiminnasta on julkaistu oma esittelyteksti blogissa.<\/p>\n<p>P\u00e4iv\u00e4kodin toimintaymp\u00e4rist\u00f6 mahdollistaa monipuoliset oppimismahdollisuudet. K\u00e4yt\u00f6ss\u00e4 on suuri jumppasali monipuolisine liikuntav\u00e4lineineen ja pihassa on mietitty lasten liikuntaleikkien mahdollistamista erilaisten aktivoivien liikuntav\u00e4lineiden kautta. Rakennuksen terassit ja parveke mahdollistavat toiminnan laajentamisen katettuun ulkotilaan l\u00e4hes s\u00e4\u00e4ll\u00e4 kuin s\u00e4\u00e4ll\u00e4. S\u00e4hk\u00f6isten oppimisv\u00e4lineiden kautta mahdollistuu my\u00f6s tieto- ja viestint\u00e4teknologisen oppimisen mahdollisuus eri-ik\u00e4isille lapsille.<\/p>\n<p>Yksi arvoistamme on kohdata jokainen yksil\u00f6 omana arvokkaana itsen\u00e4\u00e4n \u2013 jokainen on arvokas ja ainutlaatuinen sellaisena kuin on!<\/p>\n<p>&nbsp;<\/p>\n","protected":false},"excerpt":{"rendered":"<p>Tervetuloa Kerttulin p\u00e4iv\u00e4hoitoyksikk\u00f6\u00f6n! T\u00e4ss\u00e4 blogissa kerrotaan Kerttulin p\u00e4iv\u00e4hoitoyksik\u00f6n toiminnasta p\u00e4\u00e4s\u00e4\u00e4nt\u00f6isesti kuvien v\u00e4lityksell\u00e4. Taitojen lis\u00e4\u00e4ntyess\u00e4 p\u00e4ivitystahtikin tulee nopeutumaan. Ryhm\u00e4t viestiv\u00e4t viikko-ohjelmistaan ja muista ajankohtaisista toimistaan Wilman kautta, joten n\u00e4iden sivujen tarkoituksena ei ole korvata t\u00e4t\u00e4 viestint\u00e4\u00e4. Kerttulin p\u00e4iv\u00e4hoitoyksikk\u00f6 sijaitsee keskeisell\u00e4 paikalla, n\u00e4k\u00f6yhteyden p\u00e4\u00e4ss\u00e4 Turun Tuomiokirkosta. Uusi p\u00e4iv\u00e4kotirakennus otettiin k\u00e4ytt\u00f6\u00f6n tammikuussa 2013. P\u00e4iv\u00e4kodissa on p\u00e4iv\u00e4hoitopaikkoja noin 180 &hellip; <a href=\"https:\/\/blog.edu.turku.fi\/kerttulinphy\/\" class=\"more-link\">Jatka lukemista<span class=\"screen-reader-text\"> &#8221;Tervetuloa Kerttulin p\u00e4iv\u00e4hoitoyksik\u00f6n sivuille&#8221;<\/span><\/a><\/p>\n","protected":false},"author":1261,"featured_media":0,"parent":0,"menu_order":0,"comment_status":"closed","ping_status":"closed","template":"","meta":{"footnotes":""},"class_list":["post-17","page","type-page","status-publish","hentry"],"_links":{"self":[{"href":"https:\/\/blog.edu.turku.fi\/kerttulinphy\/wp-json\/wp\/v2\/pages\/17","targetHints":{"allow":["GET"]}}],"collection":[{"href":"https:\/\/blog.edu.turku.fi\/kerttulinphy\/wp-json\/wp\/v2\/pages"}],"about":[{"href":"https:\/\/blog.edu.turku.fi\/kerttulinphy\/wp-json\/wp\/v2\/types\/page"}],"author":[{"embeddable":true,"href":"https:\/\/blog.edu.turku.fi\/kerttulinphy\/wp-json\/wp\/v2\/users\/1261"}],"replies":[{"embeddable":true,"href":"https:\/\/blog.edu.turku.fi\/kerttulinphy\/wp-json\/wp\/v2\/comments?post=17"}],"version-history":[{"count":15,"href":"https:\/\/blog.edu.turku.fi\/kerttulinphy\/wp-json\/wp\/v2\/pages\/17\/revisions"}],"predecessor-version":[{"id":251,"href":"https:\/\/blog.edu.turku.fi\/kerttulinphy\/wp-json\/wp\/v2\/pages\/17\/revisions\/251"}],"wp:attachment":[{"href":"https:\/\/blog.edu.turku.fi\/kerttulinphy\/wp-json\/wp\/v2\/media?parent=17"}],"curies":[{"name":"wp","href":"https:\/\/api.w.org\/{rel}","templated":true}]}}