{"id":12,"date":"2015-06-17T10:49:11","date_gmt":"2015-06-17T07:49:11","guid":{"rendered":"https:\/\/blog.edu.turku.fi\/kerttulinphy\/?page_id=12"},"modified":"2026-01-13T09:30:53","modified_gmt":"2026-01-13T07:30:53","slug":"yhteystiedot","status":"publish","type":"page","link":"https:\/\/blog.edu.turku.fi\/kerttulinphy\/yhteystiedot\/","title":{"rendered":"Yhteystiedot"},"content":{"rendered":"<p>Kerttulin p\u00e4iv\u00e4hoitoyksikk\u00f6<br \/>\nKellonsoittajankatu 6<a href=\"https:\/\/blog.edu.turku.fi\/kerttulinphy\/files\/2015\/06\/eteinen.jpg\" rel=\"attachment wp-att-110\"><img loading=\"lazy\" decoding=\"async\" class=\"alignright wp-image-110 size-medium\" src=\"https:\/\/blog.edu.turku.fi\/kerttulinphy\/files\/2015\/06\/eteinen-300x200.jpg\" alt=\"eteinen\" width=\"300\" height=\"200\" srcset=\"https:\/\/blog.edu.turku.fi\/kerttulinphy\/files\/2015\/06\/eteinen-300x200.jpg 300w, https:\/\/blog.edu.turku.fi\/kerttulinphy\/files\/2015\/06\/eteinen.jpg 1000w\" sizes=\"auto, (max-width: 300px) 85vw, 300px\" \/><\/a><br \/>\n20500 Turku<\/p>\n<p>P\u00e4iv\u00e4kodinjohtaja<br \/>\nVirpi Killstr\u00f6m<br \/>\n02-262 5865<\/p>\n<p>virpi.killstrom(at)edu.turku.fi<\/p>\n<p>&nbsp;<\/p>\n","protected":false},"excerpt":{"rendered":"<p>Kerttulin p\u00e4iv\u00e4hoitoyksikk\u00f6 Kellonsoittajankatu 6 20500 Turku P\u00e4iv\u00e4kodinjohtaja Virpi Killstr\u00f6m 02-262 5865 virpi.killstrom(at)edu.turku.fi &nbsp;<\/p>\n","protected":false},"author":167,"featured_media":0,"parent":0,"menu_order":0,"comment_status":"closed","ping_status":"closed","template":"","meta":{"footnotes":""},"class_list":["post-12","page","type-page","status-publish","hentry"],"_links":{"self":[{"href":"https:\/\/blog.edu.turku.fi\/kerttulinphy\/wp-json\/wp\/v2\/pages\/12","targetHints":{"allow":["GET"]}}],"collection":[{"href":"https:\/\/blog.edu.turku.fi\/kerttulinphy\/wp-json\/wp\/v2\/pages"}],"about":[{"href":"https:\/\/blog.edu.turku.fi\/kerttulinphy\/wp-json\/wp\/v2\/types\/page"}],"author":[{"embeddable":true,"href":"https:\/\/blog.edu.turku.fi\/kerttulinphy\/wp-json\/wp\/v2\/users\/167"}],"replies":[{"embeddable":true,"href":"https:\/\/blog.edu.turku.fi\/kerttulinphy\/wp-json\/wp\/v2\/comments?post=12"}],"version-history":[{"count":10,"href":"https:\/\/blog.edu.turku.fi\/kerttulinphy\/wp-json\/wp\/v2\/pages\/12\/revisions"}],"predecessor-version":[{"id":528,"href":"https:\/\/blog.edu.turku.fi\/kerttulinphy\/wp-json\/wp\/v2\/pages\/12\/revisions\/528"}],"wp:attachment":[{"href":"https:\/\/blog.edu.turku.fi\/kerttulinphy\/wp-json\/wp\/v2\/media?parent=12"}],"curies":[{"name":"wp","href":"https:\/\/api.w.org\/{rel}","templated":true}]}}