{"id":964,"date":"2019-08-18T12:34:15","date_gmt":"2019-08-18T09:34:15","guid":{"rendered":"https:\/\/blog.edu.turku.fi\/kerttulinlukio\/?page_id=964"},"modified":"2019-08-18T12:34:15","modified_gmt":"2019-08-18T09:34:15","slug":"elokuu","status":"publish","type":"page","link":"https:\/\/blog.edu.turku.fi\/kerttulinlukio\/elokuu\/","title":{"rendered":"Elokuu"},"content":{"rendered":"<p><strong>Ykk\u00f6sten ryhm\u00e4ytymisp\u00e4iv\u00e4 16.8.<\/strong><\/p>\n<p>Tutorit j\u00e4rjestiv\u00e4t ykk\u00f6sille hauskan iltap\u00e4iv\u00e4n Kupittaan kent\u00e4ll\u00e4 perjantaina 16.8.<\/p>\n<p><img loading=\"lazy\" decoding=\"async\" class=\"size-medium wp-image-966 alignright\" src=\"https:\/\/blog.edu.turku.fi\/kerttulinlukio\/files\/2019\/08\/IMG_3427-e1566119767300-300x225.jpg\" alt=\"\" width=\"300\" height=\"225\" \/>Aluksi Kerttulin pihalla j\u00e4rjestettiin ohjausryhm\u00e4t uudestaan siten, ett\u00e4 joka ryhm\u00e4ss\u00e4 oli sek\u00e4 yleis-, urheilu- ett\u00e4 ict-lukiolaisia. <img loading=\"lazy\" decoding=\"async\" class=\"alignleft size-medium wp-image-967\" src=\"https:\/\/blog.edu.turku.fi\/kerttulinlukio\/files\/2019\/08\/IMG_3429-e1566119884910-300x225.jpg\" alt=\"\" width=\"300\" height=\"225\" \/>N\u00e4iss\u00e4 ryhmiss\u00e4 sitten kisailtiin ja ratkottiin erilaisia teht\u00e4vi\u00e4. Valitettavasti s\u00e4\u00e4ennustuksista poiketen sadekuuro yll\u00e4tti kaikki ja p\u00e4iv\u00e4 jouduttiin lopettamaan liian aikaisin. Tutoreille kuitenkin iso kiitos hyvist\u00e4 j\u00e4rjestelyist\u00e4!<img loading=\"lazy\" decoding=\"async\" class=\"size-medium wp-image-968 alignnone\" src=\"https:\/\/blog.edu.turku.fi\/kerttulinlukio\/files\/2019\/08\/IMG_3434-e1566120025886-300x225.jpg\" alt=\"\" width=\"300\" height=\"225\" \/><img loading=\"lazy\" decoding=\"async\" class=\"alignright size-medium wp-image-971\" src=\"https:\/\/blog.edu.turku.fi\/kerttulinlukio\/files\/2019\/08\/2b8e04dc-f8ea-417a-a579-4a8b588ad3b6-300x225.jpg\" alt=\"\" width=\"300\" height=\"225\" \/> <img loading=\"lazy\" decoding=\"async\" class=\"size-medium wp-image-972 alignnone\" src=\"https:\/\/blog.edu.turku.fi\/kerttulinlukio\/files\/2019\/08\/3fffb601-9e93-4303-88fa-51d125dab128-300x225.jpg\" alt=\"\" width=\"300\" height=\"225\" \/><img loading=\"lazy\" decoding=\"async\" class=\"size-medium wp-image-969 alignleft\" src=\"https:\/\/blog.edu.turku.fi\/kerttulinlukio\/files\/2019\/08\/IMG_3441-e1566120130537-300x225.jpg\" alt=\"\" width=\"300\" height=\"225\" \/> <img loading=\"lazy\" decoding=\"async\" class=\"alignleft size-medium wp-image-970\" src=\"https:\/\/blog.edu.turku.fi\/kerttulinlukio\/files\/2019\/08\/IMG_3443-e1566120120126-225x300.jpg\" alt=\"\" width=\"225\" height=\"300\" \/><\/p>\n<p>&nbsp;<\/p>\n<p>&nbsp;<\/p>\n","protected":false},"excerpt":{"rendered":"<p>Ykk\u00f6sten ryhm\u00e4ytymisp\u00e4iv\u00e4 16.8. Tutorit j\u00e4rjestiv\u00e4t ykk\u00f6sille hauskan iltap\u00e4iv\u00e4n Kupittaan kent\u00e4ll\u00e4 perjantaina 16.8. Aluksi Kerttulin pihalla j\u00e4rjestettiin ohjausryhm\u00e4t uudestaan siten, ett\u00e4 joka ryhm\u00e4ss\u00e4 oli sek\u00e4 yleis-, urheilu- ett\u00e4 ict-lukiolaisia. N\u00e4iss\u00e4 ryhmiss\u00e4 sitten kisailtiin ja ratkottiin erilaisia teht\u00e4vi\u00e4. Valitettavasti s\u00e4\u00e4ennustuksista poiketen sadekuuro yll\u00e4tti kaikki ja p\u00e4iv\u00e4 jouduttiin lopettamaan liian aikaisin. Tutoreille kuitenkin iso kiitos hyvist\u00e4 j\u00e4rjestelyist\u00e4! &nbsp; &hellip; <a href=\"https:\/\/blog.edu.turku.fi\/kerttulinlukio\/elokuu\/\" class=\"more-link\">Jatka lukemista<span class=\"screen-reader-text\"> &#8221;Elokuu&#8221;<\/span><\/a><\/p>\n","protected":false},"author":2522,"featured_media":0,"parent":0,"menu_order":0,"comment_status":"closed","ping_status":"closed","template":"","meta":{"footnotes":""},"class_list":["post-964","page","type-page","status-publish","hentry"],"_links":{"self":[{"href":"https:\/\/blog.edu.turku.fi\/kerttulinlukio\/wp-json\/wp\/v2\/pages\/964","targetHints":{"allow":["GET"]}}],"collection":[{"href":"https:\/\/blog.edu.turku.fi\/kerttulinlukio\/wp-json\/wp\/v2\/pages"}],"about":[{"href":"https:\/\/blog.edu.turku.fi\/kerttulinlukio\/wp-json\/wp\/v2\/types\/page"}],"author":[{"embeddable":true,"href":"https:\/\/blog.edu.turku.fi\/kerttulinlukio\/wp-json\/wp\/v2\/users\/2522"}],"replies":[{"embeddable":true,"href":"https:\/\/blog.edu.turku.fi\/kerttulinlukio\/wp-json\/wp\/v2\/comments?post=964"}],"version-history":[{"count":2,"href":"https:\/\/blog.edu.turku.fi\/kerttulinlukio\/wp-json\/wp\/v2\/pages\/964\/revisions"}],"predecessor-version":[{"id":974,"href":"https:\/\/blog.edu.turku.fi\/kerttulinlukio\/wp-json\/wp\/v2\/pages\/964\/revisions\/974"}],"wp:attachment":[{"href":"https:\/\/blog.edu.turku.fi\/kerttulinlukio\/wp-json\/wp\/v2\/media?parent=964"}],"curies":[{"name":"wp","href":"https:\/\/api.w.org\/{rel}","templated":true}]}}