{"id":611,"date":"2019-03-06T19:16:09","date_gmt":"2019-03-06T17:16:09","guid":{"rendered":"https:\/\/blog.edu.turku.fi\/kerttulinlukio\/?page_id=611"},"modified":"2019-04-10T17:40:45","modified_gmt":"2019-04-10T14:40:45","slug":"maaliskuu","status":"publish","type":"page","link":"https:\/\/blog.edu.turku.fi\/kerttulinlukio\/maaliskuu\/","title":{"rendered":"Maaliskuu"},"content":{"rendered":"<p><strong>JOB Shadowing 8.3.2019<\/strong><\/p>\n<p><img loading=\"lazy\" decoding=\"async\" class=\"alignright size-medium wp-image-702\" src=\"https:\/\/blog.edu.turku.fi\/kerttulinlukio\/files\/2019\/04\/jobshadowing-kuva-1-300x195.jpg\" alt=\"\" width=\"300\" height=\"195\" srcset=\"https:\/\/blog.edu.turku.fi\/kerttulinlukio\/files\/2019\/04\/jobshadowing-kuva-1-300x195.jpg 300w, https:\/\/blog.edu.turku.fi\/kerttulinlukio\/files\/2019\/04\/jobshadowing-kuva-1.jpg 1000w\" sizes=\"auto, (max-width: 300px) 85vw, 300px\" \/>Kerttulin lukion kakkosvuotiset opiskelijat tutustuivat erilaisiin ty\u00f6paikkoihin Turun seudulla yhden p\u00e4iv\u00e4n aikana. Kaikkiaan mukana oli 63 opiskelijaa ja 55 ty\u00f6nantajaa. Palaute p\u00e4iv\u00e4st\u00e4 oli positiivinen, sek\u00e4 opiskelijat ett\u00e4 ty\u00f6nantajat kokivat hy\u00f6tyneens\u00e4 p\u00e4iv\u00e4st\u00e4 monellakin eri tavalla. &#8221;Opin ett\u00e4 pit\u00e4isi valita ty\u00f6, johon on oikeasti innostusta. Ja my\u00f6s muistaa opiskella ja olla motivoitunut oikeissa hetkiss\u00e4&#8221;, toteaa yksi p\u00e4iv\u00e4\u00e4n osallistuneista. &#8221;Oli mielenkiintoista ja hy\u00f6dyllist\u00e4. Paikastani l\u00e4hetettiin terveisi\u00e4, ett\u00e4 t\u00e4m\u00e4 on huippuhienoa ja toivottavasti t\u00e4t\u00e4 jatketaan&#8221;, kommentoi toinen.<\/p>\n<p>My\u00f6s ty\u00f6nantajapuolella p\u00e4iv\u00e4 koettiin antoisana: &#8221;T\u00e4m\u00e4 konsepti on mielest\u00e4ni todella hyv\u00e4! Toivottavasti nuorille l\u00f6ytyy mieluisia t\u00f6it\u00e4, joita p\u00e4\u00e4sev\u00e4t seuraamaan! (Olisipa minunkin lukioaikanani ollut t\u00e4mm\u00f6ist\u00e4..) Itse koin yll\u00e4tt\u00e4v\u00e4n mukavana sen, ett\u00e4 joku &#8217;varjosti&#8217; ty\u00f6p\u00e4iv\u00e4\u00e4ni. Opiskelijan huomioista ja havainnoista sain paljon ajateltavaa ty\u00f6t\u00e4ni varten. Lis\u00e4ksi opiskelijan tekem\u00e4 haastattelu muistutti hienosti oman ty\u00f6n merkityksest\u00e4. Otan mielell\u00e4ni toistekin opiskelijan seuraamaan ty\u00f6p\u00e4iv\u00e4\u00e4ni!:)&#8221;<\/p>\n<p><strong>Yliopistoesittelyj\u00e4<\/strong><\/p>\n<p><img loading=\"lazy\" decoding=\"async\" class=\"alignright size-thumbnail wp-image-648\" src=\"https:\/\/blog.edu.turku.fi\/kerttulinlukio\/files\/2019\/03\/Eerika-150x150.jpeg\" alt=\"\" width=\"150\" height=\"150\" \/> <img loading=\"lazy\" decoding=\"async\" class=\"alignright size-thumbnail wp-image-650\" src=\"https:\/\/blog.edu.turku.fi\/kerttulinlukio\/files\/2019\/03\/Salla-150x150.jpeg\" alt=\"\" width=\"150\" height=\"150\" \/>Torstaina 14.3. Kerttulissa vieraili entisi\u00e4 lukiolaisia kertomassa opiskelustaan. Tampereen teknillisest\u00e4 yliopistosta kertoi Laura Lahtinen ja logopedian opiskelusta Turun yliopistossa Eerika Moisanen ja Jenna Ranki.\u00a0<img loading=\"lazy\" decoding=\"async\" class=\"alignleft size-medium wp-image-649\" src=\"https:\/\/blog.edu.turku.fi\/kerttulinlukio\/files\/2019\/03\/Ellen-ja-Heidi-e1552571209388-300x156.jpeg\" alt=\"\" width=\"300\" height=\"156\" \/><\/p>\n<p>Turun yliopiston oikeustieteellist\u00e4 tiedekuntaa esitteliv\u00e4t Heidi Kunnas ja Ellen Gr\u00f6nholm.<\/p>\n<p>&nbsp;<\/p>\n<p>&nbsp;<\/p>\n<p><strong>Maajoukkuehy\u00f6kk\u00e4\u00e4j\u00e4st\u00e4 p\u00e4ihderiippuvaiseksi<\/strong><\/p>\n<p><img loading=\"lazy\" decoding=\"async\" class=\"alignright size-medium wp-image-613\" src=\"https:\/\/blog.edu.turku.fi\/kerttulinlukio\/files\/2019\/03\/Marko1-300x221.jpg\" alt=\"\" width=\"300\" height=\"221\" \/>Entinen j\u00e4\u00e4kiekkot\u00e4hti Marko Jantunen k\u00e4vi Kerttulin lukiossa kertomassa oman tarinansa, kuinka NHL-pelaajasta tulikin huumeaddikti. Opiskelijat kuuntelivat hyvin hiljaisina karua kertomusta. Jantunen teki kuulijoihinsa varmasti vaikutuksen ja sai heid\u00e4t ajattelemaan, miten helposti kaikki voikaan tapahtua.<\/p>\n<p>Tarina alkoi lapsuudesta. Marko Jantunen tiesi jo kolmevuotiaana, ett\u00e4 h\u00e4nest\u00e4 tulee j\u00e4\u00e4kiekkoilija. Joululahjaksi saadut luistimet olivat toiveiden t\u00e4yttymys ja ensimm\u00e4inen kosketus luistimilla j\u00e4\u00e4h\u00e4n oli uskomaton. T\u00e4m\u00e4 huumaava \u201dtunnekoukku\u201d l\u00e4hti ohjaamaan Jantusen el\u00e4m\u00e4\u00e4, sill\u00e4 luistimet jalassa nuori poika tunsi lent\u00e4v\u00e4ns\u00e4. Vain kahdeksanvuotiaana h\u00e4n kirjoitti koulussa ainekirjoituksen ensimm\u00e4iselle riville haluavansa aikuisena vakuutustarkastajaksi sek\u00e4 Philadelphia Flyersin j\u00e4\u00e4kiekkoammattilaiseksi. Vakuutustarkastajaa Jantusesta ei koskaan tullut, mutta Calgary Flamesiin h\u00e4n p\u00e4\u00e4si pelaamaan kolme NHL-ottelua. Suomessa h\u00e4n on pelannut KalPan, TPS:n, Jokereiden ja Pelicansien riveiss\u00e4. Jantusella on my\u00f6s hallussaan Ruotsin mestaruus sek\u00e4 useampia hopeamitaleja.<\/p>\n<p><img loading=\"lazy\" decoding=\"async\" class=\"alignright size-medium wp-image-614\" src=\"https:\/\/blog.edu.turku.fi\/kerttulinlukio\/files\/2019\/03\/Marko2-300x225.jpg\" alt=\"\" width=\"300\" height=\"225\" \/>Kuinka sitten huippuj\u00e4\u00e4kiekkoilijalle voi synty\u00e4 vahva riippuvuus p\u00e4ihteisiin? L\u00e4hes huomaamatta. Kaikki alkoi kaveripiirin kesken alaik\u00e4isen\u00e4 viattomista tupakka- ja alkoholikokeiluista. Vierailu is\u00e4n baarikaapilla oli j\u00e4nnitt\u00e4v\u00e4 kokemus ja ensimm\u00e4isen nousuhumalan tunne Jantusen mukaan uskomattoman euforinen. T\u00e4h\u00e4n tunteeseen h\u00e4n j\u00e4i koukkuun, sill\u00e4 se oli kuten ensimm\u00e4inen kerta luistimilla: leijaileva, upea ja \u201dsiisti tunne\u201d. P\u00e4ihteiden k\u00e4ytt\u00f6 viihdemieless\u00e4 jatkui hyv\u00e4ntahtoisesti yst\u00e4vien seurassa. P\u00e4ivi\u00e4 pelikauden loppuun laskettiin innolla, jotta porukalla p\u00e4\u00e4sisi viett\u00e4m\u00e4\u00e4n rentoa lomaa ulkomaille. Espanjassa alkoikin kokaiinin k\u00e4ytt\u00f6 yht\u00e4 harmittomasti kuin mink\u00e4 tahansa muun p\u00e4ihteen kokeilu. Jantunen kuvitteli jatkuvasti, ettei h\u00e4nell\u00e4 ole ongelmaa p\u00e4ihteiden kanssa, sill\u00e4 h\u00e4n tiesi miten, miss\u00e4 ja milloin h\u00e4n huumaavia aineita k\u00e4ytt\u00e4\u00e4. Tilanne tuntui h\u00e4nest\u00e4 olevan kontrollissa.<\/p>\n<p>Kontrolli kuitenkin petti viimeist\u00e4\u00e4n silloin, kun peliura loppui Pelicansissa vuonna 2010. Silloin \u201dlopullinen rakkaus\u201d eli amfetamiini astui Jantusen el\u00e4m\u00e4\u00e4n. Amfetamiinin k\u00e4ytt\u00f6 t\u00e4ytti Jantusen arkeen j\u00e4\u00e4neen tyhj\u00e4n tilan. Uran loputtua ei ollut en\u00e4\u00e4 tavoitteita, haaveita tai unelmia. Oli ainoastaan piri, jonka hankkimiseen, k\u00e4ytt\u00e4miseen ja k\u00e4yt\u00f6st\u00e4 toipumiseen kuluivat Jantusen p\u00e4iv\u00e4t ja y\u00f6t. H\u00e4n \u201dk\u00e4ytti el\u00e4\u00e4kseen ja eli k\u00e4ytt\u00e4\u00e4kseen\u201d, kuten kuka tahansa addikti. Onnellinen perhe-el\u00e4m\u00e4 vaihtui huumepiireiss\u00e4 py\u00f6rimiseen. Onneksi kuvaan astui vanha pelikaveri, joka oli yksi viimeisist\u00e4 yst\u00e4vist\u00e4 Jantusen huumehelvetiss\u00e4. Pasi Tuomaila kiid\u00e4tti laihaksi riutunen Jantusen Avominne-klinikalle hoitoon vuonna 2015, mink\u00e4 j\u00e4lkeen entinen huippukiekkoilija onkin pysynyt kuivilla.<\/p>\n<p>T\u00e4ll\u00e4 hetkell\u00e4 Marko Jantunen kiert\u00e4\u00e4 ymp\u00e4ri Suomea muun muassa kouluissa kertomassa tarinaansa. H\u00e4n haluaa tavoittaa 100 000 nuorta kev\u00e4\u00e4seen 2020 menness\u00e4 ja tarjota tietoa sairaudesta, p\u00e4ihderiippuvuudesta, jota moni ei miell\u00e4 sairaudeksi saati huippu-urheilijan kohtaloksi. Jantunen ty\u00f6skentelee my\u00f6s yritt\u00e4j\u00e4n\u00e4 Lahden Avominne-klinikalla.<\/p>\n<p>Teksti ja kuvat: Erika Rautiainen\u00a0 \u00a0 \u00a0 \u00a0 \u00a0 \u00a0 \u00a0 \u00a0 \u00a0 \u00a0 \u00a0 \u00a0 \u00a0 \u00a0 \u00a0 \u00a0 \u00a0 \u00a0 \u00a0 \u00a0 \u00a0 \u00a0 \u00a0 \u00a0 \u00a0 \u00a0 \u00a0 \u00a0 \u00a0 \u00a0 \u00a0 \u00a0 \u00a0 \u00a0 \u00a0 \u00a0 \u00a0 \u00a0 \u00a0 \u00a0 \u00a0 \u00a0 \u00a0 \u00a0 \u00a0 \u00a0 \u00a0 \u00a0 \u00a0 \u00a0 \u00a0 Tekstin muokkaus: Kerttuli<\/p>\n<p>&nbsp;<\/p>\n<p>&nbsp;<\/p>\n","protected":false},"excerpt":{"rendered":"<p>JOB Shadowing 8.3.2019 Kerttulin lukion kakkosvuotiset opiskelijat tutustuivat erilaisiin ty\u00f6paikkoihin Turun seudulla yhden p\u00e4iv\u00e4n aikana. Kaikkiaan mukana oli 63 opiskelijaa ja 55 ty\u00f6nantajaa. Palaute p\u00e4iv\u00e4st\u00e4 oli positiivinen, sek\u00e4 opiskelijat ett\u00e4 ty\u00f6nantajat kokivat hy\u00f6tyneens\u00e4 p\u00e4iv\u00e4st\u00e4 monellakin eri tavalla. &#8221;Opin ett\u00e4 pit\u00e4isi valita ty\u00f6, johon on oikeasti innostusta. Ja my\u00f6s muistaa opiskella ja olla motivoitunut oikeissa hetkiss\u00e4&#8221;, &hellip; <a href=\"https:\/\/blog.edu.turku.fi\/kerttulinlukio\/maaliskuu\/\" class=\"more-link\">Jatka lukemista<span class=\"screen-reader-text\"> &#8221;Maaliskuu&#8221;<\/span><\/a><\/p>\n","protected":false},"author":2522,"featured_media":0,"parent":0,"menu_order":0,"comment_status":"closed","ping_status":"closed","template":"","meta":{"footnotes":""},"class_list":["post-611","page","type-page","status-publish","hentry"],"_links":{"self":[{"href":"https:\/\/blog.edu.turku.fi\/kerttulinlukio\/wp-json\/wp\/v2\/pages\/611","targetHints":{"allow":["GET"]}}],"collection":[{"href":"https:\/\/blog.edu.turku.fi\/kerttulinlukio\/wp-json\/wp\/v2\/pages"}],"about":[{"href":"https:\/\/blog.edu.turku.fi\/kerttulinlukio\/wp-json\/wp\/v2\/types\/page"}],"author":[{"embeddable":true,"href":"https:\/\/blog.edu.turku.fi\/kerttulinlukio\/wp-json\/wp\/v2\/users\/2522"}],"replies":[{"embeddable":true,"href":"https:\/\/blog.edu.turku.fi\/kerttulinlukio\/wp-json\/wp\/v2\/comments?post=611"}],"version-history":[{"count":10,"href":"https:\/\/blog.edu.turku.fi\/kerttulinlukio\/wp-json\/wp\/v2\/pages\/611\/revisions"}],"predecessor-version":[{"id":704,"href":"https:\/\/blog.edu.turku.fi\/kerttulinlukio\/wp-json\/wp\/v2\/pages\/611\/revisions\/704"}],"wp:attachment":[{"href":"https:\/\/blog.edu.turku.fi\/kerttulinlukio\/wp-json\/wp\/v2\/media?parent=611"}],"curies":[{"name":"wp","href":"https:\/\/api.w.org\/{rel}","templated":true}]}}