{"id":527,"date":"2019-02-14T15:27:24","date_gmt":"2019-02-14T13:27:24","guid":{"rendered":"https:\/\/blog.edu.turku.fi\/kerttulinlukio\/?page_id=527"},"modified":"2019-03-04T20:04:29","modified_gmt":"2019-03-04T18:04:29","slug":"helmikuu","status":"publish","type":"page","link":"https:\/\/blog.edu.turku.fi\/kerttulinlukio\/helmikuu\/","title":{"rendered":"Helmikuu"},"content":{"rendered":"<p><strong><img loading=\"lazy\" decoding=\"async\" class=\"alignright size-medium wp-image-600\" src=\"https:\/\/blog.edu.turku.fi\/kerttulinlukio\/files\/2019\/03\/Mikko-Meri\u00f6-Evelina-Ojaniittu-ja-Heikki-Hakulinen-300x169.jpg\" alt=\"\" width=\"300\" height=\"169\" \/>4tieteenkisojen palkintojen jako 28.2.<\/strong><\/p>\n<p>Yliopistolla jaettiin lukion 4tieteenkisojen palkintoja MAOL Turku ry:n alueen opiskelijoille. Kerttulista palkittiin kemian avoimessa sarjassa Evelina Ojaniittu ja Heikki Hakulinen sek\u00e4 perussarjassa Mikko Meri\u00f6.\u00a0Evelina ja Heikki olivat <img loading=\"lazy\" decoding=\"async\" class=\"alignright size-medium wp-image-601\" src=\"https:\/\/blog.edu.turku.fi\/kerttulinlukio\/files\/2019\/03\/Palkinnonsaajia-300x169.jpg\" alt=\"\" width=\"300\" height=\"169\" \/>valtakunnallisesti jaetulla 22. sijalla avoimessa sarjassa ja Mikko perussarjassa 18. sijalla. Palkintojenjakotilaisuus alkoi Orionin, kemian, matematiikan ja fysiikan laitoksen tervehdyksill\u00e4. Tervehdysten j\u00e4lkeen oli vuorossa kilpailuihin osallistuneiden opiskelijoiden muistamiset ja kakkukahvit. Lopuksi k\u00e4ytiin viel\u00e4 laitosvierailulla.<\/p>\n<p>&nbsp;<\/p>\n<p><strong>Wanhojen tanssit 15.2. 2019<\/strong><\/p>\n<p>Perinteit\u00e4 noudattaen ovat toisen vuosikurssin opiskelijat harjoitelleet kuluneen talven aikana klassikkotansseja Pertti Sahlbergin ja Anna Saivosalmen johdolla.<\/p>\n<p><img loading=\"lazy\" decoding=\"async\" class=\"alignright size-medium wp-image-568\" src=\"https:\/\/blog.edu.turku.fi\/kerttulinlukio\/files\/2019\/02\/IMG_2965-300x200.jpg\" alt=\"\" width=\"300\" height=\"200\" srcset=\"https:\/\/blog.edu.turku.fi\/kerttulinlukio\/files\/2019\/02\/IMG_2965-300x200.jpg 300w, https:\/\/blog.edu.turku.fi\/kerttulinlukio\/files\/2019\/02\/IMG_2965-1024x683.jpg 1024w, https:\/\/blog.edu.turku.fi\/kerttulinlukio\/files\/2019\/02\/IMG_2965.jpg 2048w\" sizes=\"auto, (max-width: 300px) 85vw, 300px\" \/> <img loading=\"lazy\" decoding=\"async\" class=\"size-medium wp-image-579 alignnone\" src=\"https:\/\/blog.edu.turku.fi\/kerttulinlukio\/files\/2019\/02\/wanhat-2-300x200.jpg\" alt=\"\" width=\"300\" height=\"200\" srcset=\"https:\/\/blog.edu.turku.fi\/kerttulinlukio\/files\/2019\/02\/wanhat-2-300x200.jpg 300w, https:\/\/blog.edu.turku.fi\/kerttulinlukio\/files\/2019\/02\/wanhat-2.jpg 1000w\" sizes=\"auto, (max-width: 300px) 85vw, 300px\" \/><\/p>\n<p>Uurastuksen huipentumana s\u00e4ihkyviin tanssiasuihin pukeutuneet neidot ja komeat frakkiasuiset pojat esittiv\u00e4t kaksi n\u00e4yt\u00f6st\u00e4 koulun salissa sek\u00e4 yhden l\u00e4heisess\u00e4 p\u00e4iv\u00e4kodissa.<\/p>\n<p><img loading=\"lazy\" decoding=\"async\" class=\"size-medium wp-image-583 alignnone\" src=\"https:\/\/blog.edu.turku.fi\/kerttulinlukio\/files\/2019\/02\/IMG-20190215-WA0006-300x225.jpg\" alt=\"\" width=\"300\" height=\"225\" srcset=\"https:\/\/blog.edu.turku.fi\/kerttulinlukio\/files\/2019\/02\/IMG-20190215-WA0006-300x225.jpg 300w, https:\/\/blog.edu.turku.fi\/kerttulinlukio\/files\/2019\/02\/IMG-20190215-WA0006.jpg 1000w\" sizes=\"auto, (max-width: 300px) 85vw, 300px\" \/> <img loading=\"lazy\" decoding=\"async\" class=\"alignright size-medium wp-image-584\" src=\"https:\/\/blog.edu.turku.fi\/kerttulinlukio\/files\/2019\/02\/IMG-20190215-WA0007-300x225.jpg\" alt=\"\" width=\"300\" height=\"225\" srcset=\"https:\/\/blog.edu.turku.fi\/kerttulinlukio\/files\/2019\/02\/IMG-20190215-WA0007-300x225.jpg 300w, https:\/\/blog.edu.turku.fi\/kerttulinlukio\/files\/2019\/02\/IMG-20190215-WA0007.jpg 1000w\" sizes=\"auto, (max-width: 300px) 85vw, 300px\" \/><img loading=\"lazy\" decoding=\"async\" class=\"size-medium wp-image-582 alignleft\" src=\"https:\/\/blog.edu.turku.fi\/kerttulinlukio\/files\/2019\/02\/IMG-20190215-WA0005-225x300.jpg\" alt=\"\" width=\"225\" height=\"300\" srcset=\"https:\/\/blog.edu.turku.fi\/kerttulinlukio\/files\/2019\/02\/IMG-20190215-WA0005-225x300.jpg 225w, https:\/\/blog.edu.turku.fi\/kerttulinlukio\/files\/2019\/02\/IMG-20190215-WA0005.jpg 750w\" sizes=\"auto, (max-width: 225px) 85vw, 225px\" \/><\/p>\n<p>Omaisille suunnatussa Logomon iltatilaisuudessa yhdistiv\u00e4t Kerttulin ja Puolalanm\u00e4en lukiot voimansa.<\/p>\n<p>Illan kohokohtia olivat Puolalalanm\u00e4en lukion orkesterin s\u00e4estyksell\u00e4 nyt jo vapautuneesti esitetyt tanssinumerot ja opiskelijoiden ryhm\u00e4ty\u00f6n\u00e4 suunnittelema oma tanssikoreografia.<\/p>\n<p>&nbsp;<\/p>\n<p>&nbsp;<\/p>\n<p>&nbsp;<\/p>\n<p><strong>Penkkarit 14.2. 2019<\/strong><\/p>\n<p>Kerttulin lukion penkkareita vietettiin torstaina 14. helmikuuta. P\u00e4iv\u00e4 alkoi perinteisesti abien ryhm\u00e4nohjaajien tarjoamalla brunssilla.<\/p>\n<p><img loading=\"lazy\" decoding=\"async\" class=\"alignright size-medium wp-image-537\" src=\"https:\/\/blog.edu.turku.fi\/kerttulinlukio\/files\/2019\/02\/IMG_2850-300x200.jpg\" alt=\"\" width=\"300\" height=\"200\" srcset=\"https:\/\/blog.edu.turku.fi\/kerttulinlukio\/files\/2019\/02\/IMG_2850-300x200.jpg 300w, https:\/\/blog.edu.turku.fi\/kerttulinlukio\/files\/2019\/02\/IMG_2850.jpg 1000w\" sizes=\"auto, (max-width: 300px) 85vw, 300px\" \/> <img loading=\"lazy\" decoding=\"async\" class=\"size-medium wp-image-536 alignnone\" src=\"https:\/\/blog.edu.turku.fi\/kerttulinlukio\/files\/2019\/02\/IMG_2849-300x200.jpg\" alt=\"\" width=\"300\" height=\"200\" srcset=\"https:\/\/blog.edu.turku.fi\/kerttulinlukio\/files\/2019\/02\/IMG_2849-300x200.jpg 300w, https:\/\/blog.edu.turku.fi\/kerttulinlukio\/files\/2019\/02\/IMG_2849.jpg 1000w\" sizes=\"auto, (max-width: 300px) 85vw, 300px\" \/><\/p>\n<p><img loading=\"lazy\" decoding=\"async\" class=\"alignleft size-medium wp-image-557\" src=\"https:\/\/blog.edu.turku.fi\/kerttulinlukio\/files\/2019\/02\/Avaruus-300x246.jpg\" alt=\"\" width=\"300\" height=\"246\" srcset=\"https:\/\/blog.edu.turku.fi\/kerttulinlukio\/files\/2019\/02\/Avaruus-300x246.jpg 300w, https:\/\/blog.edu.turku.fi\/kerttulinlukio\/files\/2019\/02\/Avaruus.jpg 1000w\" sizes=\"auto, (max-width: 300px) 85vw, 300px\" \/><img loading=\"lazy\" decoding=\"async\" class=\"size-medium wp-image-541 alignnone\" src=\"https:\/\/blog.edu.turku.fi\/kerttulinlukio\/files\/2019\/02\/IMG_2872-300x200.jpg\" alt=\"\" width=\"300\" height=\"200\" srcset=\"https:\/\/blog.edu.turku.fi\/kerttulinlukio\/files\/2019\/02\/IMG_2872-300x200.jpg 300w, https:\/\/blog.edu.turku.fi\/kerttulinlukio\/files\/2019\/02\/IMG_2872.jpg 1000w\" sizes=\"auto, (max-width: 300px) 85vw, 300px\" \/>T\u00e4m\u00e4n j\u00e4lkeen abiturientit vaihtoivat vaatteita ja varsinainen abishow alkoi.<img loading=\"lazy\" decoding=\"async\" class=\"alignright size-medium wp-image-559\" src=\"https:\/\/blog.edu.turku.fi\/kerttulinlukio\/files\/2019\/02\/IMG_2942-300x200.jpg\" alt=\"\" width=\"300\" height=\"200\" srcset=\"https:\/\/blog.edu.turku.fi\/kerttulinlukio\/files\/2019\/02\/IMG_2942-300x200.jpg 300w, https:\/\/blog.edu.turku.fi\/kerttulinlukio\/files\/2019\/02\/IMG_2942.jpg 1000w\" sizes=\"auto, (max-width: 300px) 85vw, 300px\" \/><\/p>\n<p><img loading=\"lazy\" decoding=\"async\" class=\"alignright size-medium wp-image-543\" src=\"https:\/\/blog.edu.turku.fi\/kerttulinlukio\/files\/2019\/02\/IMG_2886-300x200.jpg\" alt=\"\" width=\"300\" height=\"200\" srcset=\"https:\/\/blog.edu.turku.fi\/kerttulinlukio\/files\/2019\/02\/IMG_2886-300x200.jpg 300w, https:\/\/blog.edu.turku.fi\/kerttulinlukio\/files\/2019\/02\/IMG_2886.jpg 1000w\" sizes=\"auto, (max-width: 300px) 85vw, 300px\" \/><\/p>\n<p><img loading=\"lazy\" decoding=\"async\" class=\"size-medium wp-image-539 alignnone\" src=\"https:\/\/blog.edu.turku.fi\/kerttulinlukio\/files\/2019\/02\/IMG_2869-e1550151815552-300x269.jpg\" alt=\"\" width=\"300\" height=\"269\" srcset=\"https:\/\/blog.edu.turku.fi\/kerttulinlukio\/files\/2019\/02\/IMG_2869-e1550151815552-300x269.jpg 300w, https:\/\/blog.edu.turku.fi\/kerttulinlukio\/files\/2019\/02\/IMG_2869-e1550151815552.jpg 665w\" sizes=\"auto, (max-width: 300px) 85vw, 300px\" \/>Ohjelmassa oli monenlaista visailua ja kisailua niin opettajille kuin opiskelijoillekin sek\u00e4 ykk\u00f6s- ja kakkosvuotisten palkitsemisia. Lopuksi katseltiin tuttuun tapaan abivideo.<\/p>\n<p><img loading=\"lazy\" decoding=\"async\" class=\"size-medium wp-image-546 alignleft\" src=\"https:\/\/blog.edu.turku.fi\/kerttulinlukio\/files\/2019\/02\/IMG_2927-300x200.jpg\" alt=\"\" width=\"300\" height=\"200\" srcset=\"https:\/\/blog.edu.turku.fi\/kerttulinlukio\/files\/2019\/02\/IMG_2927-300x200.jpg 300w, https:\/\/blog.edu.turku.fi\/kerttulinlukio\/files\/2019\/02\/IMG_2927.jpg 1000w\" sizes=\"auto, (max-width: 300px) 85vw, 300px\" \/> <img loading=\"lazy\" decoding=\"async\" class=\"size-medium wp-image-542 alignnone\" src=\"https:\/\/blog.edu.turku.fi\/kerttulinlukio\/files\/2019\/02\/IMG_2875-300x200.jpg\" alt=\"\" width=\"300\" height=\"200\" srcset=\"https:\/\/blog.edu.turku.fi\/kerttulinlukio\/files\/2019\/02\/IMG_2875-300x200.jpg 300w, https:\/\/blog.edu.turku.fi\/kerttulinlukio\/files\/2019\/02\/IMG_2875.jpg 1000w\" sizes=\"auto, (max-width: 300px) 85vw, 300px\" \/> <img loading=\"lazy\" decoding=\"async\" class=\"size-medium wp-image-544 alignleft\" src=\"https:\/\/blog.edu.turku.fi\/kerttulinlukio\/files\/2019\/02\/IMG_2903-300x200.jpg\" alt=\"\" width=\"300\" height=\"200\" srcset=\"https:\/\/blog.edu.turku.fi\/kerttulinlukio\/files\/2019\/02\/IMG_2903-300x200.jpg 300w, https:\/\/blog.edu.turku.fi\/kerttulinlukio\/files\/2019\/02\/IMG_2903.jpg 1000w\" sizes=\"auto, (max-width: 300px) 85vw, 300px\" \/> <img loading=\"lazy\" decoding=\"async\" class=\"size-medium wp-image-545 alignnone\" src=\"https:\/\/blog.edu.turku.fi\/kerttulinlukio\/files\/2019\/02\/IMG_2897-300x200.jpg\" alt=\"\" width=\"300\" height=\"200\" srcset=\"https:\/\/blog.edu.turku.fi\/kerttulinlukio\/files\/2019\/02\/IMG_2897-300x200.jpg 300w, https:\/\/blog.edu.turku.fi\/kerttulinlukio\/files\/2019\/02\/IMG_2897.jpg 1000w\" sizes=\"auto, (max-width: 300px) 85vw, 300px\" \/><\/p>\n<p><img loading=\"lazy\" decoding=\"async\" class=\"alignleft size-medium wp-image-555\" src=\"https:\/\/blog.edu.turku.fi\/kerttulinlukio\/files\/2019\/02\/IMG_2951-300x200.jpg\" alt=\"\" width=\"300\" height=\"200\" srcset=\"https:\/\/blog.edu.turku.fi\/kerttulinlukio\/files\/2019\/02\/IMG_2951-300x200.jpg 300w, https:\/\/blog.edu.turku.fi\/kerttulinlukio\/files\/2019\/02\/IMG_2951.jpg 1000w\" sizes=\"auto, (max-width: 300px) 85vw, 300px\" \/>Nelj\u00e4 kuorma-autoa odotti pihassa, ja kun ne oli koristeltu lakanoin, abit l\u00e4htiv\u00e4t perinteiselle ajelulle kohti Turun keskustaa.\u00a0<img loading=\"lazy\" decoding=\"async\" class=\"alignleft size-medium wp-image-549\" src=\"https:\/\/blog.edu.turku.fi\/kerttulinlukio\/files\/2019\/02\/IMG_2944-300x200.jpg\" alt=\"\" width=\"300\" height=\"200\" srcset=\"https:\/\/blog.edu.turku.fi\/kerttulinlukio\/files\/2019\/02\/IMG_2944-300x200.jpg 300w, https:\/\/blog.edu.turku.fi\/kerttulinlukio\/files\/2019\/02\/IMG_2944.jpg 1000w\" sizes=\"auto, (max-width: 300px) 85vw, 300px\" \/> <img loading=\"lazy\" decoding=\"async\" class=\"size-medium wp-image-550 alignnone\" src=\"https:\/\/blog.edu.turku.fi\/kerttulinlukio\/files\/2019\/02\/IMG_2954-300x200.jpg\" alt=\"\" width=\"300\" height=\"200\" srcset=\"https:\/\/blog.edu.turku.fi\/kerttulinlukio\/files\/2019\/02\/IMG_2954-300x200.jpg 300w, https:\/\/blog.edu.turku.fi\/kerttulinlukio\/files\/2019\/02\/IMG_2954.jpg 1000w\" sizes=\"auto, (max-width: 300px) 85vw, 300px\" \/> <img loading=\"lazy\" decoding=\"async\" class=\"size-medium wp-image-552 alignleft\" src=\"https:\/\/blog.edu.turku.fi\/kerttulinlukio\/files\/2019\/02\/IMG_2957-300x200.jpg\" alt=\"\" width=\"300\" height=\"200\" srcset=\"https:\/\/blog.edu.turku.fi\/kerttulinlukio\/files\/2019\/02\/IMG_2957-300x200.jpg 300w, https:\/\/blog.edu.turku.fi\/kerttulinlukio\/files\/2019\/02\/IMG_2957.jpg 1000w\" sizes=\"auto, (max-width: 300px) 85vw, 300px\" \/> <img loading=\"lazy\" decoding=\"async\" class=\"size-medium wp-image-553 alignnone\" src=\"https:\/\/blog.edu.turku.fi\/kerttulinlukio\/files\/2019\/02\/IMG_2961-300x200.jpg\" alt=\"\" width=\"300\" height=\"200\" srcset=\"https:\/\/blog.edu.turku.fi\/kerttulinlukio\/files\/2019\/02\/IMG_2961-300x200.jpg 300w, https:\/\/blog.edu.turku.fi\/kerttulinlukio\/files\/2019\/02\/IMG_2961.jpg 1000w\" sizes=\"auto, (max-width: 300px) 85vw, 300px\" \/><\/p>\n","protected":false},"excerpt":{"rendered":"<p>4tieteenkisojen palkintojen jako 28.2. Yliopistolla jaettiin lukion 4tieteenkisojen palkintoja MAOL Turku ry:n alueen opiskelijoille. Kerttulista palkittiin kemian avoimessa sarjassa Evelina Ojaniittu ja Heikki Hakulinen sek\u00e4 perussarjassa Mikko Meri\u00f6.\u00a0Evelina ja Heikki olivat valtakunnallisesti jaetulla 22. sijalla avoimessa sarjassa ja Mikko perussarjassa 18. sijalla. Palkintojenjakotilaisuus alkoi Orionin, kemian, matematiikan ja fysiikan laitoksen tervehdyksill\u00e4. Tervehdysten j\u00e4lkeen oli vuorossa &hellip; <a href=\"https:\/\/blog.edu.turku.fi\/kerttulinlukio\/helmikuu\/\" class=\"more-link\">Jatka lukemista<span class=\"screen-reader-text\"> &#8221;Helmikuu&#8221;<\/span><\/a><\/p>\n","protected":false},"author":2522,"featured_media":0,"parent":0,"menu_order":0,"comment_status":"closed","ping_status":"closed","template":"","meta":{"footnotes":""},"class_list":["post-527","page","type-page","status-publish","hentry"],"_links":{"self":[{"href":"https:\/\/blog.edu.turku.fi\/kerttulinlukio\/wp-json\/wp\/v2\/pages\/527","targetHints":{"allow":["GET"]}}],"collection":[{"href":"https:\/\/blog.edu.turku.fi\/kerttulinlukio\/wp-json\/wp\/v2\/pages"}],"about":[{"href":"https:\/\/blog.edu.turku.fi\/kerttulinlukio\/wp-json\/wp\/v2\/types\/page"}],"author":[{"embeddable":true,"href":"https:\/\/blog.edu.turku.fi\/kerttulinlukio\/wp-json\/wp\/v2\/users\/2522"}],"replies":[{"embeddable":true,"href":"https:\/\/blog.edu.turku.fi\/kerttulinlukio\/wp-json\/wp\/v2\/comments?post=527"}],"version-history":[{"count":15,"href":"https:\/\/blog.edu.turku.fi\/kerttulinlukio\/wp-json\/wp\/v2\/pages\/527\/revisions"}],"predecessor-version":[{"id":602,"href":"https:\/\/blog.edu.turku.fi\/kerttulinlukio\/wp-json\/wp\/v2\/pages\/527\/revisions\/602"}],"wp:attachment":[{"href":"https:\/\/blog.edu.turku.fi\/kerttulinlukio\/wp-json\/wp\/v2\/media?parent=527"}],"curies":[{"name":"wp","href":"https:\/\/api.w.org\/{rel}","templated":true}]}}