{"id":5146,"date":"2025-05-30T13:57:15","date_gmt":"2025-05-30T10:57:15","guid":{"rendered":"https:\/\/blog.edu.turku.fi\/kerttulinlukio\/?page_id=5146"},"modified":"2025-05-30T13:57:28","modified_gmt":"2025-05-30T10:57:28","slug":"huhtikuu-2025","status":"publish","type":"page","link":"https:\/\/blog.edu.turku.fi\/kerttulinlukio\/huhtikuu-2025\/","title":{"rendered":"Huhtikuu 2025"},"content":{"rendered":"<p>Huhtikuussa Kerttulissa oli vieraita Veronasta. Lis\u00e4ksi oppitunneilla vieraili terveydenhoitajaopiskelija Ekaterina Selina kertomassa terveydenhoitajan ty\u00f6nkuvasta ja opinnoista sek\u00e4 Sara-Elise Ruokonen esitteli liikuntapedagogiikan opintoja.<\/p>\n<p>Opiskelijat p\u00e4\u00e4siv\u00e4t tutustumaan kemian opintoihin Aurumissa. Samalla he tekiv\u00e4t kofeiinipitoisuuden m\u00e4\u00e4ritysty\u00f6n sek\u00e4 tutkivat IR-spektrill\u00e4 koulussa valmistamansa aspiriinin puhtautta. \u00a0 <img loading=\"lazy\" decoding=\"async\" class=\"aligncenter wp-image-5150 size-large\" src=\"https:\/\/blog.edu.turku.fi\/kerttulinlukio\/files\/2025\/05\/IMG_2286-1000x750.jpg\" alt=\"\" width=\"1000\" height=\"750\" srcset=\"https:\/\/blog.edu.turku.fi\/kerttulinlukio\/files\/2025\/05\/IMG_2286.jpg 1000w, https:\/\/blog.edu.turku.fi\/kerttulinlukio\/files\/2025\/05\/IMG_2286-300x225.jpg 300w\" sizes=\"auto, (max-width: 709px) 85vw, (max-width: 909px) 67vw, (max-width: 1362px) 62vw, 840px\" \/> <img loading=\"lazy\" decoding=\"async\" class=\"aligncenter wp-image-5151 size-large\" src=\"https:\/\/blog.edu.turku.fi\/kerttulinlukio\/files\/2025\/05\/IMG_2284-1000x750.jpg\" alt=\"\" width=\"1000\" height=\"750\" srcset=\"https:\/\/blog.edu.turku.fi\/kerttulinlukio\/files\/2025\/05\/IMG_2284.jpg 1000w, https:\/\/blog.edu.turku.fi\/kerttulinlukio\/files\/2025\/05\/IMG_2284-300x225.jpg 300w\" sizes=\"auto, (max-width: 709px) 85vw, (max-width: 909px) 67vw, (max-width: 1362px) 62vw, 840px\" \/><img loading=\"lazy\" decoding=\"async\" class=\"aligncenter wp-image-5149 size-large\" src=\"https:\/\/blog.edu.turku.fi\/kerttulinlukio\/files\/2025\/05\/IMG_2287-750x1000.jpg\" alt=\"\" width=\"750\" height=\"1000\" srcset=\"https:\/\/blog.edu.turku.fi\/kerttulinlukio\/files\/2025\/05\/IMG_2287.jpg 750w, https:\/\/blog.edu.turku.fi\/kerttulinlukio\/files\/2025\/05\/IMG_2287-225x300.jpg 225w\" sizes=\"auto, (max-width: 750px) 85vw, 750px\" \/><img loading=\"lazy\" decoding=\"async\" class=\"aligncenter wp-image-5148 size-large\" src=\"https:\/\/blog.edu.turku.fi\/kerttulinlukio\/files\/2025\/05\/IMG_2298-1000x750.jpg\" alt=\"\" width=\"1000\" height=\"750\" srcset=\"https:\/\/blog.edu.turku.fi\/kerttulinlukio\/files\/2025\/05\/IMG_2298.jpg 1000w, https:\/\/blog.edu.turku.fi\/kerttulinlukio\/files\/2025\/05\/IMG_2298-300x225.jpg 300w\" sizes=\"auto, (max-width: 709px) 85vw, (max-width: 909px) 67vw, (max-width: 1362px) 62vw, 840px\" \/><\/p>\n<p>Urheilun saralla Kerttuli oli voitokas sekalentiksess\u00e4.<\/p>\n<p><img loading=\"lazy\" decoding=\"async\" class=\"aligncenter wp-image-5068 size-large\" src=\"https:\/\/blog.edu.turku.fi\/kerttulinlukio\/files\/2025\/04\/5502ddcf-0b88-423c-aa69-a192a337a1f1-633x640.jpg\" alt=\"\" width=\"633\" height=\"640\" srcset=\"https:\/\/blog.edu.turku.fi\/kerttulinlukio\/files\/2025\/04\/5502ddcf-0b88-423c-aa69-a192a337a1f1.jpg 633w, https:\/\/blog.edu.turku.fi\/kerttulinlukio\/files\/2025\/04\/5502ddcf-0b88-423c-aa69-a192a337a1f1-297x300.jpg 297w\" sizes=\"auto, (max-width: 633px) 85vw, 633px\" \/><\/p>\n<p>Vierailtiin my\u00f6s Varsinais-Suomen k\u00e4r\u00e4j\u00e4oikeudessa.<\/p>\n<p><img loading=\"lazy\" decoding=\"async\" class=\"aligncenter wp-image-5071 size-large\" src=\"https:\/\/blog.edu.turku.fi\/kerttulinlukio\/files\/2025\/04\/45427e21-90a6-4c10-a856-b768f8a5a1a9-750x1000.jpg\" alt=\"\" width=\"750\" height=\"1000\" srcset=\"https:\/\/blog.edu.turku.fi\/kerttulinlukio\/files\/2025\/04\/45427e21-90a6-4c10-a856-b768f8a5a1a9.jpg 750w, https:\/\/blog.edu.turku.fi\/kerttulinlukio\/files\/2025\/04\/45427e21-90a6-4c10-a856-b768f8a5a1a9-225x300.jpg 225w\" sizes=\"auto, (max-width: 750px) 85vw, 750px\" \/><\/p>\n<p>P\u00e4\u00e4si\u00e4isen aikaan jahdattiin p\u00e4\u00e4si\u00e4ismunia ja kemian ty\u00f6kurssilaiset toteuttivat lopputy\u00f6n\u00e4\u00e4n oman suunnittelemansa ty\u00f6n.<\/p>\n<p><img loading=\"lazy\" decoding=\"async\" class=\"aligncenter wp-image-5072 size-large\" src=\"https:\/\/blog.edu.turku.fi\/kerttulinlukio\/files\/2025\/04\/IMG_2218-640x480.jpg\" alt=\"\" width=\"640\" height=\"480\" srcset=\"https:\/\/blog.edu.turku.fi\/kerttulinlukio\/files\/2025\/04\/IMG_2218.jpg 640w, https:\/\/blog.edu.turku.fi\/kerttulinlukio\/files\/2025\/04\/IMG_2218-300x225.jpg 300w\" sizes=\"auto, (max-width: 640px) 85vw, 640px\" \/><\/p>\n<p><img loading=\"lazy\" decoding=\"async\" class=\"aligncenter wp-image-5152 size-large\" src=\"https:\/\/blog.edu.turku.fi\/kerttulinlukio\/files\/2025\/05\/IMG_2213-1000x750.jpg\" alt=\"\" width=\"1000\" height=\"750\" srcset=\"https:\/\/blog.edu.turku.fi\/kerttulinlukio\/files\/2025\/05\/IMG_2213.jpg 1000w, https:\/\/blog.edu.turku.fi\/kerttulinlukio\/files\/2025\/05\/IMG_2213-300x225.jpg 300w\" sizes=\"auto, (max-width: 709px) 85vw, (max-width: 909px) 67vw, (max-width: 1362px) 62vw, 840px\" \/><\/p>\n<p><img loading=\"lazy\" decoding=\"async\" class=\"aligncenter wp-image-5075 size-large\" src=\"https:\/\/blog.edu.turku.fi\/kerttulinlukio\/files\/2025\/04\/IMG_2215-rotated-480x640.jpg\" alt=\"\" width=\"480\" height=\"640\" srcset=\"https:\/\/blog.edu.turku.fi\/kerttulinlukio\/files\/2025\/04\/IMG_2215-rotated.jpg 480w, https:\/\/blog.edu.turku.fi\/kerttulinlukio\/files\/2025\/04\/IMG_2215-rotated-225x300.jpg 225w\" sizes=\"auto, (max-width: 480px) 85vw, 480px\" \/><img loading=\"lazy\" decoding=\"async\" class=\"aligncenter wp-image-5073 size-large\" src=\"https:\/\/blog.edu.turku.fi\/kerttulinlukio\/files\/2025\/04\/IMG_2217-640x480.jpg\" alt=\"\" width=\"640\" height=\"480\" srcset=\"https:\/\/blog.edu.turku.fi\/kerttulinlukio\/files\/2025\/04\/IMG_2217.jpg 640w, https:\/\/blog.edu.turku.fi\/kerttulinlukio\/files\/2025\/04\/IMG_2217-300x225.jpg 300w\" sizes=\"auto, (max-width: 640px) 85vw, 640px\" \/><\/p>\n<p>Huhtikuu oli ty\u00f6nt\u00e4yteinen!<\/p>\n","protected":false},"excerpt":{"rendered":"<p>Huhtikuussa Kerttulissa oli vieraita Veronasta. Lis\u00e4ksi oppitunneilla vieraili terveydenhoitajaopiskelija Ekaterina Selina kertomassa terveydenhoitajan ty\u00f6nkuvasta ja opinnoista sek\u00e4 Sara-Elise Ruokonen esitteli liikuntapedagogiikan opintoja. Opiskelijat p\u00e4\u00e4siv\u00e4t tutustumaan kemian opintoihin Aurumissa. Samalla he tekiv\u00e4t kofeiinipitoisuuden m\u00e4\u00e4ritysty\u00f6n sek\u00e4 tutkivat IR-spektrill\u00e4 koulussa valmistamansa aspiriinin puhtautta. \u00a0 Urheilun saralla Kerttuli oli voitokas sekalentiksess\u00e4. Vierailtiin my\u00f6s Varsinais-Suomen k\u00e4r\u00e4j\u00e4oikeudessa. P\u00e4\u00e4si\u00e4isen aikaan jahdattiin p\u00e4\u00e4si\u00e4ismunia &hellip; <a href=\"https:\/\/blog.edu.turku.fi\/kerttulinlukio\/huhtikuu-2025\/\" class=\"more-link\">Jatka lukemista<span class=\"screen-reader-text\"> &#8221;Huhtikuu 2025&#8221;<\/span><\/a><\/p>\n","protected":false},"author":3272,"featured_media":0,"parent":0,"menu_order":0,"comment_status":"closed","ping_status":"closed","template":"","meta":{"footnotes":""},"class_list":["post-5146","page","type-page","status-publish","hentry"],"_links":{"self":[{"href":"https:\/\/blog.edu.turku.fi\/kerttulinlukio\/wp-json\/wp\/v2\/pages\/5146","targetHints":{"allow":["GET"]}}],"collection":[{"href":"https:\/\/blog.edu.turku.fi\/kerttulinlukio\/wp-json\/wp\/v2\/pages"}],"about":[{"href":"https:\/\/blog.edu.turku.fi\/kerttulinlukio\/wp-json\/wp\/v2\/types\/page"}],"author":[{"embeddable":true,"href":"https:\/\/blog.edu.turku.fi\/kerttulinlukio\/wp-json\/wp\/v2\/users\/3272"}],"replies":[{"embeddable":true,"href":"https:\/\/blog.edu.turku.fi\/kerttulinlukio\/wp-json\/wp\/v2\/comments?post=5146"}],"version-history":[{"count":5,"href":"https:\/\/blog.edu.turku.fi\/kerttulinlukio\/wp-json\/wp\/v2\/pages\/5146\/revisions"}],"predecessor-version":[{"id":5156,"href":"https:\/\/blog.edu.turku.fi\/kerttulinlukio\/wp-json\/wp\/v2\/pages\/5146\/revisions\/5156"}],"wp:attachment":[{"href":"https:\/\/blog.edu.turku.fi\/kerttulinlukio\/wp-json\/wp\/v2\/media?parent=5146"}],"curies":[{"name":"wp","href":"https:\/\/api.w.org\/{rel}","templated":true}]}}