{"id":5137,"date":"2025-05-18T20:32:42","date_gmt":"2025-05-18T17:32:42","guid":{"rendered":"https:\/\/blog.edu.turku.fi\/kerttulinlukio\/?page_id=5137"},"modified":"2025-05-18T20:32:42","modified_gmt":"2025-05-18T17:32:42","slug":"maaliskuu-2025","status":"publish","type":"page","link":"https:\/\/blog.edu.turku.fi\/kerttulinlukio\/maaliskuu-2025\/","title":{"rendered":"Maaliskuu 2025"},"content":{"rendered":"<p>Maaliskuu oli t\u00e4ynn\u00e4 huippuhetki\u00e4. Yo-kokeet saatiin onnellisesti p\u00e4\u00e4t\u00f6kseen. T\u00e4m\u00e4n lis\u00e4ksi maaliskuussa koulumme ICT-lukiolaiset saivat Turun kauppakamarilta ICT-teko-tunnustuksen. Kuvassa opiskelijoita korjaamassa jo k\u00e4ytt\u00f6kelvottomaksi tuomittuja kannettavia tietokoneita.<\/p>\n<p><img loading=\"lazy\" decoding=\"async\" class=\"alignnone wp-image-4994 size-large\" src=\"https:\/\/blog.edu.turku.fi\/kerttulinlukio\/files\/2025\/03\/Kerttuli_ICT_tunnustus-tiedote-1066x1536-1-694x1000.jpg\" alt=\"\" width=\"694\" height=\"1000\" srcset=\"https:\/\/blog.edu.turku.fi\/kerttulinlukio\/files\/2025\/03\/Kerttuli_ICT_tunnustus-tiedote-1066x1536-1.jpg 694w, https:\/\/blog.edu.turku.fi\/kerttulinlukio\/files\/2025\/03\/Kerttuli_ICT_tunnustus-tiedote-1066x1536-1-208x300.jpg 208w\" sizes=\"auto, (max-width: 694px) 85vw, 694px\" \/><\/p>\n<p>Lukiolaiset saivat my\u00f6s osallistua TECH Roadshow-tapahtumaan, jonka aikana annettiin kokonaiskuva Turussa tarjolla olevasta insin\u00f6\u00f6ri- ja diplomi-insin\u00f6\u00f6rikoulutuksesta.<\/p>\n<p><img loading=\"lazy\" decoding=\"async\" class=\"alignnone wp-image-4977 size-large\" src=\"https:\/\/blog.edu.turku.fi\/kerttulinlukio\/files\/2025\/03\/tech-602x236.jpg\" alt=\"\" width=\"602\" height=\"236\" srcset=\"https:\/\/blog.edu.turku.fi\/kerttulinlukio\/files\/2025\/03\/tech.jpg 602w, https:\/\/blog.edu.turku.fi\/kerttulinlukio\/files\/2025\/03\/tech-300x118.jpg 300w\" sizes=\"auto, (max-width: 602px) 85vw, 602px\" \/><\/p>\n<p>Psykologian opiskelijat puolestaan ahkeroivat esitelmi\u00e4 psyykkisest\u00e4 hyvinvoinnista. Valmiit ty\u00f6t laitettiin koristamaan luokkahuoneen seini\u00e4.<\/p>\n<p><img loading=\"lazy\" decoding=\"async\" class=\"alignnone wp-image-4976 size-large\" src=\"https:\/\/blog.edu.turku.fi\/kerttulinlukio\/files\/2025\/03\/psyka-2-923x1000.jpg\" alt=\"\" width=\"923\" height=\"1000\" srcset=\"https:\/\/blog.edu.turku.fi\/kerttulinlukio\/files\/2025\/03\/psyka-2.jpg 923w, https:\/\/blog.edu.turku.fi\/kerttulinlukio\/files\/2025\/03\/psyka-2-277x300.jpg 277w\" sizes=\"auto, (max-width: 709px) 85vw, (max-width: 909px) 67vw, (max-width: 1362px) 62vw, 840px\" \/><\/p>\n","protected":false},"excerpt":{"rendered":"<p>Maaliskuu oli t\u00e4ynn\u00e4 huippuhetki\u00e4. Yo-kokeet saatiin onnellisesti p\u00e4\u00e4t\u00f6kseen. T\u00e4m\u00e4n lis\u00e4ksi maaliskuussa koulumme ICT-lukiolaiset saivat Turun kauppakamarilta ICT-teko-tunnustuksen. Kuvassa opiskelijoita korjaamassa jo k\u00e4ytt\u00f6kelvottomaksi tuomittuja kannettavia tietokoneita. Lukiolaiset saivat my\u00f6s osallistua TECH Roadshow-tapahtumaan, jonka aikana annettiin kokonaiskuva Turussa tarjolla olevasta insin\u00f6\u00f6ri- ja diplomi-insin\u00f6\u00f6rikoulutuksesta. Psykologian opiskelijat puolestaan ahkeroivat esitelmi\u00e4 psyykkisest\u00e4 hyvinvoinnista. Valmiit ty\u00f6t laitettiin koristamaan luokkahuoneen seini\u00e4.<\/p>\n","protected":false},"author":3413,"featured_media":0,"parent":0,"menu_order":0,"comment_status":"closed","ping_status":"closed","template":"","meta":{"footnotes":""},"class_list":["post-5137","page","type-page","status-publish","hentry"],"_links":{"self":[{"href":"https:\/\/blog.edu.turku.fi\/kerttulinlukio\/wp-json\/wp\/v2\/pages\/5137","targetHints":{"allow":["GET"]}}],"collection":[{"href":"https:\/\/blog.edu.turku.fi\/kerttulinlukio\/wp-json\/wp\/v2\/pages"}],"about":[{"href":"https:\/\/blog.edu.turku.fi\/kerttulinlukio\/wp-json\/wp\/v2\/types\/page"}],"author":[{"embeddable":true,"href":"https:\/\/blog.edu.turku.fi\/kerttulinlukio\/wp-json\/wp\/v2\/users\/3413"}],"replies":[{"embeddable":true,"href":"https:\/\/blog.edu.turku.fi\/kerttulinlukio\/wp-json\/wp\/v2\/comments?post=5137"}],"version-history":[{"count":1,"href":"https:\/\/blog.edu.turku.fi\/kerttulinlukio\/wp-json\/wp\/v2\/pages\/5137\/revisions"}],"predecessor-version":[{"id":5138,"href":"https:\/\/blog.edu.turku.fi\/kerttulinlukio\/wp-json\/wp\/v2\/pages\/5137\/revisions\/5138"}],"wp:attachment":[{"href":"https:\/\/blog.edu.turku.fi\/kerttulinlukio\/wp-json\/wp\/v2\/media?parent=5137"}],"curies":[{"name":"wp","href":"https:\/\/api.w.org\/{rel}","templated":true}]}}