{"id":5015,"date":"2025-03-10T14:49:44","date_gmt":"2025-03-10T12:49:44","guid":{"rendered":"https:\/\/blog.edu.turku.fi\/kerttulinlukio\/?page_id=5015"},"modified":"2025-03-10T14:49:44","modified_gmt":"2025-03-10T12:49:44","slug":"tammikuu-2025","status":"publish","type":"page","link":"https:\/\/blog.edu.turku.fi\/kerttulinlukio\/tammikuu-2025\/","title":{"rendered":"Tammikuu 2025"},"content":{"rendered":"<p>Tammikuun kohokohta oli koululla j\u00e4rjestetyt esittelyillat tulevia opiskelijoita ja heid\u00e4n vanhempiaan varten. Alla valmentajat kertovat urheilulukiosta.<\/p>\n<p><img loading=\"lazy\" decoding=\"async\" class=\"alignnone wp-image-4853 size-large\" src=\"https:\/\/blog.edu.turku.fi\/kerttulinlukio\/files\/2025\/01\/WhatsApp-Image-2025-01-15-at-18.05.28-750x1000.jpeg\" alt=\"\" width=\"750\" height=\"1000\" srcset=\"https:\/\/blog.edu.turku.fi\/kerttulinlukio\/files\/2025\/01\/WhatsApp-Image-2025-01-15-at-18.05.28.jpeg 750w, https:\/\/blog.edu.turku.fi\/kerttulinlukio\/files\/2025\/01\/WhatsApp-Image-2025-01-15-at-18.05.28-225x300.jpeg 225w\" sizes=\"auto, (max-width: 750px) 85vw, 750px\" \/><\/p>\n<p><img loading=\"lazy\" decoding=\"async\" class=\"alignnone wp-image-4854 size-large\" src=\"https:\/\/blog.edu.turku.fi\/kerttulinlukio\/files\/2025\/01\/WhatsApp-Image-2025-01-15-at-18.05.28-1-750x1000.jpeg\" alt=\"\" width=\"750\" height=\"1000\" srcset=\"https:\/\/blog.edu.turku.fi\/kerttulinlukio\/files\/2025\/01\/WhatsApp-Image-2025-01-15-at-18.05.28-1.jpeg 750w, https:\/\/blog.edu.turku.fi\/kerttulinlukio\/files\/2025\/01\/WhatsApp-Image-2025-01-15-at-18.05.28-1-225x300.jpeg 225w\" sizes=\"auto, (max-width: 750px) 85vw, 750px\" \/><\/p>\n<p><img loading=\"lazy\" decoding=\"async\" class=\"alignnone wp-image-4855 size-large\" src=\"https:\/\/blog.edu.turku.fi\/kerttulinlukio\/files\/2025\/01\/WhatsApp-Image-2025-01-15-at-18.05.28-2-750x1000.jpeg\" alt=\"\" width=\"750\" height=\"1000\" srcset=\"https:\/\/blog.edu.turku.fi\/kerttulinlukio\/files\/2025\/01\/WhatsApp-Image-2025-01-15-at-18.05.28-2.jpeg 750w, https:\/\/blog.edu.turku.fi\/kerttulinlukio\/files\/2025\/01\/WhatsApp-Image-2025-01-15-at-18.05.28-2-225x300.jpeg 225w\" sizes=\"auto, (max-width: 750px) 85vw, 750px\" \/><\/p>\n<p><img loading=\"lazy\" decoding=\"async\" class=\"alignnone wp-image-4856 size-large\" src=\"https:\/\/blog.edu.turku.fi\/kerttulinlukio\/files\/2025\/01\/WhatsApp-Image-2025-01-15-at-18.05.28-3-750x1000.jpeg\" alt=\"\" width=\"750\" height=\"1000\" srcset=\"https:\/\/blog.edu.turku.fi\/kerttulinlukio\/files\/2025\/01\/WhatsApp-Image-2025-01-15-at-18.05.28-3.jpeg 750w, https:\/\/blog.edu.turku.fi\/kerttulinlukio\/files\/2025\/01\/WhatsApp-Image-2025-01-15-at-18.05.28-3-225x300.jpeg 225w\" sizes=\"auto, (max-width: 750px) 85vw, 750px\" \/><\/p>\n<p><img loading=\"lazy\" decoding=\"async\" class=\"alignnone wp-image-4871 size-large\" src=\"https:\/\/blog.edu.turku.fi\/kerttulinlukio\/files\/2025\/01\/WhatsApp-Image-2025-01-15-at-18.05.29-1-750x1000.jpeg\" alt=\"\" width=\"750\" height=\"1000\" srcset=\"https:\/\/blog.edu.turku.fi\/kerttulinlukio\/files\/2025\/01\/WhatsApp-Image-2025-01-15-at-18.05.29-1.jpeg 750w, https:\/\/blog.edu.turku.fi\/kerttulinlukio\/files\/2025\/01\/WhatsApp-Image-2025-01-15-at-18.05.29-1-225x300.jpeg 225w\" sizes=\"auto, (max-width: 750px) 85vw, 750px\" \/><\/p>\n<p>Kaikilla oppiaineilla oli my\u00f6s omat esittelypisteens\u00e4. Alla kuvia kemian esittelypisteest\u00e4.<\/p>\n<p><img loading=\"lazy\" decoding=\"async\" class=\"alignnone wp-image-4857 size-large\" src=\"https:\/\/blog.edu.turku.fi\/kerttulinlukio\/files\/2025\/01\/WhatsApp-Image-2025-01-15-at-18.05.28-4-750x1000.jpeg\" alt=\"\" width=\"750\" height=\"1000\" srcset=\"https:\/\/blog.edu.turku.fi\/kerttulinlukio\/files\/2025\/01\/WhatsApp-Image-2025-01-15-at-18.05.28-4.jpeg 750w, https:\/\/blog.edu.turku.fi\/kerttulinlukio\/files\/2025\/01\/WhatsApp-Image-2025-01-15-at-18.05.28-4-225x300.jpeg 225w\" sizes=\"auto, (max-width: 750px) 85vw, 750px\" \/><\/p>\n<p><img loading=\"lazy\" decoding=\"async\" class=\"alignnone wp-image-4858 size-large\" src=\"https:\/\/blog.edu.turku.fi\/kerttulinlukio\/files\/2025\/01\/WhatsApp-Image-2025-01-15-at-18.05.29-750x1000.jpeg\" alt=\"\" width=\"750\" height=\"1000\" srcset=\"https:\/\/blog.edu.turku.fi\/kerttulinlukio\/files\/2025\/01\/WhatsApp-Image-2025-01-15-at-18.05.29.jpeg 750w, https:\/\/blog.edu.turku.fi\/kerttulinlukio\/files\/2025\/01\/WhatsApp-Image-2025-01-15-at-18.05.29-225x300.jpeg 225w\" sizes=\"auto, (max-width: 750px) 85vw, 750px\" \/><\/p>\n<p>&nbsp;<\/p>\n","protected":false},"excerpt":{"rendered":"<p>Tammikuun kohokohta oli koululla j\u00e4rjestetyt esittelyillat tulevia opiskelijoita ja heid\u00e4n vanhempiaan varten. Alla valmentajat kertovat urheilulukiosta. Kaikilla oppiaineilla oli my\u00f6s omat esittelypisteens\u00e4. Alla kuvia kemian esittelypisteest\u00e4. &nbsp;<\/p>\n","protected":false},"author":3413,"featured_media":0,"parent":0,"menu_order":0,"comment_status":"closed","ping_status":"closed","template":"","meta":{"footnotes":""},"class_list":["post-5015","page","type-page","status-publish","hentry"],"_links":{"self":[{"href":"https:\/\/blog.edu.turku.fi\/kerttulinlukio\/wp-json\/wp\/v2\/pages\/5015","targetHints":{"allow":["GET"]}}],"collection":[{"href":"https:\/\/blog.edu.turku.fi\/kerttulinlukio\/wp-json\/wp\/v2\/pages"}],"about":[{"href":"https:\/\/blog.edu.turku.fi\/kerttulinlukio\/wp-json\/wp\/v2\/types\/page"}],"author":[{"embeddable":true,"href":"https:\/\/blog.edu.turku.fi\/kerttulinlukio\/wp-json\/wp\/v2\/users\/3413"}],"replies":[{"embeddable":true,"href":"https:\/\/blog.edu.turku.fi\/kerttulinlukio\/wp-json\/wp\/v2\/comments?post=5015"}],"version-history":[{"count":1,"href":"https:\/\/blog.edu.turku.fi\/kerttulinlukio\/wp-json\/wp\/v2\/pages\/5015\/revisions"}],"predecessor-version":[{"id":5019,"href":"https:\/\/blog.edu.turku.fi\/kerttulinlukio\/wp-json\/wp\/v2\/pages\/5015\/revisions\/5019"}],"wp:attachment":[{"href":"https:\/\/blog.edu.turku.fi\/kerttulinlukio\/wp-json\/wp\/v2\/media?parent=5015"}],"curies":[{"name":"wp","href":"https:\/\/api.w.org\/{rel}","templated":true}]}}