{"id":5010,"date":"2025-03-10T14:19:06","date_gmt":"2025-03-10T12:19:06","guid":{"rendered":"https:\/\/blog.edu.turku.fi\/kerttulinlukio\/?page_id=5010"},"modified":"2025-03-10T14:27:02","modified_gmt":"2025-03-10T12:27:02","slug":"marraskuu-2024-2","status":"publish","type":"page","link":"https:\/\/blog.edu.turku.fi\/kerttulinlukio\/marraskuu-2024-2\/","title":{"rendered":"Marraskuu 2024"},"content":{"rendered":"<p>Marraskuussa<a href=\"https:\/\/www.iltalehti.fi\/kotimaa\/a\/2806e01a-987b-4ba5-b75c-a59c2be8ff03\"> Iltalehti<\/a> uutisoi koulumme oppilaan \u00e4llistytt\u00e4v\u00e4st\u00e4 huipputuloksesta ylioppilaskirjoituksissa. Veera Loikas kirjoitti kaiken kaikkiaan kahdeksan laudaturia!<\/p>\n<p><img loading=\"lazy\" decoding=\"async\" class=\"alignnone wp-image-4700 size-large\" src=\"https:\/\/blog.edu.turku.fi\/kerttulinlukio\/files\/2024\/11\/Loikas-602x809.png\" alt=\"\" width=\"602\" height=\"809\" srcset=\"https:\/\/blog.edu.turku.fi\/kerttulinlukio\/files\/2024\/11\/Loikas.png 602w, https:\/\/blog.edu.turku.fi\/kerttulinlukio\/files\/2024\/11\/Loikas-223x300.png 223w\" sizes=\"auto, (max-width: 602px) 85vw, 602px\" \/><\/p>\n<p>Kerttulin saksan opiskelijat tutustuivat Turun yliopistoon.<\/p>\n<p><img loading=\"lazy\" decoding=\"async\" class=\"alignnone wp-image-4717 size-large\" src=\"https:\/\/blog.edu.turku.fi\/kerttulinlukio\/files\/2024\/11\/IMG_4978-1000x616.jpg\" alt=\"\" width=\"1000\" height=\"616\" srcset=\"https:\/\/blog.edu.turku.fi\/kerttulinlukio\/files\/2024\/11\/IMG_4978.jpg 1000w, https:\/\/blog.edu.turku.fi\/kerttulinlukio\/files\/2024\/11\/IMG_4978-300x185.jpg 300w\" sizes=\"auto, (max-width: 709px) 85vw, (max-width: 909px) 67vw, (max-width: 1362px) 62vw, 840px\" \/><\/p>\n<p>It\u00e4valtalaiset vaihto-opiskelijat puolestaan opettivat oman maansa kulttuuriasioita kulttuurikurssilla.<\/p>\n<p><img loading=\"lazy\" decoding=\"async\" class=\"alignnone wp-image-4715 size-large\" src=\"https:\/\/blog.edu.turku.fi\/kerttulinlukio\/files\/2024\/11\/WhatsApp-Image-2024-11-15-at-18.03.00-1000x782.jpeg\" alt=\"\" width=\"1000\" height=\"782\" srcset=\"https:\/\/blog.edu.turku.fi\/kerttulinlukio\/files\/2024\/11\/WhatsApp-Image-2024-11-15-at-18.03.00.jpeg 1000w, https:\/\/blog.edu.turku.fi\/kerttulinlukio\/files\/2024\/11\/WhatsApp-Image-2024-11-15-at-18.03.00-300x235.jpeg 300w\" sizes=\"auto, (max-width: 709px) 85vw, (max-width: 909px) 67vw, (max-width: 1362px) 62vw, 840px\" \/><\/p>\n<p>Marraskuun kruunasiLANit-tapahtuma.<\/p>\n<p><img loading=\"lazy\" decoding=\"async\" class=\"alignnone wp-image-4671 size-large\" src=\"https:\/\/blog.edu.turku.fi\/kerttulinlukio\/files\/2024\/11\/1ef5cba3-a23d-4574-8aef-0033d195d1a6-750x1000.jpg\" alt=\"\" width=\"750\" height=\"1000\" srcset=\"https:\/\/blog.edu.turku.fi\/kerttulinlukio\/files\/2024\/11\/1ef5cba3-a23d-4574-8aef-0033d195d1a6.jpg 750w, https:\/\/blog.edu.turku.fi\/kerttulinlukio\/files\/2024\/11\/1ef5cba3-a23d-4574-8aef-0033d195d1a6-225x300.jpg 225w\" sizes=\"auto, (max-width: 750px) 85vw, 750px\" \/><\/p>\n<p>&nbsp;<\/p>\n","protected":false},"excerpt":{"rendered":"<p>Marraskuussa Iltalehti uutisoi koulumme oppilaan \u00e4llistytt\u00e4v\u00e4st\u00e4 huipputuloksesta ylioppilaskirjoituksissa. Veera Loikas kirjoitti kaiken kaikkiaan kahdeksan laudaturia! Kerttulin saksan opiskelijat tutustuivat Turun yliopistoon. It\u00e4valtalaiset vaihto-opiskelijat puolestaan opettivat oman maansa kulttuuriasioita kulttuurikurssilla. Marraskuun kruunasiLANit-tapahtuma. &nbsp;<\/p>\n","protected":false},"author":3413,"featured_media":0,"parent":0,"menu_order":0,"comment_status":"closed","ping_status":"closed","template":"","meta":{"footnotes":""},"class_list":["post-5010","page","type-page","status-publish","hentry"],"_links":{"self":[{"href":"https:\/\/blog.edu.turku.fi\/kerttulinlukio\/wp-json\/wp\/v2\/pages\/5010","targetHints":{"allow":["GET"]}}],"collection":[{"href":"https:\/\/blog.edu.turku.fi\/kerttulinlukio\/wp-json\/wp\/v2\/pages"}],"about":[{"href":"https:\/\/blog.edu.turku.fi\/kerttulinlukio\/wp-json\/wp\/v2\/types\/page"}],"author":[{"embeddable":true,"href":"https:\/\/blog.edu.turku.fi\/kerttulinlukio\/wp-json\/wp\/v2\/users\/3413"}],"replies":[{"embeddable":true,"href":"https:\/\/blog.edu.turku.fi\/kerttulinlukio\/wp-json\/wp\/v2\/comments?post=5010"}],"version-history":[{"count":3,"href":"https:\/\/blog.edu.turku.fi\/kerttulinlukio\/wp-json\/wp\/v2\/pages\/5010\/revisions"}],"predecessor-version":[{"id":5018,"href":"https:\/\/blog.edu.turku.fi\/kerttulinlukio\/wp-json\/wp\/v2\/pages\/5010\/revisions\/5018"}],"wp:attachment":[{"href":"https:\/\/blog.edu.turku.fi\/kerttulinlukio\/wp-json\/wp\/v2\/media?parent=5010"}],"curies":[{"name":"wp","href":"https:\/\/api.w.org\/{rel}","templated":true}]}}