{"id":4965,"date":"2025-02-23T12:11:46","date_gmt":"2025-02-23T10:11:46","guid":{"rendered":"https:\/\/blog.edu.turku.fi\/kerttulinlukio\/?page_id=4965"},"modified":"2025-02-23T12:11:46","modified_gmt":"2025-02-23T10:11:46","slug":"helmikuu-2025","status":"publish","type":"page","link":"https:\/\/blog.edu.turku.fi\/kerttulinlukio\/helmikuu-2025\/","title":{"rendered":"Helmikuu 2025"},"content":{"rendered":"<p>Helmikuussa vietettiin penkkareita ja juhlittiin wanhoja.<\/p>\n<p>Abit aloittivat viimeisen koulup\u00e4iv\u00e4ns\u00e4 opettajien ja abien yhteisell\u00e4 kahvitilaisuudella.<\/p>\n<p><img loading=\"lazy\" decoding=\"async\" class=\"aligncenter wp-image-4902 size-large\" src=\"https:\/\/blog.edu.turku.fi\/kerttulinlukio\/files\/2025\/02\/IMG_1739-640x480.jpg\" alt=\"\" width=\"640\" height=\"480\" srcset=\"https:\/\/blog.edu.turku.fi\/kerttulinlukio\/files\/2025\/02\/IMG_1739.jpg 640w, https:\/\/blog.edu.turku.fi\/kerttulinlukio\/files\/2025\/02\/IMG_1739-300x225.jpg 300w\" sizes=\"auto, (max-width: 640px) 85vw, 640px\" \/> <img loading=\"lazy\" decoding=\"async\" class=\"aligncenter wp-image-4903 size-large\" src=\"https:\/\/blog.edu.turku.fi\/kerttulinlukio\/files\/2025\/02\/IMG_1735-640x480.jpg\" alt=\"\" width=\"640\" height=\"480\" srcset=\"https:\/\/blog.edu.turku.fi\/kerttulinlukio\/files\/2025\/02\/IMG_1735.jpg 640w, https:\/\/blog.edu.turku.fi\/kerttulinlukio\/files\/2025\/02\/IMG_1735-300x225.jpg 300w\" sizes=\"auto, (max-width: 640px) 85vw, 640px\" \/> <img loading=\"lazy\" decoding=\"async\" class=\"aligncenter wp-image-4911 size-large\" src=\"https:\/\/blog.edu.turku.fi\/kerttulinlukio\/files\/2025\/02\/IMG_1742-640x480.jpg\" alt=\"\" width=\"640\" height=\"480\" srcset=\"https:\/\/blog.edu.turku.fi\/kerttulinlukio\/files\/2025\/02\/IMG_1742.jpg 640w, https:\/\/blog.edu.turku.fi\/kerttulinlukio\/files\/2025\/02\/IMG_1742-300x225.jpg 300w\" sizes=\"auto, (max-width: 640px) 85vw, 640px\" \/> <img loading=\"lazy\" decoding=\"async\" class=\"aligncenter wp-image-4912 size-large\" src=\"https:\/\/blog.edu.turku.fi\/kerttulinlukio\/files\/2025\/02\/IMG_1740-640x480.jpg\" alt=\"\" width=\"640\" height=\"480\" srcset=\"https:\/\/blog.edu.turku.fi\/kerttulinlukio\/files\/2025\/02\/IMG_1740.jpg 640w, https:\/\/blog.edu.turku.fi\/kerttulinlukio\/files\/2025\/02\/IMG_1740-300x225.jpg 300w\" sizes=\"auto, (max-width: 640px) 85vw, 640px\" \/><\/p>\n<p>Kahvihetken j\u00e4lkeen vuorossa oli abigaala.<\/p>\n<p><img loading=\"lazy\" decoding=\"async\" class=\"aligncenter wp-image-4910 size-large\" src=\"https:\/\/blog.edu.turku.fi\/kerttulinlukio\/files\/2025\/02\/IMG_1749-640x480.jpg\" alt=\"\" width=\"640\" height=\"480\" srcset=\"https:\/\/blog.edu.turku.fi\/kerttulinlukio\/files\/2025\/02\/IMG_1749.jpg 640w, https:\/\/blog.edu.turku.fi\/kerttulinlukio\/files\/2025\/02\/IMG_1749-300x225.jpg 300w\" sizes=\"auto, (max-width: 640px) 85vw, 640px\" \/> <img loading=\"lazy\" decoding=\"async\" class=\"aligncenter wp-image-4909 size-large\" src=\"https:\/\/blog.edu.turku.fi\/kerttulinlukio\/files\/2025\/02\/IMG_1760-rotated-480x640.jpg\" alt=\"\" width=\"480\" height=\"640\" srcset=\"https:\/\/blog.edu.turku.fi\/kerttulinlukio\/files\/2025\/02\/IMG_1760-rotated.jpg 480w, https:\/\/blog.edu.turku.fi\/kerttulinlukio\/files\/2025\/02\/IMG_1760-rotated-225x300.jpg 225w\" sizes=\"auto, (max-width: 480px) 85vw, 480px\" \/><\/p>\n<p>Gaalan j\u00e4lkeen l\u00e4hdettiin odotetulle penkkariajelulle.<\/p>\n<p><img loading=\"lazy\" decoding=\"async\" class=\"aligncenter wp-image-4904 size-large\" src=\"https:\/\/blog.edu.turku.fi\/kerttulinlukio\/files\/2025\/02\/IMG_1763-640x480.jpg\" alt=\"\" width=\"640\" height=\"480\" srcset=\"https:\/\/blog.edu.turku.fi\/kerttulinlukio\/files\/2025\/02\/IMG_1763.jpg 640w, https:\/\/blog.edu.turku.fi\/kerttulinlukio\/files\/2025\/02\/IMG_1763-300x225.jpg 300w\" sizes=\"auto, (max-width: 640px) 85vw, 640px\" \/> <img loading=\"lazy\" decoding=\"async\" class=\"aligncenter wp-image-4905 size-large\" src=\"https:\/\/blog.edu.turku.fi\/kerttulinlukio\/files\/2025\/02\/IMG_1765-640x480.jpg\" alt=\"\" width=\"640\" height=\"480\" srcset=\"https:\/\/blog.edu.turku.fi\/kerttulinlukio\/files\/2025\/02\/IMG_1765.jpg 640w, https:\/\/blog.edu.turku.fi\/kerttulinlukio\/files\/2025\/02\/IMG_1765-300x225.jpg 300w\" sizes=\"auto, (max-width: 640px) 85vw, 640px\" \/> <img loading=\"lazy\" decoding=\"async\" class=\"aligncenter wp-image-4906 size-large\" src=\"https:\/\/blog.edu.turku.fi\/kerttulinlukio\/files\/2025\/02\/IMG_1777-640x480.jpg\" alt=\"\" width=\"640\" height=\"480\" srcset=\"https:\/\/blog.edu.turku.fi\/kerttulinlukio\/files\/2025\/02\/IMG_1777.jpg 640w, https:\/\/blog.edu.turku.fi\/kerttulinlukio\/files\/2025\/02\/IMG_1777-300x225.jpg 300w\" sizes=\"auto, (max-width: 640px) 85vw, 640px\" \/> <img loading=\"lazy\" decoding=\"async\" class=\"aligncenter wp-image-4907 size-large\" src=\"https:\/\/blog.edu.turku.fi\/kerttulinlukio\/files\/2025\/02\/IMG_1770-640x480.jpg\" alt=\"\" width=\"640\" height=\"480\" srcset=\"https:\/\/blog.edu.turku.fi\/kerttulinlukio\/files\/2025\/02\/IMG_1770.jpg 640w, https:\/\/blog.edu.turku.fi\/kerttulinlukio\/files\/2025\/02\/IMG_1770-300x225.jpg 300w\" sizes=\"auto, (max-width: 640px) 85vw, 640px\" \/> <img loading=\"lazy\" decoding=\"async\" class=\"aligncenter wp-image-4908 size-large\" src=\"https:\/\/blog.edu.turku.fi\/kerttulinlukio\/files\/2025\/02\/IMG_1769-640x480.jpg\" alt=\"\" width=\"640\" height=\"480\" srcset=\"https:\/\/blog.edu.turku.fi\/kerttulinlukio\/files\/2025\/02\/IMG_1769.jpg 640w, https:\/\/blog.edu.turku.fi\/kerttulinlukio\/files\/2025\/02\/IMG_1769-300x225.jpg 300w\" sizes=\"auto, (max-width: 640px) 85vw, 640px\" \/><\/p>\n<p>Abien juhlap\u00e4iv\u00e4n j\u00e4lkeen tanssittiin Wanhojen tanssit. Tansseissa n\u00e4htiin upeaa pukuloistoa ja hienoja koreografioita. Wanhojen p\u00e4iv\u00e4 huipentui viel\u00e4 illalla Logomossa j\u00e4rjestett\u00e4viin tansseihin, jossa musiikista vastasi Puolalanm\u00e4en lukion ja yl\u00e4koulun orkesteri.<\/p>\n<p><img loading=\"lazy\" decoding=\"async\" class=\"aligncenter wp-image-4941 size-large\" src=\"https:\/\/blog.edu.turku.fi\/kerttulinlukio\/files\/2025\/02\/IMG_1851-640x521.jpg\" alt=\"\" width=\"640\" height=\"521\" srcset=\"https:\/\/blog.edu.turku.fi\/kerttulinlukio\/files\/2025\/02\/IMG_1851.jpg 640w, https:\/\/blog.edu.turku.fi\/kerttulinlukio\/files\/2025\/02\/IMG_1851-300x244.jpg 300w\" sizes=\"auto, (max-width: 640px) 85vw, 640px\" \/><img loading=\"lazy\" decoding=\"async\" class=\"aligncenter wp-image-4942 size-large\" src=\"https:\/\/blog.edu.turku.fi\/kerttulinlukio\/files\/2025\/02\/IMG_1844-640x480.jpg\" alt=\"\" width=\"640\" height=\"480\" srcset=\"https:\/\/blog.edu.turku.fi\/kerttulinlukio\/files\/2025\/02\/IMG_1844.jpg 640w, https:\/\/blog.edu.turku.fi\/kerttulinlukio\/files\/2025\/02\/IMG_1844-300x225.jpg 300w\" sizes=\"auto, (max-width: 640px) 85vw, 640px\" \/> <img loading=\"lazy\" decoding=\"async\" class=\"wp-image-4943 size-large aligncenter\" src=\"https:\/\/blog.edu.turku.fi\/kerttulinlukio\/files\/2025\/02\/IMG_1862-506x640.jpg\" alt=\"\" width=\"506\" height=\"640\" srcset=\"https:\/\/blog.edu.turku.fi\/kerttulinlukio\/files\/2025\/02\/IMG_1862.jpg 506w, https:\/\/blog.edu.turku.fi\/kerttulinlukio\/files\/2025\/02\/IMG_1862-237x300.jpg 237w\" sizes=\"auto, (max-width: 506px) 85vw, 506px\" \/> <img loading=\"lazy\" decoding=\"async\" class=\"wp-image-4963 size-large aligncenter\" src=\"https:\/\/blog.edu.turku.fi\/kerttulinlukio\/files\/2025\/02\/PHOTO-2025-02-14-16-22-00-5-750x1000.jpg\" alt=\"\" width=\"750\" height=\"1000\" srcset=\"https:\/\/blog.edu.turku.fi\/kerttulinlukio\/files\/2025\/02\/PHOTO-2025-02-14-16-22-00-5.jpg 750w, https:\/\/blog.edu.turku.fi\/kerttulinlukio\/files\/2025\/02\/PHOTO-2025-02-14-16-22-00-5-225x300.jpg 225w\" sizes=\"auto, (max-width: 750px) 85vw, 750px\" \/> <img loading=\"lazy\" decoding=\"async\" class=\"wp-image-4962 size-large aligncenter\" src=\"https:\/\/blog.edu.turku.fi\/kerttulinlukio\/files\/2025\/02\/PHOTO-2025-02-14-16-22-00-4-750x1000.jpg\" alt=\"\" width=\"750\" height=\"1000\" srcset=\"https:\/\/blog.edu.turku.fi\/kerttulinlukio\/files\/2025\/02\/PHOTO-2025-02-14-16-22-00-4.jpg 750w, https:\/\/blog.edu.turku.fi\/kerttulinlukio\/files\/2025\/02\/PHOTO-2025-02-14-16-22-00-4-225x300.jpg 225w\" sizes=\"auto, (max-width: 750px) 85vw, 750px\" \/> <img loading=\"lazy\" decoding=\"async\" class=\"wp-image-4961 size-large aligncenter\" src=\"https:\/\/blog.edu.turku.fi\/kerttulinlukio\/files\/2025\/02\/PHOTO-2025-02-14-16-22-00-3-750x1000.jpg\" alt=\"\" width=\"750\" height=\"1000\" srcset=\"https:\/\/blog.edu.turku.fi\/kerttulinlukio\/files\/2025\/02\/PHOTO-2025-02-14-16-22-00-3.jpg 750w, https:\/\/blog.edu.turku.fi\/kerttulinlukio\/files\/2025\/02\/PHOTO-2025-02-14-16-22-00-3-225x300.jpg 225w\" sizes=\"auto, (max-width: 750px) 85vw, 750px\" \/> <img loading=\"lazy\" decoding=\"async\" class=\"wp-image-4960 size-large aligncenter\" src=\"https:\/\/blog.edu.turku.fi\/kerttulinlukio\/files\/2025\/02\/PHOTO-2025-02-14-16-22-00-2-750x1000.jpg\" alt=\"\" width=\"750\" height=\"1000\" srcset=\"https:\/\/blog.edu.turku.fi\/kerttulinlukio\/files\/2025\/02\/PHOTO-2025-02-14-16-22-00-2.jpg 750w, https:\/\/blog.edu.turku.fi\/kerttulinlukio\/files\/2025\/02\/PHOTO-2025-02-14-16-22-00-2-225x300.jpg 225w\" sizes=\"auto, (max-width: 750px) 85vw, 750px\" \/> <img loading=\"lazy\" decoding=\"async\" class=\"wp-image-4959 size-large aligncenter\" src=\"https:\/\/blog.edu.turku.fi\/kerttulinlukio\/files\/2025\/02\/PHOTO-2025-02-14-16-22-00-1-750x1000.jpg\" alt=\"\" width=\"750\" height=\"1000\" srcset=\"https:\/\/blog.edu.turku.fi\/kerttulinlukio\/files\/2025\/02\/PHOTO-2025-02-14-16-22-00-1.jpg 750w, https:\/\/blog.edu.turku.fi\/kerttulinlukio\/files\/2025\/02\/PHOTO-2025-02-14-16-22-00-1-225x300.jpg 225w\" sizes=\"auto, (max-width: 750px) 85vw, 750px\" \/> <img loading=\"lazy\" decoding=\"async\" class=\"wp-image-4958 size-large aligncenter\" src=\"https:\/\/blog.edu.turku.fi\/kerttulinlukio\/files\/2025\/02\/PHOTO-2025-02-14-16-22-00-750x1000.jpg\" alt=\"\" width=\"750\" height=\"1000\" srcset=\"https:\/\/blog.edu.turku.fi\/kerttulinlukio\/files\/2025\/02\/PHOTO-2025-02-14-16-22-00.jpg 750w, https:\/\/blog.edu.turku.fi\/kerttulinlukio\/files\/2025\/02\/PHOTO-2025-02-14-16-22-00-225x300.jpg 225w\" sizes=\"auto, (max-width: 750px) 85vw, 750px\" \/> <img loading=\"lazy\" decoding=\"async\" class=\"wp-image-4957 size-large aligncenter\" src=\"https:\/\/blog.edu.turku.fi\/kerttulinlukio\/files\/2025\/02\/PHOTO-2025-02-14-16-21-59-3-750x1000.jpg\" alt=\"\" width=\"750\" height=\"1000\" srcset=\"https:\/\/blog.edu.turku.fi\/kerttulinlukio\/files\/2025\/02\/PHOTO-2025-02-14-16-21-59-3.jpg 750w, https:\/\/blog.edu.turku.fi\/kerttulinlukio\/files\/2025\/02\/PHOTO-2025-02-14-16-21-59-3-225x300.jpg 225w\" sizes=\"auto, (max-width: 750px) 85vw, 750px\" \/> <img loading=\"lazy\" decoding=\"async\" class=\"wp-image-4956 size-large aligncenter\" src=\"https:\/\/blog.edu.turku.fi\/kerttulinlukio\/files\/2025\/02\/PHOTO-2025-02-14-16-21-59-2-1-750x1000.jpg\" alt=\"\" width=\"750\" height=\"1000\" srcset=\"https:\/\/blog.edu.turku.fi\/kerttulinlukio\/files\/2025\/02\/PHOTO-2025-02-14-16-21-59-2-1.jpg 750w, https:\/\/blog.edu.turku.fi\/kerttulinlukio\/files\/2025\/02\/PHOTO-2025-02-14-16-21-59-2-1-225x300.jpg 225w\" sizes=\"auto, (max-width: 750px) 85vw, 750px\" \/> <img loading=\"lazy\" decoding=\"async\" class=\"wp-image-4955 size-large aligncenter\" src=\"https:\/\/blog.edu.turku.fi\/kerttulinlukio\/files\/2025\/02\/PHOTO-2025-02-14-16-21-59-1-1-750x1000.jpg\" alt=\"\" width=\"750\" height=\"1000\" srcset=\"https:\/\/blog.edu.turku.fi\/kerttulinlukio\/files\/2025\/02\/PHOTO-2025-02-14-16-21-59-1-1.jpg 750w, https:\/\/blog.edu.turku.fi\/kerttulinlukio\/files\/2025\/02\/PHOTO-2025-02-14-16-21-59-1-1-225x300.jpg 225w\" sizes=\"auto, (max-width: 750px) 85vw, 750px\" \/> <img loading=\"lazy\" decoding=\"async\" class=\"aligncenter wp-image-4954 size-large\" src=\"https:\/\/blog.edu.turku.fi\/kerttulinlukio\/files\/2025\/02\/PHOTO-2025-02-14-16-21-59-2-480x640.jpg\" alt=\"\" width=\"480\" height=\"640\" srcset=\"https:\/\/blog.edu.turku.fi\/kerttulinlukio\/files\/2025\/02\/PHOTO-2025-02-14-16-21-59-2.jpg 480w, https:\/\/blog.edu.turku.fi\/kerttulinlukio\/files\/2025\/02\/PHOTO-2025-02-14-16-21-59-2-225x300.jpg 225w\" sizes=\"auto, (max-width: 480px) 85vw, 480px\" \/> <img loading=\"lazy\" decoding=\"async\" class=\"wp-image-4953 size-large aligncenter\" src=\"https:\/\/blog.edu.turku.fi\/kerttulinlukio\/files\/2025\/02\/PHOTO-2025-02-14-16-22-01-5-750x1000.jpg\" alt=\"\" width=\"750\" height=\"1000\" srcset=\"https:\/\/blog.edu.turku.fi\/kerttulinlukio\/files\/2025\/02\/PHOTO-2025-02-14-16-22-01-5.jpg 750w, https:\/\/blog.edu.turku.fi\/kerttulinlukio\/files\/2025\/02\/PHOTO-2025-02-14-16-22-01-5-225x300.jpg 225w\" sizes=\"auto, (max-width: 750px) 85vw, 750px\" \/> <img loading=\"lazy\" decoding=\"async\" class=\"wp-image-4952 size-large aligncenter\" src=\"https:\/\/blog.edu.turku.fi\/kerttulinlukio\/files\/2025\/02\/PHOTO-2025-02-14-16-22-01-4-750x1000.jpg\" alt=\"\" width=\"750\" height=\"1000\" srcset=\"https:\/\/blog.edu.turku.fi\/kerttulinlukio\/files\/2025\/02\/PHOTO-2025-02-14-16-22-01-4.jpg 750w, https:\/\/blog.edu.turku.fi\/kerttulinlukio\/files\/2025\/02\/PHOTO-2025-02-14-16-22-01-4-225x300.jpg 225w\" sizes=\"auto, (max-width: 750px) 85vw, 750px\" \/> <img loading=\"lazy\" decoding=\"async\" class=\"wp-image-4951 size-large aligncenter\" src=\"https:\/\/blog.edu.turku.fi\/kerttulinlukio\/files\/2025\/02\/PHOTO-2025-02-14-16-22-01-3-750x1000.jpg\" alt=\"\" width=\"750\" height=\"1000\" srcset=\"https:\/\/blog.edu.turku.fi\/kerttulinlukio\/files\/2025\/02\/PHOTO-2025-02-14-16-22-01-3.jpg 750w, https:\/\/blog.edu.turku.fi\/kerttulinlukio\/files\/2025\/02\/PHOTO-2025-02-14-16-22-01-3-225x300.jpg 225w\" sizes=\"auto, (max-width: 750px) 85vw, 750px\" \/> <img loading=\"lazy\" decoding=\"async\" class=\"wp-image-4950 size-large aligncenter\" src=\"https:\/\/blog.edu.turku.fi\/kerttulinlukio\/files\/2025\/02\/PHOTO-2025-02-14-16-22-01-2-750x1000.jpg\" alt=\"\" width=\"750\" height=\"1000\" srcset=\"https:\/\/blog.edu.turku.fi\/kerttulinlukio\/files\/2025\/02\/PHOTO-2025-02-14-16-22-01-2.jpg 750w, https:\/\/blog.edu.turku.fi\/kerttulinlukio\/files\/2025\/02\/PHOTO-2025-02-14-16-22-01-2-225x300.jpg 225w\" sizes=\"auto, (max-width: 750px) 85vw, 750px\" \/> <img loading=\"lazy\" decoding=\"async\" class=\"wp-image-4949 size-large aligncenter\" src=\"https:\/\/blog.edu.turku.fi\/kerttulinlukio\/files\/2025\/02\/PHOTO-2025-02-14-16-22-01-1-750x1000.jpg\" alt=\"\" width=\"750\" height=\"1000\" srcset=\"https:\/\/blog.edu.turku.fi\/kerttulinlukio\/files\/2025\/02\/PHOTO-2025-02-14-16-22-01-1.jpg 750w, https:\/\/blog.edu.turku.fi\/kerttulinlukio\/files\/2025\/02\/PHOTO-2025-02-14-16-22-01-1-225x300.jpg 225w\" sizes=\"auto, (max-width: 750px) 85vw, 750px\" \/> <img loading=\"lazy\" decoding=\"async\" class=\"wp-image-4947 size-large aligncenter\" src=\"https:\/\/blog.edu.turku.fi\/kerttulinlukio\/files\/2025\/02\/PHOTO-2025-02-14-16-21-59-750x1000.jpg\" alt=\"\" width=\"750\" height=\"1000\" srcset=\"https:\/\/blog.edu.turku.fi\/kerttulinlukio\/files\/2025\/02\/PHOTO-2025-02-14-16-21-59.jpg 750w, https:\/\/blog.edu.turku.fi\/kerttulinlukio\/files\/2025\/02\/PHOTO-2025-02-14-16-21-59-225x300.jpg 225w\" sizes=\"auto, (max-width: 750px) 85vw, 750px\" \/> <img loading=\"lazy\" decoding=\"async\" class=\"wp-image-4946 size-large aligncenter\" src=\"https:\/\/blog.edu.turku.fi\/kerttulinlukio\/files\/2025\/02\/PHOTO-2025-02-14-16-21-58-1-750x1000.jpg\" alt=\"\" width=\"750\" height=\"1000\" srcset=\"https:\/\/blog.edu.turku.fi\/kerttulinlukio\/files\/2025\/02\/PHOTO-2025-02-14-16-21-58-1.jpg 750w, https:\/\/blog.edu.turku.fi\/kerttulinlukio\/files\/2025\/02\/PHOTO-2025-02-14-16-21-58-1-225x300.jpg 225w\" sizes=\"auto, (max-width: 750px) 85vw, 750px\" \/> <img loading=\"lazy\" decoding=\"async\" class=\"wp-image-4945 size-large aligncenter\" src=\"https:\/\/blog.edu.turku.fi\/kerttulinlukio\/files\/2025\/02\/PHOTO-2025-02-14-16-21-58-750x1000.jpg\" alt=\"\" width=\"750\" height=\"1000\" srcset=\"https:\/\/blog.edu.turku.fi\/kerttulinlukio\/files\/2025\/02\/PHOTO-2025-02-14-16-21-58.jpg 750w, https:\/\/blog.edu.turku.fi\/kerttulinlukio\/files\/2025\/02\/PHOTO-2025-02-14-16-21-58-225x300.jpg 225w\" sizes=\"auto, (max-width: 750px) 85vw, 750px\" \/> <img loading=\"lazy\" decoding=\"async\" class=\"aligncenter wp-image-4944 size-large\" src=\"https:\/\/blog.edu.turku.fi\/kerttulinlukio\/files\/2025\/02\/PHOTO-2025-02-14-16-21-59-1-480x640.jpg\" alt=\"\" width=\"480\" height=\"640\" srcset=\"https:\/\/blog.edu.turku.fi\/kerttulinlukio\/files\/2025\/02\/PHOTO-2025-02-14-16-21-59-1.jpg 480w, https:\/\/blog.edu.turku.fi\/kerttulinlukio\/files\/2025\/02\/PHOTO-2025-02-14-16-21-59-1-225x300.jpg 225w\" sizes=\"auto, (max-width: 480px) 85vw, 480px\" \/><\/p>\n","protected":false},"excerpt":{"rendered":"<p>Helmikuussa vietettiin penkkareita ja juhlittiin wanhoja. Abit aloittivat viimeisen koulup\u00e4iv\u00e4ns\u00e4 opettajien ja abien yhteisell\u00e4 kahvitilaisuudella. Kahvihetken j\u00e4lkeen vuorossa oli abigaala. Gaalan j\u00e4lkeen l\u00e4hdettiin odotetulle penkkariajelulle. Abien juhlap\u00e4iv\u00e4n j\u00e4lkeen tanssittiin Wanhojen tanssit. Tansseissa n\u00e4htiin upeaa pukuloistoa ja hienoja koreografioita. Wanhojen p\u00e4iv\u00e4 huipentui viel\u00e4 illalla Logomossa j\u00e4rjestett\u00e4viin tansseihin, jossa musiikista vastasi Puolalanm\u00e4en lukion ja yl\u00e4koulun orkesteri.<\/p>\n","protected":false},"author":3272,"featured_media":0,"parent":0,"menu_order":0,"comment_status":"closed","ping_status":"closed","template":"","meta":{"footnotes":""},"class_list":["post-4965","page","type-page","status-publish","hentry"],"_links":{"self":[{"href":"https:\/\/blog.edu.turku.fi\/kerttulinlukio\/wp-json\/wp\/v2\/pages\/4965","targetHints":{"allow":["GET"]}}],"collection":[{"href":"https:\/\/blog.edu.turku.fi\/kerttulinlukio\/wp-json\/wp\/v2\/pages"}],"about":[{"href":"https:\/\/blog.edu.turku.fi\/kerttulinlukio\/wp-json\/wp\/v2\/types\/page"}],"author":[{"embeddable":true,"href":"https:\/\/blog.edu.turku.fi\/kerttulinlukio\/wp-json\/wp\/v2\/users\/3272"}],"replies":[{"embeddable":true,"href":"https:\/\/blog.edu.turku.fi\/kerttulinlukio\/wp-json\/wp\/v2\/comments?post=4965"}],"version-history":[{"count":4,"href":"https:\/\/blog.edu.turku.fi\/kerttulinlukio\/wp-json\/wp\/v2\/pages\/4965\/revisions"}],"predecessor-version":[{"id":4969,"href":"https:\/\/blog.edu.turku.fi\/kerttulinlukio\/wp-json\/wp\/v2\/pages\/4965\/revisions\/4969"}],"wp:attachment":[{"href":"https:\/\/blog.edu.turku.fi\/kerttulinlukio\/wp-json\/wp\/v2\/media?parent=4965"}],"curies":[{"name":"wp","href":"https:\/\/api.w.org\/{rel}","templated":true}]}}