{"id":4792,"date":"2025-01-04T12:19:23","date_gmt":"2025-01-04T10:19:23","guid":{"rendered":"https:\/\/blog.edu.turku.fi\/kerttulinlukio\/?page_id=4792"},"modified":"2025-01-04T12:19:23","modified_gmt":"2025-01-04T10:19:23","slug":"joulukuu-2024","status":"publish","type":"page","link":"https:\/\/blog.edu.turku.fi\/kerttulinlukio\/joulukuu-2024\/","title":{"rendered":"Joulukuu 2024"},"content":{"rendered":"<p>Joulukuussa oli paljon jouluista ohjelmaa opiskelijoilla ja opettajilla, niin yhdess\u00e4 kuin erikseen.<\/p>\n<p>Opettajat kisailivat sek\u00e4 askartelussa ett\u00e4 piparitalojen rakentamisessa. Talokisan voittajataloksi valikoitui talo &#8221;Airola&#8221;. Liek\u00f6 tuomarilla osuutta asiaan. \ud83d\ude00<\/p>\n<p><img loading=\"lazy\" decoding=\"async\" class=\"alignnone size-medium wp-image-4795\" src=\"https:\/\/blog.edu.turku.fi\/kerttulinlukio\/files\/2025\/01\/Villa-Airola-300x225.jpg\" alt=\"\" width=\"300\" height=\"225\" srcset=\"https:\/\/blog.edu.turku.fi\/kerttulinlukio\/files\/2025\/01\/Villa-Airola-300x225.jpg 300w, https:\/\/blog.edu.turku.fi\/kerttulinlukio\/files\/2025\/01\/Villa-Airola.jpg 640w\" sizes=\"auto, (max-width: 300px) 85vw, 300px\" \/> <img loading=\"lazy\" decoding=\"async\" class=\"alignnone wp-image-4796\" src=\"https:\/\/blog.edu.turku.fi\/kerttulinlukio\/files\/2025\/01\/Piparitalo-2-300x191.jpg\" alt=\"\" width=\"353\" height=\"225\" srcset=\"https:\/\/blog.edu.turku.fi\/kerttulinlukio\/files\/2025\/01\/Piparitalo-2-300x191.jpg 300w, https:\/\/blog.edu.turku.fi\/kerttulinlukio\/files\/2025\/01\/Piparitalo-2.jpg 392w\" sizes=\"auto, (max-width: 353px) 85vw, 353px\" \/> <img loading=\"lazy\" decoding=\"async\" class=\"alignnone size-medium wp-image-4797\" src=\"https:\/\/blog.edu.turku.fi\/kerttulinlukio\/files\/2025\/01\/Piparitalo-1-300x229.jpg\" alt=\"\" width=\"300\" height=\"229\" srcset=\"https:\/\/blog.edu.turku.fi\/kerttulinlukio\/files\/2025\/01\/Piparitalo-1-300x229.jpg 300w, https:\/\/blog.edu.turku.fi\/kerttulinlukio\/files\/2025\/01\/Piparitalo-1.jpg 640w\" sizes=\"auto, (max-width: 300px) 85vw, 300px\" \/> <img loading=\"lazy\" decoding=\"async\" class=\"alignnone wp-image-4798\" src=\"https:\/\/blog.edu.turku.fi\/kerttulinlukio\/files\/2025\/01\/Opettajien-askartelut-300x225.jpg\" alt=\"\" width=\"313\" height=\"235\" srcset=\"https:\/\/blog.edu.turku.fi\/kerttulinlukio\/files\/2025\/01\/Opettajien-askartelut-300x225.jpg 300w, https:\/\/blog.edu.turku.fi\/kerttulinlukio\/files\/2025\/01\/Opettajien-askartelut.jpg 640w\" sizes=\"auto, (max-width: 313px) 85vw, 313px\" \/><\/p>\n<p>ICT-linjalaiset loihtivat rikkin\u00e4isist\u00e4 l\u00e4pp\u00e4reist\u00e4 ehji\u00e4 ja Maolin valtakunnallisessa matikkakilpailun alkukilpailussa Kerttulilaiset veiv\u00e4t jaetun kolmannen ja jaetun viidennen sijan! Menestyst\u00e4 jatkokilpailuun Patrick ja Matias!<\/p>\n<p>Viimeisell\u00e4 viikolla opiskelijat osallistuivat Kerttulin Lego Masters -kisaan, piparien koristelutalkoisiin, korttipelihaasteisiin sek\u00e4 monenmoiseen muuhun puuhaan.<\/p>\n<p><img loading=\"lazy\" decoding=\"async\" class=\"alignnone size-medium wp-image-4799\" src=\"https:\/\/blog.edu.turku.fi\/kerttulinlukio\/files\/2025\/01\/Legoja-300x225.jpg\" alt=\"\" width=\"300\" height=\"225\" srcset=\"https:\/\/blog.edu.turku.fi\/kerttulinlukio\/files\/2025\/01\/Legoja-300x225.jpg 300w, https:\/\/blog.edu.turku.fi\/kerttulinlukio\/files\/2025\/01\/Legoja.jpg 640w\" sizes=\"auto, (max-width: 300px) 85vw, 300px\" \/> <img loading=\"lazy\" decoding=\"async\" class=\"alignnone size-medium wp-image-4800\" src=\"https:\/\/blog.edu.turku.fi\/kerttulinlukio\/files\/2025\/01\/Piparipaja-1-225x300.jpg\" alt=\"\" width=\"225\" height=\"300\" srcset=\"https:\/\/blog.edu.turku.fi\/kerttulinlukio\/files\/2025\/01\/Piparipaja-1-225x300.jpg 225w, https:\/\/blog.edu.turku.fi\/kerttulinlukio\/files\/2025\/01\/Piparipaja-1.jpg 480w\" sizes=\"auto, (max-width: 225px) 85vw, 225px\" \/> <img loading=\"lazy\" decoding=\"async\" class=\"alignnone size-medium wp-image-4801\" src=\"https:\/\/blog.edu.turku.fi\/kerttulinlukio\/files\/2025\/01\/Piparipaja-2-225x300.jpg\" alt=\"\" width=\"225\" height=\"300\" srcset=\"https:\/\/blog.edu.turku.fi\/kerttulinlukio\/files\/2025\/01\/Piparipaja-2-225x300.jpg 225w, https:\/\/blog.edu.turku.fi\/kerttulinlukio\/files\/2025\/01\/Piparipaja-2.jpg 750w\" sizes=\"auto, (max-width: 225px) 85vw, 225px\" \/><\/p>\n<p>Lis\u00e4ksi viimeisell\u00e4 viikolla oli my\u00f6s digivapaa p\u00e4iv\u00e4, jolloin k\u00e4sitettiin asioita keskustellen sek\u00e4 k\u00e4sin hahmotellen.<\/p>\n<p>Kerttuli osallistui viimeisell\u00e4 viikolla jo nelj\u00e4tt\u00e4 kertaa lyhytelokuvap\u00e4iv\u00e4\u00e4n katsomalla IhmeFilmin elokuvapaketin nimelt\u00e4 Pid\u00e4 kii. Yleis\u00f6 \u00e4\u00e4nesti parhaaksi elokuvaksi elokuvan &#8221;Verhon takaa&#8221;.<\/p>\n<p><img loading=\"lazy\" decoding=\"async\" class=\"alignnone size-medium wp-image-4802\" src=\"https:\/\/blog.edu.turku.fi\/kerttulinlukio\/files\/2025\/01\/Lyhytelokuvapaiva_Banneri_2024-300x134.png\" alt=\"\" width=\"300\" height=\"134\" srcset=\"https:\/\/blog.edu.turku.fi\/kerttulinlukio\/files\/2025\/01\/Lyhytelokuvapaiva_Banneri_2024-300x134.png 300w, https:\/\/blog.edu.turku.fi\/kerttulinlukio\/files\/2025\/01\/Lyhytelokuvapaiva_Banneri_2024-1024x458.png 1024w\" sizes=\"auto, (max-width: 300px) 85vw, 300px\" \/><img loading=\"lazy\" decoding=\"async\" class=\"alignnone size-medium wp-image-4803\" src=\"https:\/\/blog.edu.turku.fi\/kerttulinlukio\/files\/2025\/01\/Voittaja-286x258.jpg\" alt=\"\" width=\"286\" height=\"258\" \/><\/p>\n<p>Opiskelijakunnan hallitus j\u00e4rjesti my\u00f6s joulutapahtuman, jossa bingon ohella kisattiin joulutorttujen sy\u00f6nniss\u00e4.<\/p>\n<p><img loading=\"lazy\" decoding=\"async\" class=\"alignnone size-medium wp-image-4812\" src=\"https:\/\/blog.edu.turku.fi\/kerttulinlukio\/files\/2025\/01\/Tortut-9-rotated-225x300.jpg\" alt=\"\" width=\"225\" height=\"300\" srcset=\"https:\/\/blog.edu.turku.fi\/kerttulinlukio\/files\/2025\/01\/Tortut-9-rotated-225x300.jpg 225w, https:\/\/blog.edu.turku.fi\/kerttulinlukio\/files\/2025\/01\/Tortut-9-rotated.jpg 480w\" sizes=\"auto, (max-width: 225px) 85vw, 225px\" \/> <img loading=\"lazy\" decoding=\"async\" class=\"alignnone size-medium wp-image-4813\" src=\"https:\/\/blog.edu.turku.fi\/kerttulinlukio\/files\/2025\/01\/Tortut-8-rotated-225x300.jpg\" alt=\"\" width=\"225\" height=\"300\" srcset=\"https:\/\/blog.edu.turku.fi\/kerttulinlukio\/files\/2025\/01\/Tortut-8-rotated-225x300.jpg 225w, https:\/\/blog.edu.turku.fi\/kerttulinlukio\/files\/2025\/01\/Tortut-8-rotated.jpg 480w\" sizes=\"auto, (max-width: 225px) 85vw, 225px\" \/> <img loading=\"lazy\" decoding=\"async\" class=\"alignnone size-medium wp-image-4814\" src=\"https:\/\/blog.edu.turku.fi\/kerttulinlukio\/files\/2025\/01\/Tortut-7-rotated-225x300.jpg\" alt=\"\" width=\"225\" height=\"300\" srcset=\"https:\/\/blog.edu.turku.fi\/kerttulinlukio\/files\/2025\/01\/Tortut-7-rotated-225x300.jpg 225w, https:\/\/blog.edu.turku.fi\/kerttulinlukio\/files\/2025\/01\/Tortut-7-rotated.jpg 480w\" sizes=\"auto, (max-width: 225px) 85vw, 225px\" \/> <img loading=\"lazy\" decoding=\"async\" class=\"alignnone size-medium wp-image-4815\" src=\"https:\/\/blog.edu.turku.fi\/kerttulinlukio\/files\/2025\/01\/Tortut-6-rotated-225x300.jpg\" alt=\"\" width=\"225\" height=\"300\" srcset=\"https:\/\/blog.edu.turku.fi\/kerttulinlukio\/files\/2025\/01\/Tortut-6-rotated-225x300.jpg 225w, https:\/\/blog.edu.turku.fi\/kerttulinlukio\/files\/2025\/01\/Tortut-6-rotated.jpg 480w\" sizes=\"auto, (max-width: 225px) 85vw, 225px\" \/> <img loading=\"lazy\" decoding=\"async\" class=\"alignnone size-medium wp-image-4816\" src=\"https:\/\/blog.edu.turku.fi\/kerttulinlukio\/files\/2025\/01\/Tortut-5-rotated-225x300.jpg\" alt=\"\" width=\"225\" height=\"300\" srcset=\"https:\/\/blog.edu.turku.fi\/kerttulinlukio\/files\/2025\/01\/Tortut-5-rotated-225x300.jpg 225w, https:\/\/blog.edu.turku.fi\/kerttulinlukio\/files\/2025\/01\/Tortut-5-rotated.jpg 480w\" sizes=\"auto, (max-width: 225px) 85vw, 225px\" \/> <img loading=\"lazy\" decoding=\"async\" class=\"alignnone size-medium wp-image-4817\" src=\"https:\/\/blog.edu.turku.fi\/kerttulinlukio\/files\/2025\/01\/Tortut-4-rotated-225x300.jpg\" alt=\"\" width=\"225\" height=\"300\" srcset=\"https:\/\/blog.edu.turku.fi\/kerttulinlukio\/files\/2025\/01\/Tortut-4-rotated-225x300.jpg 225w, https:\/\/blog.edu.turku.fi\/kerttulinlukio\/files\/2025\/01\/Tortut-4-rotated.jpg 480w\" sizes=\"auto, (max-width: 225px) 85vw, 225px\" \/> <img loading=\"lazy\" decoding=\"async\" class=\"alignnone size-medium wp-image-4818\" src=\"https:\/\/blog.edu.turku.fi\/kerttulinlukio\/files\/2025\/01\/Tortut-3-rotated-225x300.jpg\" alt=\"\" width=\"225\" height=\"300\" srcset=\"https:\/\/blog.edu.turku.fi\/kerttulinlukio\/files\/2025\/01\/Tortut-3-rotated-225x300.jpg 225w, https:\/\/blog.edu.turku.fi\/kerttulinlukio\/files\/2025\/01\/Tortut-3-rotated.jpg 480w\" sizes=\"auto, (max-width: 225px) 85vw, 225px\" \/> <img loading=\"lazy\" decoding=\"async\" class=\"alignnone size-medium wp-image-4819\" src=\"https:\/\/blog.edu.turku.fi\/kerttulinlukio\/files\/2025\/01\/Tortut-2-rotated-225x300.jpg\" alt=\"\" width=\"225\" height=\"300\" srcset=\"https:\/\/blog.edu.turku.fi\/kerttulinlukio\/files\/2025\/01\/Tortut-2-rotated-225x300.jpg 225w, https:\/\/blog.edu.turku.fi\/kerttulinlukio\/files\/2025\/01\/Tortut-2-rotated.jpg 480w\" sizes=\"auto, (max-width: 225px) 85vw, 225px\" \/> <img loading=\"lazy\" decoding=\"async\" class=\"alignnone size-medium wp-image-4820\" src=\"https:\/\/blog.edu.turku.fi\/kerttulinlukio\/files\/2025\/01\/Tortut-1-rotated-225x300.jpg\" alt=\"\" width=\"225\" height=\"300\" srcset=\"https:\/\/blog.edu.turku.fi\/kerttulinlukio\/files\/2025\/01\/Tortut-1-rotated-225x300.jpg 225w, https:\/\/blog.edu.turku.fi\/kerttulinlukio\/files\/2025\/01\/Tortut-1-rotated.jpg 480w\" sizes=\"auto, (max-width: 225px) 85vw, 225px\" \/><\/p>\n<p><img loading=\"lazy\" decoding=\"async\" class=\"alignnone size-medium wp-image-4804\" src=\"https:\/\/blog.edu.turku.fi\/kerttulinlukio\/files\/2025\/01\/Bingoemanta-225x300.jpg\" alt=\"\" width=\"225\" height=\"300\" srcset=\"https:\/\/blog.edu.turku.fi\/kerttulinlukio\/files\/2025\/01\/Bingoemanta-225x300.jpg 225w, https:\/\/blog.edu.turku.fi\/kerttulinlukio\/files\/2025\/01\/Bingoemanta.jpg 481w\" sizes=\"auto, (max-width: 225px) 85vw, 225px\" \/> <img loading=\"lazy\" decoding=\"async\" class=\"alignnone wp-image-4805\" src=\"https:\/\/blog.edu.turku.fi\/kerttulinlukio\/files\/2025\/01\/Bingon-voittajat-300x225.jpg\" alt=\"\" width=\"346\" height=\"260\" srcset=\"https:\/\/blog.edu.turku.fi\/kerttulinlukio\/files\/2025\/01\/Bingon-voittajat-300x225.jpg 300w, https:\/\/blog.edu.turku.fi\/kerttulinlukio\/files\/2025\/01\/Bingon-voittajat.jpg 640w\" sizes=\"auto, (max-width: 346px) 85vw, 346px\" \/><\/p>\n<p>Lukuvuoden p\u00e4\u00e4t\u00f6stapahtumat pidettiin niin Turun tuomiokirkossa kuin koulullakin.<\/p>\n<p><img loading=\"lazy\" decoding=\"async\" class=\"wp-image-4824 size-large aligncenter\" src=\"https:\/\/blog.edu.turku.fi\/kerttulinlukio\/files\/2025\/01\/73771f73-a3d0-4b26-ad4f-fc054608d6ca-539x640.jpg\" alt=\"\" width=\"539\" height=\"640\" srcset=\"https:\/\/blog.edu.turku.fi\/kerttulinlukio\/files\/2025\/01\/73771f73-a3d0-4b26-ad4f-fc054608d6ca.jpg 539w, https:\/\/blog.edu.turku.fi\/kerttulinlukio\/files\/2025\/01\/73771f73-a3d0-4b26-ad4f-fc054608d6ca-253x300.jpg 253w\" sizes=\"auto, (max-width: 539px) 85vw, 539px\" \/><img loading=\"lazy\" decoding=\"async\" class=\"wp-image-4823 size-large aligncenter\" src=\"https:\/\/blog.edu.turku.fi\/kerttulinlukio\/files\/2025\/01\/8213bd94-f333-4e07-b0f0-fa11934ba870-480x640.jpg\" alt=\"\" width=\"480\" height=\"640\" srcset=\"https:\/\/blog.edu.turku.fi\/kerttulinlukio\/files\/2025\/01\/8213bd94-f333-4e07-b0f0-fa11934ba870.jpg 480w, https:\/\/blog.edu.turku.fi\/kerttulinlukio\/files\/2025\/01\/8213bd94-f333-4e07-b0f0-fa11934ba870-225x300.jpg 225w\" sizes=\"auto, (max-width: 480px) 85vw, 480px\" \/><\/p>\n","protected":false},"excerpt":{"rendered":"<p>Joulukuussa oli paljon jouluista ohjelmaa opiskelijoilla ja opettajilla, niin yhdess\u00e4 kuin erikseen. Opettajat kisailivat sek\u00e4 askartelussa ett\u00e4 piparitalojen rakentamisessa. Talokisan voittajataloksi valikoitui talo &#8221;Airola&#8221;. Liek\u00f6 tuomarilla osuutta asiaan. \ud83d\ude00 ICT-linjalaiset loihtivat rikkin\u00e4isist\u00e4 l\u00e4pp\u00e4reist\u00e4 ehji\u00e4 ja Maolin valtakunnallisessa matikkakilpailun alkukilpailussa Kerttulilaiset veiv\u00e4t jaetun kolmannen ja jaetun viidennen sijan! Menestyst\u00e4 jatkokilpailuun Patrick ja Matias! Viimeisell\u00e4 viikolla opiskelijat &hellip; <a href=\"https:\/\/blog.edu.turku.fi\/kerttulinlukio\/joulukuu-2024\/\" class=\"more-link\">Jatka lukemista<span class=\"screen-reader-text\"> &#8221;Joulukuu 2024&#8221;<\/span><\/a><\/p>\n","protected":false},"author":3272,"featured_media":0,"parent":0,"menu_order":0,"comment_status":"closed","ping_status":"closed","template":"","meta":{"footnotes":""},"class_list":["post-4792","page","type-page","status-publish","hentry"],"_links":{"self":[{"href":"https:\/\/blog.edu.turku.fi\/kerttulinlukio\/wp-json\/wp\/v2\/pages\/4792","targetHints":{"allow":["GET"]}}],"collection":[{"href":"https:\/\/blog.edu.turku.fi\/kerttulinlukio\/wp-json\/wp\/v2\/pages"}],"about":[{"href":"https:\/\/blog.edu.turku.fi\/kerttulinlukio\/wp-json\/wp\/v2\/types\/page"}],"author":[{"embeddable":true,"href":"https:\/\/blog.edu.turku.fi\/kerttulinlukio\/wp-json\/wp\/v2\/users\/3272"}],"replies":[{"embeddable":true,"href":"https:\/\/blog.edu.turku.fi\/kerttulinlukio\/wp-json\/wp\/v2\/comments?post=4792"}],"version-history":[{"count":10,"href":"https:\/\/blog.edu.turku.fi\/kerttulinlukio\/wp-json\/wp\/v2\/pages\/4792\/revisions"}],"predecessor-version":[{"id":4829,"href":"https:\/\/blog.edu.turku.fi\/kerttulinlukio\/wp-json\/wp\/v2\/pages\/4792\/revisions\/4829"}],"wp:attachment":[{"href":"https:\/\/blog.edu.turku.fi\/kerttulinlukio\/wp-json\/wp\/v2\/media?parent=4792"}],"curies":[{"name":"wp","href":"https:\/\/api.w.org\/{rel}","templated":true}]}}