{"id":4689,"date":"2024-12-08T17:19:03","date_gmt":"2024-12-08T15:19:03","guid":{"rendered":"https:\/\/blog.edu.turku.fi\/kerttulinlukio\/?page_id=4689"},"modified":"2024-12-08T17:19:03","modified_gmt":"2024-12-08T15:19:03","slug":"lokakuu-2024","status":"publish","type":"page","link":"https:\/\/blog.edu.turku.fi\/kerttulinlukio\/lokakuu-2024\/","title":{"rendered":"Lokakuu 2024"},"content":{"rendered":"<p>Lokakuussa kerttulilaiset kansainv\u00e4listyiv\u00e4t matkallaan Veronaan. Veronan kuvakavalkadi ja matkakertomus on luettavissa t\u00e4\u00e4lt\u00e4:\u00a0<a href=\"https:\/\/sites.google.com\/edu.turku.fi\/kerluerasmusverona24\/etusivu\">https:\/\/sites.google.com\/edu.turku.fi\/kerluerasmusverona24\/etusivu<\/a><\/p>\n<p>Uusi opiskelijakunnan hallitus valittiin yleiskokouksessa. Kuvissa vasemmalta olikealle uuden hallituksen varapuheenjohtaja Eino, puheenjohtaja Minea sek\u00e4 ohjaava ope Meri. Oikeanpuoleisessa kuvassa v\u00e4istyv\u00e4n hallituksen puheenjohtaja Lex sek\u00e4 uusi puheenjohtaja Minea.<\/p>\n<p><img loading=\"lazy\" decoding=\"async\" class=\"size-medium wp-image-4750 alignleft\" src=\"https:\/\/blog.edu.turku.fi\/kerttulinlukio\/files\/2024\/12\/b001779b-dea7-4e17-a502-ad6d3aace30e-265x300.jpg\" alt=\"\" width=\"265\" height=\"300\" srcset=\"https:\/\/blog.edu.turku.fi\/kerttulinlukio\/files\/2024\/12\/b001779b-dea7-4e17-a502-ad6d3aace30e-265x300.jpg 265w, https:\/\/blog.edu.turku.fi\/kerttulinlukio\/files\/2024\/12\/b001779b-dea7-4e17-a502-ad6d3aace30e.jpg 883w\" sizes=\"auto, (max-width: 265px) 85vw, 265px\" \/> <img loading=\"lazy\" decoding=\"async\" class=\"size-medium wp-image-4751 alignleft\" src=\"https:\/\/blog.edu.turku.fi\/kerttulinlukio\/files\/2024\/12\/13e85d43-2e91-47a2-8d7b-439cf2937724-225x300.jpg\" alt=\"\" width=\"225\" height=\"300\" srcset=\"https:\/\/blog.edu.turku.fi\/kerttulinlukio\/files\/2024\/12\/13e85d43-2e91-47a2-8d7b-439cf2937724-225x300.jpg 225w, https:\/\/blog.edu.turku.fi\/kerttulinlukio\/files\/2024\/12\/13e85d43-2e91-47a2-8d7b-439cf2937724.jpg 750w\" sizes=\"auto, (max-width: 225px) 85vw, 225px\" \/><\/p>\n<p>&nbsp;<\/p>\n<p>&nbsp;<\/p>\n<p>&nbsp;<\/p>\n<p>&nbsp;<\/p>\n<p>&nbsp;<\/p>\n<p>&nbsp;<\/p>\n<p>Liikunnan tunneilla k\u00e4ytiin boulderoimassa sek\u00e4 keilaamassa.<\/p>\n<p><img loading=\"lazy\" decoding=\"async\" class=\"alignnone size-medium wp-image-4631\" src=\"https:\/\/blog.edu.turku.fi\/kerttulinlukio\/files\/2024\/10\/7ee380db-a7e0-4e54-b8b2-d11ea3b67fcf-169x300.jpg\" alt=\"\" width=\"169\" height=\"300\" srcset=\"https:\/\/blog.edu.turku.fi\/kerttulinlukio\/files\/2024\/10\/7ee380db-a7e0-4e54-b8b2-d11ea3b67fcf-169x300.jpg 169w, https:\/\/blog.edu.turku.fi\/kerttulinlukio\/files\/2024\/10\/7ee380db-a7e0-4e54-b8b2-d11ea3b67fcf.jpg 563w\" sizes=\"auto, (max-width: 169px) 85vw, 169px\" \/> <img loading=\"lazy\" decoding=\"async\" class=\"alignnone size-medium wp-image-4630\" src=\"https:\/\/blog.edu.turku.fi\/kerttulinlukio\/files\/2024\/10\/b0807a88-ddc2-4932-b222-32ccdf3cc192-169x300.jpg\" alt=\"\" width=\"169\" height=\"300\" srcset=\"https:\/\/blog.edu.turku.fi\/kerttulinlukio\/files\/2024\/10\/b0807a88-ddc2-4932-b222-32ccdf3cc192-169x300.jpg 169w, https:\/\/blog.edu.turku.fi\/kerttulinlukio\/files\/2024\/10\/b0807a88-ddc2-4932-b222-32ccdf3cc192.jpg 563w\" sizes=\"auto, (max-width: 169px) 85vw, 169px\" \/><img loading=\"lazy\" decoding=\"async\" class=\"alignnone size-medium wp-image-4753\" src=\"https:\/\/blog.edu.turku.fi\/kerttulinlukio\/files\/2024\/12\/8c15c85a-8d4c-482c-83d7-969a46517c7d-169x300.jpg\" alt=\"\" width=\"169\" height=\"300\" srcset=\"https:\/\/blog.edu.turku.fi\/kerttulinlukio\/files\/2024\/12\/8c15c85a-8d4c-482c-83d7-969a46517c7d-169x300.jpg 169w, https:\/\/blog.edu.turku.fi\/kerttulinlukio\/files\/2024\/12\/8c15c85a-8d4c-482c-83d7-969a46517c7d.jpg 360w\" sizes=\"auto, (max-width: 169px) 85vw, 169px\" \/><\/p>\n<p>Lokakuussa my\u00f6s s\u00e4\u00e4stettiin energiaa sek\u00e4 kisattiin nelj\u00e4ss\u00e4 eri tieteess\u00e4. Per\u00e4st\u00e4p\u00e4in kuuluu, tuliko n\u00e4iss\u00e4 menestyst\u00e4. Ainakin opiskelijat saivat paljon kilpailukokemusta.<\/p>\n<p><img loading=\"lazy\" decoding=\"async\" class=\"size-medium wp-image-4616 alignleft\" src=\"https:\/\/blog.edu.turku.fi\/kerttulinlukio\/files\/2024\/10\/Meemi-Cozy-Dog-240x300.png\" alt=\"\" width=\"240\" height=\"300\" srcset=\"https:\/\/blog.edu.turku.fi\/kerttulinlukio\/files\/2024\/10\/Meemi-Cozy-Dog-240x300.png 240w, https:\/\/blog.edu.turku.fi\/kerttulinlukio\/files\/2024\/10\/Meemi-Cozy-Dog.png 800w\" sizes=\"auto, (max-width: 240px) 85vw, 240px\" \/><img loading=\"lazy\" decoding=\"async\" class=\"size-medium wp-image-4647 alignleft\" src=\"https:\/\/blog.edu.turku.fi\/kerttulinlukio\/files\/2024\/10\/Neljan-tieteen-some-2024-300x300.png\" alt=\"\" width=\"300\" height=\"300\" srcset=\"https:\/\/blog.edu.turku.fi\/kerttulinlukio\/files\/2024\/10\/Neljan-tieteen-some-2024-300x300.png 300w, https:\/\/blog.edu.turku.fi\/kerttulinlukio\/files\/2024\/10\/Neljan-tieteen-some-2024-150x150.png 150w, https:\/\/blog.edu.turku.fi\/kerttulinlukio\/files\/2024\/10\/Neljan-tieteen-some-2024-1024x1024.png 1024w, https:\/\/blog.edu.turku.fi\/kerttulinlukio\/files\/2024\/10\/Neljan-tieteen-some-2024.png 1080w\" sizes=\"auto, (max-width: 300px) 85vw, 300px\" \/><\/p>\n","protected":false},"excerpt":{"rendered":"<p>Lokakuussa kerttulilaiset kansainv\u00e4listyiv\u00e4t matkallaan Veronaan. Veronan kuvakavalkadi ja matkakertomus on luettavissa t\u00e4\u00e4lt\u00e4:\u00a0https:\/\/sites.google.com\/edu.turku.fi\/kerluerasmusverona24\/etusivu Uusi opiskelijakunnan hallitus valittiin yleiskokouksessa. Kuvissa vasemmalta olikealle uuden hallituksen varapuheenjohtaja Eino, puheenjohtaja Minea sek\u00e4 ohjaava ope Meri. Oikeanpuoleisessa kuvassa v\u00e4istyv\u00e4n hallituksen puheenjohtaja Lex sek\u00e4 uusi puheenjohtaja Minea. &nbsp; &nbsp; &nbsp; &nbsp; &nbsp; &nbsp; Liikunnan tunneilla k\u00e4ytiin boulderoimassa sek\u00e4 keilaamassa. Lokakuussa my\u00f6s s\u00e4\u00e4stettiin &hellip; <a href=\"https:\/\/blog.edu.turku.fi\/kerttulinlukio\/lokakuu-2024\/\" class=\"more-link\">Jatka lukemista<span class=\"screen-reader-text\"> &#8221;Lokakuu 2024&#8221;<\/span><\/a><\/p>\n","protected":false},"author":3272,"featured_media":0,"parent":0,"menu_order":0,"comment_status":"closed","ping_status":"closed","template":"","meta":{"footnotes":""},"class_list":["post-4689","page","type-page","status-publish","hentry"],"_links":{"self":[{"href":"https:\/\/blog.edu.turku.fi\/kerttulinlukio\/wp-json\/wp\/v2\/pages\/4689","targetHints":{"allow":["GET"]}}],"collection":[{"href":"https:\/\/blog.edu.turku.fi\/kerttulinlukio\/wp-json\/wp\/v2\/pages"}],"about":[{"href":"https:\/\/blog.edu.turku.fi\/kerttulinlukio\/wp-json\/wp\/v2\/types\/page"}],"author":[{"embeddable":true,"href":"https:\/\/blog.edu.turku.fi\/kerttulinlukio\/wp-json\/wp\/v2\/users\/3272"}],"replies":[{"embeddable":true,"href":"https:\/\/blog.edu.turku.fi\/kerttulinlukio\/wp-json\/wp\/v2\/comments?post=4689"}],"version-history":[{"count":4,"href":"https:\/\/blog.edu.turku.fi\/kerttulinlukio\/wp-json\/wp\/v2\/pages\/4689\/revisions"}],"predecessor-version":[{"id":4755,"href":"https:\/\/blog.edu.turku.fi\/kerttulinlukio\/wp-json\/wp\/v2\/pages\/4689\/revisions\/4755"}],"wp:attachment":[{"href":"https:\/\/blog.edu.turku.fi\/kerttulinlukio\/wp-json\/wp\/v2\/media?parent=4689"}],"curies":[{"name":"wp","href":"https:\/\/api.w.org\/{rel}","templated":true}]}}